{"id":249969,"date":"2024-06-13T08:59:08","date_gmt":"2024-06-13T06:59:08","guid":{"rendered":"https:\/\/www.autolift.info\/kompanija\/okolje-in-trajnost\/"},"modified":"2024-06-17T09:42:49","modified_gmt":"2024-06-17T07:42:49","slug":"okolje-in-trajnost","status":"publish","type":"page","link":"https:\/\/www.autolift.info\/sr\/kompanija\/okolje-in-trajnost\/","title":{"rendered":"Okolje in trajnost"},"content":{"rendered":"<p>[et_pb_section fb_built=&#8220;1&#8243; admin_label=&#8220;section&#8220; _builder_version=&#8220;4.25.2&#8243; background_image=&#8220;https:\/\/www.autolift.info\/wp-content\/uploads\/2024\/06\/Panorama_Fruehling_Kapuzinerberg-scaled.jpg&#8220; custom_padding=&#8220;||230px|||&#8220; global_colors_info=&#8220;{}&#8220;][\/et_pb_section][et_pb_section fb_built=&#8220;1&#8243; admin_label=&#8220;section&#8220; _builder_version=&#8220;4.16&#8243; global_colors_info=&#8220;{}&#8220;][et_pb_row admin_label=&#8220;row&#8220; _builder_version=&#8220;4.16&#8243; background_size=&#8220;initial&#8220; background_position=&#8220;top_left&#8220; background_repeat=&#8220;repeat&#8220; min_height=&#8220;881.6px&#8220; custom_margin=&#8220;-7px|auto||auto||&#8220; hover_enabled=&#8220;0&#8243; global_colors_info=&#8220;{}&#8220; sticky_enabled=&#8220;0&#8243;][et_pb_column type=&#8220;4_4&#8243; _builder_version=&#8220;4.16&#8243; custom_padding=&#8220;|||&#8220; global_colors_info=&#8220;{}&#8220; custom_padding__hover=&#8220;|||&#8220;][et_pb_text admin_label=&#8220;Text&#8220; _builder_version=&#8220;4.25.2&#8243; background_size=&#8220;initial&#8220; background_position=&#8220;top_left&#8220; background_repeat=&#8220;repeat&#8220; custom_margin=&#8220;-46px|||||&#8220; custom_padding=&#8220;0px|||||&#8220; hover_enabled=&#8220;0&#8243; global_colors_info=&#8220;{}&#8220; sticky_enabled=&#8220;0&#8243;]<\/p>\n<h1><span style=\"color: #000000;\"><strong>Okolje in trajnost<\/strong><\/span><\/h1>\n<p>&nbsp;<\/p>\n<p>V podjetju Autolift pripisujemo velik pomen trajnosti in varstvu okolja. Z razli\u010dnimi ukrepi in pobudami dejavno prispevamo k zmanj\u0161evanju svojega ekolo\u0161kega odtisa. Tukaj je nekaj na\u0161ih najpomembnej\u0161ih okoljskih ukrepov:<\/p>\n<p>&nbsp;<\/p>\n<ul>\n<li><strong>Podnebna vozovnica za zaposlene:<\/strong><br \/>Vsi zaposleni prejmejo vozovnico za vsa javna prevozna sredstva v Salzburgu, tako imenovano klimatsko vozovnico. <\/li>\n<\/ul>\n<p>&nbsp;<\/p>\n<ul>\n<li><strong>vozni park:<\/strong><br \/>30 % slu\u017ebenih vozil je e-avtomobilov.<br \/>15-20 % slu\u017ebenih vozil je hibridnih.<\/li>\n<\/ul>\n<p>&nbsp;<\/p>\n<ul>\n<li><strong>Elektri\u010dne polnilne postaje:<\/strong><br \/>Lastne polnilne postaje na lokaciji podjetja v Salzburgu.<br \/>dodatne polnilne postaje za lastnike vozil.<\/li>\n<\/ul>\n<p>&nbsp;<\/p>\n<ul>\n<li><strong>Var\u010devanje s papirjem:<\/strong><br \/>Obseg tiskanja se zmanj\u0161a za 50.000-100.000 strani.<\/li>\n<\/ul>\n<p>&nbsp;<\/p>\n<ul>\n<li><strong>Trajnostno ogrevanje in hlajenje pisarn:<\/strong><br \/>Uporaba fotovoltai\u010dnega sistema za ogrevanje in hlajenje pisarn.<\/li>\n<\/ul>\n<p>&nbsp;<\/p>\n<ul>\n<li><strong>Ecovadis:<\/strong><br \/>Dru\u017eba Autolift ima 40-odstotni dele\u017e v dru\u017ebi Ecovadis.<\/li>\n<\/ul>\n<p>&nbsp;<\/p>\n<ul>\n<li><strong>lo\u010devanje in recikliranje odpadkov:<\/strong><br \/>Strogo lo\u010devanje odpadkov.<br \/>Osredoto\u010dite se na recikliranje izdelkov.<\/li>\n<\/ul>\n<p>&nbsp;<\/p>\n<ul>\n<li><strong>Zeleno jeklo:<\/strong><br \/>Na zahtevo stranke uporabljamo tudi okolju prijazno, zeleno jeklo.<\/li>\n<\/ul>\n<p>[\/et_pb_text][\/et_pb_column][\/et_pb_row][\/et_pb_section]<\/p>\n","protected":false},"excerpt":{"rendered":"<p>Okolje in trajnost &nbsp; V podjetju Autolift pripisujemo velik pomen trajnosti in varstvu okolja. Z razli\u010dnimi ukrepi in pobudami dejavno prispevamo k zmanj\u0161evanju svojega ekolo\u0161kega odtisa. Tukaj je nekaj na\u0161ih najpomembnej\u0161ih okoljskih ukrepov: &nbsp; Podnebna vozovnica za zaposlene:Vsi zaposleni prejmejo vozovnico za vsa javna prevozna sredstva v Salzburgu, tako imenovano klimatsko vozovnico. &nbsp; vozni park:30 [&hellip;]<\/p>\n","protected":false},"author":1,"featured_media":249944,"parent":243344,"menu_order":110,"comment_status":"closed","ping_status":"closed","template":"","meta":{"_et_pb_use_builder":"on","_et_pb_old_content":"","_et_gb_content_width":"","footnotes":""},"class_list":["post-249969","page","type-page","status-publish","has-post-thumbnail","hentry"],"_links":{"self":[{"href":"https:\/\/www.autolift.info\/sr\/wp-json\/wp\/v2\/pages\/249969","targetHints":{"allow":["GET"]}}],"collection":[{"href":"https:\/\/www.autolift.info\/sr\/wp-json\/wp\/v2\/pages"}],"about":[{"href":"https:\/\/www.autolift.info\/sr\/wp-json\/wp\/v2\/types\/page"}],"author":[{"embeddable":true,"href":"https:\/\/www.autolift.info\/sr\/wp-json\/wp\/v2\/users\/1"}],"replies":[{"embeddable":true,"href":"https:\/\/www.autolift.info\/sr\/wp-json\/wp\/v2\/comments?post=249969"}],"version-history":[{"count":8,"href":"https:\/\/www.autolift.info\/sr\/wp-json\/wp\/v2\/pages\/249969\/revisions"}],"predecessor-version":[{"id":250048,"href":"https:\/\/www.autolift.info\/sr\/wp-json\/wp\/v2\/pages\/249969\/revisions\/250048"}],"up":[{"embeddable":true,"href":"https:\/\/www.autolift.info\/sr\/wp-json\/wp\/v2\/pages\/243344"}],"wp:featuredmedia":[{"embeddable":true,"href":"https:\/\/www.autolift.info\/sr\/wp-json\/wp\/v2\/media\/249944"}],"wp:attachment":[{"href":"https:\/\/www.autolift.info\/sr\/wp-json\/wp\/v2\/media?parent=249969"}],"curies":[{"name":"wp","href":"https:\/\/api.w.org\/{rel}","templated":true}]}}