{"id":248929,"date":"2024-02-07T09:01:18","date_gmt":"2024-02-07T08:01:18","guid":{"rendered":"https:\/\/www.autolift.info\/proizvodi\/industrija-uredjaji-za-podizanje-i-okretanje\/1-osni-sistemi-za-okretanje\/"},"modified":"2024-04-25T15:02:52","modified_gmt":"2024-04-25T13:02:52","slug":"1-osni-sistemi-za-okretanje","status":"publish","type":"page","link":"https:\/\/www.autolift.info\/sr\/proizvodi\/industrija-uredjaji-za-podizanje-i-okretanje\/1-osni-sistemi-za-okretanje\/","title":{"rendered":"1-osni sistemi za okretanje"},"content":{"rendered":"<p>[et_pb_section fb_built=&#8220;1&#8243; admin_label=&#8220;hero&#8220; _builder_version=&#8220;4.24.0&#8243; _module_preset=&#8220;default&#8220; background_color=&#8220;#ECECEC&#8220; background_image=&#8220;https:\/\/www.autolift.info\/wp-content\/uploads\/2024\/01\/DHA-Slider.jpg&#8220; height=&#8220;600px&#8220; custom_padding=&#8220;0px||0px||true|false&#8220; link_option_url=&#8220; https:\/\/www.autolift.info\/produkte\/industrie-drehhebeanlagen\/1-achsige-drehanlagen\/technische-werte\u2026standard-version\/ &#8220; locked=&#8220;off&#8220; global_colors_info=&#8220;{%22gcid-1e316c67-09f0-49b6-a876-cbbe87afea32%22:%91%93}&#8220;][\/et_pb_section][et_pb_section fb_built=&#8220;1&#8243; _builder_version=&#8220;4.16&#8243; _module_preset=&#8220;default&#8220; background_color=&#8220;RGBA(0,0,0,0)&#8220; custom_padding=&#8220;0px||||false|false&#8220; link_option_url=&#8220; https:\/\/www.autolift.info\/produkte\/industrie-drehhebeanlagen\/1-achsige-drehanlagen\/technische-werte\u2026standard-version\/ &#8220; locked=&#8220;off&#8220; global_colors_info=&#8220;{}&#8220;][et_pb_row use_custom_gutter=&#8220;on&#8220; gutter_width=&#8220;1&#8243; _builder_version=&#8220;4.16&#8243; _module_preset=&#8220;default&#8220; background_color=&#8220;#FFFFFF&#8220; module_alignment=&#8220;center&#8220; min_height=&#8220;114px&#8220; custom_margin=&#8220;-90px||||false|false&#8220; custom_padding=&#8220;0px||||false|true&#8220; animation_direction=&#8220;bottom&#8220; link_option_url=&#8220; https:\/\/www.autolift.info\/produkte\/industrie-drehhebeanlagen\/1-achsige-drehanlagen\/technische-werte\u2026standard-version\/ &#8220; custom_css_main_element=&#8220;z-index:10;&#8220; global_colors_info=&#8220;{}&#8220;][et_pb_column type=&#8220;4_4&#8243; _builder_version=&#8220;4.16&#8243; _module_preset=&#8220;default&#8220; link_option_url=&#8220; https:\/\/www.autolift.info\/produkte\/industrie-drehhebeanlagen\/1-achsige-drehanlagen\/technische-werte\u2026standard-version\/ &#8220; global_colors_info=&#8220;{}&#8220;][et_pb_text admin_label=&#8220;Hebeb\u00f6cke f\u00fcr Strassenbahnen&#8220; module_class=&#8220;ime-pattern-rot&#8220; _builder_version=&#8220;4.16&#8243; _module_preset=&#8220;default&#8220; text_font=&#8220;||||||||&#8220; header_font=&#8220;||||||||&#8220; header_text_color=&#8220;gcid-01af1b29-4bf7-44fe-a473-50909a3a5b27&#8243; header_2_font=&#8220;|800||on|||||&#8220; header_2_text_color=&#8220;gcid-4ebc9de5-e061-4b45-94a8-080fa0de0610&#8243; header_2_font_size=&#8220;40px&#8220; header_3_font=&#8220;|700||on|||||&#8220; header_3_font_size=&#8220;40px&#8220; background_size=&#8220;initial&#8220; background_repeat=&#8220;repeat&#8220; background_blend=&#8220;difference&#8220; custom_padding=&#8220;25px||15px|30px|false|false&#8220; link_option_url=&#8220; https:\/\/www.autolift.info\/produkte\/industrie-drehhebeanlagen\/1-achsige-drehanlagen\/technische-werte\u2026standard-version\/ &#8220; header_2_font_size_tablet=&#8220;30px&#8220; header_2_font_size_phone=&#8220;24px&#8220; header_2_font_size_last_edited=&#8220;on|desktop&#8220; global_colors_info=&#8220;{%22gcid-7df05597-327a-4e7a-9bc4-7a2456ed480c%22:%91%93,%22gcid-01af1b29-4bf7-44fe-a473-50909a3a5b27%22:%91%22header_text_color%22%93,%22gcid-4ebc9de5-e061-4b45-94a8-080fa0de0610%22:%91%22header_2_text_color%22%93,%22gcid-07156617-efbb-4c8c-80ba-1d2279245b1d%22:%91%93}&#8220;]<\/p>\n<h2>1- osni sistemi za okretanje<\/h2>\n<p>[\/et_pb_text][\/et_pb_column][\/et_pb_row][et_pb_row _builder_version=&#8220;4.16&#8243; _module_preset=&#8220;default&#8220; background_color=&#8220;#FFFFFF&#8220; link_option_url=&#8220; https:\/\/www.autolift.info\/produkte\/industrie-drehhebeanlagen\/1-achsige-drehanlagen\/technische-werte\u2026standard-version\/ &#8220; global_colors_info=&#8220;{}&#8220;][et_pb_column type=&#8220;4_4&#8243; _builder_version=&#8220;4.16&#8243; _module_preset=&#8220;default&#8220; link_option_url=&#8220; https:\/\/www.autolift.info\/produkte\/industrie-drehhebeanlagen\/1-achsige-drehanlagen\/technische-werte\u2026standard-version\/ &#8220; global_colors_info=&#8220;{}&#8220;][et_pb_text admin_label=&#8220;F\u00fcr das Heben von Stra\u00dfenbahnen eignen sich am besten die kompakt bauenden Hebeb\u00f6cke der ESH Reihe.&#8220; _builder_version=&#8220;4.16&#8243; _module_preset=&#8220;default&#8220; link_option_url=&#8220; https:\/\/www.autolift.info\/produkte\/industrie-drehhebeanlagen\/1-achsige-drehanlagen\/technische-werte\u2026standard-version\/ &#8220; global_colors_info=&#8220;{}&#8220;]<\/p>\n<p>Najjednostavniji 1-osni sistem okretanja je model sa 1 stubom koji se pokre\u0107e ru\u010dno. Najve\u0107a verzija je model sa 2 stuba sa elektri\u010dnim rotacionim pogonom i obrtnim momentom od 10.000 Nm.<\/p>\n<p>Ako se ovi sistemi koriste za radove zavarivanja, preporu\u010duje se prolaz struje zavarivanja za 350A. Ovo omogu\u0107ava beskona\u010dnu rotaciju bez ikakvih opstruktivnih kablova za uzemljenje koji ograni\u010davaju rad zavarivanja. Ova opcija je dostupna za sve na\u0161e sisteme za okretanje.<\/p>\n<p>[\/et_pb_text][\/et_pb_column][\/et_pb_row][et_pb_row _builder_version=&#8220;4.16&#8243; _module_preset=&#8220;default&#8220; background_color=&#8220;#FFFFFF&#8220; link_option_url=&#8220; https:\/\/www.autolift.info\/produkte\/industrie-drehhebeanlagen\/1-achsige-drehanlagen\/technische-werte\u2026standard-version\/ &#8220; global_colors_info=&#8220;{}&#8220;][et_pb_column type=&#8220;4_4&#8243; _builder_version=&#8220;4.16&#8243; _module_preset=&#8220;default&#8220; link_option_url=&#8220; https:\/\/www.autolift.info\/produkte\/industrie-drehhebeanlagen\/1-achsige-drehanlagen\/technische-werte\u2026standard-version\/ &#8220; global_colors_info=&#8220;{}&#8220;][et_pb_text disabled_on=&#8220;off|off|off&#8220; admin_label=&#8220;Schienenfahrzeugtypen&#8220; _builder_version=&#8220;4.16&#8243; _module_preset=&#8220;default&#8220; min_height=&#8220;40px&#8220; custom_margin=&#8220;||0px||false|false&#8220; custom_padding=&#8220;||0px||false|false&#8220; link_option_url=&#8220; https:\/\/www.autolift.info\/produkte\/industrie-drehhebeanlagen\/1-achsige-drehanlagen\/technische-werte\u2026standard-version\/ &#8220; global_colors_info=&#8220;{}&#8220;]<\/p>\n<h1>Preuzmi listove sa podacima:<\/h1>\n<p>[\/et_pb_text][et_pb_blurb url=&#8220;https:\/\/www.autolift.info\/wp-content\/uploads\/2024\/04\/Technische-Werte-1-achsige-Drehanlage-pl-Standard-Version.pdf&#8220; url_new_window=&#8220;on&#8220; use_icon=&#8220;on&#8220; font_icon=&#8220;&#x24;||divi||400&#8243; icon_color=&#8220;gcid-1e316c67-09f0-49b6-a876-cbbe87afea32&#8243; image_icon_background_color=&#8220;#FFFFFF&#8220; icon_placement=&#8220;left&#8220; image_icon_width=&#8220;15px&#8220; content_max_width=&#8220;100%&#8220; admin_label=&#8220;Hebeb\u00f6cke f\u00fcr Stra\u00dfenbahnen&#8220; module_class=&#8220;blurb-produkte&#8220; _builder_version=&#8220;4.25.0&#8243; _module_preset=&#8220;default&#8220; image_icon_custom_padding=&#8220;8px|8px|8px|8px|false|false&#8220; custom_margin=&#8220;0px||8px||false|false&#8220; custom_padding=&#8220;||||false|false&#8220; animation=&#8220;off&#8220; link_option_url=&#8220;https:\/\/www.autolift.info\/wp-content\/uploads\/2024\/04\/Technische-Werte-1-achsige-Drehanlage-pl-Standard-Version.pdf&#8220; link_option_url_new_window=&#8220;on&#8220; hover_enabled=&#8220;0&#8243; border_radii_image=&#8220;on|100%|100%|100%|100%&#8220; border_width_all_image=&#8220;2px&#8220; border_color_all_image=&#8220;gcid-1e316c67-09f0-49b6-a876-cbbe87afea32&#8243; icon_font_size=&#8220;15px&#8220; use_circle=&#8220;on&#8220; use_circle_border=&#8220;on&#8220; circle_border_color=&#8220;gcid-1e316c67-09f0-49b6-a876-cbbe87afea32&#8243; circle_color=&#8220;#FFFFFF&#8220; global_colors_info=&#8220;{%22gcid-1e316c67-09f0-49b6-a876-cbbe87afea32%22:%91%22icon_color%22,%22circle_border_color%22,%22icon_color%22,%22circle_border_color%22%93}&#8220; image_icon_background_color__sticky_enabled=&#8220;#7EBEC5&#8243; image_icon_background_color__sticky=&#8220;#7EBEC5&#8243; sticky_enabled=&#8220;0&#8243;]<\/p>\n<p>Pregled tehni\u010dkih ure\u0111aja<\/p>\n<p>[\/et_pb_blurb][\/et_pb_column][\/et_pb_row][et_pb_row _builder_version=&#8220;4.16&#8243; _module_preset=&#8220;default&#8220; background_color=&#8220;#FFFFFF&#8220; link_option_url=&#8220; https:\/\/www.autolift.info\/produkte\/industrie-drehhebeanlagen\/1-achsige-drehanlagen\/technische-werte\u2026standard-version\/ &#8220; global_colors_info=&#8220;{}&#8220;][et_pb_column type=&#8220;4_4&#8243; _builder_version=&#8220;4.16&#8243; _module_preset=&#8220;default&#8220; link_option_url=&#8220; https:\/\/www.autolift.info\/produkte\/industrie-drehhebeanlagen\/1-achsige-drehanlagen\/technische-werte\u2026standard-version\/ &#8220; global_colors_info=&#8220;{}&#8220;][et_pb_text admin_label=&#8220;Galerie&#8220; _builder_version=&#8220;4.24.0&#8243; _module_preset=&#8220;default&#8220; link_option_url=&#8220; https:\/\/www.autolift.info\/produkte\/industrie-drehhebeanlagen\/1-achsige-drehanlagen\/technische-werte\u2026standard-version\/ &#8220; global_colors_info=&#8220;{}&#8220;]<\/p>\n<script>\t\tjQuery(function() {\/*setTimeout(function(){*\/\t\t\tjQuery(\"#lbg_famous_gallery_22\").gallery1({\t\t\t\twidth:1300,\t\t\t\theight:600,\t\t\t\twidth100Proc:false,\t\t\t\theight100Proc:false,\t\t\t\trows:1,\t\t\t\tcolumns:3,\t\t\t\tcenterGallery:true,\t\t\t\tgutter:8,\t\t\t\tgalleryBg:\"#FFFFFF\",\t\t\t\titemBorderWidth:0,\t\t\t\titemBorderColorOFF:\"transparent\",\t\t\t\titemBorderColorON:\"#FF0000\",\t\t\t\tshowImageDescription:true,\t\t\t\timageDescriptionBgColor:\"#000000\",\t\t\t\timageDescriptionBgOpacity:30,\t\t\t\timageDescriptionTextColor:\"#FFFFFF\",\t\t\t\tshowIconOverImage:true,\t\t\t\tzoomDuration:1,\t\t\t\tzoomEffect:\"linear\",\t\t\t\ttarget:\"_blank\",\t\t\t\tbgHorizontalPosition:\"center\",\t\t\t\tbgVerticalPosition:\"center\",\t\t\t\tfacebookAppID:\"\"\t\t\t});\/*\t\t}, 1000);*\/\/*}, 850);*\/\t\t});\t<\/script>    <div id=\"lbg_famous_gallery_22\">\t\t\t\t<ul class=\"gallery1_list\">\t\t\t\t\t\t\t\t\t\t\t\t<li data-horizontal=\"center\" data-vertical=\"center\" data-link=\"\" data-lightbox=\"\" data-title=\"\" data-description=\"\">\t\t\t\t\t\t\t\t\t\t<img loading=\"lazy\" decoding=\"async\" src=\"https:\/\/www.autolift.info\/wp-content\/uploads\/2024\/01\/1-achsige_drehanlagen-autolift-3.jpg\" alt=\" - \" width=\"800\" height=\"600\" style=\"width:800px; height:600px;\" title=\" - \" \/>\t\t\t\t\t\t\t\t<\/li>\t\t\t\t\t\t\t\t\t\t\t\t\t\t\t\t<li data-horizontal=\"center\" data-vertical=\"center\" data-link=\"\" data-lightbox=\"\" data-title=\"\" data-description=\"\">\t\t\t\t\t\t\t\t\t\t<img loading=\"lazy\" decoding=\"async\" src=\"https:\/\/www.autolift.info\/wp-content\/uploads\/2024\/01\/1-achsige_drehanlagen-autolift-1.jpg\" alt=\" - \" width=\"800\" height=\"600\" style=\"width:800px; height:600px;\" title=\" - \" \/>\t\t\t\t\t\t\t\t<\/li>\t\t\t\t\t\t\t\t\t\t\t\t\t\t\t\t<li data-horizontal=\"center\" data-vertical=\"center\" data-link=\"\" data-lightbox=\"\" data-title=\"\" data-description=\"\">\t\t\t\t\t\t\t\t\t\t<img loading=\"lazy\" decoding=\"async\" src=\"https:\/\/www.autolift.info\/wp-content\/uploads\/2024\/01\/1-achsige_drehanlagen-autolift-2.jpg\" alt=\" - \" width=\"800\" height=\"600\" style=\"width:800px; height:600px;\" title=\" - \" \/>\t\t\t\t\t\t\t\t<\/li>\t\t\t\t\t\t\t\t\t\t\t\t<\/ul>     <\/div>\n<p>[\/et_pb_text][\/et_pb_column][\/et_pb_row][\/et_pb_section]<\/p>\n","protected":false},"excerpt":{"rendered":"<p>1- osni sistemi za okretanjeNajjednostavniji 1-osni sistem okretanja je model sa 1 stubom koji se pokre\u0107e ru\u010dno. Najve\u0107a verzija je model sa 2 stuba sa elektri\u010dnim rotacionim pogonom i obrtnim momentom od 10.000 Nm. Ako se ovi sistemi koriste za radove zavarivanja, preporu\u010duje se prolaz struje zavarivanja za 350A. Ovo omogu\u0107ava beskona\u010dnu rotaciju bez ikakvih [&hellip;]<\/p>\n","protected":false},"author":1,"featured_media":0,"parent":248923,"menu_order":1,"comment_status":"closed","ping_status":"closed","template":"","meta":{"_et_pb_use_builder":"on","_et_pb_old_content":"","_et_gb_content_width":"","footnotes":""},"class_list":["post-248929","page","type-page","status-publish","hentry"],"_links":{"self":[{"href":"https:\/\/www.autolift.info\/sr\/wp-json\/wp\/v2\/pages\/248929","targetHints":{"allow":["GET"]}}],"collection":[{"href":"https:\/\/www.autolift.info\/sr\/wp-json\/wp\/v2\/pages"}],"about":[{"href":"https:\/\/www.autolift.info\/sr\/wp-json\/wp\/v2\/types\/page"}],"author":[{"embeddable":true,"href":"https:\/\/www.autolift.info\/sr\/wp-json\/wp\/v2\/users\/1"}],"replies":[{"embeddable":true,"href":"https:\/\/www.autolift.info\/sr\/wp-json\/wp\/v2\/comments?post=248929"}],"version-history":[{"count":17,"href":"https:\/\/www.autolift.info\/sr\/wp-json\/wp\/v2\/pages\/248929\/revisions"}],"predecessor-version":[{"id":249860,"href":"https:\/\/www.autolift.info\/sr\/wp-json\/wp\/v2\/pages\/248929\/revisions\/249860"}],"up":[{"embeddable":true,"href":"https:\/\/www.autolift.info\/sr\/wp-json\/wp\/v2\/pages\/248923"}],"wp:attachment":[{"href":"https:\/\/www.autolift.info\/sr\/wp-json\/wp\/v2\/media?parent=248929"}],"curies":[{"name":"wp","href":"https:\/\/api.w.org\/{rel}","templated":true}]}}