{"id":243524,"date":"2021-07-12T09:50:25","date_gmt":"2021-07-12T07:50:25","guid":{"rendered":"https:\/\/www.autolift.info\/servis\/"},"modified":"2021-07-12T09:50:27","modified_gmt":"2021-07-12T07:50:27","slug":"servis","status":"publish","type":"page","link":"https:\/\/www.autolift.info\/sr\/servis\/","title":{"rendered":"Servis"},"content":{"rendered":"<p>[et_pb_section fb_built=&#8220;1&#8243; _builder_version=&#8220;4.9.1&#8243; _module_preset=&#8220;default&#8220; custom_padding=&#8220;0px||0px||true|false&#8220; locked=&#8220;off&#8220;][et_pb_row use_custom_gutter=&#8220;on&#8220; gutter_width=&#8220;1&#8243; make_equal=&#8220;on&#8220; _builder_version=&#8220;4.9.1&#8243; _module_preset=&#8220;default&#8220; width=&#8220;100%&#8220; max_width=&#8220;100%&#8220; custom_margin=&#8220;||||false|false&#8220; custom_padding=&#8220;0px||0px||true|false&#8220;][et_pb_column type=&#8220;4_4&#8243; _builder_version=&#8220;4.9.1&#8243; _module_preset=&#8220;default&#8220;][et_pb_slider show_pagination=&#8220;off&#8220; use_bg_overlay=&#8220;on&#8220; use_text_overlay=&#8220;off&#8220; module_class=&#8220;autolift-slider&#8220; _builder_version=&#8220;4.9.4&#8243; _module_preset=&#8220;default&#8220; background_color=&#8220;#ECECEC&#8220; background_enable_image=&#8220;off&#8220; height=&#8220;600px&#8220; auto=&#8220;on&#8220; auto_speed=&#8220;5000&#8243;][et_pb_slide alignment=&#8220;bottom&#8220; _builder_version=&#8220;4.9.4&#8243; _module_preset=&#8220;default&#8220; header_font=&#8220;|700||on|||||&#8220; header_text_align=&#8220;left&#8220; header_font_size=&#8220;60px&#8220; background_color=&#8220;#ECECEC&#8220; background_enable_color=&#8220;on&#8220; background_image=&#8220;https:\/\/www.autolift.info\/wp-content\/uploads\/2021\/05\/service_autolift_01.jpg&#8220; background_enable_image=&#8220;on&#8220; parallax=&#8220;on&#8220; parallax_method=&#8220;off&#8220; global_colors_info=&#8220;{%22gcid-1e316c67-09f0-49b6-a876-cbbe87afea32%22:%91%93}&#8220; custom_css_main_element__hover_enabled=&#8220;on|desktop&#8220; sticky_transition=&#8220;on&#8220;][\/et_pb_slide][et_pb_slide _builder_version=&#8220;4.9.4&#8243; _module_preset=&#8220;default&#8220; header_font=&#8220;|700||on|||||&#8220; header_text_align=&#8220;left&#8220; header_font_size=&#8220;60px&#8220; background_color=&#8220;#ECECEC&#8220; background_enable_color=&#8220;on&#8220; background_image=&#8220;https:\/\/www.autolift.info\/wp-content\/uploads\/2021\/05\/service_autolift_02.jpg&#8220; background_enable_image=&#8220;on&#8220; parallax=&#8220;on&#8220; parallax_method=&#8220;off&#8220; global_colors_info=&#8220;{%22gcid-1e316c67-09f0-49b6-a876-cbbe87afea32%22:%91%93}&#8220; sticky_transition=&#8220;on&#8220;][\/et_pb_slide][\/et_pb_slider][\/et_pb_column][\/et_pb_row][\/et_pb_section][et_pb_section fb_built=&#8220;1&#8243; _builder_version=&#8220;4.9.2&#8243; _module_preset=&#8220;default&#8220; background_color=&#8220;RGBA(0,0,0,0)&#8220; custom_padding=&#8220;0px||||false|false&#8220;][et_pb_row use_custom_gutter=&#8220;on&#8220; gutter_width=&#8220;1&#8243; _builder_version=&#8220;4.9.4&#8243; _module_preset=&#8220;default&#8220; background_color=&#8220;#FFFFFF&#8220; module_alignment=&#8220;center&#8220; min_height=&#8220;114px&#8220; custom_margin=&#8220;-90px||||false|false&#8220; custom_padding=&#8220;0px||||false|true&#8220; animation_direction=&#8220;bottom&#8220; custom_css_main_element=&#8220;z-index:10;&#8220;][et_pb_column type=&#8220;4_4&#8243; _builder_version=&#8220;4.9.1&#8243; _module_preset=&#8220;default&#8220;][et_pb_text admin_label=&#8220;Service&#8220; module_class=&#8220;ime-pattern-rot&#8220; _builder_version=&#8220;4.9.4&#8243; _module_preset=&#8220;default&#8220; text_font=&#8220;||||||||&#8220; header_font=&#8220;||||||||&#8220; header_text_color=&#8220;gcid-01af1b29-4bf7-44fe-a473-50909a3a5b27&#8243; header_2_font=&#8220;|800||on|||||&#8220; header_2_text_color=&#8220;gcid-4ebc9de5-e061-4b45-94a8-080fa0de0610&#8243; header_2_font_size=&#8220;40px&#8220; header_3_font=&#8220;|700||on|||||&#8220; header_3_font_size=&#8220;40px&#8220; background_size=&#8220;initial&#8220; background_repeat=&#8220;repeat&#8220; background_blend=&#8220;difference&#8220; custom_padding=&#8220;25px||15px|30px|false|false&#8220; header_2_font_size_tablet=&#8220;30px&#8220; header_2_font_size_phone=&#8220;24px&#8220; header_2_font_size_last_edited=&#8220;on|desktop&#8220; global_colors_info=&#8220;{%22gcid-7df05597-327a-4e7a-9bc4-7a2456ed480c%22:%91%93,%22gcid-01af1b29-4bf7-44fe-a473-50909a3a5b27%22:%91%22header_text_color%22%93,%22gcid-4ebc9de5-e061-4b45-94a8-080fa0de0610%22:%91%22header_2_text_color%22%93,%22gcid-07156617-efbb-4c8c-80ba-1d2279245b1d%22:%91%93}&#8220;]<\/p>\n<h2>Servis<\/h2>\n<p>[\/et_pb_text][\/et_pb_column][\/et_pb_row][et_pb_row _builder_version=&#8220;4.9.4&#8243; _module_preset=&#8220;default&#8220; background_color=&#8220;#FFFFFF&#8220; custom_padding=&#8220;||10px||false|false&#8220; locked=&#8220;off&#8220;][et_pb_column type=&#8220;4_4&#8243; _builder_version=&#8220;4.9.3&#8243; _module_preset=&#8220;default&#8220;][et_pb_text admin_label=&#8220;Zufriedene Kunden sind der Schl\u00fcssel f\u00fcr Wiederholungsk\u00e4uf&#8220; _builder_version=&#8220;4.9.4&#8243; _module_preset=&#8220;default&#8220; custom_padding=&#8220;|30px||30px|true|true&#8220;]<\/p>\n<p>Zadovoljni kupci su klju\u010d ponovljene kupovine. Slede\u0107i ovaj princip, ne samo da razvijamo i gradimo pouzdane, robusne sisteme, ve\u0107 ih pratimo i tokom njihovog \u017eivotnog veka. <\/p>\n<p>Da bi se osiguralo da to nisu samo prazne fraze, Autolift ima potrebne ljudske resurse i zapo\u0161ljava servisni tim koji \u010dine iskusni zaposleni u kancelariji za podr\u0161ku i kvalifikovani servisni tehni\u010dari. Da bi pokrili \u0161to ve\u0107e geografsko podru\u010dje, serviseri su anga\u017eovani na na\u0161im klju\u010dnim ciljnim tr\u017ei\u0161tima. To zna\u010di da mogu putovati na svoja mesta od ku\u0107e a mi spre\u010davamo ili smanajujemo nepotrebno duga putovanja i vreme odziva.  <\/p>\n<p>[\/et_pb_text][\/et_pb_column][\/et_pb_row][et_pb_row _builder_version=&#8220;4.9.4&#8243; _module_preset=&#8220;default&#8220; custom_margin=&#8220;||0px||false|false&#8220; custom_padding=&#8220;|30px|0px|30px|false|true&#8220;][et_pb_column type=&#8220;4_4&#8243; _builder_version=&#8220;4.5.3&#8243; _module_preset=&#8220;default&#8220;][et_pb_text admin_label=&#8220;Die Kernkompetenzen unserer Serviceabteilung sind:&#8220; _builder_version=&#8220;4.9.4&#8243; _module_preset=&#8220;default&#8220;]<\/p>\n<p>Osnovne kompetencije na\u0161eg servisnog odeljenja su:<\/p>\n<p>[\/et_pb_text][et_pb_accordion icon_color=&#8220;#ffffff&#8220; admin_label=&#8220;Accordion 9&#8243; module_class=&#8220;dct_faq_v9&#8243; _builder_version=&#8220;4.9.4&#8243; _module_preset=&#8220;default&#8220; toggle_text_color=&#8220;#333&#8243; toggle_font=&#8220;|700||on|||||&#8220; body_text_color=&#8220;#666464&#8243; hover_enabled=&#8220;0&#8243; custom_css_toggle_title=&#8220;border-top: 0;||background: #eee;||border-bottom: 1px solid transparent;||display: block;||padding: 14px 40px;||position: relative;&#8220; custom_css_toggle_icon=&#8220;content: %22%924c%22;||\tfont-family: ETmodules!important;||top: 10px;||\tright: 0;||\tfont-size: 22px;||\tline-height: 24px;||\tdisplay: block!important;||\t-webkit-box-sizing: border-box;||\t-moz-box-sizing: border-box;||\tbox-sizing: border-box;||\tfont-weight: 700;||\tbackground: #cc0000;||\tpadding: 10px&#8220; custom_css_toggle_content=&#8220;border-top: 0 none;||background: #eee;||padding: 15px 27px;&#8220; locked=&#8220;off&#8220; sticky_enabled=&#8220;0&#8243;][et_pb_accordion_item title=&#8220;Kompetentan savet: &#8220; open=&#8220;on&#8220; _builder_version=&#8220;4.9.4&#8243; _module_preset=&#8220;default&#8220; custom_margin=&#8220;||6px||false|false&#8220; custom_padding=&#8220;0px|0px|0px|0px|false|false&#8220; hover_enabled=&#8220;0&#8243; border_width_left=&#8220;5px&#8220; border_color_left=&#8220;#cc0000&#8243; sticky_enabled=&#8220;0&#8243;]<\/p>\n<p> Dobi\u0107ete brz, kompetentan savet od na\u0161e kancelarije za podr\u0161ku putem e-po\u0161te ili telefona.<\/p>\n<p>[\/et_pb_accordion_item][et_pb_accordion_item title=&#8220;Usluga na licu mesta od strane fabri\u010dkog servisa za korisnike &#8220; _builder_version=&#8220;4.9.4&#8243; _module_preset=&#8220;default&#8220; custom_margin=&#8220;||6px||false|false&#8220; custom_padding=&#8220;0px|0px|0px|0px|false|false&#8220; border_width_left=&#8220;5px&#8220; border_color_left=&#8220;#cc0000&#8243; open=&#8220;off&#8220;]<\/p>\n<ul>\n<li>Na\u0161i dobro opremljeni tehni\u010dari iz fabri\u010dkog servisa za korisnike su uvek u toku i odli\u010dno su upoznati sa na\u0161im ma\u0161inama<\/li>\n<li><strong>Servisna vozila:<\/strong><\/li>\n<li>U na\u0161im servisnim vozilima uvek imamo na raspolaganju sve uobi\u010dajene rezervne delove. Podr\u017eavamo vas brzo i lako na licu mesta velikim servisima i uslugama popravki. <\/li>\n<\/ul>\n<p>[\/et_pb_accordion_item][et_pb_accordion_item title=&#8220;Dostupnost rezervnih delova &#8220; _builder_version=&#8220;4.9.4&#8243; _module_preset=&#8220;default&#8220; custom_margin=&#8220;||6px||false|false&#8220; custom_padding=&#8220;0px|0px|0px|0px|false|false&#8220; border_width_left=&#8220;5px&#8220; border_color_left=&#8220;#cc0000&#8243; open=&#8220;off&#8220;]<\/p>\n<ul>\n<li>Autolift proizvode odlikuje veoma dug radni vek. Budu\u0107i da se potreba za rezervnim delovima obi\u010dno pove\u0107ava sa starenjem sistema, dostupnost rezervnih delova do visoke ,,starosti \u017eivotnog ciklusa\u2019\u2019 je od su\u0161tinskog zna\u010daja. <\/li>\n<li>Autolift garantuje dostupnost rezervnih delova do 30 godina a \u010desto i du\u017ee.<\/li>\n<li>Administrativnu obradu vr\u0161i na\u0161 iskusni tim kancelarije za podr\u0161ku.<\/li>\n<\/ul>\n<p>[\/et_pb_accordion_item][et_pb_accordion_item title=&#8220;Preventivno odr\u017eavanje &#8220; _builder_version=&#8220;4.9.4&#8243; _module_preset=&#8220;default&#8220; custom_margin=&#8220;||6px||false|false&#8220; custom_padding=&#8220;0px|0px|0px|0px|false|false&#8220; border_width_left=&#8220;5px&#8220; border_color_left=&#8220;#cc0000&#8243; open=&#8220;off&#8220;]<\/p>\n<ul>\n<li>Preventivnim odr\u017eavanjem zastoji se mogu znatno smanjiti.<\/li>\n<li>Fabri\u010dka servisna slu\u017eba dolazi u unapred planirane datume sa odgovaraju\u0107im rezervnim i habaju\u0107im delovima i izvodi radove na odr\u017eavanju prema rasporeedu.<\/li>\n<li>Sistem se vra\u0107a operateru sa vrlo velikom sigurno\u0161\u0107u da ne\u0107e biti neplaniranih zastoja do slede\u0107eg datuma odr\u017eavanja.<\/li>\n<\/ul>\n<p>[\/et_pb_accordion_item][et_pb_accordion_item title=&#8220;Godi\u0161nji pregledi &#8220; _builder_version=&#8220;4.9.4&#8243; _module_preset=&#8220;default&#8220; custom_margin=&#8220;||6px||false|false&#8220; custom_padding=&#8220;0px|0px|0px|0px|false|false&#8220; border_width_left=&#8220;5px&#8220; border_color_left=&#8220;#cc0000&#8243; open=&#8220;off&#8220;]Godi\u0161nji pregledi regulisani su razli\u010dito od zemlje do zemlje. Na primer, u Nema\u010dkoj je u propisima o spre\u010davanju nesre\u0107a zakonom propisan godi\u0161nji pregled (UVV pregled). Na\u0161i tehni\u010dari \u0107e to rado obaviti za vas. Ako se to kombinuje sa godi\u0161njim odr\u017eavanjem, smanjuju se va\u0161i tro\u0161kovi i zastoji. [\/et_pb_accordion_item][et_pb_accordion_item title=&#8220;Redizajn&#8220; _builder_version=&#8220;4.9.4&#8243; _module_preset=&#8220;default&#8220; custom_margin=&#8220;||6px||false|false&#8220; custom_padding=&#8220;0px|0px|0px|0px|false|false&#8220; border_width_left=&#8220;5px&#8220; border_color_left=&#8220;#cc0000&#8243; open=&#8220;off&#8220;]<\/p>\n<p>Mnogo toga se mo\u017ee dogoditi i mnogo toga se mo\u017ee promeniti tokom \u017eivotnog veka proizvoda od 20 i vi\u0161e godina. Operateri se mogu suo\u010diti sa odlukom da prodaju ili odbace sisteme. Ovde profesionalno izvedeni redizajn mo\u017ee predstavljati razumnu i isplativu alternativu. Razlozi za modifikacije mogu biti:   <\/p>\n<ul>\n<li>Novi \/ dodatni model vozila sa razli\u010ditim ta\u010dkama podizanja mora biti podignut.<\/li>\n<li>Pro\u0161iruju se postoje\u0107e garniture vozova. To se de\u0161ava sve \u010de\u0161\u0107e. Sve vi\u0161e i vi\u0161e pru\u017ealaca usluga javnog prevoza pove\u0107avaju svoje transportne kapacitete.  <br \/>Na primer, umesto sistema 8 potreban je sistem 12 ili 16. Mi isporu\u010dujemo dodatne dizalice i integri\u0161emo ih u postoje\u0107i sistem upravljanja. <\/li>\n<li>Sistem mora biti doveden na trenutni nivo bezbednosti zbog zakonskih propisa ili na zahtev kupca.<\/li>\n<\/ul>\n<p>[\/et_pb_accordion_item][et_pb_accordion_item title=&#8220;Reparacija&#8220; _builder_version=&#8220;4.9.4&#8243; _module_preset=&#8220;default&#8220; custom_margin=&#8220;||6px||false|false&#8220; custom_padding=&#8220;0px|0px|0px|0px|false|false&#8220; border_width_left=&#8220;5px&#8220; border_color_left=&#8220;#cc0000&#8243; open=&#8220;off&#8220;]U zavisnosti od u\u010destalosti upotrebe, pa\u017eljivosti rukovaoca i doslednosti odr\u017eavanja, sistemi zavr\u0161avaju svoj radni vek nakon odre\u0111enih godina upotrebe. Sada se mogu rashodovati ili reparirati. Sistem se vra\u0107a u fabriku i demontira. \u010celi\u010dne komponente su peskane a varovi su podvrgnuti ispitivanju pukotina. Zatim se delovi ponovo farbaju i ponovo sastavljaju. U zavisnosti od stanja, vreteno, navrtke, le\u017eajevi itd. se ponovo koriste ili zamenjuju novim.  [\/et_pb_accordion_item][et_pb_accordion_item title=&#8220;Koordinacija ugradnje \/ timovi za ugradnju &#8220; _builder_version=&#8220;4.9.4&#8243; _module_preset=&#8220;default&#8220; custom_margin=&#8220;||6px||false|false&#8220; custom_padding=&#8220;0px|0px|0px|0px|false|false&#8220; border_width_left=&#8220;5px&#8220; border_color_left=&#8220;#cc0000&#8243; open=&#8220;off&#8220;]<\/p>\n<p><img loading=\"lazy\" decoding=\"async\" src=\"https:\/\/www.autolift.info\/wp-content\/uploads\/2021\/04\/051_montageteam_autolift-300x225.jpg\" width=\"300\" height=\"225\" alt=\"\" class=\"wp-image-240320 alignnone size-medium\" style=\"float: left;margin-right: 20px;margin-bottom: 10px\">  <img loading=\"lazy\" decoding=\"async\" src=\"https:\/\/www.autolift.info\/wp-content\/uploads\/2021\/04\/kragujevac_autolift-800w-1-300x225.jpg\" width=\"300\" height=\"225\" alt=\"\" class=\"wp-image-240321 alignnone size-medium\" style=\"float: left;margin-right: 20px;margin-bottom: 10px\"><br \/>Ugradnja podzemnih sistema posebno treba da bude dobro isplanirana i pripremljena. To se de\u0161ava-ponekad ve\u0107 u fazi projekta-u na\u0161em projektnom odeljenju ili putem na\u0161eg tehni\u010dkog odeljenja prodaje. Me\u0111utim planiranje i dalje mo\u017ee biti tako dobro ako je primena neadekvatna. Zbog toga imamo svoje monta\u017ene timove koji prate instalaciju ili je izvode na zahtev.   <\/p>\n<p>Ovi timovi su dobro uve\u017ebani i \u010desto se upoznaju sa sistemima tokom fabri\u010dkog testa prihvatanja (FAT). Navikli su na dugoro\u010dne me\u0111unarodne zadatke \u0161irom sveta a tako\u0111e mogu da improvizuju ako je potrebno i re\u0161e probleme koji se iznenada pojave. Va\u017ena je primopredaja krajnjem kupcu na vreme.  <\/p>\n<p>[\/et_pb_accordion_item][\/et_pb_accordion][\/et_pb_column][\/et_pb_row][\/et_pb_section]<\/p>\n","protected":false},"excerpt":{"rendered":"<p>ServisZadovoljni kupci su klju\u010d ponovljene kupovine. Slede\u0107i ovaj princip, ne samo da razvijamo i gradimo pouzdane, robusne sisteme, ve\u0107 ih pratimo i tokom njihovog \u017eivotnog veka. Da bi se osiguralo da to nisu samo prazne fraze, Autolift ima potrebne ljudske resurse i zapo\u0161ljava servisni tim koji \u010dine iskusni zaposleni u kancelariji za podr\u0161ku i kvalifikovani [&hellip;]<\/p>\n","protected":false},"author":1,"featured_media":0,"parent":0,"menu_order":60,"comment_status":"closed","ping_status":"closed","template":"","meta":{"_et_pb_use_builder":"on","_et_pb_old_content":"","_et_gb_content_width":"","footnotes":""},"class_list":["post-243524","page","type-page","status-publish","hentry"],"_links":{"self":[{"href":"https:\/\/www.autolift.info\/sr\/wp-json\/wp\/v2\/pages\/243524","targetHints":{"allow":["GET"]}}],"collection":[{"href":"https:\/\/www.autolift.info\/sr\/wp-json\/wp\/v2\/pages"}],"about":[{"href":"https:\/\/www.autolift.info\/sr\/wp-json\/wp\/v2\/types\/page"}],"author":[{"embeddable":true,"href":"https:\/\/www.autolift.info\/sr\/wp-json\/wp\/v2\/users\/1"}],"replies":[{"embeddable":true,"href":"https:\/\/www.autolift.info\/sr\/wp-json\/wp\/v2\/comments?post=243524"}],"version-history":[{"count":3,"href":"https:\/\/www.autolift.info\/sr\/wp-json\/wp\/v2\/pages\/243524\/revisions"}],"predecessor-version":[{"id":243527,"href":"https:\/\/www.autolift.info\/sr\/wp-json\/wp\/v2\/pages\/243524\/revisions\/243527"}],"wp:attachment":[{"href":"https:\/\/www.autolift.info\/sr\/wp-json\/wp\/v2\/media?parent=243524"}],"curies":[{"name":"wp","href":"https:\/\/api.w.org\/{rel}","templated":true}]}}