{"id":243432,"date":"2021-07-09T11:38:07","date_gmt":"2021-07-09T09:38:07","guid":{"rendered":"https:\/\/www.autolift.info\/proizvodi\/podzemne-jedinice-za-podizanje\/"},"modified":"2023-04-11T09:37:06","modified_gmt":"2023-04-11T07:37:06","slug":"podzemne-jedinice-za-podizanje","status":"publish","type":"page","link":"https:\/\/www.autolift.info\/sr\/proizvodi\/podzemne-jedinice-za-podizanje\/","title":{"rendered":"Podzemne jedinice za podizanje"},"content":{"rendered":"<p>[et_pb_section fb_built=&#8220;1&#8243; _builder_version=&#8220;4.9.4&#8243; _module_preset=&#8220;default&#8220; background_color=&#8220;gcid-1e316c67-09f0-49b6-a876-cbbe87afea32&#8243; background_image=&#8220;https:\/\/www.autolift.info\/wp-content\/uploads\/2021\/05\/ime-autolift-cantilever.jpg&#8220; background_position=&#8220;bottom_center&#8220; height=&#8220;600px&#8220; custom_padding=&#8220;256px||256px||true|false&#8220; locked=&#8220;off&#8220; global_colors_info=&#8220;{%22gcid-1e316c67-09f0-49b6-a876-cbbe87afea32%22:%91%22background_color%22%93}&#8220;][\/et_pb_section][et_pb_section fb_built=&#8220;1&#8243; _builder_version=&#8220;4.9.3&#8243; _module_preset=&#8220;default&#8220; background_color=&#8220;RGBA(0,0,0,0)&#8220; custom_padding=&#8220;0px||||false|false&#8220; locked=&#8220;off&#8220;][et_pb_row use_custom_gutter=&#8220;on&#8220; gutter_width=&#8220;1&#8243; _builder_version=&#8220;4.9.4&#8243; _module_preset=&#8220;default&#8220; background_color=&#8220;#FFFFFF&#8220; module_alignment=&#8220;center&#8220; min_height=&#8220;114px&#8220; custom_margin=&#8220;-90px||||false|false&#8220; custom_padding=&#8220;0px||||false|true&#8220; animation_direction=&#8220;bottom&#8220; custom_css_main_element=&#8220;z-index:10;&#8220;][et_pb_column type=&#8220;4_4&#8243; _builder_version=&#8220;4.9.1&#8243; _module_preset=&#8220;default&#8220;][et_pb_text admin_label=&#8220;Mobile Hebeb\u00f6cke&#8220; module_class=&#8220;ime-pattern-rot&#8220; _builder_version=&#8220;4.9.4&#8243; _module_preset=&#8220;default&#8220; text_font=&#8220;||||||||&#8220; header_font=&#8220;||||||||&#8220; header_text_color=&#8220;gcid-01af1b29-4bf7-44fe-a473-50909a3a5b27&#8243; header_2_font=&#8220;|800||on|||||&#8220; header_2_text_color=&#8220;gcid-4ebc9de5-e061-4b45-94a8-080fa0de0610&#8243; header_2_font_size=&#8220;40px&#8220; header_3_font=&#8220;|700||on|||||&#8220; header_3_font_size=&#8220;40px&#8220; background_size=&#8220;initial&#8220; background_repeat=&#8220;repeat&#8220; background_blend=&#8220;difference&#8220; custom_padding=&#8220;25px||15px|30px|false|false&#8220; header_2_font_size_tablet=&#8220;30px&#8220; header_2_font_size_phone=&#8220;24px&#8220; header_2_font_size_last_edited=&#8220;on|desktop&#8220; global_colors_info=&#8220;{%22gcid-7df05597-327a-4e7a-9bc4-7a2456ed480c%22:%91%93,%22gcid-01af1b29-4bf7-44fe-a473-50909a3a5b27%22:%91%22header_text_color%22%93,%22gcid-4ebc9de5-e061-4b45-94a8-080fa0de0610%22:%91%22header_2_text_color%22%93,%22gcid-07156617-efbb-4c8c-80ba-1d2279245b1d%22:%91%93}&#8220;]<\/p>\n<h2 class=\"western\">Podzemne jedinice za podizanje<\/h2>\n<p>[\/et_pb_text][\/et_pb_column][\/et_pb_row][et_pb_row _builder_version=&#8220;4.9.3&#8243; _module_preset=&#8220;default&#8220; background_color=&#8220;#FFFFFF&#8220; custom_padding=&#8220;|30px||30px|false|true&#8220; locked=&#8220;off&#8220;][et_pb_column type=&#8220;4_4&#8243; _builder_version=&#8220;4.9.3&#8243; _module_preset=&#8220;default&#8220;][et_pb_text admin_label=&#8220;Mobile Hebeb\u00f6cke sind die einfachste Art&#8220; _builder_version=&#8220;4.9.4&#8243; _module_preset=&#8220;default&#8220;]<\/p>\n<p>U pore\u0111enju sa mobilnim dizalicama, podzemna postolja za podizanje imaju veliku prednost \u0161to nema ograni\u010denog prostora kada se ne koriste. Oprema je dobro sme\u0161tena u jami i radni prostor iznad se mo\u017ee koristiti, voziti preko njega i hodati po njemu bez ikakvih prepreka. <\/p>\n<p>Razlikujemo i nudimo dve osnovne vrste podzemnih postolja za podizanje:<\/p>\n<p>Postolja za podizanje sa vertikalnim dizalicama direktno ispod \u0161ine za podizanje ili \u0161ine za podizanje u posebnom dizajnu (poznat u industriji kao konzolno re\u0161enje) za provla\u010denje podvozja.<\/p>\n<p>Nudimo oba re\u0161enja: kao stoje\u0107i na podu jame ili vise\u0107i na popre\u010dnim gredama.<\/p>\n<p>[\/et_pb_text][\/et_pb_column][\/et_pb_row][et_pb_row column_structure=&#8220;1_2,1_2&#8243; _builder_version=&#8220;4.9.4&#8243; _module_preset=&#8220;default&#8220;][et_pb_column type=&#8220;1_2&#8243; _builder_version=&#8220;4.9.4&#8243; _module_preset=&#8220;default&#8220;][et_pb_blurb url=&#8220;https:\/\/www.autolift.info\/sr\/proizvodi\/podzemne-jedinice-za-podizanje\/stojeci-podzemni-sistem-za-podizanje\/&#8220; use_icon=&#8220;on&#8220; font_icon=&#8220;%%3%%&#8220; icon_color=&#8220;gcid-1e316c67-09f0-49b6-a876-cbbe87afea32&#8243; use_circle=&#8220;on&#8220; circle_color=&#8220;#FFFFFF&#8220; use_circle_border=&#8220;on&#8220; circle_border_color=&#8220;gcid-1e316c67-09f0-49b6-a876-cbbe87afea32&#8243; icon_placement=&#8220;left&#8220; use_icon_font_size=&#8220;on&#8220; icon_font_size=&#8220;15px&#8220; admin_label=&#8220;Stehende Unterflurhebeanlagen&#8220; module_class=&#8220;blurb-produkte&#8220; _builder_version=&#8220;4.9.4&#8243; _module_preset=&#8220;default&#8220; custom_margin=&#8220;0px||8px||false|false&#8220; animation=&#8220;off&#8220; link_option_url=&#8220;https:\/\/www.autolift.info\/sr\/proizvodi\/podzemne-jedinice-za-podizanje\/stojeci-podzemni-sistem-za-podizanje\/&#8220; hover_enabled=&#8220;0&#8243; global_colors_info=&#8220;{%22gcid-1e316c67-09f0-49b6-a876-cbbe87afea32%22:%91%22icon_color%22,%22circle_border_color%22%93}&#8220; sticky_enabled=&#8220;0&#8243;]<\/p>\n<p>Stoje\u0107i podzemni sistem za podizanje<\/p>\n<p>[\/et_pb_blurb][\/et_pb_column][et_pb_column type=&#8220;1_2&#8243; _builder_version=&#8220;4.9.4&#8243; _module_preset=&#8220;default&#8220;][et_pb_blurb url=&#8220;https:\/\/www.autolift.info\/sr\/proizvodi\/podzemne-jedinice-za-podizanje\/viseci-podzemni-sistemi-za-podizanje\/&#8220; use_icon=&#8220;on&#8220; font_icon=&#8220;%%3%%&#8220; icon_color=&#8220;gcid-1e316c67-09f0-49b6-a876-cbbe87afea32&#8243; use_circle=&#8220;on&#8220; circle_color=&#8220;#FFFFFF&#8220; use_circle_border=&#8220;on&#8220; circle_border_color=&#8220;gcid-1e316c67-09f0-49b6-a876-cbbe87afea32&#8243; icon_placement=&#8220;left&#8220; use_icon_font_size=&#8220;on&#8220; icon_font_size=&#8220;15px&#8220; admin_label=&#8220;H\u00e4ngende Unterflurhebeanlagen&#8220; module_class=&#8220;blurb-produkte&#8220; _builder_version=&#8220;4.9.4&#8243; _module_preset=&#8220;default&#8220; custom_margin=&#8220;0px||8px||false|false&#8220; animation=&#8220;off&#8220; link_option_url=&#8220;https:\/\/www.autolift.info\/sr\/proizvodi\/podzemne-jedinice-za-podizanje\/viseci-podzemni-sistemi-za-podizanje\/&#8220; hover_enabled=&#8220;0&#8243; global_colors_info=&#8220;{%22gcid-1e316c67-09f0-49b6-a876-cbbe87afea32%22:%91%22icon_color%22,%22circle_border_color%22%93}&#8220; sticky_enabled=&#8220;0&#8243;]<\/p>\n<p>Vise\u0107i podzemni sistemi za podizanje<\/p>\n<p>[\/et_pb_blurb][\/et_pb_column][\/et_pb_row][\/et_pb_section]<\/p>\n","protected":false},"excerpt":{"rendered":"<p>Podzemne jedinice za podizanjeU pore\u0111enju sa mobilnim dizalicama, podzemna postolja za podizanje imaju veliku prednost \u0161to nema ograni\u010denog prostora kada se ne koriste. Oprema je dobro sme\u0161tena u jami i radni prostor iznad se mo\u017ee koristiti, voziti preko njega i hodati po njemu bez ikakvih prepreka. Razlikujemo i nudimo dve osnovne vrste podzemnih postolja za [&hellip;]<\/p>\n","protected":false},"author":1,"featured_media":0,"parent":243380,"menu_order":30,"comment_status":"closed","ping_status":"closed","template":"","meta":{"_et_pb_use_builder":"on","_et_pb_old_content":"","_et_gb_content_width":"","footnotes":""},"class_list":["post-243432","page","type-page","status-publish","hentry"],"_links":{"self":[{"href":"https:\/\/www.autolift.info\/sr\/wp-json\/wp\/v2\/pages\/243432","targetHints":{"allow":["GET"]}}],"collection":[{"href":"https:\/\/www.autolift.info\/sr\/wp-json\/wp\/v2\/pages"}],"about":[{"href":"https:\/\/www.autolift.info\/sr\/wp-json\/wp\/v2\/types\/page"}],"author":[{"embeddable":true,"href":"https:\/\/www.autolift.info\/sr\/wp-json\/wp\/v2\/users\/1"}],"replies":[{"embeddable":true,"href":"https:\/\/www.autolift.info\/sr\/wp-json\/wp\/v2\/comments?post=243432"}],"version-history":[{"count":13,"href":"https:\/\/www.autolift.info\/sr\/wp-json\/wp\/v2\/pages\/243432\/revisions"}],"predecessor-version":[{"id":247100,"href":"https:\/\/www.autolift.info\/sr\/wp-json\/wp\/v2\/pages\/243432\/revisions\/247100"}],"up":[{"embeddable":true,"href":"https:\/\/www.autolift.info\/sr\/wp-json\/wp\/v2\/pages\/243380"}],"wp:attachment":[{"href":"https:\/\/www.autolift.info\/sr\/wp-json\/wp\/v2\/media?parent=243432"}],"curies":[{"name":"wp","href":"https:\/\/api.w.org\/{rel}","templated":true}]}}