{"id":243386,"date":"2021-07-09T11:28:14","date_gmt":"2021-07-09T09:28:14","guid":{"rendered":"https:\/\/www.autolift.info\/proizvodi\/pokretne-dizalice\/"},"modified":"2023-11-08T12:15:46","modified_gmt":"2023-11-08T11:15:46","slug":"pokretne-dizalice","status":"publish","type":"page","link":"https:\/\/www.autolift.info\/sr\/proizvodi\/pokretne-dizalice\/","title":{"rendered":"Pokretne dizalice"},"content":{"rendered":"<p>[et_pb_section fb_built=&#8220;1&#8243; _builder_version=&#8220;4.21.0&#8243; _module_preset=&#8220;default&#8220; background_color=&#8220;gcid-1e316c67-09f0-49b6-a876-cbbe87afea32&#8243; background_image=&#8220;https:\/\/www.autolift.info\/wp-content\/uploads\/2023\/06\/mobile-hebeboecke-autolift-s.jpg&#8220; height=&#8220;600px&#8220; custom_padding=&#8220;256px||256px||true|false&#8220; hover_enabled=&#8220;0&#8243; locked=&#8220;off&#8220; global_colors_info=&#8220;{%22gcid-1e316c67-09f0-49b6-a876-cbbe87afea32%22:%91%22background_color%22%93}&#8220; sticky_enabled=&#8220;0&#8243; title_text=&#8220;mobile-hebeboecke-autolift-s&#8220;][\/et_pb_section][et_pb_section fb_built=&#8220;1&#8243; _builder_version=&#8220;4.16&#8243; _module_preset=&#8220;default&#8220; background_color=&#8220;RGBA(0,0,0,0)&#8220; custom_padding=&#8220;0px||||false|false&#8220; locked=&#8220;off&#8220; global_colors_info=&#8220;{}&#8220;][et_pb_row use_custom_gutter=&#8220;on&#8220; gutter_width=&#8220;1&#8243; _builder_version=&#8220;4.16&#8243; _module_preset=&#8220;default&#8220; background_color=&#8220;#FFFFFF&#8220; module_alignment=&#8220;center&#8220; min_height=&#8220;114px&#8220; custom_margin=&#8220;-90px||||false|false&#8220; custom_padding=&#8220;0px||||false|true&#8220; animation_direction=&#8220;bottom&#8220; custom_css_main_element=&#8220;z-index:10;&#8220; global_colors_info=&#8220;{}&#8220;][et_pb_column type=&#8220;4_4&#8243; _builder_version=&#8220;4.16&#8243; _module_preset=&#8220;default&#8220; global_colors_info=&#8220;{}&#8220;][et_pb_text admin_label=&#8220;Mobile Hebeb\u00f6cke&#8220; module_class=&#8220;ime-pattern-rot&#8220; _builder_version=&#8220;4.16&#8243; _module_preset=&#8220;default&#8220; text_font=&#8220;||||||||&#8220; header_font=&#8220;||||||||&#8220; header_text_color=&#8220;gcid-01af1b29-4bf7-44fe-a473-50909a3a5b27&#8243; header_2_font=&#8220;|800||on|||||&#8220; header_2_text_color=&#8220;gcid-4ebc9de5-e061-4b45-94a8-080fa0de0610&#8243; header_2_font_size=&#8220;40px&#8220; header_3_font=&#8220;|700||on|||||&#8220; header_3_font_size=&#8220;40px&#8220; background_size=&#8220;initial&#8220; background_repeat=&#8220;repeat&#8220; background_blend=&#8220;difference&#8220; custom_padding=&#8220;25px||15px|30px|false|false&#8220; header_2_font_size_tablet=&#8220;30px&#8220; header_2_font_size_phone=&#8220;24px&#8220; header_2_font_size_last_edited=&#8220;on|desktop&#8220; global_colors_info=&#8220;{%22gcid-7df05597-327a-4e7a-9bc4-7a2456ed480c%22:%91%93,%22gcid-01af1b29-4bf7-44fe-a473-50909a3a5b27%22:%91%22header_text_color%22%93,%22gcid-4ebc9de5-e061-4b45-94a8-080fa0de0610%22:%91%22header_2_text_color%22%93,%22gcid-07156617-efbb-4c8c-80ba-1d2279245b1d%22:%91%93}&#8220;]<\/p>\n<h2>Pokretne dizalice<\/h2>\n<p>[\/et_pb_text][\/et_pb_column][\/et_pb_row][et_pb_row _builder_version=&#8220;4.16&#8243; _module_preset=&#8220;default&#8220; background_color=&#8220;#FFFFFF&#8220; custom_padding=&#8220;|30px||30px|false|true&#8220; locked=&#8220;off&#8220; global_colors_info=&#8220;{}&#8220;][et_pb_column type=&#8220;4_4&#8243; _builder_version=&#8220;4.16&#8243; _module_preset=&#8220;default&#8220; global_colors_info=&#8220;{}&#8220;][et_pb_text admin_label=&#8220;Mobile Hebeb\u00f6cke sind die einfachste Art&#8220; _builder_version=&#8220;4.16&#8243; _module_preset=&#8220;default&#8220; global_colors_info=&#8220;{}&#8220;]<\/p>\n<p>Pokretne dizalice su najjednostavniji na\u010din za sigurno podizanje \u0161inskih vozila. Na lokaciji uop\u0161te nisu potrebne gra\u0111evinske mere. Potrebna je samo \u010dvrsta, ravna osnova i odgovaraju\u0107e napajanje elektri\u010dnom energijom.  <\/p>\n<p>Autolift trenutno nudi dizalice sa silom podizanja od 6 do 75 t po dizalici. Sa 4 dizalice pojedina\u010dni vagoni mogu se podi\u0107i kao i najte\u017ee lokomotive. Ako se kompletni tramvaji, podzemni vozovi ili zglobni vozovi moraju podi\u0107i kao celina, bilo koji broj dizalica mo\u017ee se kombinovati u jedan sistem. Nema tehni\u010dkih ograni\u010denja. Autolift osigurava da se sve dizalice sinhronizovano podi\u017eu i spu\u0161taju koriste\u0107i sofisticirani koncept upravljanja i dugogodi\u0161nje iskustvo.    <\/p>\n<p>Trenutno Autolift nudi mobilne dizalice za slede\u0107e tipove \u0161inskih vozila:<\/p>\n<p>[\/et_pb_text][\/et_pb_column][\/et_pb_row][et_pb_row column_structure=&#8220;1_2,1_2&#8243; _builder_version=&#8220;4.16&#8243; _module_preset=&#8220;default&#8220; custom_padding=&#8220;|30px||30px|false|false&#8220; global_colors_info=&#8220;{}&#8220;][et_pb_column type=&#8220;1_2&#8243; _builder_version=&#8220;4.16&#8243; _module_preset=&#8220;default&#8220; global_colors_info=&#8220;{}&#8220;][et_pb_text admin_label=&#8220;Schienenfahrzeugtypen&#8220; _builder_version=&#8220;4.16&#8243; _module_preset=&#8220;default&#8220; min_height=&#8220;40px&#8220; custom_margin=&#8220;||0px||false|false&#8220; custom_padding=&#8220;||0px||false|false&#8220; global_colors_info=&#8220;{}&#8220;]<\/p>\n<h1>Vrste \u0161inskih vozila<\/h1>\n<p>[\/et_pb_text][et_pb_blurb url=&#8220;https:\/\/www.autolift.info\/sr\/proizvodi\/pokretne-dizalice\/dizalice-za-tramvaje\/&#8220; use_icon=&#8220;on&#8220; font_icon=&#8220;&#x24;||divi||400&#8243; icon_color=&#8220;gcid-1e316c67-09f0-49b6-a876-cbbe87afea32&#8243; image_icon_background_color=&#8220;#FFFFFF&#8220; icon_placement=&#8220;left&#8220; image_icon_width=&#8220;15px&#8220; content_max_width=&#8220;1100px&#8220; admin_label=&#8220;Hebeb\u00f6cke f\u00fcr Stra\u00dfenbahnen&#8220; module_class=&#8220;blurb-produkte&#8220; _builder_version=&#8220;4.16&#8243; _module_preset=&#8220;default&#8220; image_icon_custom_padding=&#8220;8px|8px|8px|8px|false|false&#8220; custom_margin=&#8220;0px||8px||false|false&#8220; custom_padding=&#8220;||||false|false&#8220; animation=&#8220;off&#8220; link_option_url=&#8220;https:\/\/www.autolift.info\/sr\/proizvodi\/pokretne-dizalice\/dizalice-za-tramvaje\/&#8220; border_radii_image=&#8220;on|100%|100%|100%|100%&#8220; border_width_all_image=&#8220;2px&#8220; border_color_all_image=&#8220;gcid-1e316c67-09f0-49b6-a876-cbbe87afea32&#8243; icon_font_size=&#8220;15px&#8220; use_circle=&#8220;on&#8220; use_circle_border=&#8220;on&#8220; circle_border_color=&#8220;gcid-1e316c67-09f0-49b6-a876-cbbe87afea32&#8243; circle_color=&#8220;#FFFFFF&#8220; global_colors_info=&#8220;{%22gcid-1e316c67-09f0-49b6-a876-cbbe87afea32%22:%91%22icon_color%22,%22circle_border_color%22,%22icon_color%22,%22circle_border_color%22%93}&#8220; image_icon_background_color__sticky_enabled=&#8220;#7EBEC5&#8243; image_icon_background_color__sticky=&#8220;#7EBEC5&#8243;]<\/p>\n<p>Dizalice za tramvaje<\/p>\n<p>[\/et_pb_blurb][et_pb_blurb url=&#8220;https:\/\/www.autolift.info\/sr\/proizvodi\/pokretne-dizalice\/dizalica-za-metro\/&#8220; use_icon=&#8220;on&#8220; font_icon=&#8220;&#x24;||divi||400&#8243; icon_color=&#8220;gcid-1e316c67-09f0-49b6-a876-cbbe87afea32&#8243; image_icon_background_color=&#8220;#FFFFFF&#8220; icon_placement=&#8220;left&#8220; image_icon_width=&#8220;15px&#8220; content_max_width=&#8220;1100px&#8220; admin_label=&#8220;Hebeb\u00f6cke f\u00fcr U- Bahnen&#8220; module_class=&#8220;blurb-produkte&#8220; _builder_version=&#8220;4.16&#8243; _module_preset=&#8220;default&#8220; image_icon_custom_padding=&#8220;8px|8px|8px|8px|false|false&#8220; custom_margin=&#8220;0px||8px||false|false&#8220; animation=&#8220;off&#8220; link_option_url=&#8220;https:\/\/www.autolift.info\/sr\/proizvodi\/pokretne-dizalice\/dizalica-za-metro\/&#8220; border_radii_image=&#8220;on|100%|100%|100%|100%&#8220; border_width_all_image=&#8220;2px&#8220; border_color_all_image=&#8220;gcid-1e316c67-09f0-49b6-a876-cbbe87afea32&#8243; icon_font_size=&#8220;15px&#8220; use_circle=&#8220;on&#8220; use_circle_border=&#8220;on&#8220; circle_border_color=&#8220;gcid-1e316c67-09f0-49b6-a876-cbbe87afea32&#8243; circle_color=&#8220;#FFFFFF&#8220; global_colors_info=&#8220;{%22gcid-1e316c67-09f0-49b6-a876-cbbe87afea32%22:%91%22icon_color%22,%22circle_border_color%22,%22icon_color%22,%22circle_border_color%22%93}&#8220; image_icon_background_color__sticky_enabled=&#8220;#7EBEC5&#8243; image_icon_background_color__sticky=&#8220;#7EBEC5&#8243;]<\/p>\n<p>Dizalice za podzemnu \u017eeleznicu \/ metro<\/p>\n<p>[\/et_pb_blurb][et_pb_blurb url=&#8220;https:\/\/www.autolift.info\/sr\/proizvodi\/pokretne-dizalice\/dizalice-za-vagone\/&#8220; use_icon=&#8220;on&#8220; font_icon=&#8220;&#x24;||divi||400&#8243; icon_color=&#8220;gcid-1e316c67-09f0-49b6-a876-cbbe87afea32&#8243; image_icon_background_color=&#8220;#FFFFFF&#8220; icon_placement=&#8220;left&#8220; image_icon_width=&#8220;15px&#8220; content_max_width=&#8220;1100px&#8220; admin_label=&#8220;Hebeb\u00f6cke f\u00fcr Waggone&#8220; module_class=&#8220;blurb-produkte&#8220; _builder_version=&#8220;4.16&#8243; _module_preset=&#8220;default&#8220; image_icon_custom_padding=&#8220;8px|8px|8px|8px|false|false&#8220; custom_margin=&#8220;0px||8px||false|false&#8220; animation=&#8220;off&#8220; link_option_url=&#8220;https:\/\/www.autolift.info\/sr\/proizvodi\/pokretne-dizalice\/dizalice-za-vagone\/&#8220; border_radii_image=&#8220;on|100%|100%|100%|100%&#8220; border_width_all_image=&#8220;2px&#8220; border_color_all_image=&#8220;gcid-1e316c67-09f0-49b6-a876-cbbe87afea32&#8243; icon_font_size=&#8220;15px&#8220; use_circle=&#8220;on&#8220; use_circle_border=&#8220;on&#8220; circle_border_color=&#8220;gcid-1e316c67-09f0-49b6-a876-cbbe87afea32&#8243; circle_color=&#8220;#FFFFFF&#8220; global_colors_info=&#8220;{%22gcid-1e316c67-09f0-49b6-a876-cbbe87afea32%22:%91%22icon_color%22,%22circle_border_color%22,%22icon_color%22,%22circle_border_color%22%93}&#8220; image_icon_background_color__sticky_enabled=&#8220;#7EBEC5&#8243; image_icon_background_color__sticky=&#8220;#7EBEC5&#8243;]<\/p>\n<p>Dizalice za vagone<\/p>\n<p>[\/et_pb_blurb][et_pb_blurb url=&#8220;https:\/\/www.autolift.info\/sr\/proizvodi\/pokretne-dizalice\/dizalice-za-podizanje-teskih-zglobnih-vozova\/&#8220; use_icon=&#8220;on&#8220; font_icon=&#8220;&#x24;||divi||400&#8243; icon_color=&#8220;gcid-1e316c67-09f0-49b6-a876-cbbe87afea32&#8243; image_icon_background_color=&#8220;#FFFFFF&#8220; icon_placement=&#8220;left&#8220; image_icon_width=&#8220;15px&#8220; content_max_width=&#8220;1100px&#8220; admin_label=&#8220;Hebeb\u00f6cke f\u00fcr schwere Gliederz\u00fcge&#8220; module_class=&#8220;blurb-produkte&#8220; _builder_version=&#8220;4.16&#8243; _module_preset=&#8220;default&#8220; image_icon_custom_padding=&#8220;8px|8px|8px|8px|false|false&#8220; custom_margin=&#8220;0px||8px||false|false&#8220; animation=&#8220;off&#8220; link_option_url=&#8220;https:\/\/www.autolift.info\/sr\/proizvodi\/pokretne-dizalice\/dizalice-za-podizanje-teskih-zglobnih-vozova\/&#8220; border_radii_image=&#8220;on|100%|100%|100%|100%&#8220; border_width_all_image=&#8220;2px&#8220; border_color_all_image=&#8220;gcid-1e316c67-09f0-49b6-a876-cbbe87afea32&#8243; icon_font_size=&#8220;15px&#8220; use_circle=&#8220;on&#8220; use_circle_border=&#8220;on&#8220; circle_border_color=&#8220;gcid-1e316c67-09f0-49b6-a876-cbbe87afea32&#8243; circle_color=&#8220;#FFFFFF&#8220; global_colors_info=&#8220;{%22gcid-1e316c67-09f0-49b6-a876-cbbe87afea32%22:%91%22icon_color%22,%22circle_border_color%22,%22icon_color%22,%22circle_border_color%22%93}&#8220; image_icon_background_color__sticky_enabled=&#8220;#7EBEC5&#8243; image_icon_background_color__sticky=&#8220;#7EBEC5&#8243;]<\/p>\n<p>Dizalice za podizanje te\u0161kih zglobnih vozova<\/p>\n<p>[\/et_pb_blurb][et_pb_blurb url=&#8220;https:\/\/www.autolift.info\/sr\/proizvodi\/pokretne-dizalice\/dizalice-za-lokomotive\/&#8220; use_icon=&#8220;on&#8220; font_icon=&#8220;&#x24;||divi||400&#8243; icon_color=&#8220;gcid-1e316c67-09f0-49b6-a876-cbbe87afea32&#8243; image_icon_background_color=&#8220;#FFFFFF&#8220; icon_placement=&#8220;left&#8220; image_icon_width=&#8220;15px&#8220; content_max_width=&#8220;1100px&#8220; admin_label=&#8220;Hebeb\u00f6cke f\u00fcr Lokomotive&#8220; module_class=&#8220;blurb-produkte&#8220; _builder_version=&#8220;4.16&#8243; _module_preset=&#8220;default&#8220; image_icon_custom_padding=&#8220;8px|8px|8px|8px|false|false&#8220; custom_margin=&#8220;0px||8px||false|false&#8220; animation=&#8220;off&#8220; link_option_url=&#8220;https:\/\/www.autolift.info\/sr\/proizvodi\/pokretne-dizalice\/dizalice-za-lokomotive\/&#8220; border_radii_image=&#8220;on|100%|100%|100%|100%&#8220; border_width_all_image=&#8220;2px&#8220; border_color_all_image=&#8220;gcid-1e316c67-09f0-49b6-a876-cbbe87afea32&#8243; icon_font_size=&#8220;15px&#8220; use_circle=&#8220;on&#8220; use_circle_border=&#8220;on&#8220; circle_border_color=&#8220;gcid-1e316c67-09f0-49b6-a876-cbbe87afea32&#8243; circle_color=&#8220;#FFFFFF&#8220; global_colors_info=&#8220;{%22gcid-1e316c67-09f0-49b6-a876-cbbe87afea32%22:%91%22icon_color%22,%22circle_border_color%22,%22icon_color%22,%22circle_border_color%22%93}&#8220; image_icon_background_color__sticky_enabled=&#8220;#7EBEC5&#8243; image_icon_background_color__sticky=&#8220;#7EBEC5&#8243;]<\/p>\n<p>Dizalice za lokomotive<\/p>\n<p>[\/et_pb_blurb][\/et_pb_column][et_pb_column type=&#8220;1_2&#8243; _builder_version=&#8220;4.16&#8243; _module_preset=&#8220;default&#8220; global_colors_info=&#8220;{}&#8220;][et_pb_text admin_label=&#8220;Sonderausf\u00fchrungen&#8220; _builder_version=&#8220;4.16&#8243; _module_preset=&#8220;default&#8220; min_height=&#8220;40px&#8220; custom_margin=&#8220;||0px||false|false&#8220; custom_padding=&#8220;||0px||false|false&#8220; global_colors_info=&#8220;{}&#8220;]<\/p>\n<h1>Posebni dizajni<\/h1>\n<p>[\/et_pb_text][et_pb_blurb url=&#8220;https:\/\/www.autolift.info\/sr\/proizvodi\/pokretne-dizalice\/posebni-dizajni\/&#8220; use_icon=&#8220;on&#8220; font_icon=&#8220;&#x24;||divi||400&#8243; icon_color=&#8220;gcid-1e316c67-09f0-49b6-a876-cbbe87afea32&#8243; image_icon_background_color=&#8220;#FFFFFF&#8220; icon_placement=&#8220;left&#8220; image_icon_width=&#8220;15px&#8220; content_max_width=&#8220;1100px&#8220; admin_label=&#8220;Kabellos Gesteuerte Hebebockanlagen&#8220; module_class=&#8220;blurb-produkte&#8220; _builder_version=&#8220;4.16&#8243; _module_preset=&#8220;default&#8220; image_icon_custom_padding=&#8220;8px|8px|8px|8px|false|false&#8220; custom_margin=&#8220;0px||8px||false|false&#8220; animation=&#8220;off&#8220; link_option_url=&#8220;https:\/\/www.autolift.info\/sr\/proizvodi\/pokretne-dizalice\/posebni-dizajni\/&#8220; border_radii_image=&#8220;on|100%|100%|100%|100%&#8220; border_width_all_image=&#8220;2px&#8220; border_color_all_image=&#8220;gcid-1e316c67-09f0-49b6-a876-cbbe87afea32&#8243; icon_font_size=&#8220;15px&#8220; use_circle=&#8220;on&#8220; use_circle_border=&#8220;on&#8220; circle_border_color=&#8220;gcid-1e316c67-09f0-49b6-a876-cbbe87afea32&#8243; circle_color=&#8220;#FFFFFF&#8220; global_colors_info=&#8220;{%22gcid-1e316c67-09f0-49b6-a876-cbbe87afea32%22:%91%22icon_color%22,%22circle_border_color%22%93}&#8220; image_icon_background_color__sticky_enabled=&#8220;#7EBEC5&#8243; image_icon_background_color__sticky=&#8220;#7EBEC5&#8243;]<\/p>\n<p>Be\u017ei\u010dno kontrolisane dizalice<\/p>\n<p>[\/et_pb_blurb][et_pb_blurb url=&#8220;https:\/\/www.autolift.info\/sr\/proizvodi\/pokretne-dizalice\/posebni-dizajni\/&#8220; use_icon=&#8220;on&#8220; font_icon=&#8220;&#x24;||divi||400&#8243; icon_color=&#8220;gcid-1e316c67-09f0-49b6-a876-cbbe87afea32&#8243; image_icon_background_color=&#8220;#FFFFFF&#8220; icon_placement=&#8220;left&#8220; image_icon_width=&#8220;15px&#8220; content_max_width=&#8220;1100px&#8220; admin_label=&#8220;Kabellose Master\/Slave Anlagen&#8220; module_class=&#8220;blurb-produkte&#8220; _builder_version=&#8220;4.16&#8243; _module_preset=&#8220;default&#8220; image_icon_custom_padding=&#8220;8px|8px|8px|8px|false|false&#8220; custom_margin=&#8220;0px||8px||false|false&#8220; animation=&#8220;off&#8220; link_option_url=&#8220;https:\/\/www.autolift.info\/sr\/proizvodi\/pokretne-dizalice\/posebni-dizajni\/&#8220; border_radii_image=&#8220;on|100%|100%|100%|100%&#8220; border_width_all_image=&#8220;2px&#8220; border_color_all_image=&#8220;gcid-1e316c67-09f0-49b6-a876-cbbe87afea32&#8243; icon_font_size=&#8220;15px&#8220; use_circle=&#8220;on&#8220; use_circle_border=&#8220;on&#8220; circle_border_color=&#8220;gcid-1e316c67-09f0-49b6-a876-cbbe87afea32&#8243; circle_color=&#8220;#FFFFFF&#8220; global_colors_info=&#8220;{%22gcid-1e316c67-09f0-49b6-a876-cbbe87afea32%22:%91%22icon_color%22,%22circle_border_color%22,%22icon_color%22,%22circle_border_color%22%93}&#8220; image_icon_background_color__sticky_enabled=&#8220;#7EBEC5&#8243; image_icon_background_color__sticky=&#8220;#7EBEC5&#8243;]<\/p>\n<p>Be\u017ei\u010dne master\/slave jedinice<\/p>\n<p>[\/et_pb_blurb][et_pb_blurb url=&#8220;https:\/\/www.autolift.info\/sr\/proizvodi\/pokretne-dizalice\/posebni-dizajni\/&#8220; use_icon=&#8220;on&#8220; font_icon=&#8220;&#x24;||divi||400&#8243; icon_color=&#8220;gcid-1e316c67-09f0-49b6-a876-cbbe87afea32&#8243; image_icon_background_color=&#8220;#FFFFFF&#8220; icon_placement=&#8220;left&#8220; image_icon_width=&#8220;15px&#8220; content_max_width=&#8220;1100px&#8220; admin_label=&#8220;Doppelspindel Hebeb\u00f6cke&#8220; module_class=&#8220;blurb-produkte&#8220; _builder_version=&#8220;4.16&#8243; _module_preset=&#8220;default&#8220; image_icon_custom_padding=&#8220;8px|8px|8px|8px|false|false&#8220; custom_margin=&#8220;0px||8px||false|false&#8220; animation=&#8220;off&#8220; link_option_url=&#8220;https:\/\/www.autolift.info\/sr\/proizvodi\/pokretne-dizalice\/posebni-dizajni\/&#8220; border_radii_image=&#8220;on|100%|100%|100%|100%&#8220; border_width_all_image=&#8220;2px&#8220; border_color_all_image=&#8220;gcid-1e316c67-09f0-49b6-a876-cbbe87afea32&#8243; icon_font_size=&#8220;15px&#8220; use_circle=&#8220;on&#8220; use_circle_border=&#8220;on&#8220; circle_border_color=&#8220;gcid-1e316c67-09f0-49b6-a876-cbbe87afea32&#8243; circle_color=&#8220;#FFFFFF&#8220; global_colors_info=&#8220;{%22gcid-1e316c67-09f0-49b6-a876-cbbe87afea32%22:%91%22icon_color%22,%22circle_border_color%22,%22icon_color%22,%22circle_border_color%22%93}&#8220; image_icon_background_color__sticky_enabled=&#8220;#7EBEC5&#8243; image_icon_background_color__sticky=&#8220;#7EBEC5&#8243;]<\/p>\n<p>Dizalice sa dvostrukim vretenom<\/p>\n<p>[\/et_pb_blurb][et_pb_blurb url=&#8220;https:\/\/www.autolift.info\/sr\/proizvodi\/pokretne-dizalice\/posebni-dizajni\/&#8220; use_icon=&#8220;on&#8220; font_icon=&#8220;&#x24;||divi||400&#8243; icon_color=&#8220;gcid-1e316c67-09f0-49b6-a876-cbbe87afea32&#8243; image_icon_background_color=&#8220;#FFFFFF&#8220; icon_placement=&#8220;left&#8220; image_icon_width=&#8220;15px&#8220; content_max_width=&#8220;1100px&#8220; admin_label=&#8220;Batteriebetriebene Hebeb\u00f6cke&#8220; module_class=&#8220;blurb-produkte&#8220; _builder_version=&#8220;4.16&#8243; _module_preset=&#8220;default&#8220; image_icon_custom_padding=&#8220;8px|8px|8px|8px|false|false&#8220; custom_margin=&#8220;0px||8px||false|false&#8220; animation=&#8220;off&#8220; link_option_url=&#8220;https:\/\/www.autolift.info\/sr\/proizvodi\/pokretne-dizalice\/posebni-dizajni\/&#8220; border_radii_image=&#8220;on|100%|100%|100%|100%&#8220; border_width_all_image=&#8220;2px&#8220; border_color_all_image=&#8220;gcid-1e316c67-09f0-49b6-a876-cbbe87afea32&#8243; icon_font_size=&#8220;15px&#8220; use_circle=&#8220;on&#8220; use_circle_border=&#8220;on&#8220; circle_border_color=&#8220;gcid-1e316c67-09f0-49b6-a876-cbbe87afea32&#8243; circle_color=&#8220;#FFFFFF&#8220; global_colors_info=&#8220;{%22gcid-1e316c67-09f0-49b6-a876-cbbe87afea32%22:%91%22icon_color%22,%22circle_border_color%22,%22icon_color%22,%22circle_border_color%22%93}&#8220; image_icon_background_color__sticky_enabled=&#8220;#7EBEC5&#8243; image_icon_background_color__sticky=&#8220;#7EBEC5&#8243;]<\/p>\n<p>Dizalice na baterije<\/p>\n<p>[\/et_pb_blurb][et_pb_blurb url=&#8220;https:\/\/www.autolift.info\/sr\/proizvodi\/pokretne-dizalice\/posebni-dizajni\/&#8220; use_icon=&#8220;on&#8220; font_icon=&#8220;&#x24;||divi||400&#8243; icon_color=&#8220;gcid-1e316c67-09f0-49b6-a876-cbbe87afea32&#8243; image_icon_background_color=&#8220;#FFFFFF&#8220; icon_placement=&#8220;left&#8220; image_icon_width=&#8220;15px&#8220; content_max_width=&#8220;1100px&#8220; admin_label=&#8220;Verstellung der Lastaufnahmeplatte Unter Last&#8220; module_class=&#8220;blurb-produkte&#8220; _builder_version=&#8220;4.16&#8243; _module_preset=&#8220;default&#8220; image_icon_custom_padding=&#8220;8px|8px|8px|8px|false|false&#8220; custom_margin=&#8220;0px||8px||false|false&#8220; animation=&#8220;off&#8220; link_option_url=&#8220;https:\/\/www.autolift.info\/sr\/proizvodi\/pokretne-dizalice\/posebni-dizajni\/&#8220; border_radii_image=&#8220;on|100%|100%|100%|100%&#8220; border_width_all_image=&#8220;2px&#8220; border_color_all_image=&#8220;gcid-1e316c67-09f0-49b6-a876-cbbe87afea32&#8243; icon_font_size=&#8220;15px&#8220; use_circle=&#8220;on&#8220; use_circle_border=&#8220;on&#8220; circle_border_color=&#8220;gcid-1e316c67-09f0-49b6-a876-cbbe87afea32&#8243; circle_color=&#8220;#FFFFFF&#8220; global_colors_info=&#8220;{%22gcid-1e316c67-09f0-49b6-a876-cbbe87afea32%22:%91%22icon_color%22,%22circle_border_color%22,%22icon_color%22,%22circle_border_color%22%93}&#8220; image_icon_background_color__sticky_enabled=&#8220;#7EBEC5&#8243; image_icon_background_color__sticky=&#8220;#7EBEC5&#8243;]<\/p>\n<p>Pode\u0161avanje ruke za podizanje pod teretom<\/p>\n<p>[\/et_pb_blurb][\/et_pb_column][\/et_pb_row][\/et_pb_section]<\/p>\n","protected":false},"excerpt":{"rendered":"<p>Pokretne dizalicePokretne dizalice su najjednostavniji na\u010din za sigurno podizanje \u0161inskih vozila. Na lokaciji uop\u0161te nisu potrebne gra\u0111evinske mere. Potrebna je samo \u010dvrsta, ravna osnova i odgovaraju\u0107e napajanje elektri\u010dnom energijom. Autolift trenutno nudi dizalice sa silom podizanja od 6 do 75 t po dizalici. Sa 4 dizalice pojedina\u010dni vagoni mogu se podi\u0107i kao i najte\u017ee lokomotive. [&hellip;]<\/p>\n","protected":false},"author":1,"featured_media":0,"parent":243380,"menu_order":10,"comment_status":"closed","ping_status":"closed","template":"","meta":{"_et_pb_use_builder":"on","_et_pb_old_content":"","_et_gb_content_width":"","footnotes":""},"class_list":["post-243386","page","type-page","status-publish","hentry"],"_links":{"self":[{"href":"https:\/\/www.autolift.info\/sr\/wp-json\/wp\/v2\/pages\/243386","targetHints":{"allow":["GET"]}}],"collection":[{"href":"https:\/\/www.autolift.info\/sr\/wp-json\/wp\/v2\/pages"}],"about":[{"href":"https:\/\/www.autolift.info\/sr\/wp-json\/wp\/v2\/types\/page"}],"author":[{"embeddable":true,"href":"https:\/\/www.autolift.info\/sr\/wp-json\/wp\/v2\/users\/1"}],"replies":[{"embeddable":true,"href":"https:\/\/www.autolift.info\/sr\/wp-json\/wp\/v2\/comments?post=243386"}],"version-history":[{"count":10,"href":"https:\/\/www.autolift.info\/sr\/wp-json\/wp\/v2\/pages\/243386\/revisions"}],"predecessor-version":[{"id":248505,"href":"https:\/\/www.autolift.info\/sr\/wp-json\/wp\/v2\/pages\/243386\/revisions\/248505"}],"up":[{"embeddable":true,"href":"https:\/\/www.autolift.info\/sr\/wp-json\/wp\/v2\/pages\/243380"}],"wp:attachment":[{"href":"https:\/\/www.autolift.info\/sr\/wp-json\/wp\/v2\/media?parent=243386"}],"curies":[{"name":"wp","href":"https:\/\/api.w.org\/{rel}","templated":true}]}}