{"id":243380,"date":"2021-07-09T11:24:02","date_gmt":"2021-07-09T09:24:02","guid":{"rendered":"https:\/\/www.autolift.info\/proizvodi\/"},"modified":"2021-07-12T11:00:31","modified_gmt":"2021-07-12T09:00:31","slug":"proizvodi","status":"publish","type":"page","link":"https:\/\/www.autolift.info\/sr\/proizvodi\/","title":{"rendered":"Proizvodi"},"content":{"rendered":"<p>[et_pb_section fb_built=&#8220;1&#8243; admin_label=&#8220;hero&#8220; _builder_version=&#8220;4.9.4&#8243; _module_preset=&#8220;default&#8220; background_color=&#8220;gcid-1e316c67-09f0-49b6-a876-cbbe87afea32&#8243; background_image=&#8220;https:\/\/www.autolift.info\/wp-content\/uploads\/2021\/03\/ime-autolift-stadler-bahn.jpg&#8220; height=&#8220;600px&#8220; custom_padding=&#8220;256px||256px||true|false&#8220; global_colors_info=&#8220;{%22gcid-1e316c67-09f0-49b6-a876-cbbe87afea32%22:%91%22background_color%22%93}&#8220;][\/et_pb_section][et_pb_section fb_built=&#8220;1&#8243; _builder_version=&#8220;4.9.1&#8243; _module_preset=&#8220;default&#8220; background_color=&#8220;RGBA(0,0,0,0)&#8220; custom_padding=&#8220;0px||||false|false&#8220;][et_pb_row use_custom_gutter=&#8220;on&#8220; gutter_width=&#8220;1&#8243; _builder_version=&#8220;4.9.7&#8243; _module_preset=&#8220;default&#8220; background_color=&#8220;#FFFFFF&#8220; module_alignment=&#8220;center&#8220; min_height=&#8220;114px&#8220; custom_margin=&#8220;-90px||||false|false&#8220; custom_padding=&#8220;0px||||false|true&#8220; animation_direction=&#8220;bottom&#8220; hover_enabled=&#8220;0&#8243; custom_css_main_element=&#8220;z-index:10;&#8220; sticky_enabled=&#8220;0&#8243;][et_pb_column type=&#8220;4_4&#8243; _builder_version=&#8220;4.9.1&#8243; _module_preset=&#8220;default&#8220;][et_pb_text admin_label=&#8220;Produkte&#8220; module_class=&#8220;ime-pattern-rot&#8220; _builder_version=&#8220;4.9.7&#8243; _module_preset=&#8220;default&#8220; text_font=&#8220;||||||||&#8220; header_font=&#8220;||||||||&#8220; header_text_color=&#8220;gcid-01af1b29-4bf7-44fe-a473-50909a3a5b27&#8243; header_2_font=&#8220;|800||on|||||&#8220; header_2_text_color=&#8220;gcid-4ebc9de5-e061-4b45-94a8-080fa0de0610&#8243; header_2_font_size=&#8220;40px&#8220; header_3_font=&#8220;|700||on|||||&#8220; header_3_font_size=&#8220;40px&#8220; background_size=&#8220;initial&#8220; background_repeat=&#8220;repeat&#8220; background_blend=&#8220;difference&#8220; custom_padding=&#8220;25px||15px|30px|false|false&#8220; hover_enabled=&#8220;0&#8243; header_2_font_size_tablet=&#8220;30px&#8220; header_2_font_size_phone=&#8220;24px&#8220; header_2_font_size_last_edited=&#8220;on|desktop&#8220; global_colors_info=&#8220;{%22gcid-7df05597-327a-4e7a-9bc4-7a2456ed480c%22:%91%93,%22gcid-01af1b29-4bf7-44fe-a473-50909a3a5b27%22:%91%22header_text_color%22%93,%22gcid-4ebc9de5-e061-4b45-94a8-080fa0de0610%22:%91%22header_2_text_color%22%93,%22gcid-07156617-efbb-4c8c-80ba-1d2279245b1d%22:%91%93}&#8220; sticky_enabled=&#8220;0&#8243;]<\/p>\n<h2>Proizvodi<\/h2>\n<p>[\/et_pb_text][\/et_pb_column][\/et_pb_row][et_pb_row _builder_version=&#8220;4.9.7&#8243; _module_preset=&#8220;default&#8220; custom_padding=&#8220;30px|30px|30px|30px|true|true&#8220; hover_enabled=&#8220;0&#8243; sticky_enabled=&#8220;0&#8243;][et_pb_column type=&#8220;4_4&#8243; _builder_version=&#8220;4.9.3&#8243; _module_preset=&#8220;default&#8220;][et_pb_text admin_label=&#8220;Bei Hebeanlagen f\u00fcr&#8220; _builder_version=&#8220;4.9.7&#8243; _module_preset=&#8220;default&#8220; hover_enabled=&#8220;0&#8243; sticky_enabled=&#8220;0&#8243;]<\/p>\n<p>Kada je re\u010d o sistemima za dizanje za \u017eelezni\u010dka vozila, Autolift je jedan od najve\u0107ih svetskih dobavlja\u010da sa verovatno najopse\u017enijim portfeljem proizvoda. Niko osim Autolift-a ne nudi kompletnu paletu proizvoda mobilnih dizalica; dizalice sa bo\u010dnim jamama, kao i podzemne sisteme u &#8222;stoje\u0107em&#8220; i &#8222;vise\u0107em&#8220; dizajnu. <\/p>\n<p>Druga va\u017ena podela je manipulacija podvozjem. Dakle, Autolift nudi samohodne platforme za spu\u0161tanje podvozja u verziji kada su montirane na \u0161ine kao i sa konvencionalnim to\u010dkovima, okretne stolove za podvozja, dizalice za podvozja, okretne dizalice za podvozja, pa \u010dak i \u0161antere. <\/p>\n<p>Paletu proizvoda zaokru\u017euje specijalni manipulator koji mo\u017ee biti opremljen raznim adapterima za transport, podizanje, montiranje i demonta\u017eu komponenata te\u0161kih \u0161inskih vozila. MasterLift. <\/p>\n<p>[\/et_pb_text][\/et_pb_column][\/et_pb_row][et_pb_row column_structure=&#8220;1_2,1_2&#8243; _builder_version=&#8220;4.9.3&#8243; _module_preset=&#8220;default&#8220; background_color=&#8220;#FFFFFF&#8220; custom_margin=&#8220;||||false|false&#8220; custom_padding=&#8220;30px|30px|60px|30px|false|true&#8220;][et_pb_column type=&#8220;1_2&#8243; _builder_version=&#8220;4.9.1&#8243; _module_preset=&#8220;default&#8220; custom_padding=&#8220;20px|20px|20px|20px|true|true&#8220;][et_pb_text admin_label=&#8220;Mobile Hebeb\u00f6cke&#8220; _builder_version=&#8220;4.9.3&#8243; _module_preset=&#8220;default&#8220; header_2_font=&#8220;|600|||||||&#8220; custom_margin=&#8220;20px||||false|false&#8220;]<\/p>\n<h2>Pokretne dizalice<\/h2>\n<p>[\/et_pb_text][et_pb_text admin_label=&#8220;Die einfachste Art, um Schienenfahrzeuge zu heben.&#8220; _builder_version=&#8220;4.9.4&#8243; _module_preset=&#8220;default&#8220;]<\/p>\n<p>Najlak\u0161i na\u010din za podizanje \u0161inskih vozila. Od tramvaja do te\u0161kih lokomotiva. <\/p>\n<p>[\/et_pb_text][et_pb_button button_url=&#8220;https:\/\/www.autolift.info\/produkte\/mobile-hebeboecke\/&#8220; button_text=&#8220;\u0421\u0430\u0437\u043d\u0430\u0458\u0442\u0435 \u0432\u0438\u0448\u0435&#8220; _builder_version=&#8220;4.9.4&#8243; _module_preset=&#8220;default&#8220; custom_button=&#8220;on&#8220; button_text_size=&#8220;14px&#8220; button_text_color=&#8220;#FFFFFF&#8220; button_bg_color=&#8220;gcid-1e316c67-09f0-49b6-a876-cbbe87afea32&#8243; global_colors_info=&#8220;{%22gcid-1e316c67-09f0-49b6-a876-cbbe87afea32%22:%91%22button_bg_color%22%93}&#8220;][\/et_pb_button][\/et_pb_column][et_pb_column type=&#8220;1_2&#8243; _builder_version=&#8220;4.9.1&#8243; _module_preset=&#8220;default&#8220;][et_pb_image src=&#8220;https:\/\/www.autolift.info\/wp-content\/uploads\/2021\/04\/044_mobile_hebeboecke_autolift.jpg&#8220; title_text=&#8220;Vorlage-Galerie&#8220; _builder_version=&#8220;4.9.4&#8243; _module_preset=&#8220;default&#8220;][\/et_pb_image][\/et_pb_column][\/et_pb_row][et_pb_row column_structure=&#8220;1_2,1_2&#8243; _builder_version=&#8220;4.9.1&#8243; _module_preset=&#8220;default&#8220; background_color=&#8220;#FFFFFF&#8220; custom_margin=&#8220;||||false|false&#8220; custom_padding=&#8220;30px|30px|60px|30px|false|true&#8220;][et_pb_column type=&#8220;1_2&#8243; _builder_version=&#8220;4.9.1&#8243; _module_preset=&#8220;default&#8220; custom_padding=&#8220;20px|20px|20px|20px|true|true&#8220;][et_pb_image src=&#8220;https:\/\/www.autolift.info\/wp-content\/uploads\/2021\/04\/062_teleskop_hebeboecke_autolift.jpg&#8220; title_text=&#8220;Vorlage-Galerie&#8220; _builder_version=&#8220;4.9.4&#8243; _module_preset=&#8220;default&#8220;][\/et_pb_image][\/et_pb_column][et_pb_column type=&#8220;1_2&#8243; _builder_version=&#8220;4.9.1&#8243; _module_preset=&#8220;default&#8220;][et_pb_text admin_label=&#8220;Seitengruben Hebeb\u00f6cke&#8220; _builder_version=&#8220;4.9.4&#8243; _module_preset=&#8220;default&#8220; header_2_font=&#8220;|600|||||||&#8220; custom_margin=&#8220;20px||||false|false&#8220;]<\/p>\n<h2>Dizalice sa bo\u010dnim jamama<\/h2>\n<p>[\/et_pb_text][et_pb_text admin_label=&#8220;Mit unseren teleskopierenden Seitengruben Hebeb\u00f6cken&#8220; _builder_version=&#8220;4.9.4&#8243; _module_preset=&#8220;default&#8220;]<\/p>\n<p>Sa na\u0161im teleskopskim dizalicama sa bo\u010dnim jamama izvla\u010dimo maksimum iz ograni\u010denog prostora.<\/p>\n<p>[\/et_pb_text][et_pb_button button_url=&#8220;https:\/\/www.autolift.info\/produkte\/seitengruben-hebeboecke\/&#8220; button_text=&#8220;\u0421\u0430\u0437\u043d\u0430\u0458\u0442\u0435 \u0432\u0438\u0448\u0435&#8220; _builder_version=&#8220;4.9.4&#8243; _module_preset=&#8220;default&#8220; custom_button=&#8220;on&#8220; button_text_size=&#8220;14px&#8220; button_text_color=&#8220;#FFFFFF&#8220; button_bg_color=&#8220;gcid-1e316c67-09f0-49b6-a876-cbbe87afea32&#8243; global_colors_info=&#8220;{%22gcid-1e316c67-09f0-49b6-a876-cbbe87afea32%22:%91%22button_bg_color%22%93}&#8220;][\/et_pb_button][\/et_pb_column][\/et_pb_row][et_pb_row column_structure=&#8220;1_2,1_2&#8243; _builder_version=&#8220;4.9.1&#8243; _module_preset=&#8220;default&#8220; background_color=&#8220;#FFFFFF&#8220; custom_margin=&#8220;||||false|false&#8220; custom_padding=&#8220;30px|30px|60px|30px|false|true&#8220;][et_pb_column type=&#8220;1_2&#8243; _builder_version=&#8220;4.9.1&#8243; _module_preset=&#8220;default&#8220; custom_padding=&#8220;20px|20px|20px|20px|true|true&#8220;][et_pb_text admin_label=&#8220;Unterflurhebeanlagen&#8220; _builder_version=&#8220;4.9.4&#8243; _module_preset=&#8220;default&#8220; header_2_font=&#8220;|600|||||||&#8220; custom_margin=&#8220;20px||||false|false&#8220;]<\/p>\n<h2>Podzemne jedinice za podizanje<\/h2>\n<p>[\/et_pb_text][et_pb_text admin_label=&#8220;Platzsparend in der Grube verstaut und auf Knopfdruck einsatzf\u00e4hig.&#8220; _builder_version=&#8220;4.9.4&#8243; _module_preset=&#8220;default&#8220;]<\/p>\n<p>U\u0161teda prostora stavljanjem u jamu i spremna za upotrebu pritiskom na dugme.<\/p>\n<p>[\/et_pb_text][et_pb_button button_url=&#8220;https:\/\/www.autolift.info\/produkte\/unterflurhebeanlagen\/&#8220; button_text=&#8220;\u0421\u0430\u0437\u043d\u0430\u0458\u0442\u0435 \u0432\u0438\u0448\u0435&#8220; _builder_version=&#8220;4.9.4&#8243; _module_preset=&#8220;default&#8220; custom_button=&#8220;on&#8220; button_text_size=&#8220;14px&#8220; button_text_color=&#8220;#FFFFFF&#8220; button_bg_color=&#8220;gcid-1e316c67-09f0-49b6-a876-cbbe87afea32&#8243; global_colors_info=&#8220;{%22gcid-1e316c67-09f0-49b6-a876-cbbe87afea32%22:%91%22button_bg_color%22%93}&#8220;][\/et_pb_button][\/et_pb_column][et_pb_column type=&#8220;1_2&#8243; _builder_version=&#8220;4.9.1&#8243; _module_preset=&#8220;default&#8220;][et_pb_image src=&#8220;https:\/\/www.autolift.info\/wp-content\/uploads\/2021\/04\/066_unterflur_autolift.jpg&#8220; title_text=&#8220;Vorlage-Galerie&#8220; _builder_version=&#8220;4.9.4&#8243; _module_preset=&#8220;default&#8220;][\/et_pb_image][\/et_pb_column][\/et_pb_row][et_pb_row column_structure=&#8220;1_2,1_2&#8243; _builder_version=&#8220;4.9.1&#8243; _module_preset=&#8220;default&#8220; background_color=&#8220;#FFFFFF&#8220; custom_margin=&#8220;||||false|false&#8220; custom_padding=&#8220;30px|30px|60px|30px|false|true&#8220;][et_pb_column type=&#8220;1_2&#8243; _builder_version=&#8220;4.9.1&#8243; _module_preset=&#8220;default&#8220; custom_padding=&#8220;20px|20px|20px|20px|true|true&#8220;][et_pb_image src=&#8220;https:\/\/www.autolift.info\/wp-content\/uploads\/2021\/04\/004_bogie_autolift.jpg&#8220; title_text=&#8220;Vorlage-Galerie&#8220; _builder_version=&#8220;4.9.4&#8243; _module_preset=&#8220;default&#8220;][\/et_pb_image][\/et_pb_column][et_pb_column type=&#8220;1_2&#8243; _builder_version=&#8220;4.9.1&#8243; _module_preset=&#8220;default&#8220;][et_pb_text admin_label=&#8220;Manipulation von &#8220; _builder_version=&#8220;4.9.4&#8243; _module_preset=&#8220;default&#8220; header_2_font=&#8220;|600|||||||&#8220; custom_margin=&#8220;20px||||false|false&#8220;]<\/p>\n<h2>Manipulacija podvozjem<\/h2>\n<p>[\/et_pb_text][et_pb_text admin_label=&#8220;Heben, Senken, Drehen, Ziehen und Lagern&#8220; _builder_version=&#8220;4.9.4&#8243; _module_preset=&#8220;default&#8220;]<\/p>\n<p>Podizanje, spu\u0161tanje, okretanje, vu\u010denje i skladi\u0161tenje. Ovde se sve bukvalno vrti oko podvozja. <\/p>\n<p>[\/et_pb_text][et_pb_button button_url=&#8220;https:\/\/www.autolift.info\/produkte\/heben-und-manipulieren-von-drehgestellen\/&#8220; button_text=&#8220;\u0421\u0430\u0437\u043d\u0430\u0458\u0442\u0435 \u0432\u0438\u0448\u0435&#8220; _builder_version=&#8220;4.9.4&#8243; _module_preset=&#8220;default&#8220; custom_button=&#8220;on&#8220; button_text_size=&#8220;14px&#8220; button_text_color=&#8220;#FFFFFF&#8220; button_bg_color=&#8220;gcid-1e316c67-09f0-49b6-a876-cbbe87afea32&#8243; global_colors_info=&#8220;{%22gcid-1e316c67-09f0-49b6-a876-cbbe87afea32%22:%91%22button_bg_color%22%93}&#8220;][\/et_pb_button][\/et_pb_column][\/et_pb_row][et_pb_row column_structure=&#8220;1_2,1_2&#8243; _builder_version=&#8220;4.9.1&#8243; _module_preset=&#8220;default&#8220; background_color=&#8220;#FFFFFF&#8220; custom_margin=&#8220;||||false|false&#8220; custom_padding=&#8220;30px|30px|60px|30px|false|true&#8220;][et_pb_column type=&#8220;1_2&#8243; _builder_version=&#8220;4.9.1&#8243; _module_preset=&#8220;default&#8220; custom_padding=&#8220;20px|20px|20px|20px|true|true&#8220;][et_pb_text admin_label=&#8220;MasterLift&#8220; _builder_version=&#8220;4.9.4&#8243; _module_preset=&#8220;default&#8220; header_2_font=&#8220;|600|||||||&#8220; custom_margin=&#8220;20px||||false|false&#8220;]<\/p>\n<h2>MasterLift<\/h2>\n<p>[\/et_pb_text][et_pb_text admin_label=&#8220;Der Allrounder, der in keinem Schienenfahrzeugdepot fehlen sollte.&#8220; _builder_version=&#8220;4.9.4&#8243; _module_preset=&#8220;default&#8220;]<\/p>\n<p>Vi\u0161enamenski, ne sme nedostajati ni u jednom skladi\u0161tu \u0161inskih vozila.<\/p>\n<p>[\/et_pb_text][et_pb_button button_url=&#8220;https:\/\/www.autolift.info\/produkte\/masterlift\/&#8220; button_text=&#8220;\u0421\u0430\u0437\u043d\u0430\u0458\u0442\u0435 \u0432\u0438\u0448\u0435&#8220; _builder_version=&#8220;4.9.4&#8243; _module_preset=&#8220;default&#8220; custom_button=&#8220;on&#8220; button_text_size=&#8220;14px&#8220; button_text_color=&#8220;#FFFFFF&#8220; button_bg_color=&#8220;gcid-1e316c67-09f0-49b6-a876-cbbe87afea32&#8243; global_colors_info=&#8220;{%22gcid-1e316c67-09f0-49b6-a876-cbbe87afea32%22:%91%22button_bg_color%22%93}&#8220;][\/et_pb_button][\/et_pb_column][et_pb_column type=&#8220;1_2&#8243; _builder_version=&#8220;4.9.1&#8243; _module_preset=&#8220;default&#8220;][et_pb_image src=&#8220;https:\/\/www.autolift.info\/wp-content\/uploads\/2021\/04\/043_masterlift_autolift.jpg&#8220; title_text=&#8220;Vorlage-Galerie&#8220; _builder_version=&#8220;4.9.4&#8243; _module_preset=&#8220;default&#8220;][\/et_pb_image][\/et_pb_column][\/et_pb_row][et_pb_row column_structure=&#8220;1_2,1_2&#8243; _builder_version=&#8220;4.9.1&#8243; _module_preset=&#8220;default&#8220; background_color=&#8220;#FFFFFF&#8220; custom_margin=&#8220;||||false|false&#8220; custom_padding=&#8220;30px|30px|60px|30px|false|true&#8220;][et_pb_column type=&#8220;1_2&#8243; _builder_version=&#8220;4.9.1&#8243; _module_preset=&#8220;default&#8220; custom_padding=&#8220;20px|20px|20px|20px|true|true&#8220;][et_pb_image src=&#8220;https:\/\/www.autolift.info\/wp-content\/uploads\/2021\/04\/060_sondergeraete_autolift.jpg&#8220; title_text=&#8220;Vorlage-Galerie&#8220; _builder_version=&#8220;4.9.4&#8243; _module_preset=&#8220;default&#8220;][\/et_pb_image][\/et_pb_column][et_pb_column type=&#8220;1_2&#8243; _builder_version=&#8220;4.9.1&#8243; _module_preset=&#8220;default&#8220;][et_pb_text admin_label=&#8220;Sonderger\u00e4te&#8220; _builder_version=&#8220;4.9.4&#8243; _module_preset=&#8220;default&#8220; header_2_font=&#8220;|600|||||||&#8220; custom_margin=&#8220;20px||||false|false&#8220;]<\/p>\n<h2>Posebna oprema<\/h2>\n<p>[\/et_pb_text][et_pb_text admin_label=&#8220;Hier erhalten Sie einen \u00dcberblick \u00fcber Sonderger\u00e4te, die Autolift im Laufe der Zeit entwickelt hat.&#8220; _builder_version=&#8220;4.9.4&#8243; _module_preset=&#8220;default&#8220;]<\/p>\n<p>Ovde \u0107ete na\u0107i pregled posebne opreme koju je Autolift vremenom razvio.<\/p>\n<p>[\/et_pb_text][et_pb_button button_url=&#8220;https:\/\/www.autolift.info\/produkte\/sondergeraete\/&#8220; button_text=&#8220;\u0421\u0430\u0437\u043d\u0430\u0458\u0442\u0435 \u0432\u0438\u0448\u0435&#8220; _builder_version=&#8220;4.9.4&#8243; _module_preset=&#8220;default&#8220; custom_button=&#8220;on&#8220; button_text_size=&#8220;14px&#8220; button_text_color=&#8220;#FFFFFF&#8220; button_bg_color=&#8220;gcid-1e316c67-09f0-49b6-a876-cbbe87afea32&#8243; global_colors_info=&#8220;{%22gcid-1e316c67-09f0-49b6-a876-cbbe87afea32%22:%91%22button_bg_color%22%93}&#8220;][\/et_pb_button][\/et_pb_column][\/et_pb_row][\/et_pb_section]<\/p>\n","protected":false},"excerpt":{"rendered":"<p>ProizvodiKada je re\u010d o sistemima za dizanje za \u017eelezni\u010dka vozila, Autolift je jedan od najve\u0107ih svetskih dobavlja\u010da sa verovatno najopse\u017enijim portfeljem proizvoda. Niko osim Autolift-a ne nudi kompletnu paletu proizvoda mobilnih dizalica; dizalice sa bo\u010dnim jamama, kao i podzemne sisteme u &#8222;stoje\u0107em&#8220; i &#8222;vise\u0107em&#8220; dizajnu. Druga va\u017ena podela je manipulacija podvozjem. Dakle, Autolift nudi samohodne [&hellip;]<\/p>\n","protected":false},"author":1,"featured_media":0,"parent":0,"menu_order":40,"comment_status":"closed","ping_status":"closed","template":"","meta":{"_et_pb_use_builder":"on","_et_pb_old_content":"","_et_gb_content_width":"","footnotes":""},"class_list":["post-243380","page","type-page","status-publish","hentry"],"_links":{"self":[{"href":"https:\/\/www.autolift.info\/sr\/wp-json\/wp\/v2\/pages\/243380","targetHints":{"allow":["GET"]}}],"collection":[{"href":"https:\/\/www.autolift.info\/sr\/wp-json\/wp\/v2\/pages"}],"about":[{"href":"https:\/\/www.autolift.info\/sr\/wp-json\/wp\/v2\/types\/page"}],"author":[{"embeddable":true,"href":"https:\/\/www.autolift.info\/sr\/wp-json\/wp\/v2\/users\/1"}],"replies":[{"embeddable":true,"href":"https:\/\/www.autolift.info\/sr\/wp-json\/wp\/v2\/comments?post=243380"}],"version-history":[{"count":7,"href":"https:\/\/www.autolift.info\/sr\/wp-json\/wp\/v2\/pages\/243380\/revisions"}],"predecessor-version":[{"id":243627,"href":"https:\/\/www.autolift.info\/sr\/wp-json\/wp\/v2\/pages\/243380\/revisions\/243627"}],"wp:attachment":[{"href":"https:\/\/www.autolift.info\/sr\/wp-json\/wp\/v2\/media?parent=243380"}],"curies":[{"name":"wp","href":"https:\/\/api.w.org\/{rel}","templated":true}]}}