{"id":243356,"date":"2021-07-09T11:03:24","date_gmt":"2021-07-09T09:03:24","guid":{"rendered":"https:\/\/www.autolift.info\/kompanija\/lokacije\/"},"modified":"2021-07-09T11:03:29","modified_gmt":"2021-07-09T09:03:29","slug":"lokacije","status":"publish","type":"page","link":"https:\/\/www.autolift.info\/sr\/kompanija\/lokacije\/","title":{"rendered":"Lokacije"},"content":{"rendered":"<p>[et_pb_section fb_built=&#8220;1&#8243; _builder_version=&#8220;4.9.1&#8243; _module_preset=&#8220;default&#8220; custom_padding=&#8220;0px||0px||true|false&#8220; locked=&#8220;off&#8220;][et_pb_row use_custom_gutter=&#8220;on&#8220; gutter_width=&#8220;1&#8243; make_equal=&#8220;on&#8220; _builder_version=&#8220;4.9.1&#8243; _module_preset=&#8220;default&#8220; width=&#8220;100%&#8220; max_width=&#8220;100%&#8220; custom_margin=&#8220;||||false|false&#8220; custom_padding=&#8220;0px||0px||true|false&#8220;][et_pb_column type=&#8220;4_4&#8243; _builder_version=&#8220;4.9.1&#8243; _module_preset=&#8220;default&#8220;][et_pb_slider show_pagination=&#8220;off&#8220; use_bg_overlay=&#8220;on&#8220; use_text_overlay=&#8220;off&#8220; module_class=&#8220;autolift-slider&#8220; _builder_version=&#8220;4.9.4&#8243; _module_preset=&#8220;default&#8220; header_font=&#8220;|700||on|||||&#8220; header_font_size=&#8220;60px&#8220; background_color=&#8220;#ECECEC&#8220; background_enable_image=&#8220;off&#8220; height=&#8220;600px&#8220; height_tablet=&#8220;450px&#8220; height_phone=&#8220;350px&#8220; height_last_edited=&#8220;on|phone&#8220; auto=&#8220;on&#8220; auto_speed=&#8220;5000&#8243; header_font_size_tablet=&#8220;36px&#8220; header_font_size_phone=&#8220;26px&#8220; header_font_size_last_edited=&#8220;on|desktop&#8220;][et_pb_slide alignment=&#8220;bottom&#8220; _builder_version=&#8220;4.9.4&#8243; _module_preset=&#8220;default&#8220; header_font=&#8220;|700||on|||||&#8220; header_text_align=&#8220;left&#8220; header_font_size=&#8220;60px&#8220; background_color=&#8220;#ECECEC&#8220; background_enable_color=&#8220;on&#8220; background_image=&#8220;https:\/\/www.autolift.info\/wp-content\/uploads\/2021\/05\/083_produktion_serbien_autolift-1.jpg&#8220; background_enable_image=&#8220;on&#8220; parallax=&#8220;on&#8220; parallax_method=&#8220;off&#8220; global_colors_info=&#8220;{%22gcid-1e316c67-09f0-49b6-a876-cbbe87afea32%22:%91%93}&#8220; custom_css_main_element__hover_enabled=&#8220;on|desktop&#8220; sticky_transition=&#8220;on&#8220;][\/et_pb_slide][et_pb_slide _builder_version=&#8220;4.9.4&#8243; _module_preset=&#8220;default&#8220; header_font=&#8220;|700||on|||||&#8220; header_text_align=&#8220;left&#8220; header_font_size=&#8220;60px&#8220; background_color=&#8220;#ECECEC&#8220; background_enable_color=&#8220;on&#8220; background_image=&#8220;https:\/\/www.autolift.info\/wp-content\/uploads\/2021\/05\/084_produktion_serbien_autolift-01-1.jpg&#8220; background_enable_image=&#8220;on&#8220; parallax=&#8220;on&#8220; parallax_method=&#8220;off&#8220; global_colors_info=&#8220;{%22gcid-1e316c67-09f0-49b6-a876-cbbe87afea32%22:%91%93}&#8220; sticky_transition=&#8220;on&#8220;][\/et_pb_slide][et_pb_slide _builder_version=&#8220;4.9.4&#8243; _module_preset=&#8220;default&#8220; background_color=&#8220;#ECECEC&#8220; background_enable_color=&#8220;on&#8220; background_image=&#8220;https:\/\/www.autolift.info\/wp-content\/uploads\/2021\/05\/079_produktion_serbien_autolift-1.jpg&#8220; background_enable_image=&#8220;on&#8220; parallax=&#8220;on&#8220; parallax_method=&#8220;off&#8220; sticky_transition=&#8220;on&#8220;][\/et_pb_slide][et_pb_slide _builder_version=&#8220;4.9.4&#8243; _module_preset=&#8220;default&#8220; background_color=&#8220;#ECECEC&#8220; background_enable_color=&#8220;on&#8220; background_image=&#8220;https:\/\/www.autolift.info\/wp-content\/uploads\/2021\/05\/080_produktion_serbien_autolift-1.jpg&#8220; background_enable_image=&#8220;on&#8220; parallax=&#8220;on&#8220; parallax_method=&#8220;off&#8220; sticky_transition=&#8220;on&#8220;][\/et_pb_slide][et_pb_slide _builder_version=&#8220;4.9.4&#8243; _module_preset=&#8220;default&#8220; background_color=&#8220;#ECECEC&#8220; background_enable_color=&#8220;on&#8220; background_image=&#8220;https:\/\/www.autolift.info\/wp-content\/uploads\/2021\/05\/081_produktion_serbien_autolift-1.jpg&#8220; background_enable_image=&#8220;on&#8220; parallax=&#8220;on&#8220; parallax_method=&#8220;off&#8220; sticky_transition=&#8220;on&#8220;][\/et_pb_slide][et_pb_slide _builder_version=&#8220;4.9.4&#8243; _module_preset=&#8220;default&#8220; background_color=&#8220;#ECECEC&#8220; background_enable_color=&#8220;on&#8220; background_image=&#8220;https:\/\/www.autolift.info\/wp-content\/uploads\/2021\/05\/082_produktion_serbien_autolift-1.jpg&#8220; background_enable_image=&#8220;on&#8220; parallax=&#8220;on&#8220; parallax_method=&#8220;off&#8220; sticky_transition=&#8220;on&#8220;][\/et_pb_slide][\/et_pb_slider][\/et_pb_column][\/et_pb_row][\/et_pb_section][et_pb_section fb_built=&#8220;1&#8243; _builder_version=&#8220;4.9.3&#8243; _module_preset=&#8220;default&#8220; background_color=&#8220;RGBA(0,0,0,0)&#8220; custom_padding=&#8220;0px||||false|false&#8220; locked=&#8220;off&#8220;][et_pb_row use_custom_gutter=&#8220;on&#8220; gutter_width=&#8220;1&#8243; _builder_version=&#8220;4.9.7&#8243; _module_preset=&#8220;default&#8220; background_color=&#8220;#FFFFFF&#8220; module_alignment=&#8220;center&#8220; custom_margin=&#8220;||0px||false|false&#8220; custom_padding=&#8220;0px||0px||false|true&#8220; animation_direction=&#8220;bottom&#8220; custom_css_main_element=&#8220;z-index:10;&#8220;][et_pb_column type=&#8220;4_4&#8243; _builder_version=&#8220;4.9.1&#8243; _module_preset=&#8220;default&#8220;][et_pb_text admin_label=&#8220;Unsere Standorte&#8220; module_class=&#8220;ime-pattern-rot&#8220; _builder_version=&#8220;4.9.7&#8243; _module_preset=&#8220;default&#8220; text_font=&#8220;||||||||&#8220; header_font=&#8220;||||||||&#8220; header_text_color=&#8220;gcid-01af1b29-4bf7-44fe-a473-50909a3a5b27&#8243; header_2_font=&#8220;|800||on|||||&#8220; header_2_text_color=&#8220;gcid-4ebc9de5-e061-4b45-94a8-080fa0de0610&#8243; header_2_font_size=&#8220;40px&#8220; header_3_font=&#8220;|700||on|||||&#8220; header_3_font_size=&#8220;40px&#8220; background_color=&#8220;#FFFFFF&#8220; background_size=&#8220;initial&#8220; background_repeat=&#8220;repeat&#8220; background_blend=&#8220;difference&#8220; custom_margin=&#8220;-90px||0px||false|false&#8220; custom_margin_tablet=&#8220;-80px||||false|false&#8220; custom_margin_phone=&#8220;-72px||||false|false&#8220; custom_margin_last_edited=&#8220;on|desktop&#8220; custom_padding=&#8220;25px||15px|30px|false|false&#8220; header_2_font_size_tablet=&#8220;30px&#8220; header_2_font_size_phone=&#8220;24px&#8220; header_2_font_size_last_edited=&#8220;on|desktop&#8220; global_colors_info=&#8220;{%22gcid-7df05597-327a-4e7a-9bc4-7a2456ed480c%22:%91%93,%22gcid-01af1b29-4bf7-44fe-a473-50909a3a5b27%22:%91%22header_text_color%22%93,%22gcid-4ebc9de5-e061-4b45-94a8-080fa0de0610%22:%91%22header_2_text_color%22%93,%22gcid-07156617-efbb-4c8c-80ba-1d2279245b1d%22:%91%93}&#8220;]<\/p>\n<h2>Na\u0161e Lokacije<\/h2>\n<p>[\/et_pb_text][\/et_pb_column][\/et_pb_row][et_pb_row _builder_version=&#8220;4.5.3&#8243; _module_preset=&#8220;default&#8220; custom_margin=&#8220;||0px||false|false&#8220; custom_padding=&#8220;||0px||false|false&#8220; locked=&#8220;off&#8220;][et_pb_column type=&#8220;4_4&#8243; _builder_version=&#8220;4.5.3&#8243; _module_preset=&#8220;default&#8220;][et_pb_accordion icon_color=&#8220;#ffffff&#8220; admin_label=&#8220;Accordion&#8220; module_class=&#8220;dct_faq_v9&#8243; _builder_version=&#8220;4.9.7&#8243; _module_preset=&#8220;default&#8220; toggle_text_color=&#8220;#333&#8243; toggle_font=&#8220;|700||on|||||&#8220; body_text_color=&#8220;#666464&#8243; custom_css_toggle_title=&#8220;border-top: 0;||background: #eee;||border-bottom: 1px solid transparent;||display: block;||padding: 14px 40px;||position: relative;&#8220; custom_css_toggle_icon=&#8220;content: %22%924c%22;||\tfont-family: ETmodules!important;||top: 10px;||\tright: 0;||\tfont-size: 22px;||\tline-height: 24px;||\tdisplay: block!important;||\t-webkit-box-sizing: border-box;||\t-moz-box-sizing: border-box;||\tbox-sizing: border-box;||\tfont-weight: 700;||\tbackground: #cc0000;||\tpadding: 10px&#8220; custom_css_toggle_content=&#8220;border-top: 0 none;||background: #eee;||padding: 15px 27px;&#8220; locked=&#8220;off&#8220;][et_pb_accordion_item title=&#8220;Elixhausen &#8211; Salzburg \/ Austrija&#8220; open=&#8220;on&#8220; _builder_version=&#8220;4.9.7&#8243; _module_preset=&#8220;default&#8220; custom_margin=&#8220;||6px||false|false&#8220; custom_padding=&#8220;0px|0px|0px|0px|false|false&#8220; border_width_left=&#8220;5px&#8220; border_color_left=&#8220;#cc0000&#8243;]<\/p>\n<p><img loading=\"lazy\" decoding=\"async\" class=\"wp-image-765 alignnone size-medium\" src=\"https:\/\/www.autolift.info\/wp-content\/uploads\/2021\/03\/ime-autolift-salzburg-standort-elixhausen-300x225.jpg\" alt=\"\" width=\"300\" height=\"225\"><\/p>\n<p>Ovde je sme\u0161teno sedi\u0161te na\u0161e grupe kompanija. Ovde su koncentrisani menad\u017ement, prodaja, upravljanje proizvodima, planiranje proizvodnje, ra\u010dunovodstvo i usluge.  <\/p>\n<p>[\/et_pb_accordion_item][et_pb_accordion_item title=&#8220;Kophaza &#8211; \u0160opron \/ Ma\u0111arska&#8220; _builder_version=&#8220;4.9.4&#8243; _module_preset=&#8220;default&#8220; custom_margin=&#8220;||6px||false|false&#8220; custom_padding=&#8220;0px|0px|0px|0px|false|false&#8220; border_width_left=&#8220;5px&#8220; border_color_left=&#8220;#cc0000&#8243; open=&#8220;off&#8220;]<\/p>\n<p><img loading=\"lazy\" decoding=\"async\" src=\"https:\/\/www.autolift.info\/wp-content\/uploads\/2021\/04\/kophaza_autolift-300x225.jpg\" width=\"300\" height=\"225\" alt=\"\" class=\"wp-image-218688 alignnone size-medium\"><\/p>\n<p style=\"text-align: left\">Proizvodimo u mestu Kophaza blizu \u0160oprona u Ma\u0111arskoj od 1993. godine. Pre pada zida, \u0160opron je bio najve\u0107a lokacija za proizvodnju opreme za radionice u Isto\u010dnoj Evropi i stoga je bio poznat kao lokacija sa vrlo dobro obu\u010denim zaposlenima i iskusnim dobavlja\u010dima. <\/p>\n<p>Zahvaljuju\u0107i lokaciji direktno na granici sa Austrijom, samo 65 km udaljenoj od me\u0111unarodnog aerodroma Be\u010d, proizvodna lokacija je idealna i tako\u0111e brzo dostupna na\u0161im me\u0111unarodnim kupcima.<br \/>Nova zgrada na\u0161eg trenutnog proizvodnog pogona zavr\u0161ena je 2005. godine i zbog sna\u017enog rasta 2019. godine je znatno pro\u0161irena. Trenutno u Kophazi zapo\u0161ljavamo oko 100 ljudi. <\/p>\n<p>[\/et_pb_accordion_item][et_pb_accordion_item title=&#8220;Lu\u017enice (MIND Park) \/ Srbija&#8220; _builder_version=&#8220;4.9.7&#8243; _module_preset=&#8220;default&#8220; custom_margin=&#8220;||6px||false|false&#8220; custom_padding=&#8220;0px|0px|0px|0px|false|false&#8220; border_width_left=&#8220;5px&#8220; border_color_left=&#8220;#cc0000&#8243; open=&#8220;off&#8220;]<\/p>\n<p><img loading=\"lazy\" decoding=\"async\" class=\"alignnone size-medium wp-image-243087\" src=\"https:\/\/www.autolift.info\/wp-content\/uploads\/2021\/06\/b_Prod-Serbien_01-300x225.jpg\" alt=\"\" width=\"300\" height=\"225\"> <img loading=\"lazy\" decoding=\"async\" class=\"alignnone size-medium wp-image-243092\" src=\"https:\/\/www.autolift.info\/wp-content\/uploads\/2021\/06\/b_Prod-Serbien_02-300x225.jpg\" alt=\"\" width=\"300\" height=\"225\"><\/p>\n<p>Nakon \u0161to je postajalo sve te\u017ee na\u0107i kvalifikovane radnike u srednjoj Evropi, a tako\u0111e i u zapadnoj Ma\u0111arskoj, a s druge strane, porudzbine sve su vi\u0161e rasle, osnivanje jo\u0161 jedne lokacije je bio o\u010digledan izbor.<\/p>\n<p>Izbor lokacije pao je na MIND Park u Lu\u017enicama \/ Srbija. U ovom \u017eelezni\u010dkom klasteru, dobavlja\u010di na tr\u017ei\u0161tu \u0161inskih vozila ve\u0107 jesu i bi\u0107e stacionirani oko Siemensove fabrike za tramvaje Avenio i proizvo\u0111a\u010da \u017eelezni\u010dkih komponenata AMM. Ovo su idealni uslovi za Autolift. Pored velikog broja dobro obu\u010denih tehni\u010dara i vrlo dobre infrastrukture, postoje i ugovori o slobodnoj trgovini sa EU i mnogim drugim zanimljivim tr\u017ei\u0161tima.   <\/p>\n<p>Proizvodimo u Srbiji od juna 2019. U februaru 2021. zavr\u0161ena je izgradnja novog proizvodnog pogona sa 4.000 m2 proizvodne povr\u0161ine i 400 m2 kancelarijskog prostora. To zna\u010di da sada ima dovoljno prostora za postepeno \u0161irenje na\u0161e trenutne radne snage od 60 zaposlenih (podatak iz marta 2021.) do 150 zaposlenih, u zavisnosti od zahteva tr\u017ei\u0161ta.  <\/p>\n<p>[\/et_pb_accordion_item][\/et_pb_accordion][\/et_pb_column][\/et_pb_row][\/et_pb_section]<\/p>\n","protected":false},"excerpt":{"rendered":"<p>Na\u0161e Lokacije Ovde je sme\u0161teno sedi\u0161te na\u0161e grupe kompanija. Ovde su koncentrisani menad\u017ement, prodaja, upravljanje proizvodima, planiranje proizvodnje, ra\u010dunovodstvo i usluge. Proizvodimo u mestu Kophaza blizu \u0160oprona u Ma\u0111arskoj od 1993. godine. Pre pada zida, \u0160opron je bio najve\u0107a lokacija za proizvodnju opreme za radionice u Isto\u010dnoj Evropi i stoga je bio poznat kao lokacija [&hellip;]<\/p>\n","protected":false},"author":1,"featured_media":0,"parent":243344,"menu_order":30,"comment_status":"closed","ping_status":"closed","template":"","meta":{"_et_pb_use_builder":"on","_et_pb_old_content":"","_et_gb_content_width":"","footnotes":""},"class_list":["post-243356","page","type-page","status-publish","hentry"],"_links":{"self":[{"href":"https:\/\/www.autolift.info\/sr\/wp-json\/wp\/v2\/pages\/243356","targetHints":{"allow":["GET"]}}],"collection":[{"href":"https:\/\/www.autolift.info\/sr\/wp-json\/wp\/v2\/pages"}],"about":[{"href":"https:\/\/www.autolift.info\/sr\/wp-json\/wp\/v2\/types\/page"}],"author":[{"embeddable":true,"href":"https:\/\/www.autolift.info\/sr\/wp-json\/wp\/v2\/users\/1"}],"replies":[{"embeddable":true,"href":"https:\/\/www.autolift.info\/sr\/wp-json\/wp\/v2\/comments?post=243356"}],"version-history":[{"count":7,"href":"https:\/\/www.autolift.info\/sr\/wp-json\/wp\/v2\/pages\/243356\/revisions"}],"predecessor-version":[{"id":243367,"href":"https:\/\/www.autolift.info\/sr\/wp-json\/wp\/v2\/pages\/243356\/revisions\/243367"}],"up":[{"embeddable":true,"href":"https:\/\/www.autolift.info\/sr\/wp-json\/wp\/v2\/pages\/243344"}],"wp:attachment":[{"href":"https:\/\/www.autolift.info\/sr\/wp-json\/wp\/v2\/media?parent=243356"}],"curies":[{"name":"wp","href":"https:\/\/api.w.org\/{rel}","templated":true}]}}