{"id":243344,"date":"2021-07-09T10:49:45","date_gmt":"2021-07-09T08:49:45","guid":{"rendered":"https:\/\/www.autolift.info\/kompanija\/"},"modified":"2021-07-12T12:03:56","modified_gmt":"2021-07-12T10:03:56","slug":"kompanija","status":"publish","type":"page","link":"https:\/\/www.autolift.info\/sr\/kompanija\/","title":{"rendered":"Kompanija"},"content":{"rendered":"<p>[et_pb_section fb_built=&#8220;1&#8243; admin_label=&#8220;hero&#8220; _builder_version=&#8220;4.9.4&#8243; _module_preset=&#8220;default&#8220; background_color=&#8220;#ECECEC&#8220; background_image=&#8220;https:\/\/www.autolift.info\/wp-content\/uploads\/2021\/04\/dylan-gillis-KdeqA3aTnBY-unsplash.jpg&#8220; background_position=&#8220;center_left&#8220; height=&#8220;600px&#8220; custom_padding=&#8220;0px||0px||true|false&#8220; locked=&#8220;off&#8220; global_colors_info=&#8220;{%22gcid-1e316c67-09f0-49b6-a876-cbbe87afea32%22:%91%93}&#8220;][\/et_pb_section][et_pb_section fb_built=&#8220;1&#8243; _builder_version=&#8220;4.9.3&#8243; _module_preset=&#8220;default&#8220; background_color=&#8220;RGBA(0,0,0,0)&#8220; custom_padding=&#8220;0px||||false|false&#8220; locked=&#8220;off&#8220;][et_pb_row use_custom_gutter=&#8220;on&#8220; gutter_width=&#8220;1&#8243; admin_label=&#8220;seitentitel&#8220; _builder_version=&#8220;4.9.4&#8243; _module_preset=&#8220;default&#8220; background_color=&#8220;#FFFFFF&#8220; module_alignment=&#8220;center&#8220; min_height=&#8220;114px&#8220; custom_margin=&#8220;-90px||||false|false&#8220; custom_padding=&#8220;0px||||false|true&#8220; animation_direction=&#8220;bottom&#8220; custom_css_main_element=&#8220;z-index:10;&#8220;][et_pb_column type=&#8220;4_4&#8243; _builder_version=&#8220;4.9.1&#8243; _module_preset=&#8220;default&#8220;][et_pb_text admin_label=&#8220;Unternehmen&#8220; module_class=&#8220;ime-pattern-rot&#8220; _builder_version=&#8220;4.9.4&#8243; _module_preset=&#8220;default&#8220; text_font=&#8220;||||||||&#8220; header_font=&#8220;||||||||&#8220; header_text_color=&#8220;gcid-01af1b29-4bf7-44fe-a473-50909a3a5b27&#8243; header_2_font=&#8220;|800||on|||||&#8220; header_2_text_color=&#8220;gcid-4ebc9de5-e061-4b45-94a8-080fa0de0610&#8243; header_2_font_size=&#8220;40px&#8220; header_3_font=&#8220;|700||on|||||&#8220; header_3_font_size=&#8220;40px&#8220; background_size=&#8220;initial&#8220; background_repeat=&#8220;repeat&#8220; background_blend=&#8220;difference&#8220; custom_padding=&#8220;25px||15px|30px|false|false&#8220; header_2_font_size_tablet=&#8220;30px&#8220; header_2_font_size_phone=&#8220;24px&#8220; header_2_font_size_last_edited=&#8220;on|desktop&#8220; global_colors_info=&#8220;{%22gcid-7df05597-327a-4e7a-9bc4-7a2456ed480c%22:%91%93,%22gcid-01af1b29-4bf7-44fe-a473-50909a3a5b27%22:%91%22header_text_color%22%93,%22gcid-4ebc9de5-e061-4b45-94a8-080fa0de0610%22:%91%22header_2_text_color%22%93,%22gcid-07156617-efbb-4c8c-80ba-1d2279245b1d%22:%91%93}&#8220;]<\/p>\n<h2>Kompanija<\/h2>\n<p>[\/et_pb_text][\/et_pb_column][\/et_pb_row][et_pb_row column_structure=&#8220;3_5,2_5&#8243; use_custom_gutter=&#8220;on&#8220; gutter_width=&#8220;1&#8243; make_equal=&#8220;on&#8220; _builder_version=&#8220;4.9.3&#8243; _module_preset=&#8220;default&#8220; background_color=&#8220;#BF111C&#8220; z_index=&#8220;0&#8243; custom_margin=&#8220;50px||50px||true|false&#8220; custom_padding=&#8220;0px|0px|0px|0px|false|true&#8220; locked=&#8220;off&#8220;][et_pb_column type=&#8220;3_5&#8243; _builder_version=&#8220;4.9.3&#8243; _module_preset=&#8220;default&#8220; custom_padding=&#8220;||||false|false&#8220;][et_pb_text admin_label=&#8220;35 jahre autolift&#8220; module_class=&#8220;ime-pattern-weiss&#8220; _builder_version=&#8220;4.9.4&#8243; _module_preset=&#8220;default&#8220; header_font=&#8220;||||||||&#8220; header_3_font=&#8220;|700||on|||||&#8220; header_3_text_color=&#8220;#FFFFFF&#8220; header_3_font_size=&#8220;40px&#8220; background_size=&#8220;initial&#8220; background_repeat=&#8220;repeat&#8220; background_blend=&#8220;difference&#8220; custom_margin=&#8220;30px||30px||true|false&#8220; custom_padding=&#8220;20px|30px|20px|30px|false|true&#8220; locked=&#8220;off&#8220;]<\/p>\n<h3>35 godina Autolift-a<\/h3>\n<p>[\/et_pb_text][et_pb_text admin_label=&#8220;Die Firma Autolift GmbH oder kurz Autolift&#8220; _builder_version=&#8220;4.9.4&#8243; _module_preset=&#8220;default&#8220; text_text_color=&#8220;#FFFFFF&#8220; custom_margin=&#8220;30px|auto|50px|auto|false|true&#8220; custom_padding=&#8220;0px|30px|0px|30px|true|true&#8220; hover_enabled=&#8220;0&#8243; link_text_color=&#8220;#000000&#8243; sticky_enabled=&#8220;0&#8243;]<\/p>\n<p>Kompanija Autolift GmbH ili skra\u0107eno Autolift bavi se tehnologijom podizanja vozila vi\u0161e od 35 godina. Iako je fokus prvih godina bio u potpunosti na <a title=\"ime-light\" href=\"https:\/\/www.ime-light.de\/\" target=\"_blank\" rel=\"noopener\">automobilskom sektoru<\/a>, u poslednjih 15 godina kompanija se razvila u globalnog proizvo\u0111a\u010da sistema za podizanje za \u017eeleznicu kao i za ure\u0111aje za <a title=\"drehhebeanlagen\" href=\"https:\/\/drehhebeanlagen.com\/\" target=\"_blank\" rel=\"noopener\">podizanje i okretanje.<\/a> <\/p>\n<p>[\/et_pb_text][et_pb_image src=&#8220;https:\/\/www.autolift.info\/wp-content\/uploads\/2021\/03\/ime-autolift-logo-railway-lifting-equipment.png&#8220; title_text=&#8220;ime-autolift-logo-railway-lifting-equipment&#8220; _builder_version=&#8220;4.9.4&#8243; _module_preset=&#8220;default&#8220; positioning=&#8220;absolute&#8220; position_origin_a=&#8220;top_right&#8220; vertical_offset=&#8220;20px&#8220; horizontal_offset=&#8220;20px&#8220; z_index=&#8220;100&#8243; width=&#8220;20%&#8220; custom_padding=&#8220;|||0px||&#8220; custom_css_main_element=&#8220;z-index: 100;&#8220;][\/et_pb_image][\/et_pb_column][et_pb_column type=&#8220;2_5&#8243; _builder_version=&#8220;4.9.3&#8243; _module_preset=&#8220;default&#8220; background_image=&#8220;https:\/\/www.autolift.info\/wp-content\/uploads\/2021\/03\/ime-autolift-salzburg-standort-elixhausen.jpg&#8220; custom_padding_tablet=&#8220;150px||150px||true|false&#8220; custom_padding_phone=&#8220;&#8220; custom_padding_last_edited=&#8220;on|desktop&#8220; custom_css_main_element_last_edited=&#8220;on|phone&#8220; custom_css_main_element_tablet=&#8220;height: 400px;&#8220;][\/et_pb_column][\/et_pb_row][et_pb_row column_structure=&#8220;3_5,2_5&#8243; use_custom_gutter=&#8220;on&#8220; gutter_width=&#8220;1&#8243; make_equal=&#8220;on&#8220; _builder_version=&#8220;4.9.3&#8243; _module_preset=&#8220;default&#8220; background_color=&#8220;#BF111C&#8220; z_index=&#8220;0&#8243; custom_margin=&#8220;50px||50px||true|false&#8220; custom_padding=&#8220;0px|0px|0px|0px|false|true&#8220;][et_pb_column type=&#8220;3_5&#8243; _builder_version=&#8220;4.9.3&#8243; _module_preset=&#8220;default&#8220;][et_pb_text admin_label=&#8220;3 in 1&#8243; _builder_version=&#8220;4.9.4&#8243; _module_preset=&#8220;default&#8220; header_font=&#8220;||||||||&#8220; header_3_font=&#8220;|700||on|||||&#8220; header_3_text_color=&#8220;#FFFFFF&#8220; header_3_font_size=&#8220;40px&#8220; use_background_color_gradient=&#8220;on&#8220; background_color_gradient_start=&#8220;rgba(0,0,0,0)&#8220; background_color_gradient_end=&#8220;rgba(0,0,0,0)&#8220; background_color_gradient_overlays_image=&#8220;on&#8220; background_size=&#8220;initial&#8220; background_repeat=&#8220;repeat&#8220; background_blend=&#8220;difference&#8220; custom_margin=&#8220;50px||30px||false|false&#8220; custom_padding=&#8220;20px|30px|20px|30px|false|true&#8220; custom_css_main_element=&#8220;background-image: linear-gradient(45deg, rgba(250,250,250,0.2) 5.56%, rgba(250,250,250,0) 5.56%, rgba(250,250,250,0) 50%, rgba(250,250,250,0.2) 50%, rgba(250,250,250,0.2) 55.56%, rgba(250,250,250,0) 55.56%, rgba(250,250,250,0) 100%);||background-size: 12.73px 12.73px;||background-repeat:repeat;&#8220; locked=&#8220;off&#8220;]<\/p>\n<h3>3 u 1<\/h3>\n<p>[\/et_pb_text][et_pb_text admin_label=&#8220;Alle 3 Bereiche erg\u00e4nzen einander hervorragend und passen perfekt zu unseren Kernkompetenzen&#8220; _builder_version=&#8220;4.9.4&#8243; _module_preset=&#8220;default&#8220; text_text_color=&#8220;#FFFFFF&#8220; custom_margin=&#8220;30px|auto|50px|auto|false|true&#8220; custom_padding=&#8220;0px|30px|0px|30px|true|true&#8220;]<\/p>\n<p>Sva 3 podru\u010dja se me\u0111usobno savr\u0161eno dopunjuju i savr\u0161eno se uklapaju sa na\u0161im osnovnim kompetencijama, kreiranjem dizajna specifi\u010dnog za kupca, pogonskom tehnologijom pomo\u0107u samoosiguravaju\u0107ih navojnih vretena kao i konstrukcijom od \u010delika i razvodne kutije. Zbog ujedna\u010denosti velikih delova, serijske proizvodnje u polju pogonske tehnologije i zbog velikog vertikalnog opsega proizvodnje, u mogu\u0107nosti smo da ponudimo specifi\u010dna za kupca, ali istovremeno i isplativa re\u0161enja. <\/p>\n<p>[\/et_pb_text][et_pb_image src=&#8220;https:\/\/www.autolift.info\/wp-content\/uploads\/2021\/03\/ime-autolift-logo-railway-lifting-equipment.png&#8220; title_text=&#8220;ime-autolift-logo-railway-lifting-equipment&#8220; _builder_version=&#8220;4.9.4&#8243; _module_preset=&#8220;default&#8220; positioning=&#8220;absolute&#8220; position_origin_a=&#8220;top_right&#8220; vertical_offset=&#8220;20px&#8220; horizontal_offset=&#8220;20px&#8220; z_index=&#8220;100&#8243; width=&#8220;20%&#8220; custom_padding=&#8220;|||0px||&#8220; custom_css_main_element=&#8220;z-index: 100;&#8220;][\/et_pb_image][\/et_pb_column][et_pb_column type=&#8220;2_5&#8243; _builder_version=&#8220;4.9.3&#8243; _module_preset=&#8220;default&#8220; background_image=&#8220;https:\/\/www.autolift.info\/wp-content\/uploads\/2021\/03\/ime-autolift-seitengruben-hebeboecke.jpg&#8220; custom_padding=&#8220;||||true|false&#8220; custom_css_main_element_last_edited=&#8220;on|phone&#8220; custom_css_main_element_tablet=&#8220;height:400px;&#8220;][\/et_pb_column][\/et_pb_row][et_pb_row column_structure=&#8220;3_5,2_5&#8243; use_custom_gutter=&#8220;on&#8220; gutter_width=&#8220;1&#8243; make_equal=&#8220;on&#8220; _builder_version=&#8220;4.9.3&#8243; _module_preset=&#8220;default&#8220; background_color=&#8220;#BF111C&#8220; z_index=&#8220;0&#8243; custom_margin=&#8220;50px||50px||false|false&#8220; custom_padding=&#8220;0px|0px|0px|0px|false|true&#8220; custom_css_main_element_last_edited=&#8220;on|tablet&#8220; custom_css_main_element_tablet=&#8220;height: 400px;&#8220;][et_pb_column type=&#8220;3_5&#8243; _builder_version=&#8220;4.9.3&#8243; _module_preset=&#8220;default&#8220;][et_pb_text admin_label=&#8220;umsetzungen&#8220; _builder_version=&#8220;4.9.4&#8243; _module_preset=&#8220;default&#8220; header_font=&#8220;||||||||&#8220; header_3_font=&#8220;|700||on|||||&#8220; header_3_text_color=&#8220;#FFFFFF&#8220; header_3_font_size=&#8220;40px&#8220; background_enable_image=&#8220;off&#8220; background_size=&#8220;initial&#8220; background_repeat=&#8220;repeat&#8220; background_blend=&#8220;difference&#8220; custom_margin=&#8220;50px||30px||false|false&#8220; custom_padding=&#8220;20px|30px|20px|30px|false|true&#8220; custom_css_main_element=&#8220;background-image: linear-gradient(45deg, rgba(250,250,250,0.2) 5.56%, rgba(250,250,250,0) 5.56%, rgba(250,250,250,0) 50%, rgba(250,250,250,0.2) 50%, rgba(250,250,250,0.2) 55.56%, rgba(250,250,250,0) 55.56%, rgba(250,250,250,0) 100%);||background-size: 12.73px 12.73px;||background-repeat:repeat;&#8220; locked=&#8220;off&#8220;]<\/p>\n<h3>Implementacije<\/h3>\n<p>[\/et_pb_text][et_pb_text admin_label=&#8220;Da wir Eigent\u00fcmer gef\u00fchrt sind, werden wesentliche Entscheidungen rasch getroffen&#8220; _builder_version=&#8220;4.9.4&#8243; _module_preset=&#8220;default&#8220; text_text_color=&#8220;#FFFFFF&#8220; custom_margin=&#8220;30px|auto|50px|auto|false|true&#8220; custom_padding=&#8220;0px|30px|0px|30px|true|true&#8220;]<\/p>\n<p>Budu\u0107i da mi upravljamo vlasni\u0161tvom, klju\u010dne odluke se donose brzo i, zahvaljuju\u0107i ravnim hijerarhijama, primenjuju se ciljano. Dovoljno smo veliki da mo\u017eemo ponuditi mo\u0107an razvojni tim, odeljenje za osiguranje kvaliteta i iskusan servisni tim, ali ipak dovoljno \u201evitki\u201c da ne bismo utonuli u birokratske nedostatke. Ba\u0161 je zabavno raditi u Autoliftu.  <\/p>\n<p>[\/et_pb_text][et_pb_image src=&#8220;https:\/\/www.autolift.info\/wp-content\/uploads\/2021\/03\/ime-autolift-logo-railway-lifting-equipment.png&#8220; title_text=&#8220;ime-autolift-logo-railway-lifting-equipment&#8220; _builder_version=&#8220;4.9.4&#8243; _module_preset=&#8220;default&#8220; positioning=&#8220;absolute&#8220; position_origin_a=&#8220;top_right&#8220; vertical_offset=&#8220;20px&#8220; horizontal_offset=&#8220;20px&#8220; z_index=&#8220;100&#8243; width=&#8220;20%&#8220; custom_padding=&#8220;|||0px||&#8220; custom_css_main_element=&#8220;z-index: 100;&#8220;][\/et_pb_image][\/et_pb_column][et_pb_column type=&#8220;2_5&#8243; _builder_version=&#8220;4.9.3&#8243; _module_preset=&#8220;default&#8220; background_image=&#8220;https:\/\/www.autolift.info\/wp-content\/uploads\/2021\/03\/workplace-1245776.jpg&#8220; custom_padding=&#8220;||||true|false&#8220;][\/et_pb_column][\/et_pb_row][\/et_pb_section]<\/p>\n","protected":false},"excerpt":{"rendered":"<p>Kompanija35 godina Autolift-aKompanija Autolift GmbH ili skra\u0107eno Autolift bavi se tehnologijom podizanja vozila vi\u0161e od 35 godina. Iako je fokus prvih godina bio u potpunosti na automobilskom sektoru, u poslednjih 15 godina kompanija se razvila u globalnog proizvo\u0111a\u010da sistema za podizanje za \u017eeleznicu kao i za ure\u0111aje za podizanje i okretanje. 3 u 1Sva 3 [&hellip;]<\/p>\n","protected":false},"author":1,"featured_media":0,"parent":0,"menu_order":30,"comment_status":"closed","ping_status":"closed","template":"","meta":{"_et_pb_use_builder":"on","_et_pb_old_content":"","_et_gb_content_width":"","footnotes":""},"class_list":["post-243344","page","type-page","status-publish","hentry"],"_links":{"self":[{"href":"https:\/\/www.autolift.info\/sr\/wp-json\/wp\/v2\/pages\/243344","targetHints":{"allow":["GET"]}}],"collection":[{"href":"https:\/\/www.autolift.info\/sr\/wp-json\/wp\/v2\/pages"}],"about":[{"href":"https:\/\/www.autolift.info\/sr\/wp-json\/wp\/v2\/types\/page"}],"author":[{"embeddable":true,"href":"https:\/\/www.autolift.info\/sr\/wp-json\/wp\/v2\/users\/1"}],"replies":[{"embeddable":true,"href":"https:\/\/www.autolift.info\/sr\/wp-json\/wp\/v2\/comments?post=243344"}],"version-history":[{"count":8,"href":"https:\/\/www.autolift.info\/sr\/wp-json\/wp\/v2\/pages\/243344\/revisions"}],"predecessor-version":[{"id":243706,"href":"https:\/\/www.autolift.info\/sr\/wp-json\/wp\/v2\/pages\/243344\/revisions\/243706"}],"wp:attachment":[{"href":"https:\/\/www.autolift.info\/sr\/wp-json\/wp\/v2\/media?parent=243344"}],"curies":[{"name":"wp","href":"https:\/\/api.w.org\/{rel}","templated":true}]}}