{"id":248970,"date":"2024-02-07T09:32:44","date_gmt":"2024-02-07T08:32:44","guid":{"rendered":""},"modified":"2024-04-25T11:51:39","modified_gmt":"2024-04-25T09:51:39","slug":"3-%d0%be%d1%81%d0%bd%d1%8b%d0%b5-%d0%bf%d0%be%d0%b2%d0%be%d1%80%d0%be%d1%82%d0%bd%d1%8b%d0%b5-%d0%b8-%d0%bf%d0%be%d0%b4%d1%8a%d0%b5%d0%bc%d0%bd%d1%8b%d0%b5-%d1%81%d0%b8%d1%81%d1%82%d0%b5%d0%bc%d1%8b","status":"publish","type":"page","link":"https:\/\/www.autolift.info\/ru\/%d0%bf%d1%80%d0%be%d0%b4%d1%83%d0%ba%d1%86%d0%b8%d1%8f\/%d0%bf%d1%80%d0%be%d0%bc%d1%8b%d1%88%d0%bb%d0%b5%d0%bd%d0%bd%d0%be%d1%81%d1%82%d1%8c-%d0%bf%d0%be%d0%b4%d1%8a%d1%91%d0%bc%d0%bd%d0%be-%d0%bf%d0%be%d0%b2%d0%be%d1%80%d0%be%d1%82%d0%bd%d1%8b\/3-%d0%be%d1%81%d0%bd%d1%8b%d0%b5-%d0%bf%d0%be%d0%b2%d0%be%d1%80%d0%be%d1%82%d0%bd%d1%8b%d0%b5-%d0%b8-%d0%bf%d0%be%d0%b4%d1%8a%d0%b5%d0%bc%d0%bd%d1%8b%d0%b5-%d1%81%d0%b8%d1%81%d1%82%d0%b5%d0%bc%d1%8b\/","title":{"rendered":"3-\u043e\u0441\u043d\u044b\u0435 \u043f\u043e\u0432\u043e\u0440\u043e\u0442\u043d\u044b\u0435 \u0438 \u043f\u043e\u0434\u044a\u0435\u043c\u043d\u044b\u0435 \u0441\u0438\u0441\u0442\u0435\u043c\u044b"},"content":{"rendered":"<p>[et_pb_section fb_built=&#187;1&#8243; admin_label=&#187;hero&#187; _builder_version=&#187;4.24.0&#8243; _module_preset=&#187;default&#187; background_color=&#187;#ECECEC&#187; background_image=&#187;https:\/\/www.autolift.info\/wp-content\/uploads\/2024\/01\/DHA-Slider.jpg&#187; height=&#187;600px&#187; custom_padding=&#187;0px||0px||true|false&#187; locked=&#187;off&#187; global_colors_info=&#187;{%22gcid-1e316c67-09f0-49b6-a876-cbbe87afea32%22:%91%93}&#187;][\/et_pb_section][et_pb_section fb_built=&#187;1&#8243; _builder_version=&#187;4.16&#8243; _module_preset=&#187;default&#187; background_color=&#187;RGBA(0,0,0,0)&#187; custom_padding=&#187;0px||||false|false&#187; locked=&#187;off&#187; global_colors_info=&#187;{}&#187;][et_pb_row use_custom_gutter=&#187;on&#187; gutter_width=&#187;1&#8243; _builder_version=&#187;4.16&#8243; _module_preset=&#187;default&#187; background_color=&#187;#FFFFFF&#187; module_alignment=&#187;center&#187; min_height=&#187;114px&#187; custom_margin=&#187;-90px||||false|false&#187; custom_padding=&#187;0px||||false|true&#187; animation_direction=&#187;bottom&#187; custom_css_main_element=&#187;z-index:10;&#187; global_colors_info=&#187;{}&#187;][et_pb_column type=&#187;4_4&#8243; _builder_version=&#187;4.16&#8243; _module_preset=&#187;default&#187; global_colors_info=&#187;{}&#187;][et_pb_text admin_label=&#187;Hebeb\u00f6cke f\u00fcr Strassenbahnen&#187; module_class=&#187;ime-pattern-rot&#187; _builder_version=&#187;4.24.0&#8243; _module_preset=&#187;default&#187; text_font=&#187;||||||||&#187; header_font=&#187;||||||||&#187; header_text_color=&#187;gcid-01af1b29-4bf7-44fe-a473-50909a3a5b27&#8243; header_2_font=&#187;|800||on|||||&#187; header_2_text_color=&#187;gcid-4ebc9de5-e061-4b45-94a8-080fa0de0610&#8243; header_2_font_size=&#187;40px&#187; header_3_font=&#187;|700||on|||||&#187; header_3_font_size=&#187;40px&#187; background_size=&#187;initial&#187; background_repeat=&#187;repeat&#187; background_blend=&#187;difference&#187; custom_padding=&#187;25px||15px|30px|false|false&#187; header_2_font_size_tablet=&#187;30px&#187; header_2_font_size_phone=&#187;24px&#187; header_2_font_size_last_edited=&#187;on|desktop&#187; global_colors_info=&#187;{%22gcid-7df05597-327a-4e7a-9bc4-7a2456ed480c%22:%91%93,%22gcid-01af1b29-4bf7-44fe-a473-50909a3a5b27%22:%91%22header_text_color%22%93,%22gcid-4ebc9de5-e061-4b45-94a8-080fa0de0610%22:%91%22header_2_text_color%22%93,%22gcid-07156617-efbb-4c8c-80ba-1d2279245b1d%22:%91%93}&#187;]<\/p>\n<h2>3-\u043e\u0441\u043d\u044b\u0435 \u043f\u043e\u0432\u043e\u0440\u043e\u0442\u043d\u044b\u0435 \u0438 \u043f\u043e\u0434\u044a\u0435\u043c\u043d\u044b\u0435 \u0441\u0438\u0441\u0442\u0435\u043c\u044b<\/h2>\n<p>[\/et_pb_text][\/et_pb_column][\/et_pb_row][et_pb_row _builder_version=&#187;4.16&#8243; _module_preset=&#187;default&#187; background_color=&#187;#FFFFFF&#187; global_colors_info=&#187;{}&#187;][et_pb_column type=&#187;4_4&#8243; _builder_version=&#187;4.16&#8243; _module_preset=&#187;default&#187; global_colors_info=&#187;{}&#187;][et_pb_text admin_label=&#187;F\u00fcr das Heben von Stra\u00dfenbahnen eignen sich am besten die kompakt bauenden Hebeb\u00f6cke der ESH Reihe.&#187; _builder_version=&#187;4.16&#8243; _module_preset=&#187;default&#187; global_colors_info=&#187;{}&#187;]<\/p>\n<p>\u0412 \u043d\u0430\u0441\u0442\u043e\u044f\u0449\u0435\u0435 \u0432\u0440\u0435\u043c\u044f \u043c\u044b \u043f\u0440\u0435\u0434\u043b\u0430\u0433\u0430\u0435\u043c \u0434\u0432\u0435 \u043a\u0438\u043d\u0435\u043c\u0430\u0442\u0438\u0447\u0435\u0441\u043a\u0438\u0435 \u043a\u043e\u043d\u0446\u0435\u043f\u0446\u0438\u0438 \u0434\u043b\u044f 3-\u043e\u0441\u043d\u044b\u0445 \u043f\u043e\u0432\u043e\u0440\u043e\u0442\u043d\u044b\u0445 \u0438 \u043f\u043e\u0434\u044a\u0435\u043c\u043d\u044b\u0445 \u0441\u0438\u0441\u0442\u0435\u043c. \u0421 \u043e\u0434\u043d\u043e\u0439 \u0441\u0442\u043e\u0440\u043e\u043d\u044b, \u0441\u0438\u0441\u0442\u0435\u043c\u0430 \u0441 1 \u043a\u043e\u043b\u043e\u043d\u043d\u043e\u0439, \u0432 \u043a\u043e\u0442\u043e\u0440\u043e\u0439 \u0432\u0442\u043e\u0440\u0430\u044f \u043f\u043e\u0432\u043e\u0440\u043e\u0442\u043d\u0430\u044f \u043f\u043b\u0430\u0442\u0444\u043e\u0440\u043c\u0430 \u043f\u0440\u0438\u043a\u0440\u0435\u043f\u043b\u0435\u043d\u0430 \u043a \u043a\u043e\u043d\u0446\u0443 \u0432\u0440\u0430\u0449\u0430\u044e\u0449\u0435\u0439\u0441\u044f \u0433\u043e\u0440\u0438\u0437\u043e\u043d\u0442\u0430\u043b\u044c\u043d\u043e\u0439 \u0441\u0442\u0440\u0435\u043b\u044b, \u0438, \u0441 \u0434\u0440\u0443\u0433\u043e\u0439 \u0441\u0442\u043e\u0440\u043e\u043d\u044b, \u0441\u0438\u0441\u0442\u0435\u043c\u0430 \u0441 2 \u043a\u043e\u043b\u043e\u043d\u043d\u0430\u043c\u0438, \u0432 \u043a\u043e\u0442\u043e\u0440\u043e\u0439 \u0435\u0449\u0435 \u043e\u0434\u043d\u0430 \u043f\u043e\u0432\u043e\u0440\u043e\u0442\u043d\u0430\u044f \u043f\u043b\u0430\u0442\u0444\u043e\u0440\u043c\u0430 \u0440\u0430\u0441\u043f\u043e\u043b\u043e\u0436\u0435\u043d\u0430 \u0432 \u0446\u0435\u043d\u0442\u0440\u0435 \u0432\u0440\u0430\u0449\u0430\u044e\u0449\u0435\u0439\u0441\u044f \u0441\u0442\u0440\u0435\u043b\u044b, \u0441\u043e\u0435\u0434\u0438\u043d\u0438\u0442\u0435\u043b\u044c\u043d\u043d\u043e\u0439 \u0431\u0430\u043b\u043a\u0438.<\/p>\n<p>\u0427\u0442\u043e \u043a\u0430\u0441\u0430\u0435\u0442\u0441\u044f \u0432\u0441\u0435\u0445 \u043d\u0430\u0448\u0438\u0445 \u0443\u0441\u0442\u0440\u043e\u0439\u0441\u0442\u0432, \u043c\u044b \u0442\u0430\u043a\u0436\u0435 \u043f\u0440\u0435\u0434\u043b\u0430\u0433\u0430\u0435\u043c \u043f\u0440\u0435\u043e\u0431\u0440\u0430\u0437\u043e\u0432\u0430\u0442\u0435\u043b\u0438 \u0447\u0430\u0441\u0442\u043e\u0442\u044b \u0434\u043b\u044f \u0443\u043f\u0440\u0430\u0432\u043b\u0435\u043d\u0438\u044f \u043f\u043e\u0432\u043e\u0440\u043e\u0442\u043d\u044b\u043c\u0438 \u043f\u0440\u0438\u0432\u043e\u0434\u0430\u043c\u0438 3-\u043e\u0441\u043d\u044b\u0445 \u043f\u043e\u0432\u043e\u0440\u043e\u0442\u043d\u044b\u0445 \u0438 \u043f\u043e\u0434\u044a\u0435\u043c\u043d\u044b\u0445 \u0443\u0441\u0442\u0440\u043e\u0439\u0441\u0442\u0432. \u042d\u0442\u043e \u043f\u043e\u0437\u0432\u043e\u043b\u044f\u0435\u0442 \u043f\u043b\u0430\u0432\u043d\u043e \u0432\u044b\u0431\u0438\u0440\u0430\u0442\u044c \u0441\u043a\u043e\u0440\u043e\u0441\u0442\u044c \u0432\u0440\u0430\u0449\u0435\u043d\u0438\u044f.<\/p>\n<p>[\/et_pb_text][\/et_pb_column][\/et_pb_row][et_pb_row _builder_version=&#187;4.16&#8243; _module_preset=&#187;default&#187; background_color=&#187;#FFFFFF&#187; global_colors_info=&#187;{}&#187;][et_pb_column type=&#187;4_4&#8243; _builder_version=&#187;4.16&#8243; _module_preset=&#187;default&#187; global_colors_info=&#187;{}&#187;][et_pb_text disabled_on=&#187;off|off|off&#187; admin_label=&#187;Schienenfahrzeugtypen&#187; _builder_version=&#187;4.16&#8243; _module_preset=&#187;default&#187; min_height=&#187;40px&#187; custom_margin=&#187;||0px||false|false&#187; custom_padding=&#187;||0px||false|false&#187; global_colors_info=&#187;{}&#187;]<\/p>\n<h1>\u0421\u043a\u0430\u0447\u0430\u0442\u044c \u0442\u0435\u0445\u043d\u0438\u0447\u0435\u0441\u043a\u0438\u0435 \u043f\u0430\u0441\u043f\u043e\u0440\u0442\u0430<\/h1>\n<p>[\/et_pb_text][et_pb_blurb url=&#187;https:\/\/www.autolift.info\/wp-content\/uploads\/2024\/04\/Technische-Werte-3-achsige-Drehanlage-r-Standard-Version.pdf&#187; url_new_window=&#187;on&#187; use_icon=&#187;on&#187; font_icon=&#187;&#x24;||divi||400&#8243; icon_color=&#187;gcid-1e316c67-09f0-49b6-a876-cbbe87afea32&#8243; image_icon_background_color=&#187;#FFFFFF&#187; icon_placement=&#187;left&#187; image_icon_width=&#187;15px&#187; content_max_width=&#187;100%&#187; admin_label=&#187;Hebeb\u00f6cke f\u00fcr Stra\u00dfenbahnen&#187; module_class=&#187;blurb-produkte&#187; _builder_version=&#187;4.25.0&#8243; _module_preset=&#187;default&#187; image_icon_custom_padding=&#187;8px|8px|8px|8px|false|false&#187; custom_margin=&#187;0px||8px||false|false&#187; custom_padding=&#187;||||false|false&#187; animation=&#187;off&#187; link_option_url=&#187;https:\/\/www.autolift.info\/wp-content\/uploads\/2024\/04\/Technische-Werte-3-achsige-Drehanlage-r-Standard-Version.pdf&#187; link_option_url_new_window=&#187;on&#187; hover_enabled=&#187;0&#8243; border_radii_image=&#187;on|100%|100%|100%|100%&#187; border_width_all_image=&#187;2px&#187; border_color_all_image=&#187;gcid-1e316c67-09f0-49b6-a876-cbbe87afea32&#8243; icon_font_size=&#187;15px&#187; use_circle=&#187;on&#187; use_circle_border=&#187;on&#187; circle_border_color=&#187;gcid-1e316c67-09f0-49b6-a876-cbbe87afea32&#8243; circle_color=&#187;#FFFFFF&#187; global_colors_info=&#187;{%22gcid-1e316c67-09f0-49b6-a876-cbbe87afea32%22:%91%22icon_color%22,%22circle_border_color%22,%22icon_color%22,%22circle_border_color%22%93}&#187; image_icon_background_color__sticky_enabled=&#187;#7EBEC5&#8243; image_icon_background_color__sticky=&#187;#7EBEC5&#8243; sticky_enabled=&#187;0&#8243;]<\/p>\n<p>\u041e\u0431\u0437\u043e\u0440 \u0442\u0435\u0445\u043d\u0438\u0447\u0435\u0441\u043a\u0438\u0445 \u0443\u0441\u0442\u0440\u043e\u0439\u0441\u0442\u0432<\/p>\n<p>[\/et_pb_blurb][\/et_pb_column][\/et_pb_row][et_pb_row _builder_version=&#187;4.16&#8243; _module_preset=&#187;default&#187; background_color=&#187;#FFFFFF&#187; global_colors_info=&#187;{}&#187;][et_pb_column type=&#187;4_4&#8243; _builder_version=&#187;4.16&#8243; _module_preset=&#187;default&#187; global_colors_info=&#187;{}&#187;][et_pb_text admin_label=&#187;Galerie&#187; _builder_version=&#187;4.24.0&#8243; _module_preset=&#187;default&#187; global_colors_info=&#187;{}&#187;]<\/p>\n<script>\t\tjQuery(function() {\/*setTimeout(function(){*\/\t\t\tjQuery(\"#lbg_famous_gallery_24\").gallery1({\t\t\t\twidth:1300,\t\t\t\theight:1600,\t\t\t\twidth100Proc:false,\t\t\t\theight100Proc:false,\t\t\t\trows:3,\t\t\t\tcolumns:3,\t\t\t\tcenterGallery:true,\t\t\t\tgutter:8,\t\t\t\tgalleryBg:\"#FFFFFF\",\t\t\t\titemBorderWidth:0,\t\t\t\titemBorderColorOFF:\"transparent\",\t\t\t\titemBorderColorON:\"#FF0000\",\t\t\t\tshowImageDescription:true,\t\t\t\timageDescriptionBgColor:\"#000000\",\t\t\t\timageDescriptionBgOpacity:30,\t\t\t\timageDescriptionTextColor:\"#FFFFFF\",\t\t\t\tshowIconOverImage:true,\t\t\t\tzoomDuration:1,\t\t\t\tzoomEffect:\"linear\",\t\t\t\ttarget:\"_blank\",\t\t\t\tbgHorizontalPosition:\"center\",\t\t\t\tbgVerticalPosition:\"center\",\t\t\t\tfacebookAppID:\"\"\t\t\t});\/*\t\t}, 1000);*\/\/*}, 850);*\/\t\t});\t<\/script>    <div id=\"lbg_famous_gallery_24\">\t\t\t\t<ul class=\"gallery1_list\">\t\t\t\t\t\t\t\t\t\t\t\t<li data-horizontal=\"center\" data-vertical=\"center\" data-link=\"\" data-lightbox=\"\" data-title=\"\" data-description=\"\">\t\t\t\t\t\t\t\t\t\t<img loading=\"lazy\" decoding=\"async\" src=\"https:\/\/www.autolift.info\/wp-content\/uploads\/2024\/06\/3-achsige-drehhebeanlagen-autolift-10-1.png\" alt=\" - \" width=\"3344\" height=\"1545\" style=\"width:3344px; height:1545px;\" title=\" - \" \/>\t\t\t\t\t\t\t\t<\/li>\t\t\t\t\t\t\t\t\t\t\t\t\t\t\t\t<li data-horizontal=\"center\" data-vertical=\"center\" data-link=\"\" data-lightbox=\"\" data-title=\"\" data-description=\"\">\t\t\t\t\t\t\t\t\t\t<img loading=\"lazy\" decoding=\"async\" src=\"https:\/\/www.autolift.info\/wp-content\/uploads\/2024\/01\/3-achsige-drehhebeanlagen-autolift-9.jpg\" alt=\" - \" width=\"800\" height=\"600\" style=\"width:800px; height:600px;\" title=\" - \" \/>\t\t\t\t\t\t\t\t<\/li>\t\t\t\t\t\t\t\t\t\t\t\t\t\t\t\t<li data-horizontal=\"center\" data-vertical=\"center\" data-link=\"\" data-lightbox=\"\" data-title=\"\" data-description=\"\">\t\t\t\t\t\t\t\t\t\t<img loading=\"lazy\" decoding=\"async\" src=\"https:\/\/www.autolift.info\/wp-content\/uploads\/2024\/01\/3-achsige-drehhebeanlagen-autolift-8.jpg\" alt=\" - \" width=\"800\" height=\"600\" style=\"width:800px; height:600px;\" title=\" - \" \/>\t\t\t\t\t\t\t\t<\/li>\t\t\t\t\t\t\t\t\t\t\t\t\t\t\t\t<li data-horizontal=\"center\" data-vertical=\"center\" data-link=\"\" data-lightbox=\"\" data-title=\"\" data-description=\"\">\t\t\t\t\t\t\t\t\t\t<img loading=\"lazy\" decoding=\"async\" src=\"https:\/\/www.autolift.info\/wp-content\/uploads\/2024\/01\/3-achsige-drehhebeanlagen-autolift-7.jpg\" alt=\" - \" width=\"800\" height=\"600\" style=\"width:800px; height:600px;\" title=\" - \" \/>\t\t\t\t\t\t\t\t<\/li>\t\t\t\t\t\t\t\t\t\t\t\t\t\t\t\t<li data-horizontal=\"center\" data-vertical=\"center\" data-link=\"\" data-lightbox=\"\" data-title=\"\" data-description=\"\">\t\t\t\t\t\t\t\t\t\t<img loading=\"lazy\" decoding=\"async\" src=\"https:\/\/www.autolift.info\/wp-content\/uploads\/2024\/01\/3-achsige-drehhebeanlagen-autolift-6.jpg\" alt=\" - \" width=\"800\" height=\"600\" style=\"width:800px; height:600px;\" title=\" - \" \/>\t\t\t\t\t\t\t\t<\/li>\t\t\t\t\t\t\t\t\t\t\t\t\t\t\t\t<li data-horizontal=\"center\" data-vertical=\"center\" data-link=\"\" data-lightbox=\"\" data-title=\"\" data-description=\"\">\t\t\t\t\t\t\t\t\t\t<img loading=\"lazy\" decoding=\"async\" src=\"https:\/\/www.autolift.info\/wp-content\/uploads\/2024\/01\/3-achsige-drehhebeanlagen-autolift-5.jpg\" alt=\" - \" width=\"800\" height=\"600\" style=\"width:800px; height:600px;\" title=\" - \" \/>\t\t\t\t\t\t\t\t<\/li>\t\t\t\t\t\t\t\t\t\t\t\t\t\t\t\t<li data-horizontal=\"center\" data-vertical=\"center\" data-link=\"\" data-lightbox=\"\" data-title=\"\" data-description=\"\">\t\t\t\t\t\t\t\t\t\t<img loading=\"lazy\" decoding=\"async\" src=\"https:\/\/www.autolift.info\/wp-content\/uploads\/2024\/01\/3-achsige-drehhebeanlagen-autolift-4.jpg\" alt=\" - \" width=\"800\" height=\"600\" style=\"width:800px; height:600px;\" title=\" - \" \/>\t\t\t\t\t\t\t\t<\/li>\t\t\t\t\t\t\t\t\t\t\t\t\t\t\t\t<li data-horizontal=\"center\" data-vertical=\"center\" data-link=\"\" data-lightbox=\"\" data-title=\"\" data-description=\"\">\t\t\t\t\t\t\t\t\t\t<img loading=\"lazy\" decoding=\"async\" src=\"https:\/\/www.autolift.info\/wp-content\/uploads\/2024\/01\/3-achsige-drehhebeanlagen-autolift-3.jpg\" alt=\" - \" width=\"800\" height=\"600\" style=\"width:800px; height:600px;\" title=\" - \" \/>\t\t\t\t\t\t\t\t<\/li>\t\t\t\t\t\t\t\t\t\t\t\t\t\t\t\t<li data-horizontal=\"center\" data-vertical=\"center\" data-link=\"\" data-lightbox=\"\" data-title=\"\" data-description=\"\">\t\t\t\t\t\t\t\t\t\t<img loading=\"lazy\" decoding=\"async\" src=\"https:\/\/www.autolift.info\/wp-content\/uploads\/2024\/01\/3-achsige-drehhebeanlagen-autolift-2.jpg\" alt=\" - \" width=\"800\" height=\"600\" style=\"width:800px; height:600px;\" title=\" - \" \/>\t\t\t\t\t\t\t\t<\/li>\t\t\t\t\t\t\t\t\t\t\t\t\t\t\t\t<li data-horizontal=\"center\" data-vertical=\"center\" data-link=\"\" data-lightbox=\"\" data-title=\"\" data-description=\"\">\t\t\t\t\t\t\t\t\t\t<img loading=\"lazy\" decoding=\"async\" src=\"https:\/\/www.autolift.info\/wp-content\/uploads\/2024\/01\/3-achsige-drehhebeanlagen-autolift-1.jpg\" alt=\" - \" width=\"800\" height=\"600\" style=\"width:800px; height:600px;\" title=\" - \" \/>\t\t\t\t\t\t\t\t<\/li>\t\t\t\t\t\t\t\t\t\t\t\t<\/ul>     <\/div>\n<p>[\/et_pb_text][\/et_pb_column][\/et_pb_row][\/et_pb_section]<\/p>\n","protected":false},"excerpt":{"rendered":"<p>3-\u043e\u0441\u043d\u044b\u0435 \u043f\u043e\u0432\u043e\u0440\u043e\u0442\u043d\u044b\u0435 \u0438 \u043f\u043e\u0434\u044a\u0435\u043c\u043d\u044b\u0435 \u0441\u0438\u0441\u0442\u0435\u043c\u044b\u0412 \u043d\u0430\u0441\u0442\u043e\u044f\u0449\u0435\u0435 \u0432\u0440\u0435\u043c\u044f \u043c\u044b \u043f\u0440\u0435\u0434\u043b\u0430\u0433\u0430\u0435\u043c \u0434\u0432\u0435 \u043a\u0438\u043d\u0435\u043c\u0430\u0442\u0438\u0447\u0435\u0441\u043a\u0438\u0435 \u043a\u043e\u043d\u0446\u0435\u043f\u0446\u0438\u0438 \u0434\u043b\u044f 3-\u043e\u0441\u043d\u044b\u0445 \u043f\u043e\u0432\u043e\u0440\u043e\u0442\u043d\u044b\u0445 \u0438 \u043f\u043e\u0434\u044a\u0435\u043c\u043d\u044b\u0445 \u0441\u0438\u0441\u0442\u0435\u043c. \u0421 \u043e\u0434\u043d\u043e\u0439 \u0441\u0442\u043e\u0440\u043e\u043d\u044b, \u0441\u0438\u0441\u0442\u0435\u043c\u0430 \u0441 1 \u043a\u043e\u043b\u043e\u043d\u043d\u043e\u0439, \u0432 \u043a\u043e\u0442\u043e\u0440\u043e\u0439 \u0432\u0442\u043e\u0440\u0430\u044f \u043f\u043e\u0432\u043e\u0440\u043e\u0442\u043d\u0430\u044f \u043f\u043b\u0430\u0442\u0444\u043e\u0440\u043c\u0430 \u043f\u0440\u0438\u043a\u0440\u0435\u043f\u043b\u0435\u043d\u0430 \u043a \u043a\u043e\u043d\u0446\u0443 \u0432\u0440\u0430\u0449\u0430\u044e\u0449\u0435\u0439\u0441\u044f \u0433\u043e\u0440\u0438\u0437\u043e\u043d\u0442\u0430\u043b\u044c\u043d\u043e\u0439 \u0441\u0442\u0440\u0435\u043b\u044b, \u0438, \u0441 \u0434\u0440\u0443\u0433\u043e\u0439 \u0441\u0442\u043e\u0440\u043e\u043d\u044b, \u0441\u0438\u0441\u0442\u0435\u043c\u0430 \u0441 2 \u043a\u043e\u043b\u043e\u043d\u043d\u0430\u043c\u0438, \u0432 \u043a\u043e\u0442\u043e\u0440\u043e\u0439 \u0435\u0449\u0435 \u043e\u0434\u043d\u0430 \u043f\u043e\u0432\u043e\u0440\u043e\u0442\u043d\u0430\u044f \u043f\u043b\u0430\u0442\u0444\u043e\u0440\u043c\u0430 \u0440\u0430\u0441\u043f\u043e\u043b\u043e\u0436\u0435\u043d\u0430 \u0432 \u0446\u0435\u043d\u0442\u0440\u0435 \u0432\u0440\u0430\u0449\u0430\u044e\u0449\u0435\u0439\u0441\u044f \u0441\u0442\u0440\u0435\u043b\u044b, [&hellip;]<\/p>\n","protected":false},"author":1,"featured_media":250084,"parent":248956,"menu_order":1,"comment_status":"closed","ping_status":"closed","template":"","meta":{"_et_pb_use_builder":"on","_et_pb_old_content":"","_et_gb_content_width":"","footnotes":""},"class_list":["post-248970","page","type-page","status-publish","has-post-thumbnail","hentry"],"_links":{"self":[{"href":"https:\/\/www.autolift.info\/ru\/wp-json\/wp\/v2\/pages\/248970","targetHints":{"allow":["GET"]}}],"collection":[{"href":"https:\/\/www.autolift.info\/ru\/wp-json\/wp\/v2\/pages"}],"about":[{"href":"https:\/\/www.autolift.info\/ru\/wp-json\/wp\/v2\/types\/page"}],"author":[{"embeddable":true,"href":"https:\/\/www.autolift.info\/ru\/wp-json\/wp\/v2\/users\/1"}],"replies":[{"embeddable":true,"href":"https:\/\/www.autolift.info\/ru\/wp-json\/wp\/v2\/comments?post=248970"}],"version-history":[{"count":6,"href":"https:\/\/www.autolift.info\/ru\/wp-json\/wp\/v2\/pages\/248970\/revisions"}],"predecessor-version":[{"id":249855,"href":"https:\/\/www.autolift.info\/ru\/wp-json\/wp\/v2\/pages\/248970\/revisions\/249855"}],"up":[{"embeddable":true,"href":"https:\/\/www.autolift.info\/ru\/wp-json\/wp\/v2\/pages\/248956"}],"wp:featuredmedia":[{"embeddable":true,"href":"https:\/\/www.autolift.info\/ru\/wp-json\/wp\/v2\/media\/250084"}],"wp:attachment":[{"href":"https:\/\/www.autolift.info\/ru\/wp-json\/wp\/v2\/media?parent=248970"}],"curies":[{"name":"wp","href":"https:\/\/api.w.org\/{rel}","templated":true}]}}