{"id":242715,"date":"2021-06-08T13:54:57","date_gmt":"2021-06-08T11:54:57","guid":{"rendered":""},"modified":"2021-06-08T13:55:00","modified_gmt":"2021-06-08T11:55:00","slug":"%d0%bf%d0%be%d0%b4%d1%8a%d0%b5%d0%bc-%d0%b8-%d0%bc%d0%b0%d0%bd%d0%b8%d0%bf%d1%83%d0%bb%d1%8f%d1%86%d0%b8%d0%b8-%d1%81-%d0%ba%d0%be%d0%bb%d1%91%d1%81%d0%bd%d1%8b%d0%bc%d0%b8-%d1%82%d0%b5%d0%bb%d0%b5","status":"publish","type":"page","link":"https:\/\/www.autolift.info\/ru\/%d0%bf%d1%80%d0%be%d0%b4%d1%83%d0%ba%d1%86%d0%b8%d1%8f\/%d0%bf%d0%be%d0%b4%d1%8a%d0%b5%d0%bc-%d0%b8-%d0%bc%d0%b0%d0%bd%d0%b8%d0%bf%d1%83%d0%bb%d1%8f%d1%86%d0%b8%d0%b8-%d1%81-%d0%ba%d0%be%d0%bb%d1%91%d1%81%d0%bd%d1%8b%d0%bc%d0%b8-%d1%82%d0%b5%d0%bb%d0%b5\/","title":{"rendered":"\u041f\u043e\u0434\u044a\u0435\u043c \u0438 \u043c\u0430\u043d\u0438\u043f\u0443\u043b\u044f\u0446\u0438\u0438 \u0441 \u043a\u043e\u043b\u0451\u0441\u043d\u044b\u043c\u0438 \u0442\u0435\u043b\u0435\u0436\u043a\u0430\u043c\u0438"},"content":{"rendered":"<p>[et_pb_section fb_built=&#187;1&#8243; _builder_version=&#187;4.9.4&#8243; _module_preset=&#187;default&#187; background_color=&#187;gcid-1e316c67-09f0-49b6-a876-cbbe87afea32&#8243; background_image=&#187;https:\/\/www.autolift.info\/wp-content\/uploads\/2021\/05\/ime-autolift-unterflurheber.jpg&#187; background_position=&#187;bottom_center&#187; height=&#187;600px&#187; custom_padding=&#187;256px||256px||true|false&#187; locked=&#187;off&#187; global_colors_info=&#187;{%22gcid-1e316c67-09f0-49b6-a876-cbbe87afea32%22:%91%22background_color%22%93}&#187;][\/et_pb_section][et_pb_section fb_built=&#187;1&#8243; _builder_version=&#187;4.9.3&#8243; _module_preset=&#187;default&#187; background_color=&#187;RGBA(0,0,0,0)&#187; custom_padding=&#187;0px||||false|false&#187; locked=&#187;off&#187;][et_pb_row use_custom_gutter=&#187;on&#187; gutter_width=&#187;1&#8243; _builder_version=&#187;4.9.4&#8243; _module_preset=&#187;default&#187; background_color=&#187;#FFFFFF&#187; module_alignment=&#187;center&#187; min_height=&#187;114px&#187; custom_margin=&#187;-90px||||false|false&#187; custom_padding=&#187;0px||||false|true&#187; animation_direction=&#187;bottom&#187; custom_css_main_element=&#187;z-index:10;&#187;][et_pb_column type=&#187;4_4&#8243; _builder_version=&#187;4.9.1&#8243; _module_preset=&#187;default&#187;][et_pb_text admin_label=&#187;Mobile Hebeb\u00f6cke&#187; module_class=&#187;ime-pattern-rot&#187; _builder_version=&#187;4.9.4&#8243; _module_preset=&#187;default&#187; text_font=&#187;||||||||&#187; header_font=&#187;||||||||&#187; header_text_color=&#187;gcid-01af1b29-4bf7-44fe-a473-50909a3a5b27&#8243; header_2_font=&#187;|800||on|||||&#187; header_2_text_color=&#187;gcid-4ebc9de5-e061-4b45-94a8-080fa0de0610&#8243; header_2_font_size=&#187;40px&#187; header_3_font=&#187;|700||on|||||&#187; header_3_font_size=&#187;40px&#187; background_size=&#187;initial&#187; background_repeat=&#187;repeat&#187; background_blend=&#187;difference&#187; custom_padding=&#187;25px||15px|30px|false|false&#187; header_2_font_size_tablet=&#187;30px&#187; header_2_font_size_phone=&#187;24px&#187; header_2_font_size_last_edited=&#187;on|desktop&#187; global_colors_info=&#187;{%22gcid-7df05597-327a-4e7a-9bc4-7a2456ed480c%22:%91%93,%22gcid-01af1b29-4bf7-44fe-a473-50909a3a5b27%22:%91%22header_text_color%22%93,%22gcid-4ebc9de5-e061-4b45-94a8-080fa0de0610%22:%91%22header_2_text_color%22%93,%22gcid-07156617-efbb-4c8c-80ba-1d2279245b1d%22:%91%93}&#187;]<\/p>\n<h2 class=\"western\">\u041f\u043e\u0434\u044a\u0435\u043c \u0438 \u043c\u0430\u043d\u0438\u043f\u0443\u043b\u044f\u0446\u0438\u0438 \u0441 \u043a\u043e\u043b\u0451\u0441\u043d\u044b\u043c\u0438 \u0442\u0435\u043b\u0435\u0436\u043a\u0430\u043c\u0438<\/h2>\n<p>[\/et_pb_text][\/et_pb_column][\/et_pb_row][et_pb_row _builder_version=&#187;4.9.3&#8243; _module_preset=&#187;default&#187; background_color=&#187;#FFFFFF&#187; custom_padding=&#187;|30px||30px|false|true&#187; locked=&#187;off&#187;][et_pb_column type=&#187;4_4&#8243; _builder_version=&#187;4.9.3&#8243; _module_preset=&#187;default&#187;][et_pb_text admin_label=&#187;Mobile Hebeb\u00f6cke sind die einfachste Art&#187; _builder_version=&#187;4.9.4&#8243; _module_preset=&#187;default&#187;]\u0420\u0430\u0437\u0431\u043e\u0440\u043a\u0430, \u0442\u0435\u0445\u043d\u0438\u0447\u0435\u0441\u043a\u0438\u0439 \u043e\u0441\u043c\u043e\u0442\u0440 \u0438 \u0440\u0435\u0432\u0438\u0437\u0438\u044f, \u0430 \u0442\u0430\u043a\u0436\u0435 \u043f\u0435\u0440\u0435\u0443\u0441\u0442\u0430\u043d\u043e\u0432\u043a\u0430 \u043a\u043e\u043b\u0451\u0441\u043d\u044b\u0445 \u0442\u0435\u043b\u0435\u0436\u0435\u043a \u044f\u0432\u043b\u044f\u044e\u0442\u0441\u044f \u043e\u0441\u043d\u043e\u0432\u043d\u044b\u043c\u0438 \u0437\u0430\u0434\u0430\u0447\u0430\u043c\u0438 \u043f\u0440\u0438 \u043e\u0431\u0441\u043b\u0443\u0436\u0438\u0432\u0430\u043d\u0438\u0438 \u0440\u0435\u043b\u044c\u0441\u043e\u0432\u044b\u0445 \u0442\u0440\u0430\u043d\u0441\u043f\u043e\u0440\u0442\u043d\u044b\u0445 \u0441\u0440\u0435\u0434\u0441\u0442\u0432. \u0410\u0432\u0442\u043e\u043b\u0438\u0444\u0442 \u043f\u0440\u0435\u0434\u043b\u0430\u0433\u0430\u0435\u0442 \u0441\u043b\u0435\u0434\u0443\u044e\u0449\u0438\u0435 \u0440\u0435\u0448\u0435\u043d\u0438\u044f \u044d\u0442\u0438\u0445 \u043e\u0441\u043d\u043e\u0432\u043d\u044b\u0445 \u0437\u0430\u0434\u0430\u0447:[\/et_pb_text][\/et_pb_column][\/et_pb_row][et_pb_row column_structure=&#187;1_2,1_2&#8243; _builder_version=&#187;4.9.4&#8243; _module_preset=&#187;default&#187; locked=&#187;off&#187;][et_pb_column type=&#187;1_2&#8243; _builder_version=&#187;4.9.4&#8243; _module_preset=&#187;default&#187;][et_pb_blurb use_icon=&#187;on&#187; font_icon=&#187;%%3%%&#187; icon_color=&#187;gcid-1e316c67-09f0-49b6-a876-cbbe87afea32&#8243; use_circle=&#187;on&#187; circle_color=&#187;#FFFFFF&#187; use_circle_border=&#187;on&#187; circle_border_color=&#187;gcid-1e316c67-09f0-49b6-a876-cbbe87afea32&#8243; icon_placement=&#187;left&#187; use_icon_font_size=&#187;on&#187; icon_font_size=&#187;15px&#187; admin_label=&#187;Hebeb\u00f6cke f\u00fcr Stra\u00dfenbahnen&#187; module_class=&#187;blurb-produkte&#187; _builder_version=&#187;4.9.4&#8243; _module_preset=&#187;default&#187; custom_margin=&#187;0px||8px||false|false&#187; animation=&#187;off&#187; hover_enabled=&#187;0&#8243; global_colors_info=&#187;{%22gcid-1e316c67-09f0-49b6-a876-cbbe87afea32%22:%91%22icon_color%22,%22circle_border_color%22%93}&#187; url=&#187;https:\/\/www.autolift.info\/produkte\/heben-und-manipulieren-von-drehgestellen\/hebeboecke-fuer-drehgestelle\/&#187; link_option_url=&#187;https:\/\/www.autolift.info\/produkte\/heben-und-manipulieren-von-drehgestellen\/hebeboecke-fuer-drehgestelle\/&#187; sticky_enabled=&#187;0&#8243;]<\/p>\n<p>\u041f\u043e\u0434\u044a\u0451\u043c\u043d\u044b\u0435 \u043a\u043e\u043b\u043e\u043d\u043d\u044b \u0434\u043b\u044f \u0442\u0435\u043b\u0435\u0436\u0435\u043a<\/p>\n<p>[\/et_pb_blurb][et_pb_blurb use_icon=&#187;on&#187; font_icon=&#187;%%3%%&#187; icon_color=&#187;gcid-1e316c67-09f0-49b6-a876-cbbe87afea32&#8243; use_circle=&#187;on&#187; circle_color=&#187;#FFFFFF&#187; use_circle_border=&#187;on&#187; circle_border_color=&#187;gcid-1e316c67-09f0-49b6-a876-cbbe87afea32&#8243; icon_placement=&#187;left&#187; use_icon_font_size=&#187;on&#187; icon_font_size=&#187;15px&#187; admin_label=&#187;Hebeb\u00f6cke f\u00fcr U- Bahnen&#187; module_class=&#187;blurb-produkte&#187; _builder_version=&#187;4.9.4&#8243; _module_preset=&#187;default&#187; custom_margin=&#187;0px||5px||false|false&#187; animation=&#187;off&#187; hover_enabled=&#187;0&#8243; global_colors_info=&#187;{%22gcid-1e316c67-09f0-49b6-a876-cbbe87afea32%22:%91%22icon_color%22,%22circle_border_color%22%93}&#187; url=&#187;https:\/\/www.autolift.info\/produkte\/heben-und-manipulieren-von-drehgestellen\/unterflurhebeanlagen-fuer-drehgestelle\/&#187; link_option_url=&#187;https:\/\/www.autolift.info\/produkte\/heben-und-manipulieren-von-drehgestellen\/unterflurhebeanlagen-fuer-drehgestelle\/&#187; sticky_enabled=&#187;0&#8243;]<\/p>\n<p>\u041f\u043e\u0434\u043f\u043e\u043b\u044c\u043d\u044b\u0435 \u043f\u043e\u0434\u044a\u0435\u043c\u043d\u044b\u0435 \u043a\u043e\u043b\u043e\u043d\u043d\u044b \u0434\u043b\u044f \u0432\u0430\u0433\u043e\u043d\u043d\u044b\u0445 \u0442\u0435\u043b\u0435\u0436\u0435\u043a<\/p>\n<p>[\/et_pb_blurb][et_pb_blurb use_icon=&#187;on&#187; font_icon=&#187;%%3%%&#187; icon_color=&#187;gcid-1e316c67-09f0-49b6-a876-cbbe87afea32&#8243; use_circle=&#187;on&#187; circle_color=&#187;#FFFFFF&#187; use_circle_border=&#187;on&#187; circle_border_color=&#187;gcid-1e316c67-09f0-49b6-a876-cbbe87afea32&#8243; icon_placement=&#187;left&#187; use_icon_font_size=&#187;on&#187; icon_font_size=&#187;15px&#187; admin_label=&#187;Hebeb\u00f6cke f\u00fcr Waggone&#187; module_class=&#187;blurb-produkte&#187; _builder_version=&#187;4.9.4&#8243; _module_preset=&#187;default&#187; custom_margin=&#187;0px||5px||false|false&#187; animation=&#187;off&#187; hover_enabled=&#187;0&#8243; global_colors_info=&#187;{%22gcid-1e316c67-09f0-49b6-a876-cbbe87afea32%22:%91%22icon_color%22,%22circle_border_color%22%93}&#187; url=&#187;https:\/\/www.autolift.info\/produkte\/heben-und-manipulieren-von-drehgestellen\/hubtische-fuer-drehgestelle-bogie-drop-table\/&#187; link_option_url=&#187;https:\/\/www.autolift.info\/produkte\/heben-und-manipulieren-von-drehgestellen\/hubtische-fuer-drehgestelle-bogie-drop-table\/&#187; sticky_enabled=&#187;0&#8243;]<\/p>\n<p>3.4.3 \u041f\u043e\u0434\u044a\u0435\u043c\u043d\u044b\u0435 \u0441\u0442\u043e\u043b\u044b \u0434\u043b\u044f \u0442\u0435\u043b\u0435\u0436\u0435\u043a<\/p>\n<p>[\/et_pb_blurb][et_pb_blurb use_icon=&#187;on&#187; font_icon=&#187;%%3%%&#187; icon_color=&#187;gcid-1e316c67-09f0-49b6-a876-cbbe87afea32&#8243; use_circle=&#187;on&#187; circle_color=&#187;#FFFFFF&#187; use_circle_border=&#187;on&#187; circle_border_color=&#187;gcid-1e316c67-09f0-49b6-a876-cbbe87afea32&#8243; icon_placement=&#187;left&#187; use_icon_font_size=&#187;on&#187; icon_font_size=&#187;15px&#187; admin_label=&#187;Hebeb\u00f6cke f\u00fcr schwere Gliederz\u00fcge&#187; module_class=&#187;blurb-produkte&#187; _builder_version=&#187;4.9.4&#8243; _module_preset=&#187;default&#187; custom_margin=&#187;0px||5px||false|false&#187; animation=&#187;off&#187; hover_enabled=&#187;0&#8243; global_colors_info=&#187;{%22gcid-1e316c67-09f0-49b6-a876-cbbe87afea32%22:%91%22icon_color%22,%22circle_border_color%22%93}&#187; url=&#187;https:\/\/www.autolift.info\/produkte\/heben-und-manipulieren-von-drehgestellen\/drehhebeanlagen-fuer-drehgestelle\/&#187; link_option_url=&#187;https:\/\/www.autolift.info\/produkte\/heben-und-manipulieren-von-drehgestellen\/drehhebeanlagen-fuer-drehgestelle\/&#187; sticky_enabled=&#187;0&#8243;]<\/p>\n<p>\u041f\u043e\u0432\u043e\u0440\u043e\u0442\u043d\u044b\u0435 \u043f\u043e\u0434\u044a\u0435\u043c\u043d\u044b\u0435 \u0441\u0438\u0441\u0442\u0435\u043c\u044b \u0434\u043b\u044f \u0442\u0435\u043b\u0435\u0436\u0435\u043a<\/p>\n<p>[\/et_pb_blurb][\/et_pb_column][et_pb_column type=&#187;1_2&#8243; _builder_version=&#187;4.9.4&#8243; _module_preset=&#187;default&#187;][et_pb_blurb use_icon=&#187;on&#187; font_icon=&#187;%%3%%&#187; icon_color=&#187;gcid-1e316c67-09f0-49b6-a876-cbbe87afea32&#8243; use_circle=&#187;on&#187; circle_color=&#187;#FFFFFF&#187; use_circle_border=&#187;on&#187; circle_border_color=&#187;gcid-1e316c67-09f0-49b6-a876-cbbe87afea32&#8243; icon_placement=&#187;left&#187; use_icon_font_size=&#187;on&#187; icon_font_size=&#187;15px&#187; admin_label=&#187;Kabellos Gesteuerte Hebebockanlagen&#187; module_class=&#187;blurb-produkte&#187; _builder_version=&#187;4.9.4&#8243; _module_preset=&#187;default&#187; custom_margin=&#187;0px||8px||false|false&#187; animation=&#187;off&#187; hover_enabled=&#187;0&#8243; global_colors_info=&#187;{%22gcid-1e316c67-09f0-49b6-a876-cbbe87afea32%22:%91%22icon_color%22,%22circle_border_color%22%93}&#187; url=&#187;https:\/\/www.autolift.info\/produkte\/heben-und-manipulieren-von-drehgestellen\/drehscheiben-fuer-drehgestelle-bogie-turn-table\/&#187; link_option_url=&#187;https:\/\/www.autolift.info\/produkte\/heben-und-manipulieren-von-drehgestellen\/drehscheiben-fuer-drehgestelle-bogie-turn-table\/&#187; sticky_enabled=&#187;0&#8243;]<\/p>\n<p>\u041f\u043e\u0432\u043e\u0440\u043e\u0442\u043d\u044b\u0435 \u043a\u0440\u0443\u0433\u0438 \u0434\u043b\u044f \u0432\u0430\u0433\u043e\u043d\u043d\u044b\u0445 \u0442\u0435\u043b\u0435\u0436\u0435\u043a \/ \u041f\u043e\u0432\u043e\u0440\u043e\u0442\u043d\u044b\u0439 \u0441\u0442\u043e\u043b<\/p>\n<p>[\/et_pb_blurb][et_pb_blurb use_icon=&#187;on&#187; font_icon=&#187;%%3%%&#187; icon_color=&#187;gcid-1e316c67-09f0-49b6-a876-cbbe87afea32&#8243; use_circle=&#187;on&#187; circle_color=&#187;#FFFFFF&#187; use_circle_border=&#187;on&#187; circle_border_color=&#187;gcid-1e316c67-09f0-49b6-a876-cbbe87afea32&#8243; icon_placement=&#187;left&#187; use_icon_font_size=&#187;on&#187; icon_font_size=&#187;15px&#187; admin_label=&#187;Kabellose Master\/Slave Anlagen&#187; module_class=&#187;blurb-produkte&#187; _builder_version=&#187;4.9.4&#8243; _module_preset=&#187;default&#187; custom_margin=&#187;0px||8px||false|false&#187; animation=&#187;off&#187; hover_enabled=&#187;0&#8243; global_colors_info=&#187;{%22gcid-1e316c67-09f0-49b6-a876-cbbe87afea32%22:%91%22icon_color%22,%22circle_border_color%22%93}&#187; url=&#187;https:\/\/www.autolift.info\/produkte\/heben-und-manipulieren-von-drehgestellen\/hilfsdrehgestelle\/&#187; link_option_url=&#187;https:\/\/www.autolift.info\/produkte\/heben-und-manipulieren-von-drehgestellen\/hilfsdrehgestelle\/&#187; sticky_enabled=&#187;0&#8243;]<\/p>\n<p>\u0412\u0441\u043f\u043e\u043c\u043e\u0433\u0430\u0442\u0435\u043b\u044c\u043d\u044b\u0435 \u0432\u0430\u0433\u043e\u043d\u043d\u044b\u0435 \u0442\u0435\u043b\u0435\u0436\u043a\u0438<\/p>\n<p>[\/et_pb_blurb][et_pb_blurb url=&#187;https:\/\/www.autolift.info\/produkte\/heben-und-manipulieren-von-drehgestellen\/drehgestellestapelgestelle\/&#187; use_icon=&#187;on&#187; font_icon=&#187;%%3%%&#187; icon_color=&#187;gcid-1e316c67-09f0-49b6-a876-cbbe87afea32&#8243; use_circle=&#187;on&#187; circle_color=&#187;#FFFFFF&#187; use_circle_border=&#187;on&#187; circle_border_color=&#187;gcid-1e316c67-09f0-49b6-a876-cbbe87afea32&#8243; icon_placement=&#187;left&#187; use_icon_font_size=&#187;on&#187; icon_font_size=&#187;15px&#187; admin_label=&#187;Doppelspindel Hebeb\u00f6cke&#187; module_class=&#187;blurb-produkte&#187; _builder_version=&#187;4.9.4&#8243; _module_preset=&#187;default&#187; custom_margin=&#187;0px||8px||false|false&#187; animation=&#187;off&#187; link_option_url=&#187;https:\/\/www.autolift.info\/produkte\/heben-und-manipulieren-von-drehgestellen\/drehgestellestapelgestelle\/&#187; hover_enabled=&#187;0&#8243; global_colors_info=&#187;{%22gcid-1e316c67-09f0-49b6-a876-cbbe87afea32%22:%91%22icon_color%22,%22circle_border_color%22%93}&#187; sticky_enabled=&#187;0&#8243;]<\/p>\n<p>\u0421\u0442\u0435\u043b\u043b\u0430\u0436\u0438 \u0434\u043b\u044f \u0441\u043a\u043b\u0430\u0434\u0438\u0440\u043e\u0432\u0430\u043d\u0438\u044f \u0442\u0435\u043b\u0435\u0436\u0435\u043a<\/p>\n<p>[\/et_pb_blurb][et_pb_blurb use_icon=&#187;on&#187; font_icon=&#187;%%3%%&#187; icon_color=&#187;gcid-1e316c67-09f0-49b6-a876-cbbe87afea32&#8243; use_circle=&#187;on&#187; circle_color=&#187;#FFFFFF&#187; use_circle_border=&#187;on&#187; circle_border_color=&#187;gcid-1e316c67-09f0-49b6-a876-cbbe87afea32&#8243; icon_placement=&#187;left&#187; use_icon_font_size=&#187;on&#187; icon_font_size=&#187;15px&#187; admin_label=&#187;Batteriebetriebene Hebeb\u00f6cke&#187; module_class=&#187;blurb-produkte&#187; _builder_version=&#187;4.9.4&#8243; _module_preset=&#187;default&#187; custom_margin=&#187;0px||8px||false|false&#187; animation=&#187;off&#187; hover_enabled=&#187;0&#8243; global_colors_info=&#187;{%22gcid-1e316c67-09f0-49b6-a876-cbbe87afea32%22:%91%22icon_color%22,%22circle_border_color%22%93}&#187; sticky_enabled=&#187;0&#8243; url=&#187;https:\/\/www.autolift.info\/produkte\/heben-und-manipulieren-von-drehgestellen\/drehgestell-shunter\/&#187; link_option_url=&#187;https:\/\/www.autolift.info\/produkte\/heben-und-manipulieren-von-drehgestellen\/drehgestell-shunter\/&#187;]<\/p>\n<p>\u041c\u0430\u043d\u0435\u0432\u0440\u043e\u0432\u0449\u0438\u043a \u0432\u0430\u0433\u043e\u043d\u043d\u044b\u0445 \u0442\u0435\u043b\u0435\u0436\u0435\u043a<\/p>\n<p>[\/et_pb_blurb][\/et_pb_column][\/et_pb_row][\/et_pb_section]<\/p>\n","protected":false},"excerpt":{"rendered":"<p>\u041f\u043e\u0434\u044a\u0435\u043c \u0438 \u043c\u0430\u043d\u0438\u043f\u0443\u043b\u044f\u0446\u0438\u0438 \u0441 \u043a\u043e\u043b\u0451\u0441\u043d\u044b\u043c\u0438 \u0442\u0435\u043b\u0435\u0436\u043a\u0430\u043c\u0438\u0420\u0430\u0437\u0431\u043e\u0440\u043a\u0430, \u0442\u0435\u0445\u043d\u0438\u0447\u0435\u0441\u043a\u0438\u0439 \u043e\u0441\u043c\u043e\u0442\u0440 \u0438 \u0440\u0435\u0432\u0438\u0437\u0438\u044f, \u0430 \u0442\u0430\u043a\u0436\u0435 \u043f\u0435\u0440\u0435\u0443\u0441\u0442\u0430\u043d\u043e\u0432\u043a\u0430 \u043a\u043e\u043b\u0451\u0441\u043d\u044b\u0445 \u0442\u0435\u043b\u0435\u0436\u0435\u043a \u044f\u0432\u043b\u044f\u044e\u0442\u0441\u044f \u043e\u0441\u043d\u043e\u0432\u043d\u044b\u043c\u0438 \u0437\u0430\u0434\u0430\u0447\u0430\u043c\u0438 \u043f\u0440\u0438 \u043e\u0431\u0441\u043b\u0443\u0436\u0438\u0432\u0430\u043d\u0438\u0438 \u0440\u0435\u043b\u044c\u0441\u043e\u0432\u044b\u0445 \u0442\u0440\u0430\u043d\u0441\u043f\u043e\u0440\u0442\u043d\u044b\u0445 \u0441\u0440\u0435\u0434\u0441\u0442\u0432. \u0410\u0432\u0442\u043e\u043b\u0438\u0444\u0442 \u043f\u0440\u0435\u0434\u043b\u0430\u0433\u0430\u0435\u0442 \u0441\u043b\u0435\u0434\u0443\u044e\u0449\u0438\u0435 \u0440\u0435\u0448\u0435\u043d\u0438\u044f \u044d\u0442\u0438\u0445 \u043e\u0441\u043d\u043e\u0432\u043d\u044b\u0445 \u0437\u0430\u0434\u0430\u0447:\u041f\u043e\u0434\u044a\u0451\u043c\u043d\u044b\u0435 \u043a\u043e\u043b\u043e\u043d\u043d\u044b \u0434\u043b\u044f \u0442\u0435\u043b\u0435\u0436\u0435\u043a\u041f\u043e\u0434\u043f\u043e\u043b\u044c\u043d\u044b\u0435 \u043f\u043e\u0434\u044a\u0435\u043c\u043d\u044b\u0435 \u043a\u043e\u043b\u043e\u043d\u043d\u044b \u0434\u043b\u044f \u0432\u0430\u0433\u043e\u043d\u043d\u044b\u0445 \u0442\u0435\u043b\u0435\u0436\u0435\u043a3.4.3 \u041f\u043e\u0434\u044a\u0435\u043c\u043d\u044b\u0435 \u0441\u0442\u043e\u043b\u044b \u0434\u043b\u044f \u0442\u0435\u043b\u0435\u0436\u0435\u043a\u041f\u043e\u0432\u043e\u0440\u043e\u0442\u043d\u044b\u0435 \u043f\u043e\u0434\u044a\u0435\u043c\u043d\u044b\u0435 \u0441\u0438\u0441\u0442\u0435\u043c\u044b \u0434\u043b\u044f \u0442\u0435\u043b\u0435\u0436\u0435\u043a\u041f\u043e\u0432\u043e\u0440\u043e\u0442\u043d\u044b\u0435 \u043a\u0440\u0443\u0433\u0438 \u0434\u043b\u044f \u0432\u0430\u0433\u043e\u043d\u043d\u044b\u0445 \u0442\u0435\u043b\u0435\u0436\u0435\u043a \/ \u041f\u043e\u0432\u043e\u0440\u043e\u0442\u043d\u044b\u0439 \u0441\u0442\u043e\u043b\u0412\u0441\u043f\u043e\u043c\u043e\u0433\u0430\u0442\u0435\u043b\u044c\u043d\u044b\u0435 \u0432\u0430\u0433\u043e\u043d\u043d\u044b\u0435 \u0442\u0435\u043b\u0435\u0436\u043a\u0438\u0421\u0442\u0435\u043b\u043b\u0430\u0436\u0438 [&hellip;]<\/p>\n","protected":false},"author":1,"featured_media":0,"parent":242644,"menu_order":40,"comment_status":"closed","ping_status":"closed","template":"","meta":{"_et_pb_use_builder":"on","_et_pb_old_content":"","_et_gb_content_width":"","footnotes":""},"class_list":["post-242715","page","type-page","status-publish","hentry"],"_links":{"self":[{"href":"https:\/\/www.autolift.info\/ru\/wp-json\/wp\/v2\/pages\/242715","targetHints":{"allow":["GET"]}}],"collection":[{"href":"https:\/\/www.autolift.info\/ru\/wp-json\/wp\/v2\/pages"}],"about":[{"href":"https:\/\/www.autolift.info\/ru\/wp-json\/wp\/v2\/types\/page"}],"author":[{"embeddable":true,"href":"https:\/\/www.autolift.info\/ru\/wp-json\/wp\/v2\/users\/1"}],"replies":[{"embeddable":true,"href":"https:\/\/www.autolift.info\/ru\/wp-json\/wp\/v2\/comments?post=242715"}],"version-history":[{"count":2,"href":"https:\/\/www.autolift.info\/ru\/wp-json\/wp\/v2\/pages\/242715\/revisions"}],"predecessor-version":[{"id":242717,"href":"https:\/\/www.autolift.info\/ru\/wp-json\/wp\/v2\/pages\/242715\/revisions\/242717"}],"up":[{"embeddable":true,"href":"https:\/\/www.autolift.info\/ru\/wp-json\/wp\/v2\/pages\/242644"}],"wp:attachment":[{"href":"https:\/\/www.autolift.info\/ru\/wp-json\/wp\/v2\/media?parent=242715"}],"curies":[{"name":"wp","href":"https:\/\/api.w.org\/{rel}","templated":true}]}}