{"id":249960,"date":"2024-06-13T08:18:26","date_gmt":"2024-06-13T06:18:26","guid":{"rendered":"https:\/\/www.autolift.info\/o-firmie\/srodowisko-i-zrownowazony-rozwoj\/"},"modified":"2024-06-17T09:41:13","modified_gmt":"2024-06-17T07:41:13","slug":"srodowisko-i-zrownowazony-rozwoj","status":"publish","type":"page","link":"https:\/\/www.autolift.info\/pl\/o-firmie\/srodowisko-i-zrownowazony-rozwoj\/","title":{"rendered":"\u015arodowisko i zr\u00f3wnowa\u017cony rozw\u00f3j"},"content":{"rendered":"<p>[et_pb_section fb_built=&#8221;1&#8243; admin_label=&#8221;section&#8221; _builder_version=&#8221;4.25.2&#8243; background_image=&#8221;https:\/\/www.autolift.info\/wp-content\/uploads\/2024\/06\/Panorama_Fruehling_Kapuzinerberg-scaled.jpg&#8221; custom_padding=&#8221;||230px|||&#8221; global_colors_info=&#8221;{}&#8221;][\/et_pb_section][et_pb_section fb_built=&#8221;1&#8243; admin_label=&#8221;section&#8221; _builder_version=&#8221;4.16&#8243; global_colors_info=&#8221;{}&#8221;][et_pb_row admin_label=&#8221;row&#8221; _builder_version=&#8221;4.16&#8243; background_size=&#8221;initial&#8221; background_position=&#8221;top_left&#8221; background_repeat=&#8221;repeat&#8221; min_height=&#8221;881.6px&#8221; custom_margin=&#8221;-7px|auto||auto||&#8221; hover_enabled=&#8221;0&#8243; global_colors_info=&#8221;{}&#8221; sticky_enabled=&#8221;0&#8243;][et_pb_column type=&#8221;4_4&#8243; _builder_version=&#8221;4.16&#8243; custom_padding=&#8221;|||&#8221; global_colors_info=&#8221;{}&#8221; custom_padding__hover=&#8221;|||&#8221;][et_pb_text admin_label=&#8221;Text&#8221; _builder_version=&#8221;4.25.2&#8243; background_size=&#8221;initial&#8221; background_position=&#8221;top_left&#8221; background_repeat=&#8221;repeat&#8221; custom_margin=&#8221;-46px|||||&#8221; custom_padding=&#8221;0px|||||&#8221; hover_enabled=&#8221;0&#8243; global_colors_info=&#8221;{}&#8221; sticky_enabled=&#8221;0&#8243;]<\/p>\n<h1><span style=\"color: #000000;\"><strong>\u015arodowisko i zr\u00f3wnowa\u017cony rozw\u00f3j<\/strong><\/span><\/h1>\n<p>&nbsp;<\/p>\n<p>W Autolift przywi\u0105zujemy du\u017c\u0105 wag\u0119 do zr\u00f3wnowa\u017conego rozwoju i ochrony \u015brodowiska. Aktywnie przyczyniamy si\u0119 do minimalizowania naszego \u015bladu ekologicznego poprzez r\u00f3\u017cne dzia\u0142ania i inicjatywy. Oto niekt\u00f3re z naszych najwa\u017cniejszych dzia\u0142a\u0144 \u015brodowiskowych:<\/p>\n<p>&nbsp;<\/p>\n<ul>\n<li><strong>Bilet klimatyczny dla pracownik\u00f3w:<\/strong><br \/>Wszyscy pracownicy otrzymuj\u0105 bilet na wszystkie \u015brodki transportu publicznego w Salzburgu, tzw. bilet klimatyczny. <\/li>\n<\/ul>\n<p>&nbsp;<\/p>\n<ul>\n<li><strong>flota pojazd\u00f3w:<\/strong><br \/>30% pojazd\u00f3w s\u0142u\u017cbowych to samochody elektryczne.<br \/>15%-20% pojazd\u00f3w s\u0142u\u017cbowych to pojazdy hybrydowe.<\/li>\n<\/ul>\n<p>&nbsp;<\/p>\n<ul>\n<li><strong>Stacje \u0142adowania energi\u0105 elektryczn\u0105:<\/strong><br \/>W\u0142asne stacje \u0142adowania w siedzibie firmy w Salzburgu.<br \/>Dodatkowe stacje \u0142adowania dla w\u0142a\u015bcicieli pojazd\u00f3w.<\/li>\n<\/ul>\n<p>&nbsp;<\/p>\n<ul>\n<li><strong>Oszcz\u0119dno\u015b\u0107 papieru:<\/strong><br \/>Obj\u0119to\u015b\u0107 druku zmniejszona o 50 000-100 000 stron.<\/li>\n<\/ul>\n<p>&nbsp;<\/p>\n<ul>\n<li><strong>Zr\u00f3wnowa\u017cone ogrzewanie i ch\u0142odzenie biura:<\/strong><br \/>Wykorzystanie systemu fotowoltaicznego do ogrzewania i ch\u0142odzenia biur.<\/li>\n<\/ul>\n<p>&nbsp;<\/p>\n<ul>\n<li><strong>Ecovadis:<\/strong><br \/>Autolift posiada 40% udzia\u0142\u00f3w w Ecovadis.<\/li>\n<\/ul>\n<p>&nbsp;<\/p>\n<ul>\n<li><strong>Segregacja odpad\u00f3w i recykling:<\/strong><br \/>\u015acis\u0142a segregacja odpad\u00f3w.<br \/>Skupienie si\u0119 na recyklingu produkt\u00f3w.<\/li>\n<\/ul>\n<p>&nbsp;<\/p>\n<ul>\n<li><strong>Zielona stal:<\/strong><br \/>W\u0142asne stacje \u0142adowania w siedzibie firmy w Salzburgu.<\/li>\n<\/ul>\n<p>[\/et_pb_text][\/et_pb_column][\/et_pb_row][\/et_pb_section]<\/p>\n","protected":false},"excerpt":{"rendered":"<p>\u015arodowisko i zr\u00f3wnowa\u017cony rozw\u00f3j &nbsp; W Autolift przywi\u0105zujemy du\u017c\u0105 wag\u0119 do zr\u00f3wnowa\u017conego rozwoju i ochrony \u015brodowiska. Aktywnie przyczyniamy si\u0119 do minimalizowania naszego \u015bladu ekologicznego poprzez r\u00f3\u017cne dzia\u0142ania i inicjatywy. Oto niekt\u00f3re z naszych najwa\u017cniejszych dzia\u0142a\u0144 \u015brodowiskowych: &nbsp; Bilet klimatyczny dla pracownik\u00f3w:Wszyscy pracownicy otrzymuj\u0105 bilet na wszystkie \u015brodki transportu publicznego w Salzburgu, tzw. bilet klimatyczny. &nbsp; [&hellip;]<\/p>\n","protected":false},"author":1,"featured_media":249942,"parent":247948,"menu_order":110,"comment_status":"closed","ping_status":"closed","template":"","meta":{"_et_pb_use_builder":"on","_et_pb_old_content":"","_et_gb_content_width":"","footnotes":""},"class_list":["post-249960","page","type-page","status-publish","has-post-thumbnail","hentry"],"_links":{"self":[{"href":"https:\/\/www.autolift.info\/pl\/wp-json\/wp\/v2\/pages\/249960","targetHints":{"allow":["GET"]}}],"collection":[{"href":"https:\/\/www.autolift.info\/pl\/wp-json\/wp\/v2\/pages"}],"about":[{"href":"https:\/\/www.autolift.info\/pl\/wp-json\/wp\/v2\/types\/page"}],"author":[{"embeddable":true,"href":"https:\/\/www.autolift.info\/pl\/wp-json\/wp\/v2\/users\/1"}],"replies":[{"embeddable":true,"href":"https:\/\/www.autolift.info\/pl\/wp-json\/wp\/v2\/comments?post=249960"}],"version-history":[{"count":8,"href":"https:\/\/www.autolift.info\/pl\/wp-json\/wp\/v2\/pages\/249960\/revisions"}],"predecessor-version":[{"id":250044,"href":"https:\/\/www.autolift.info\/pl\/wp-json\/wp\/v2\/pages\/249960\/revisions\/250044"}],"up":[{"embeddable":true,"href":"https:\/\/www.autolift.info\/pl\/wp-json\/wp\/v2\/pages\/247948"}],"wp:featuredmedia":[{"embeddable":true,"href":"https:\/\/www.autolift.info\/pl\/wp-json\/wp\/v2\/media\/249942"}],"wp:attachment":[{"href":"https:\/\/www.autolift.info\/pl\/wp-json\/wp\/v2\/media?parent=249960"}],"curies":[{"name":"wp","href":"https:\/\/api.w.org\/{rel}","templated":true}]}}