{"id":249667,"date":"2024-04-24T15:10:54","date_gmt":"2024-04-24T13:10:54","guid":{"rendered":"https:\/\/www.autolift.info\/pojazdy-szynowe\/"},"modified":"2024-04-24T15:10:57","modified_gmt":"2024-04-24T13:10:57","slug":"pojazdy-szynowe","status":"publish","type":"page","link":"https:\/\/www.autolift.info\/pl\/pojazdy-szynowe\/","title":{"rendered":"Pojazdy szynowe"},"content":{"rendered":"<p>[et_pb_section fb_built=&#8221;1&#8243; admin_label=&#8221;hero&#8221; _builder_version=&#8221;4.16&#8243; _module_preset=&#8221;default&#8221; background_color=&#8221;gcid-1e316c67-09f0-49b6-a876-cbbe87afea32&#8243; background_image=&#8221;https:\/\/www.autolift.info\/wp-content\/uploads\/2021\/03\/ime-autolift-stadler-bahn.jpg&#8221; height=&#8221;600px&#8221; custom_padding=&#8221;256px||256px||true|false&#8221; global_colors_info=&#8221;{%22gcid-1e316c67-09f0-49b6-a876-cbbe87afea32%22:%91%22background_color%22%93}&#8221;][\/et_pb_section][et_pb_section fb_built=&#8221;1&#8243; _builder_version=&#8221;4.16&#8243; _module_preset=&#8221;default&#8221; background_color=&#8221;RGBA(0,0,0,0)&#8221; custom_padding=&#8221;0px||||false|false&#8221; global_colors_info=&#8221;{}&#8221;][et_pb_row use_custom_gutter=&#8221;on&#8221; gutter_width=&#8221;1&#8243; _builder_version=&#8221;4.16&#8243; _module_preset=&#8221;default&#8221; background_color=&#8221;#FFFFFF&#8221; module_alignment=&#8221;center&#8221; min_height=&#8221;114px&#8221; custom_margin=&#8221;-90px||||false|false&#8221; custom_padding=&#8221;0px||||false|true&#8221; animation_direction=&#8221;bottom&#8221; custom_css_main_element=&#8221;z-index:10;&#8221; global_colors_info=&#8221;{}&#8221;][et_pb_column type=&#8221;4_4&#8243; _builder_version=&#8221;4.16&#8243; _module_preset=&#8221;default&#8221; global_colors_info=&#8221;{}&#8221;][et_pb_text admin_label=&#8221;Produkte&#8221; module_class=&#8221;ime-pattern-rot&#8221; _builder_version=&#8221;4.16&#8243; _module_preset=&#8221;default&#8221; text_font=&#8221;||||||||&#8221; header_font=&#8221;||||||||&#8221; header_text_color=&#8221;gcid-01af1b29-4bf7-44fe-a473-50909a3a5b27&#8243; header_2_font=&#8221;|800||on|||||&#8221; header_2_text_color=&#8221;gcid-4ebc9de5-e061-4b45-94a8-080fa0de0610&#8243; header_2_font_size=&#8221;40px&#8221; header_3_font=&#8221;|700||on|||||&#8221; header_3_font_size=&#8221;40px&#8221; background_size=&#8221;initial&#8221; background_repeat=&#8221;repeat&#8221; background_blend=&#8221;difference&#8221; custom_padding=&#8221;25px||15px|30px|false|false&#8221; header_2_font_size_tablet=&#8221;30px&#8221; header_2_font_size_phone=&#8221;24px&#8221; header_2_font_size_last_edited=&#8221;on|desktop&#8221; global_colors_info=&#8221;{%22gcid-7df05597-327a-4e7a-9bc4-7a2456ed480c%22:%91%93,%22gcid-01af1b29-4bf7-44fe-a473-50909a3a5b27%22:%91%22header_text_color%22%93,%22gcid-4ebc9de5-e061-4b45-94a8-080fa0de0610%22:%91%22header_2_text_color%22%93,%22gcid-07156617-efbb-4c8c-80ba-1d2279245b1d%22:%91%93}&#8221;]<\/p>\n<h2>Pojazdy szynowe<\/h2>\n<p>[\/et_pb_text][\/et_pb_column][\/et_pb_row][et_pb_row _builder_version=&#8221;4.16&#8243; _module_preset=&#8221;default&#8221; custom_padding=&#8221;30px|30px|30px|30px|true|true&#8221; global_colors_info=&#8221;{}&#8221;][et_pb_column type=&#8221;4_4&#8243; _builder_version=&#8221;4.16&#8243; _module_preset=&#8221;default&#8221; global_colors_info=&#8221;{}&#8221;][et_pb_text admin_label=&#8221;Bei Hebeanlagen f\u00fcr&#8221; _builder_version=&#8221;4.16&#8243; _module_preset=&#8221;default&#8221; global_colors_info=&#8221;{}&#8221;]<\/p>\n<p>Je\u015bli chodzi o systemy podno\u015bnik\u00f3w mobilnych dla pojazd\u00f3w szynowych, Autolift jest Liderem i jednym z czo\u0142owych \u015bwiatowych dostawc\u00f3w z prawdopodobnie najszerszym portfolio produkt\u00f3w. Nikt inny jak Autolift oferuje zar\u00f3wno pe\u0142n\u0105 gam\u0119 mobilnych podno\u015bnik\u00f3w kolumnowych, podno\u015bnik\u00f3w kana\u0142owych, jak i system\u00f3w podpod\u0142ogowych w wersji &#8222;stoj\u0105cej&#8221; i &#8222;podwieszanej&#8221;. <\/p>\n<p>Kolejnym wa\u017cnym produktem naszej marki jest produkcja podno\u015bnik\u00f3w, zapadni i platform no\u017cycowych dla serwisowania w\u00f3zk\u00f3w wagonowych. Autolift oferuje samojezdne platformy do opuszczania w\u00f3zk\u00f3w w wersji montowanej na szynach, jak r\u00f3wnie\u017c z konwencjonalnymi ko\u0142ami, sto\u0142y obrotowe do w\u00f3zk\u00f3w, systemy podnoszenia w\u00f3zk\u00f3w, podno\u015bniki obrotowe do w\u00f3zk\u00f3w, a nawet samojezdne w\u00f3zki manewrowe. <\/p>\n<p>Gam\u0119 produkt\u00f3w uzupe\u0142nia specjalny manipulator, kt\u00f3ry mo\u017cna wyposa\u017cy\u0107 w r\u00f3\u017cne adaptery do transportu, podnoszenia i mocowania\/od\u0142\u0105czania ci\u0119\u017ckich cz\u0119\u015bci pojazd\u00f3w szynowych. Jest to: MasterLift. <\/p>\n<p>[\/et_pb_text][\/et_pb_column][\/et_pb_row][et_pb_row column_structure=&#8221;1_2,1_2&#8243; _builder_version=&#8221;4.16&#8243; _module_preset=&#8221;default&#8221; background_color=&#8221;#FFFFFF&#8221; custom_margin=&#8221;||||false|false&#8221; custom_padding=&#8221;30px|30px|60px|30px|false|true&#8221; global_colors_info=&#8221;{}&#8221;][et_pb_column type=&#8221;1_2&#8243; _builder_version=&#8221;4.16&#8243; _module_preset=&#8221;default&#8221; custom_padding=&#8221;20px|20px|20px|20px|true|true&#8221; global_colors_info=&#8221;{}&#8221;][et_pb_text admin_label=&#8221;Mobile Hebeb\u00f6cke&#8221; _builder_version=&#8221;4.16&#8243; _module_preset=&#8221;default&#8221; header_2_font=&#8221;|600|||||||&#8221; custom_margin=&#8221;20px||||false|false&#8221; global_colors_info=&#8221;{}&#8221;]<\/p>\n<h2>MOBILNE PODNO\u015aNIKI KOLUMNOWE<\/h2>\n<p>[\/et_pb_text][et_pb_text admin_label=&#8221;Die einfachste Art, um Schienenfahrzeuge zu heben.&#8221; _builder_version=&#8221;4.16&#8243; _module_preset=&#8221;default&#8221; global_colors_info=&#8221;{}&#8221;]<\/p>\n<p>Mobilne podno\u015bniki kolumnowe to najprostszy spos\u00f3b na bezpieczne podnoszenie pojazd\u00f3w szynowych. Na miejscu nie s\u0105 potrzebne \u017cadne konstrukcje. Wystarczy tylko twarda, r\u00f3wna powierzchnia i odpowiednie zasilanie elektryczne. <\/p>\n<p>[\/et_pb_text][et_pb_button button_url=&#8221;https:\/\/www.autolift.info\/pl\/produkty\/mobilne-podnosniki-kolumnowe\/&#8221; button_text=&#8221;Ucz si\u0119 wi\u0119cej&#8221; _builder_version=&#8221;4.16&#8243; _module_preset=&#8221;default&#8221; custom_button=&#8221;on&#8221; button_text_size=&#8221;14px&#8221; button_text_color=&#8221;#FFFFFF&#8221; button_bg_color=&#8221;gcid-1e316c67-09f0-49b6-a876-cbbe87afea32&#8243; global_colors_info=&#8221;{%22gcid-1e316c67-09f0-49b6-a876-cbbe87afea32%22:%91%22button_bg_color%22%93}&#8221;][\/et_pb_button][\/et_pb_column][et_pb_column type=&#8221;1_2&#8243; _builder_version=&#8221;4.16&#8243; _module_preset=&#8221;default&#8221; global_colors_info=&#8221;{}&#8221;][et_pb_image src=&#8221;https:\/\/www.autolift.info\/wp-content\/uploads\/2021\/04\/044_mobile_hebeboecke_autolift.jpg&#8221; title_text=&#8221;Vorlage-Galerie&#8221; _builder_version=&#8221;4.16&#8243; _module_preset=&#8221;default&#8221; global_colors_info=&#8221;{}&#8221;][\/et_pb_image][\/et_pb_column][\/et_pb_row][et_pb_row column_structure=&#8221;1_2,1_2&#8243; _builder_version=&#8221;4.16&#8243; _module_preset=&#8221;default&#8221; background_color=&#8221;#FFFFFF&#8221; custom_margin=&#8221;||||false|false&#8221; custom_padding=&#8221;30px|30px|60px|30px|false|true&#8221; global_colors_info=&#8221;{}&#8221;][et_pb_column type=&#8221;1_2&#8243; _builder_version=&#8221;4.16&#8243; _module_preset=&#8221;default&#8221; custom_padding=&#8221;20px|20px|20px|20px|true|true&#8221; global_colors_info=&#8221;{}&#8221;][et_pb_image src=&#8221;https:\/\/www.autolift.info\/wp-content\/uploads\/2021\/04\/062_teleskop_hebeboecke_autolift.jpg&#8221; title_text=&#8221;Vorlage-Galerie&#8221; _builder_version=&#8221;4.16&#8243; _module_preset=&#8221;default&#8221; global_colors_info=&#8221;{}&#8221;][\/et_pb_image][\/et_pb_column][et_pb_column type=&#8221;1_2&#8243; _builder_version=&#8221;4.16&#8243; _module_preset=&#8221;default&#8221; global_colors_info=&#8221;{}&#8221;][et_pb_text admin_label=&#8221;Seitengruben Hebeb\u00f6cke&#8221; _builder_version=&#8221;4.16&#8243; _module_preset=&#8221;default&#8221; header_2_font=&#8221;|600|||||||&#8221; custom_margin=&#8221;20px||||false|false&#8221; global_colors_info=&#8221;{}&#8221;]<\/p>\n<h2>Podno\u015bniki boczne<\/h2>\n<p>[\/et_pb_text][et_pb_text admin_label=&#8221;Mit unseren teleskopierenden Seitengruben Hebeb\u00f6cken&#8221; _builder_version=&#8221;4.16&#8243; _module_preset=&#8221;default&#8221; global_colors_info=&#8221;{}&#8221;]<\/p>\n<p>Dzi\u0119ki naszym teleskopowym podno\u015bnikom bocznym do podnoszenia, wydobywamy to, co najlepsze z ograniczonej przestrzeni.<\/p>\n<p>[\/et_pb_text][et_pb_button button_url=&#8221;https:\/\/www.autolift.info\/pl\/produkty\/podnosniki-boczne-kanalowe\/&#8221; button_text=&#8221;Ucz si\u0119 wi\u0119cej&#8221; _builder_version=&#8221;4.16&#8243; _module_preset=&#8221;default&#8221; custom_button=&#8221;on&#8221; button_text_size=&#8221;14px&#8221; button_text_color=&#8221;#FFFFFF&#8221; button_bg_color=&#8221;gcid-1e316c67-09f0-49b6-a876-cbbe87afea32&#8243; global_colors_info=&#8221;{%22gcid-1e316c67-09f0-49b6-a876-cbbe87afea32%22:%91%22button_bg_color%22%93}&#8221;][\/et_pb_button][\/et_pb_column][\/et_pb_row][et_pb_row column_structure=&#8221;1_2,1_2&#8243; _builder_version=&#8221;4.16&#8243; _module_preset=&#8221;default&#8221; background_color=&#8221;#FFFFFF&#8221; custom_margin=&#8221;||||false|false&#8221; custom_padding=&#8221;30px|30px|60px|30px|false|true&#8221; global_colors_info=&#8221;{}&#8221;][et_pb_column type=&#8221;1_2&#8243; _builder_version=&#8221;4.16&#8243; _module_preset=&#8221;default&#8221; custom_padding=&#8221;20px|20px|20px|20px|true|true&#8221; global_colors_info=&#8221;{}&#8221;][et_pb_text admin_label=&#8221;Unterflurhebeanlagen&#8221; _builder_version=&#8221;4.16&#8243; _module_preset=&#8221;default&#8221; header_2_font=&#8221;|600|||||||&#8221; custom_margin=&#8221;20px||||false|false&#8221; global_colors_info=&#8221;{}&#8221;]<\/p>\n<h2>podziemne systemy podnoszenia<\/h2>\n<p>[\/et_pb_text][et_pb_text admin_label=&#8221;Platzsparend in der Grube verstaut und auf Knopfdruck einsatzf\u00e4hig.&#8221; _builder_version=&#8221;4.16&#8243; _module_preset=&#8221;default&#8221; global_colors_info=&#8221;{}&#8221;]<\/p>\n<p>Przechowywany w studzience, aby zaoszcz\u0119dzi\u0107 miejsce i gotowy do u\u017cycia po naci\u015bni\u0119ciu przycisku.<\/p>\n<p>[\/et_pb_text][et_pb_button button_url=&#8221;https:\/\/www.autolift.info\/pl\/produkty\/systemy-podnoszace-podposadzkowe\/&#8221; button_text=&#8221;Ucz si\u0119 wi\u0119cej&#8221; _builder_version=&#8221;4.16&#8243; _module_preset=&#8221;default&#8221; custom_button=&#8221;on&#8221; button_text_size=&#8221;14px&#8221; button_text_color=&#8221;#FFFFFF&#8221; button_bg_color=&#8221;gcid-1e316c67-09f0-49b6-a876-cbbe87afea32&#8243; global_colors_info=&#8221;{%22gcid-1e316c67-09f0-49b6-a876-cbbe87afea32%22:%91%22button_bg_color%22%93}&#8221;][\/et_pb_button][\/et_pb_column][et_pb_column type=&#8221;1_2&#8243; _builder_version=&#8221;4.16&#8243; _module_preset=&#8221;default&#8221; global_colors_info=&#8221;{}&#8221;][et_pb_image src=&#8221;https:\/\/www.autolift.info\/wp-content\/uploads\/2021\/04\/066_unterflur_autolift.jpg&#8221; title_text=&#8221;Vorlage-Galerie&#8221; _builder_version=&#8221;4.16&#8243; _module_preset=&#8221;default&#8221; global_colors_info=&#8221;{}&#8221;][\/et_pb_image][\/et_pb_column][\/et_pb_row][et_pb_row column_structure=&#8221;1_2,1_2&#8243; _builder_version=&#8221;4.16&#8243; _module_preset=&#8221;default&#8221; background_color=&#8221;#FFFFFF&#8221; custom_margin=&#8221;||||false|false&#8221; custom_padding=&#8221;30px|30px|60px|30px|false|true&#8221; global_colors_info=&#8221;{}&#8221;][et_pb_column type=&#8221;1_2&#8243; _builder_version=&#8221;4.16&#8243; _module_preset=&#8221;default&#8221; custom_padding=&#8221;20px|20px|20px|20px|true|true&#8221; global_colors_info=&#8221;{}&#8221;][et_pb_image src=&#8221;https:\/\/www.autolift.info\/wp-content\/uploads\/2021\/04\/004_bogie_autolift.jpg&#8221; title_text=&#8221;Vorlage-Galerie&#8221; _builder_version=&#8221;4.16&#8243; _module_preset=&#8221;default&#8221; global_colors_info=&#8221;{}&#8221;][\/et_pb_image][\/et_pb_column][et_pb_column type=&#8221;1_2&#8243; _builder_version=&#8221;4.16&#8243; _module_preset=&#8221;default&#8221; global_colors_info=&#8221;{}&#8221;][et_pb_text admin_label=&#8221;Manipulation von &#8221; _builder_version=&#8221;4.16&#8243; _module_preset=&#8221;default&#8221; header_2_font=&#8221;|600|||||||&#8221; custom_margin=&#8221;20px||||false|false&#8221; global_colors_info=&#8221;{}&#8221;]<\/p>\n<h2>Manipulacja w\u00f3zkami<\/h2>\n<p>[\/et_pb_text][et_pb_text admin_label=&#8221;Heben, Senken, Drehen, Ziehen und Lagern&#8221; _builder_version=&#8221;4.16&#8243; _module_preset=&#8221;default&#8221; global_colors_info=&#8221;{}&#8221;]<\/p>\n<p>Podnoszenie, opuszczanie, obracanie, ci\u0105gni\u0119cie i przechowywanie. Tutaj wszystko kr\u0119ci si\u0119 wok\u00f3\u0142 w\u00f3zka w najprawdziwszym tego s\u0142owa znaczeniu. <\/p>\n<p>[\/et_pb_text][et_pb_button button_url=&#8221;https:\/\/www.autolift.info\/pl\/produkty\/podnoszenie-i-manipulowanie-wozkami\/&#8221; button_text=&#8221;Ucz si\u0119 wi\u0119cej&#8221; _builder_version=&#8221;4.16&#8243; _module_preset=&#8221;default&#8221; custom_button=&#8221;on&#8221; button_text_size=&#8221;14px&#8221; button_text_color=&#8221;#FFFFFF&#8221; button_bg_color=&#8221;gcid-1e316c67-09f0-49b6-a876-cbbe87afea32&#8243; global_colors_info=&#8221;{%22gcid-1e316c67-09f0-49b6-a876-cbbe87afea32%22:%91%22button_bg_color%22%93}&#8221;][\/et_pb_button][\/et_pb_column][\/et_pb_row][et_pb_row column_structure=&#8221;1_2,1_2&#8243; _builder_version=&#8221;4.16&#8243; _module_preset=&#8221;default&#8221; background_color=&#8221;#FFFFFF&#8221; custom_margin=&#8221;||||false|false&#8221; custom_padding=&#8221;30px|30px|60px|30px|false|true&#8221; global_colors_info=&#8221;{}&#8221;][et_pb_column type=&#8221;1_2&#8243; _builder_version=&#8221;4.16&#8243; _module_preset=&#8221;default&#8221; custom_padding=&#8221;20px|20px|20px|20px|true|true&#8221; global_colors_info=&#8221;{}&#8221;][et_pb_text admin_label=&#8221;MasterLift&#8221; _builder_version=&#8221;4.16&#8243; _module_preset=&#8221;default&#8221; header_2_font=&#8221;|600|||||||&#8221; custom_margin=&#8221;20px||||false|false&#8221; global_colors_info=&#8221;{}&#8221;]<\/p>\n<h2>MasterLift<\/h2>\n<p>[\/et_pb_text][et_pb_text admin_label=&#8221;Der Allrounder, der in keinem Schienenfahrzeugdepot fehlen sollte.&#8221; _builder_version=&#8221;4.16&#8243; _module_preset=&#8221;default&#8221; global_colors_info=&#8221;{}&#8221;]<\/p>\n<p>Wszechstronne urz\u0105dzenie, kt\u00f3rego nie powinno zabrakn\u0105\u0107 w \u017cadnej zajezdni pojazd\u00f3w szynowych.<\/p>\n<p>[\/et_pb_text][et_pb_button button_url=&#8221;https:\/\/www.autolift.info\/pl\/produkty\/masterlift\/&#8221; button_text=&#8221;Ucz si\u0119 wi\u0119cej&#8221; _builder_version=&#8221;4.16&#8243; _module_preset=&#8221;default&#8221; custom_button=&#8221;on&#8221; button_text_size=&#8221;14px&#8221; button_text_color=&#8221;#FFFFFF&#8221; button_bg_color=&#8221;gcid-1e316c67-09f0-49b6-a876-cbbe87afea32&#8243; global_colors_info=&#8221;{%22gcid-1e316c67-09f0-49b6-a876-cbbe87afea32%22:%91%22button_bg_color%22%93}&#8221;][\/et_pb_button][\/et_pb_column][et_pb_column type=&#8221;1_2&#8243; _builder_version=&#8221;4.16&#8243; _module_preset=&#8221;default&#8221; global_colors_info=&#8221;{}&#8221;][et_pb_image src=&#8221;https:\/\/www.autolift.info\/wp-content\/uploads\/2021\/04\/043_masterlift_autolift.jpg&#8221; title_text=&#8221;Vorlage-Galerie&#8221; _builder_version=&#8221;4.16&#8243; _module_preset=&#8221;default&#8221; global_colors_info=&#8221;{}&#8221;][\/et_pb_image][\/et_pb_column][\/et_pb_row][et_pb_row column_structure=&#8221;1_2,1_2&#8243; _builder_version=&#8221;4.16&#8243; _module_preset=&#8221;default&#8221; background_color=&#8221;#FFFFFF&#8221; custom_margin=&#8221;||||false|false&#8221; custom_padding=&#8221;30px|30px|60px|30px|false|true&#8221; global_colors_info=&#8221;{}&#8221;][et_pb_column type=&#8221;1_2&#8243; _builder_version=&#8221;4.16&#8243; _module_preset=&#8221;default&#8221; custom_padding=&#8221;20px|20px|20px|20px|true|true&#8221; global_colors_info=&#8221;{}&#8221;][et_pb_image src=&#8221;https:\/\/www.autolift.info\/wp-content\/uploads\/2021\/04\/060_sondergeraete_autolift.jpg&#8221; title_text=&#8221;Vorlage-Galerie&#8221; _builder_version=&#8221;4.16&#8243; _module_preset=&#8221;default&#8221; global_colors_info=&#8221;{}&#8221;][\/et_pb_image][\/et_pb_column][et_pb_column type=&#8221;1_2&#8243; _builder_version=&#8221;4.16&#8243; _module_preset=&#8221;default&#8221; global_colors_info=&#8221;{}&#8221;][et_pb_text admin_label=&#8221;Sonderger\u00e4te&#8221; _builder_version=&#8221;4.16&#8243; _module_preset=&#8221;default&#8221; header_2_font=&#8221;|600|||||||&#8221; custom_margin=&#8221;20px||||false|false&#8221; global_colors_info=&#8221;{}&#8221;]<\/p>\n<h2>specjalne urz\u0105dzenia<\/h2>\n<p>[\/et_pb_text][et_pb_text admin_label=&#8221;Hier erhalten Sie einen \u00dcberblick \u00fcber Sonderger\u00e4te, die Autolift im Laufe der Zeit entwickelt hat.&#8221; _builder_version=&#8221;4.16&#8243; _module_preset=&#8221;default&#8221; global_colors_info=&#8221;{}&#8221;]<\/p>\n<p>Tutaj znajdziesz przegl\u0105d specjalnych urz\u0105dze\u0144, kt\u00f3re firma Autolift opracowa\u0142a na przestrzeni czasu.<\/p>\n<p>[\/et_pb_text][et_pb_button button_url=&#8221;https:\/\/www.autolift.info\/pl\/produkty\/wyposazenie-specjalne-urzadzenia-specjalistyczne\/&#8221; button_text=&#8221;Ucz si\u0119 wi\u0119cej&#8221; _builder_version=&#8221;4.16&#8243; _module_preset=&#8221;default&#8221; custom_button=&#8221;on&#8221; button_text_size=&#8221;14px&#8221; button_text_color=&#8221;#FFFFFF&#8221; button_bg_color=&#8221;gcid-1e316c67-09f0-49b6-a876-cbbe87afea32&#8243; global_colors_info=&#8221;{%22gcid-1e316c67-09f0-49b6-a876-cbbe87afea32%22:%91%22button_bg_color%22%93}&#8221;][\/et_pb_button][\/et_pb_column][\/et_pb_row][\/et_pb_section]<\/p>\n","protected":false},"excerpt":{"rendered":"<p>Pojazdy szynoweJe\u015bli chodzi o systemy podno\u015bnik\u00f3w mobilnych dla pojazd\u00f3w szynowych, Autolift jest Liderem i jednym z czo\u0142owych \u015bwiatowych dostawc\u00f3w z prawdopodobnie najszerszym portfolio produkt\u00f3w. Nikt inny jak Autolift oferuje zar\u00f3wno pe\u0142n\u0105 gam\u0119 mobilnych podno\u015bnik\u00f3w kolumnowych, podno\u015bnik\u00f3w kana\u0142owych, jak i system\u00f3w podpod\u0142ogowych w wersji &#8222;stoj\u0105cej&#8221; i &#8222;podwieszanej&#8221;. Kolejnym wa\u017cnym produktem naszej marki jest produkcja podno\u015bnik\u00f3w, zapadni [&hellip;]<\/p>\n","protected":false},"author":1,"featured_media":0,"parent":0,"menu_order":40,"comment_status":"closed","ping_status":"closed","template":"","meta":{"_et_pb_use_builder":"on","_et_pb_old_content":"","_et_gb_content_width":"","footnotes":""},"class_list":["post-249667","page","type-page","status-publish","hentry"],"_links":{"self":[{"href":"https:\/\/www.autolift.info\/pl\/wp-json\/wp\/v2\/pages\/249667","targetHints":{"allow":["GET"]}}],"collection":[{"href":"https:\/\/www.autolift.info\/pl\/wp-json\/wp\/v2\/pages"}],"about":[{"href":"https:\/\/www.autolift.info\/pl\/wp-json\/wp\/v2\/types\/page"}],"author":[{"embeddable":true,"href":"https:\/\/www.autolift.info\/pl\/wp-json\/wp\/v2\/users\/1"}],"replies":[{"embeddable":true,"href":"https:\/\/www.autolift.info\/pl\/wp-json\/wp\/v2\/comments?post=249667"}],"version-history":[{"count":5,"href":"https:\/\/www.autolift.info\/pl\/wp-json\/wp\/v2\/pages\/249667\/revisions"}],"predecessor-version":[{"id":249672,"href":"https:\/\/www.autolift.info\/pl\/wp-json\/wp\/v2\/pages\/249667\/revisions\/249672"}],"wp:attachment":[{"href":"https:\/\/www.autolift.info\/pl\/wp-json\/wp\/v2\/media?parent=249667"}],"curies":[{"name":"wp","href":"https:\/\/api.w.org\/{rel}","templated":true}]}}