{"id":249003,"date":"2024-02-12T10:12:12","date_gmt":"2024-02-12T09:12:12","guid":{"rendered":"https:\/\/www.autolift.info\/produkty\/przemyst-obrotowe-systemy-podnoszenia\/rozwiazania-dostosowane-do-indywidualnych-potrzeb\/"},"modified":"2024-02-12T10:12:14","modified_gmt":"2024-02-12T09:12:14","slug":"rozwiazania-dostosowane-do-indywidualnych-potrzeb","status":"publish","type":"page","link":"https:\/\/www.autolift.info\/pl\/produkty\/przemyst-obrotowe-systemy-podnoszenia\/rozwiazania-dostosowane-do-indywidualnych-potrzeb\/","title":{"rendered":"Rozwi\u0105zania dostosowane do indywidualnych potrzeb"},"content":{"rendered":"<p>[et_pb_section fb_built=&#8221;1&#8243; admin_label=&#8221;hero&#8221; _builder_version=&#8221;4.24.0&#8243; _module_preset=&#8221;default&#8221; background_color=&#8221;#ECECEC&#8221; background_image=&#8221;https:\/\/www.autolift.info\/wp-content\/uploads\/2024\/01\/DHA-Slider.jpg&#8221; height=&#8221;600px&#8221; custom_padding=&#8221;0px||0px||true|false&#8221; hover_enabled=&#8221;0&#8243; locked=&#8221;off&#8221; global_colors_info=&#8221;{%22gcid-1e316c67-09f0-49b6-a876-cbbe87afea32%22:%91%93}&#8221; title_text=&#8221;Vorlage-Slider&#8221; sticky_enabled=&#8221;0&#8243;][\/et_pb_section][et_pb_section fb_built=&#8221;1&#8243; _builder_version=&#8221;4.16&#8243; _module_preset=&#8221;default&#8221; background_color=&#8221;RGBA(0,0,0,0)&#8221; custom_padding=&#8221;0px||||false|false&#8221; locked=&#8221;off&#8221; global_colors_info=&#8221;{}&#8221;][et_pb_row use_custom_gutter=&#8221;on&#8221; gutter_width=&#8221;1&#8243; _builder_version=&#8221;4.16&#8243; _module_preset=&#8221;default&#8221; background_color=&#8221;#FFFFFF&#8221; module_alignment=&#8221;center&#8221; min_height=&#8221;114px&#8221; custom_margin=&#8221;-90px||||false|false&#8221; custom_padding=&#8221;0px||||false|true&#8221; animation_direction=&#8221;bottom&#8221; custom_css_main_element=&#8221;z-index:10;&#8221; global_colors_info=&#8221;{}&#8221;][et_pb_column type=&#8221;4_4&#8243; _builder_version=&#8221;4.16&#8243; _module_preset=&#8221;default&#8221; global_colors_info=&#8221;{}&#8221;][et_pb_text admin_label=&#8221;Hebeb\u00f6cke f\u00fcr Strassenbahnen&#8221; module_class=&#8221;ime-pattern-rot&#8221; _builder_version=&#8221;4.24.0&#8243; _module_preset=&#8221;default&#8221; text_font=&#8221;||||||||&#8221; header_font=&#8221;||||||||&#8221; header_text_color=&#8221;gcid-01af1b29-4bf7-44fe-a473-50909a3a5b27&#8243; header_2_font=&#8221;|800||on|||||&#8221; header_2_text_color=&#8221;gcid-4ebc9de5-e061-4b45-94a8-080fa0de0610&#8243; header_2_font_size=&#8221;40px&#8221; header_3_font=&#8221;|700||on|||||&#8221; header_3_font_size=&#8221;40px&#8221; background_size=&#8221;initial&#8221; background_repeat=&#8221;repeat&#8221; background_blend=&#8221;difference&#8221; custom_padding=&#8221;25px||15px|30px|false|false&#8221; header_2_font_size_tablet=&#8221;30px&#8221; header_2_font_size_phone=&#8221;24px&#8221; header_2_font_size_last_edited=&#8221;on|desktop&#8221; global_colors_info=&#8221;{%22gcid-7df05597-327a-4e7a-9bc4-7a2456ed480c%22:%91%93,%22gcid-01af1b29-4bf7-44fe-a473-50909a3a5b27%22:%91%22header_text_color%22%93,%22gcid-4ebc9de5-e061-4b45-94a8-080fa0de0610%22:%91%22header_2_text_color%22%93,%22gcid-07156617-efbb-4c8c-80ba-1d2279245b1d%22:%91%93}&#8221;]<\/p>\n<h2>Rozwi\u0105zania dostosowane do indywidualnych potrzeb<\/h2>\n<p>[\/et_pb_text][\/et_pb_column][\/et_pb_row][et_pb_row _builder_version=&#8221;4.16&#8243; _module_preset=&#8221;default&#8221; background_color=&#8221;#FFFFFF&#8221; global_colors_info=&#8221;{}&#8221;][et_pb_column type=&#8221;4_4&#8243; _builder_version=&#8221;4.16&#8243; _module_preset=&#8221;default&#8221; global_colors_info=&#8221;{}&#8221;][et_pb_text admin_label=&#8221;F\u00fcr das Heben von Stra\u00dfenbahnen eignen sich am besten die kompakt bauenden Hebeb\u00f6cke der ESH Reihe.&#8221; _builder_version=&#8221;4.24.0&#8243; _module_preset=&#8221;default&#8221; global_colors_info=&#8221;{}&#8221;]<\/p>\n<p>Nasz asortyment obrotowych system\u00f3w podnosz\u0105cych rozwija\u0142 si\u0119 przez kilka lat i odzwierciedla typowe wymagania przemys\u0142owe. Jednak ze wzgl\u0119du na nasze zaanga\u017cowanie na ca\u0142ym \u015bwiecie, stale spotykamy si\u0119 ze specjalnymi przypadkami o odmiennych wymaganiach.<\/p>\n<p>Na przyk\u0142ad mo\u017ce si\u0119 zdarzy\u0107, \u017ce stosunkowo mocne nap\u0119dy obrotowe musz\u0105 by\u0107 po\u0142\u0105czone ze stosunkowo &#8222;ma\u0142ymi&#8221; kolumnami podnosz\u0105cymi. Mo\u017ce to wynika\u0107 z faktu, \u017ce odleg\u0142o\u015b\u0107 \u015brodka ci\u0119\u017cko\u015bci w stosunku do osi obrotu zmienia si\u0119 znacz\u0105co podczas obr\u00f3bki &#8211; na przyk\u0142ad z powodu spawania poza \u015brodkiem ci\u0119\u017ckich element\u00f3w &#8211; lub je\u015bli r\u00f3\u017cne elementy maj\u0105 by\u0107 obrabiane na tej samej obrotowej jednostce podnosz\u0105cej i nie jest mo\u017cliwe zamocowanie ich w taki spos\u00f3b, aby moment obrotowy serii by\u0142 wystarczaj\u0105cy.<\/p>\n<p>Zdj\u0119cie poni\u017cej<\/p>\n<p>[\/et_pb_text][et_pb_text admin_label=&#8221;F\u00fcr das Heben von Stra\u00dfenbahnen eignen sich am besten die kompakt bauenden Hebeb\u00f6cke der ESH Reihe.&#8221; _builder_version=&#8221;4.24.0&#8243; _module_preset=&#8221;default&#8221; global_colors_info=&#8221;{}&#8221;]<\/p>\n<p>Innym dobrym przyk\u0142adem niestandardowych rozwi\u0105za\u0144 s\u0105 systemy do obracania kompletnych wagon\u00f3w do remontu. Belka poprzeczna jest podnoszona mi\u0119dzy 2 kolumnami podnosz\u0105cymi. Nap\u0119d obrotowy umo\u017cliwia obracanie ca\u0142ego wagonu, a tym samym jego opr\u00f3\u017cnianie lub ergonomiczn\u0105 obr\u00f3bk\u0119.<\/p>\n<p>Zdj\u0119cie poni\u017cej<\/p>\n<p>[\/et_pb_text][\/et_pb_column][\/et_pb_row][et_pb_row _builder_version=&#8221;4.16&#8243; _module_preset=&#8221;default&#8221; background_color=&#8221;#FFFFFF&#8221; global_colors_info=&#8221;{}&#8221;][et_pb_column type=&#8221;4_4&#8243; _builder_version=&#8221;4.16&#8243; _module_preset=&#8221;default&#8221; global_colors_info=&#8221;{}&#8221;][et_pb_text admin_label=&#8221;Galerie&#8221; _builder_version=&#8221;4.24.0&#8243; _module_preset=&#8221;default&#8221; hover_enabled=&#8221;0&#8243; global_colors_info=&#8221;{}&#8221; sticky_enabled=&#8221;0&#8243;]<\/p>\n<script>\t\tjQuery(function() {\/*setTimeout(function(){*\/\t\t\tjQuery(\"#lbg_famous_gallery_25\").gallery1({\t\t\t\twidth:1300,\t\t\t\theight:1600,\t\t\t\twidth100Proc:false,\t\t\t\theight100Proc:false,\t\t\t\trows:3,\t\t\t\tcolumns:1,\t\t\t\tcenterGallery:true,\t\t\t\tgutter:8,\t\t\t\tgalleryBg:\"#FFFFFF\",\t\t\t\titemBorderWidth:0,\t\t\t\titemBorderColorOFF:\"transparent\",\t\t\t\titemBorderColorON:\"#FF0000\",\t\t\t\tshowImageDescription:true,\t\t\t\timageDescriptionBgColor:\"#000000\",\t\t\t\timageDescriptionBgOpacity:30,\t\t\t\timageDescriptionTextColor:\"#FFFFFF\",\t\t\t\tshowIconOverImage:true,\t\t\t\tzoomDuration:1,\t\t\t\tzoomEffect:\"linear\",\t\t\t\ttarget:\"_blank\",\t\t\t\tbgHorizontalPosition:\"center\",\t\t\t\tbgVerticalPosition:\"center\",\t\t\t\tfacebookAppID:\"\"\t\t\t});\/*\t\t}, 1000);*\/\/*}, 850);*\/\t\t});\t<\/script>    <div id=\"lbg_famous_gallery_25\">\t\t\t\t<ul class=\"gallery1_list\">\t\t\t\t\t\t\t\t\t\t\t\t<li data-horizontal=\"center\" data-vertical=\"center\" data-link=\"\" data-lightbox=\"\" data-title=\"\" data-description=\"\">\t\t\t\t\t\t\t\t\t\t<img loading=\"lazy\" decoding=\"async\" src=\"https:\/\/www.autolift.info\/wp-content\/uploads\/2024\/01\/Sonder-drehhebeanlagen-autolift.jpg\" alt=\" - \" width=\"800\" height=\"600\" style=\"width:800px; height:600px;\" title=\" - \" \/>\t\t\t\t\t\t\t\t<\/li>\t\t\t\t\t\t\t\t\t\t\t\t<\/ul>     <\/div>\n<p>[\/et_pb_text][\/et_pb_column][\/et_pb_row][\/et_pb_section]<\/p>\n","protected":false},"excerpt":{"rendered":"<p>Rozwi\u0105zania dostosowane do indywidualnych potrzebNasz asortyment obrotowych system\u00f3w podnosz\u0105cych rozwija\u0142 si\u0119 przez kilka lat i odzwierciedla typowe wymagania przemys\u0142owe. Jednak ze wzgl\u0119du na nasze zaanga\u017cowanie na ca\u0142ym \u015bwiecie, stale spotykamy si\u0119 ze specjalnymi przypadkami o odmiennych wymaganiach. Na przyk\u0142ad mo\u017ce si\u0119 zdarzy\u0107, \u017ce stosunkowo mocne nap\u0119dy obrotowe musz\u0105 by\u0107 po\u0142\u0105czone ze stosunkowo &#8222;ma\u0142ymi&#8221; kolumnami podnosz\u0105cymi. [&hellip;]<\/p>\n","protected":false},"author":1,"featured_media":0,"parent":248979,"menu_order":1,"comment_status":"closed","ping_status":"closed","template":"","meta":{"_et_pb_use_builder":"on","_et_pb_old_content":"","_et_gb_content_width":"","footnotes":""},"class_list":["post-249003","page","type-page","status-publish","hentry"],"_links":{"self":[{"href":"https:\/\/www.autolift.info\/pl\/wp-json\/wp\/v2\/pages\/249003","targetHints":{"allow":["GET"]}}],"collection":[{"href":"https:\/\/www.autolift.info\/pl\/wp-json\/wp\/v2\/pages"}],"about":[{"href":"https:\/\/www.autolift.info\/pl\/wp-json\/wp\/v2\/types\/page"}],"author":[{"embeddable":true,"href":"https:\/\/www.autolift.info\/pl\/wp-json\/wp\/v2\/users\/1"}],"replies":[{"embeddable":true,"href":"https:\/\/www.autolift.info\/pl\/wp-json\/wp\/v2\/comments?post=249003"}],"version-history":[{"count":6,"href":"https:\/\/www.autolift.info\/pl\/wp-json\/wp\/v2\/pages\/249003\/revisions"}],"predecessor-version":[{"id":249009,"href":"https:\/\/www.autolift.info\/pl\/wp-json\/wp\/v2\/pages\/249003\/revisions\/249009"}],"up":[{"embeddable":true,"href":"https:\/\/www.autolift.info\/pl\/wp-json\/wp\/v2\/pages\/248979"}],"wp:attachment":[{"href":"https:\/\/www.autolift.info\/pl\/wp-json\/wp\/v2\/media?parent=249003"}],"curies":[{"name":"wp","href":"https:\/\/api.w.org\/{rel}","templated":true}]}}