{"id":248979,"date":"2024-02-12T10:03:15","date_gmt":"2024-02-12T09:03:15","guid":{"rendered":"https:\/\/www.autolift.info\/produkty\/przemyst-obrotowe-systemy-podnoszenia\/"},"modified":"2024-04-18T12:18:11","modified_gmt":"2024-04-18T10:18:11","slug":"przemyst-obrotowe-systemy-podnoszenia","status":"publish","type":"page","link":"https:\/\/www.autolift.info\/pl\/produkty\/przemyst-obrotowe-systemy-podnoszenia\/","title":{"rendered":"Przemyst\/Obrotowe systemy podnoszenia"},"content":{"rendered":"<p>[et_pb_section fb_built=&#8221;1&#8243; _builder_version=&#8221;4.24.0&#8243; _module_preset=&#8221;default&#8221; background_color=&#8221;gcid-1e316c67-09f0-49b6-a876-cbbe87afea32&#8243; background_image=&#8221;https:\/\/www.autolift.info\/wp-content\/uploads\/2024\/01\/DHA-Slider.jpg&#8221; height=&#8221;600px&#8221; custom_padding=&#8221;256px||256px||true|false&#8221; locked=&#8221;off&#8221; global_colors_info=&#8221;{%22gcid-1e316c67-09f0-49b6-a876-cbbe87afea32%22:%91%22background_color%22%93}&#8221;][\/et_pb_section][et_pb_section fb_built=&#8221;1&#8243; _builder_version=&#8221;4.16&#8243; _module_preset=&#8221;default&#8221; background_color=&#8221;RGBA(0,0,0,0)&#8221; custom_padding=&#8221;0px||||false|false&#8221; locked=&#8221;off&#8221; global_colors_info=&#8221;{}&#8221;][et_pb_row use_custom_gutter=&#8221;on&#8221; gutter_width=&#8221;1&#8243; _builder_version=&#8221;4.16&#8243; _module_preset=&#8221;default&#8221; background_color=&#8221;#FFFFFF&#8221; module_alignment=&#8221;center&#8221; min_height=&#8221;114px&#8221; custom_margin=&#8221;-90px||||false|false&#8221; custom_padding=&#8221;0px||||false|true&#8221; animation_direction=&#8221;bottom&#8221; custom_css_main_element=&#8221;z-index:10;&#8221; global_colors_info=&#8221;{}&#8221;][et_pb_column type=&#8221;4_4&#8243; _builder_version=&#8221;4.16&#8243; _module_preset=&#8221;default&#8221; global_colors_info=&#8221;{}&#8221;][et_pb_text admin_label=&#8221;Mobile Hebeb\u00f6cke&#8221; module_class=&#8221;ime-pattern-rot&#8221; _builder_version=&#8221;4.16&#8243; _module_preset=&#8221;default&#8221; text_font=&#8221;||||||||&#8221; header_font=&#8221;||||||||&#8221; header_text_color=&#8221;gcid-01af1b29-4bf7-44fe-a473-50909a3a5b27&#8243; header_2_font=&#8221;|800||on|||||&#8221; header_2_text_color=&#8221;gcid-4ebc9de5-e061-4b45-94a8-080fa0de0610&#8243; header_2_font_size=&#8221;40px&#8221; header_3_font=&#8221;|700||on|||||&#8221; header_3_font_size=&#8221;40px&#8221; background_size=&#8221;initial&#8221; background_repeat=&#8221;repeat&#8221; background_blend=&#8221;difference&#8221; custom_padding=&#8221;25px||15px|30px|false|false&#8221; header_2_font_size_tablet=&#8221;30px&#8221; header_2_font_size_phone=&#8221;24px&#8221; header_2_font_size_last_edited=&#8221;on|desktop&#8221; global_colors_info=&#8221;{%22gcid-7df05597-327a-4e7a-9bc4-7a2456ed480c%22:%91%93,%22gcid-01af1b29-4bf7-44fe-a473-50909a3a5b27%22:%91%22header_text_color%22%93,%22gcid-4ebc9de5-e061-4b45-94a8-080fa0de0610%22:%91%22header_2_text_color%22%93,%22gcid-07156617-efbb-4c8c-80ba-1d2279245b1d%22:%91%93}&#8221;]<\/p>\n<h2>Przemyst\/Obrotowe systemy podnoszenia<\/h2>\n<p>[\/et_pb_text][\/et_pb_column][\/et_pb_row][et_pb_row _builder_version=&#8221;4.16&#8243; _module_preset=&#8221;default&#8221; background_color=&#8221;#FFFFFF&#8221; custom_padding=&#8221;|30px||30px|false|true&#8221; locked=&#8221;off&#8221; global_colors_info=&#8221;{}&#8221;][et_pb_column type=&#8221;4_4&#8243; _builder_version=&#8221;4.16&#8243; _module_preset=&#8221;default&#8221; global_colors_info=&#8221;{}&#8221;][et_pb_text admin_label=&#8221;Mobile Hebeb\u00f6cke sind die einfachste Art&#8221; _builder_version=&#8221;4.16&#8243; _module_preset=&#8221;default&#8221; global_colors_info=&#8221;{}&#8221;]<\/p>\n<p>Obrotowe systemy podnosz\u0105ce s\u0105 wykorzystywane w wielu obszarach poza sektorem pojazd\u00f3w szynowych.<\/p>\n<p>Szerok\u0105 gam\u0119 system\u00f3w mo\u017cna znale\u017a\u0107 w budowie pojazd\u00f3w lub instalacji, w przemy\u015ble obronnym, w budowie d\u017awig\u00f3w lub w innej produkcji przemys\u0142owej du\u017cych element\u00f3w stalowych. Innymi s\u0142owy, wsz\u0119dzie tam, gdzie elementy obrabiane musz\u0105 by\u0107 obracane na ergonomicznej wysoko\u015bci, aby mo\u017cna je by\u0142o obrabia\u0107 ze wszystkich stron.  Poniewa\u017c cz\u0119sto wi\u0105\u017ce si\u0119 to z pracami spawalniczymi, systemy te s\u0105 cz\u0119sto nazywane manipulatorami spawalniczymi.<\/p>\n<p>W zale\u017cno\u015bci od liczby stopni swobody rozr\u00f3\u017cniamy:<\/p>\n<p>[\/et_pb_text][\/et_pb_column][\/et_pb_row][et_pb_row _builder_version=&#8221;4.16&#8243; _module_preset=&#8221;default&#8221; custom_padding=&#8221;|30px||30px|false|false&#8221; global_colors_info=&#8221;{}&#8221;][et_pb_column type=&#8221;4_4&#8243; _builder_version=&#8221;4.16&#8243; _module_preset=&#8221;default&#8221; global_colors_info=&#8221;{}&#8221;][et_pb_text disabled_on=&#8221;off|off|off&#8221; admin_label=&#8221;Schienenfahrzeugtypen&#8221; _builder_version=&#8221;4.24.0&#8243; _module_preset=&#8221;default&#8221; min_height=&#8221;40px&#8221; custom_margin=&#8221;||0px||false|false&#8221; custom_padding=&#8221;||0px||false|false&#8221; global_colors_info=&#8221;{}&#8221;]<\/p>\n<h1>OBROTOWE SYSTEMY PODNOSZENIA<\/h1>\n<p>[\/et_pb_text][et_pb_blurb url=&#8221;https:\/\/www.autolift.info\/produkte\/industrie-drehhebeanlagen\/1-achsige-drehanlagen\/&#8221; use_icon=&#8221;on&#8221; font_icon=&#8221;&#x24;||divi||400&#8243; icon_color=&#8221;gcid-1e316c67-09f0-49b6-a876-cbbe87afea32&#8243; image_icon_background_color=&#8221;#FFFFFF&#8221; icon_placement=&#8221;left&#8221; image_icon_width=&#8221;15px&#8221; content_max_width=&#8221;100%&#8221; admin_label=&#8221;Hebeb\u00f6cke f\u00fcr Stra\u00dfenbahnen&#8221; module_class=&#8221;blurb-produkte&#8221; _builder_version=&#8221;4.24.0&#8243; _module_preset=&#8221;default&#8221; image_icon_custom_padding=&#8221;8px|8px|8px|8px|false|false&#8221; custom_margin=&#8221;0px||8px||false|false&#8221; custom_padding=&#8221;||||false|false&#8221; animation=&#8221;off&#8221; link_option_url=&#8221;https:\/\/www.autolift.info\/produkte\/industrie-drehhebeanlagen\/1-achsige-drehanlagen\/&#8221; border_radii_image=&#8221;on|100%|100%|100%|100%&#8221; border_width_all_image=&#8221;2px&#8221; border_color_all_image=&#8221;gcid-1e316c67-09f0-49b6-a876-cbbe87afea32&#8243; icon_font_size=&#8221;15px&#8221; use_circle=&#8221;on&#8221; use_circle_border=&#8221;on&#8221; circle_border_color=&#8221;gcid-1e316c67-09f0-49b6-a876-cbbe87afea32&#8243; circle_color=&#8221;#FFFFFF&#8221; global_colors_info=&#8221;{%22gcid-1e316c67-09f0-49b6-a876-cbbe87afea32%22:%91%22icon_color%22,%22circle_border_color%22,%22icon_color%22,%22circle_border_color%22%93}&#8221; image_icon_background_color__sticky_enabled=&#8221;#7EBEC5&#8243; image_icon_background_color__sticky=&#8221;#7EBEC5&#8243;]<\/p>\n<p>1-osiowe systemy obrotowe<\/p>\n<p>[\/et_pb_blurb][et_pb_blurb url=&#8221;https:\/\/www.autolift.info\/produkte\/industrie-drehhebeanlagen\/2-achsige-drehhebeanlagen\/&#8221; use_icon=&#8221;on&#8221; font_icon=&#8221;&#x24;||divi||400&#8243; icon_color=&#8221;gcid-1e316c67-09f0-49b6-a876-cbbe87afea32&#8243; image_icon_background_color=&#8221;#FFFFFF&#8221; icon_placement=&#8221;left&#8221; image_icon_width=&#8221;15px&#8221; content_max_width=&#8221;100%&#8221; admin_label=&#8221;Kabellos Gesteuerte Hebebockanlagen&#8221; module_class=&#8221;blurb-produkte&#8221; _builder_version=&#8221;4.24.0&#8243; _module_preset=&#8221;default&#8221; image_icon_custom_padding=&#8221;8px|8px|8px|8px|false|false&#8221; custom_margin=&#8221;0px||8px||false|false&#8221; custom_padding=&#8221;||||false|false&#8221; animation=&#8221;off&#8221; link_option_url=&#8221;https:\/\/www.autolift.info\/produkte\/industrie-drehhebeanlagen\/2-achsige-drehhebeanlagen\/&#8221; border_radii_image=&#8221;on|100%|100%|100%|100%&#8221; border_width_all_image=&#8221;2px&#8221; border_color_all_image=&#8221;gcid-1e316c67-09f0-49b6-a876-cbbe87afea32&#8243; icon_font_size=&#8221;15px&#8221; use_circle=&#8221;on&#8221; use_circle_border=&#8221;on&#8221; circle_border_color=&#8221;gcid-1e316c67-09f0-49b6-a876-cbbe87afea32&#8243; circle_color=&#8221;#FFFFFF&#8221; global_colors_info=&#8221;{%22gcid-1e316c67-09f0-49b6-a876-cbbe87afea32%22:%91%22icon_color%22,%22circle_border_color%22,%22icon_color%22,%22circle_border_color%22,%22icon_color%22,%22circle_border_color%22%93}&#8221; image_icon_background_color__sticky_enabled=&#8221;#7EBEC5&#8243; image_icon_background_color__sticky=&#8221;#7EBEC5&#8243;]<\/p>\n<p>2-osiowe podno\u015bniki obrotowe<\/p>\n<p>[\/et_pb_blurb][et_pb_blurb url=&#8221;https:\/\/www.autolift.info\/produkte\/industrie-drehhebeanlagen\/3-achsige-drehhebeanlagen\/&#8221; use_icon=&#8221;on&#8221; font_icon=&#8221;&#x24;||divi||400&#8243; icon_color=&#8221;gcid-1e316c67-09f0-49b6-a876-cbbe87afea32&#8243; image_icon_background_color=&#8221;#FFFFFF&#8221; icon_placement=&#8221;left&#8221; image_icon_width=&#8221;15px&#8221; content_max_width=&#8221;100%&#8221; admin_label=&#8221;Hebeb\u00f6cke f\u00fcr U- Bahnen&#8221; module_class=&#8221;blurb-produkte&#8221; _builder_version=&#8221;4.24.0&#8243; _module_preset=&#8221;default&#8221; image_icon_custom_padding=&#8221;8px|8px|8px|8px|false|false&#8221; custom_margin=&#8221;0px||8px||false|false&#8221; custom_padding=&#8221;||||false|false&#8221; animation=&#8221;off&#8221; link_option_url=&#8221;https:\/\/www.autolift.info\/produkte\/industrie-drehhebeanlagen\/3-achsige-drehhebeanlagen\/&#8221; border_radii_image=&#8221;on|100%|100%|100%|100%&#8221; border_width_all_image=&#8221;2px&#8221; border_color_all_image=&#8221;gcid-1e316c67-09f0-49b6-a876-cbbe87afea32&#8243; icon_font_size=&#8221;15px&#8221; use_circle=&#8221;on&#8221; use_circle_border=&#8221;on&#8221; circle_border_color=&#8221;gcid-1e316c67-09f0-49b6-a876-cbbe87afea32&#8243; circle_color=&#8221;#FFFFFF&#8221; global_colors_info=&#8221;{%22gcid-1e316c67-09f0-49b6-a876-cbbe87afea32%22:%91%22icon_color%22,%22circle_border_color%22,%22icon_color%22,%22circle_border_color%22,%22icon_color%22,%22circle_border_color%22,%22icon_color%22,%22circle_border_color%22%93}&#8221; image_icon_background_color__sticky_enabled=&#8221;#7EBEC5&#8243; image_icon_background_color__sticky=&#8221;#7EBEC5&#8243;]<\/p>\n<p>3-osiowe obrotowe systemy podnosz\u0105ce<\/p>\n<p>[\/et_pb_blurb][et_pb_blurb url=&#8221;https:\/\/www.autolift.info\/produkte\/industrie-drehhebeanlagen\/sonderloesungen\/&#8221; use_icon=&#8221;on&#8221; font_icon=&#8221;&#x24;||divi||400&#8243; icon_color=&#8221;gcid-1e316c67-09f0-49b6-a876-cbbe87afea32&#8243; image_icon_background_color=&#8221;#FFFFFF&#8221; icon_placement=&#8221;left&#8221; image_icon_width=&#8221;15px&#8221; content_max_width=&#8221;100%&#8221; admin_label=&#8221;Kabellose Master\/Slave Anlagen&#8221; module_class=&#8221;blurb-produkte&#8221; _builder_version=&#8221;4.24.0&#8243; _module_preset=&#8221;default&#8221; image_icon_custom_padding=&#8221;8px|8px|8px|8px|false|false&#8221; custom_margin=&#8221;0px||8px||false|false&#8221; custom_padding=&#8221;||||false|false&#8221; animation=&#8221;off&#8221; link_option_url=&#8221;https:\/\/www.autolift.info\/produkte\/industrie-drehhebeanlagen\/sonderloesungen\/&#8221; border_radii_image=&#8221;on|100%|100%|100%|100%&#8221; border_width_all_image=&#8221;2px&#8221; border_color_all_image=&#8221;gcid-1e316c67-09f0-49b6-a876-cbbe87afea32&#8243; icon_font_size=&#8221;15px&#8221; use_circle=&#8221;on&#8221; use_circle_border=&#8221;on&#8221; circle_border_color=&#8221;gcid-1e316c67-09f0-49b6-a876-cbbe87afea32&#8243; circle_color=&#8221;#FFFFFF&#8221; global_colors_info=&#8221;{%22gcid-1e316c67-09f0-49b6-a876-cbbe87afea32%22:%91%22icon_color%22,%22circle_border_color%22,%22icon_color%22,%22circle_border_color%22,%22icon_color%22,%22circle_border_color%22,%22icon_color%22,%22circle_border_color%22%93}&#8221; image_icon_background_color__sticky_enabled=&#8221;#7EBEC5&#8243; image_icon_background_color__sticky=&#8221;#7EBEC5&#8243;]<\/p>\n<p>Rozwi\u0105zania dostosowane do indywidualnych potrzeb<\/p>\n<p>[\/et_pb_blurb][\/et_pb_column][\/et_pb_row][et_pb_row _builder_version=&#8221;4.16&#8243; _module_preset=&#8221;default&#8221; custom_padding=&#8221;|30px||30px|false|false&#8221; global_colors_info=&#8221;{}&#8221;][et_pb_column type=&#8221;4_4&#8243; _builder_version=&#8221;4.16&#8243; _module_preset=&#8221;default&#8221; global_colors_info=&#8221;{}&#8221;][et_pb_text disabled_on=&#8221;off|off|off&#8221; admin_label=&#8221;Schienenfahrzeugtypen&#8221; _builder_version=&#8221;4.16&#8243; _module_preset=&#8221;default&#8221; min_height=&#8221;40px&#8221; custom_margin=&#8221;||0px||false|false&#8221; custom_padding=&#8221;||0px||false|false&#8221; global_colors_info=&#8221;{}&#8221;]<\/p>\n<h1>Pobieranie<\/h1>\n<p>[\/et_pb_text][et_pb_blurb url=&#8221;https:\/\/www.autolift.info\/wp-content\/uploads\/2024\/04\/Technische-Werte-1-achsige-Drehanlage-pl-Standard-Version.pdf&#8221; use_icon=&#8221;on&#8221; font_icon=&#8221;&#x24;||divi||400&#8243; icon_color=&#8221;gcid-1e316c67-09f0-49b6-a876-cbbe87afea32&#8243; image_icon_background_color=&#8221;#FFFFFF&#8221; icon_placement=&#8221;left&#8221; image_icon_width=&#8221;15px&#8221; content_max_width=&#8221;100%&#8221; admin_label=&#8221;Hebeb\u00f6cke f\u00fcr Stra\u00dfenbahnen&#8221; module_class=&#8221;blurb-produkte&#8221; _builder_version=&#8221;4.24.3&#8243; _module_preset=&#8221;default&#8221; image_icon_custom_padding=&#8221;8px|8px|8px|8px|false|false&#8221; custom_margin=&#8221;0px||8px||false|false&#8221; custom_padding=&#8221;||||false|false&#8221; animation=&#8221;off&#8221; link_option_url=&#8221;https:\/\/www.autolift.info\/wp-content\/uploads\/2024\/04\/Technische-Werte-1-achsige-Drehanlage-pl-Standard-Version.pdf&#8221; border_radii_image=&#8221;on|100%|100%|100%|100%&#8221; border_width_all_image=&#8221;2px&#8221; border_color_all_image=&#8221;gcid-1e316c67-09f0-49b6-a876-cbbe87afea32&#8243; icon_font_size=&#8221;15px&#8221; use_circle=&#8221;on&#8221; use_circle_border=&#8221;on&#8221; circle_border_color=&#8221;gcid-1e316c67-09f0-49b6-a876-cbbe87afea32&#8243; circle_color=&#8221;#FFFFFF&#8221; global_colors_info=&#8221;{%22gcid-1e316c67-09f0-49b6-a876-cbbe87afea32%22:%91%22icon_color%22,%22circle_border_color%22,%22icon_color%22,%22circle_border_color%22,%22icon_color%22,%22circle_border_color%22,%22icon_color%22,%22circle_border_color%22%93}&#8221; image_icon_background_color__sticky_enabled=&#8221;#7EBEC5&#8243; image_icon_background_color__sticky=&#8221;#7EBEC5&#8243;]<\/p>\n<p>1-osiowe systemy obrotowe, Przegl\u0105d warto\u015bci technicznych<\/p>\n<p>[\/et_pb_blurb][et_pb_blurb use_icon=&#8221;on&#8221; font_icon=&#8221;&#x24;||divi||400&#8243; icon_color=&#8221;gcid-1e316c67-09f0-49b6-a876-cbbe87afea32&#8243; image_icon_background_color=&#8221;#FFFFFF&#8221; icon_placement=&#8221;left&#8221; image_icon_width=&#8221;15px&#8221; content_max_width=&#8221;100%&#8221; admin_label=&#8221;Kabellos Gesteuerte Hebebockanlagen&#8221; module_class=&#8221;blurb-produkte&#8221; _builder_version=&#8221;4.24.3&#8243; _module_preset=&#8221;default&#8221; image_icon_custom_padding=&#8221;8px|8px|8px|8px|false|false&#8221; custom_margin=&#8221;0px||8px||false|false&#8221; custom_padding=&#8221;||||false|false&#8221; animation=&#8221;off&#8221; hover_enabled=&#8221;0&#8243; border_radii_image=&#8221;on|100%|100%|100%|100%&#8221; border_width_all_image=&#8221;2px&#8221; border_color_all_image=&#8221;gcid-1e316c67-09f0-49b6-a876-cbbe87afea32&#8243; icon_font_size=&#8221;15px&#8221; use_circle=&#8221;on&#8221; use_circle_border=&#8221;on&#8221; circle_border_color=&#8221;gcid-1e316c67-09f0-49b6-a876-cbbe87afea32&#8243; circle_color=&#8221;#FFFFFF&#8221; global_colors_info=&#8221;{%22gcid-1e316c67-09f0-49b6-a876-cbbe87afea32%22:%91%22icon_color%22,%22circle_border_color%22,%22icon_color%22,%22circle_border_color%22,%22icon_color%22,%22circle_border_color%22%93}&#8221; image_icon_background_color__sticky_enabled=&#8221;#7EBEC5&#8243; image_icon_background_color__sticky=&#8221;#7EBEC5&#8243; url=&#8221;https:\/\/www.autolift.info\/wp-content\/uploads\/2024\/04\/Technische-Werte-2-achsige-Drehanlage-pl-Standard-Version.pdf&#8221; link_option_url=&#8221;https:\/\/www.autolift.info\/wp-content\/uploads\/2024\/04\/Technische-Werte-2-achsige-Drehanlage-pl-Standard-Version.pdf&#8221; sticky_enabled=&#8221;0&#8243;]<\/p>\n<p>2-osiowe systemy obrotowe, Przegl\u0105d warto\u015bci technicznych<\/p>\n<p>[\/et_pb_blurb][et_pb_blurb use_icon=&#8221;on&#8221; font_icon=&#8221;&#x24;||divi||400&#8243; icon_color=&#8221;gcid-1e316c67-09f0-49b6-a876-cbbe87afea32&#8243; image_icon_background_color=&#8221;#FFFFFF&#8221; icon_placement=&#8221;left&#8221; image_icon_width=&#8221;15px&#8221; content_max_width=&#8221;100%&#8221; admin_label=&#8221;Kabellos Gesteuerte Hebebockanlagen&#8221; module_class=&#8221;blurb-produkte&#8221; _builder_version=&#8221;4.24.0&#8243; _module_preset=&#8221;default&#8221; image_icon_custom_padding=&#8221;8px|8px|8px|8px|false|false&#8221; custom_margin=&#8221;0px||8px||false|false&#8221; custom_padding=&#8221;||||false|false&#8221; animation=&#8221;off&#8221; border_radii_image=&#8221;on|100%|100%|100%|100%&#8221; border_width_all_image=&#8221;2px&#8221; border_color_all_image=&#8221;gcid-1e316c67-09f0-49b6-a876-cbbe87afea32&#8243; icon_font_size=&#8221;15px&#8221; use_circle=&#8221;on&#8221; use_circle_border=&#8221;on&#8221; circle_border_color=&#8221;gcid-1e316c67-09f0-49b6-a876-cbbe87afea32&#8243; circle_color=&#8221;#FFFFFF&#8221; global_colors_info=&#8221;{%22gcid-1e316c67-09f0-49b6-a876-cbbe87afea32%22:%91%22icon_color%22,%22circle_border_color%22,%22icon_color%22,%22circle_border_color%22,%22icon_color%22,%22circle_border_color%22%93}&#8221; image_icon_background_color__sticky_enabled=&#8221;#7EBEC5&#8243; image_icon_background_color__sticky=&#8221;#7EBEC5&#8243;]<\/p>\n<p>2-osiowe systemy obrotowe, ESH 0221 DV2_001<\/p>\n<p>[\/et_pb_blurb][et_pb_blurb use_icon=&#8221;on&#8221; font_icon=&#8221;&#x24;||divi||400&#8243; icon_color=&#8221;gcid-1e316c67-09f0-49b6-a876-cbbe87afea32&#8243; image_icon_background_color=&#8221;#FFFFFF&#8221; icon_placement=&#8221;left&#8221; image_icon_width=&#8221;15px&#8221; content_max_width=&#8221;100%&#8221; admin_label=&#8221;Kabellos Gesteuerte Hebebockanlagen&#8221; module_class=&#8221;blurb-produkte&#8221; _builder_version=&#8221;4.24.0&#8243; _module_preset=&#8221;default&#8221; image_icon_custom_padding=&#8221;8px|8px|8px|8px|false|false&#8221; custom_margin=&#8221;0px||8px||false|false&#8221; custom_padding=&#8221;||||false|false&#8221; animation=&#8221;off&#8221; border_radii_image=&#8221;on|100%|100%|100%|100%&#8221; border_width_all_image=&#8221;2px&#8221; border_color_all_image=&#8221;gcid-1e316c67-09f0-49b6-a876-cbbe87afea32&#8243; icon_font_size=&#8221;15px&#8221; use_circle=&#8221;on&#8221; use_circle_border=&#8221;on&#8221; circle_border_color=&#8221;gcid-1e316c67-09f0-49b6-a876-cbbe87afea32&#8243; circle_color=&#8221;#FFFFFF&#8221; global_colors_info=&#8221;{%22gcid-1e316c67-09f0-49b6-a876-cbbe87afea32%22:%91%22icon_color%22,%22circle_border_color%22,%22icon_color%22,%22circle_border_color%22,%22icon_color%22,%22circle_border_color%22%93}&#8221; image_icon_background_color__sticky_enabled=&#8221;#7EBEC5&#8243; image_icon_background_color__sticky=&#8221;#7EBEC5&#8243;]<\/p>\n<p>2-osiowe systemy obrotowe, ESH 0421 DV3_001<\/p>\n<p>[\/et_pb_blurb][et_pb_blurb use_icon=&#8221;on&#8221; font_icon=&#8221;&#x24;||divi||400&#8243; icon_color=&#8221;gcid-1e316c67-09f0-49b6-a876-cbbe87afea32&#8243; image_icon_background_color=&#8221;#FFFFFF&#8221; icon_placement=&#8221;left&#8221; image_icon_width=&#8221;15px&#8221; content_max_width=&#8221;100%&#8221; admin_label=&#8221;Hebeb\u00f6cke f\u00fcr U- Bahnen&#8221; module_class=&#8221;blurb-produkte&#8221; _builder_version=&#8221;4.24.3&#8243; _module_preset=&#8221;default&#8221; image_icon_custom_padding=&#8221;8px|8px|8px|8px|false|false&#8221; custom_margin=&#8221;0px||8px||false|false&#8221; custom_padding=&#8221;||||false|false&#8221; animation=&#8221;off&#8221; hover_enabled=&#8221;0&#8243; border_radii_image=&#8221;on|100%|100%|100%|100%&#8221; border_width_all_image=&#8221;2px&#8221; border_color_all_image=&#8221;gcid-1e316c67-09f0-49b6-a876-cbbe87afea32&#8243; icon_font_size=&#8221;15px&#8221; use_circle=&#8221;on&#8221; use_circle_border=&#8221;on&#8221; circle_border_color=&#8221;gcid-1e316c67-09f0-49b6-a876-cbbe87afea32&#8243; circle_color=&#8221;#FFFFFF&#8221; global_colors_info=&#8221;{%22gcid-1e316c67-09f0-49b6-a876-cbbe87afea32%22:%91%22icon_color%22,%22circle_border_color%22,%22icon_color%22,%22circle_border_color%22,%22icon_color%22,%22circle_border_color%22,%22icon_color%22,%22circle_border_color%22%93}&#8221; image_icon_background_color__sticky_enabled=&#8221;#7EBEC5&#8243; image_icon_background_color__sticky=&#8221;#7EBEC5&#8243; url=&#8221;https:\/\/www.autolift.info\/wp-content\/uploads\/2024\/04\/Technische-Werte-3-achsige-Drehanlage-pl-Standard-Version.pdf&#8221; link_option_url=&#8221;https:\/\/www.autolift.info\/wp-content\/uploads\/2024\/04\/Technische-Werte-3-achsige-Drehanlage-pl-Standard-Version.pdf&#8221; sticky_enabled=&#8221;0&#8243;]<\/p>\n<p>3-osiowe systemy obrotowe, Przegl\u0105d warto\u015bci technicznych<\/p>\n<p>[\/et_pb_blurb][\/et_pb_column][\/et_pb_row][\/et_pb_section]<\/p>\n","protected":false},"excerpt":{"rendered":"<p>Przemyst\/Obrotowe systemy podnoszeniaObrotowe systemy podnosz\u0105ce s\u0105 wykorzystywane w wielu obszarach poza sektorem pojazd\u00f3w szynowych. Szerok\u0105 gam\u0119 system\u00f3w mo\u017cna znale\u017a\u0107 w budowie pojazd\u00f3w lub instalacji, w przemy\u015ble obronnym, w budowie d\u017awig\u00f3w lub w innej produkcji przemys\u0142owej du\u017cych element\u00f3w stalowych. Innymi s\u0142owy, wsz\u0119dzie tam, gdzie elementy obrabiane musz\u0105 by\u0107 obracane na ergonomicznej wysoko\u015bci, aby mo\u017cna je by\u0142o [&hellip;]<\/p>\n","protected":false},"author":1,"featured_media":0,"parent":248068,"menu_order":10,"comment_status":"closed","ping_status":"closed","template":"","meta":{"_et_pb_use_builder":"on","_et_pb_old_content":"","_et_gb_content_width":"","footnotes":""},"class_list":["post-248979","page","type-page","status-publish","hentry"],"_links":{"self":[{"href":"https:\/\/www.autolift.info\/pl\/wp-json\/wp\/v2\/pages\/248979","targetHints":{"allow":["GET"]}}],"collection":[{"href":"https:\/\/www.autolift.info\/pl\/wp-json\/wp\/v2\/pages"}],"about":[{"href":"https:\/\/www.autolift.info\/pl\/wp-json\/wp\/v2\/types\/page"}],"author":[{"embeddable":true,"href":"https:\/\/www.autolift.info\/pl\/wp-json\/wp\/v2\/users\/1"}],"replies":[{"embeddable":true,"href":"https:\/\/www.autolift.info\/pl\/wp-json\/wp\/v2\/comments?post=248979"}],"version-history":[{"count":5,"href":"https:\/\/www.autolift.info\/pl\/wp-json\/wp\/v2\/pages\/248979\/revisions"}],"predecessor-version":[{"id":249449,"href":"https:\/\/www.autolift.info\/pl\/wp-json\/wp\/v2\/pages\/248979\/revisions\/249449"}],"up":[{"embeddable":true,"href":"https:\/\/www.autolift.info\/pl\/wp-json\/wp\/v2\/pages\/248068"}],"wp:attachment":[{"href":"https:\/\/www.autolift.info\/pl\/wp-json\/wp\/v2\/media?parent=248979"}],"curies":[{"name":"wp","href":"https:\/\/api.w.org\/{rel}","templated":true}]}}