{"id":248084,"date":"2023-06-29T09:40:32","date_gmt":"2023-06-29T07:40:32","guid":{"rendered":"https:\/\/www.autolift.info\/produkty\/shunter\/"},"modified":"2023-06-29T09:40:36","modified_gmt":"2023-06-29T07:40:36","slug":"shunter","status":"publish","type":"page","link":"https:\/\/www.autolift.info\/pl\/produkty\/shunter\/","title":{"rendered":"Shunter"},"content":{"rendered":"<p>[et_pb_section fb_built=&#8221;1&#8243; _builder_version=&#8221;4.20.2&#8243; _module_preset=&#8221;default&#8221; background_color=&#8221;gcid-1e316c67-09f0-49b6-a876-cbbe87afea32&#8243; background_image=&#8221;https:\/\/www.autolift.info\/wp-content\/uploads\/2023\/03\/shunter-autolift.jpg&#8221; height=&#8221;600px&#8221; custom_padding=&#8221;256px||256px||true|false&#8221; locked=&#8221;off&#8221; global_colors_info=&#8221;{%22gcid-1e316c67-09f0-49b6-a876-cbbe87afea32%22:%91%22background_color%22%93}&#8221;][\/et_pb_section][et_pb_section fb_built=&#8221;1&#8243; _builder_version=&#8221;4.16&#8243; _module_preset=&#8221;default&#8221; background_color=&#8221;RGBA(0,0,0,0)&#8221; custom_padding=&#8221;0px||||false|false&#8221; locked=&#8221;off&#8221; global_colors_info=&#8221;{}&#8221;][et_pb_row use_custom_gutter=&#8221;on&#8221; gutter_width=&#8221;1&#8243; _builder_version=&#8221;4.16&#8243; _module_preset=&#8221;default&#8221; background_color=&#8221;#FFFFFF&#8221; module_alignment=&#8221;center&#8221; min_height=&#8221;114px&#8221; custom_margin=&#8221;-90px||||false|false&#8221; custom_padding=&#8221;0px||||false|true&#8221; animation_direction=&#8221;bottom&#8221; custom_css_main_element=&#8221;z-index:10;&#8221; global_colors_info=&#8221;{}&#8221;][et_pb_column type=&#8221;4_4&#8243; _builder_version=&#8221;4.16&#8243; _module_preset=&#8221;default&#8221; global_colors_info=&#8221;{}&#8221;][et_pb_text admin_label=&#8221;Mobile Hebeb\u00f6cke&#8221; module_class=&#8221;ime-pattern-rot&#8221; _builder_version=&#8221;4.16&#8243; _module_preset=&#8221;default&#8221; text_font=&#8221;||||||||&#8221; header_font=&#8221;||||||||&#8221; header_text_color=&#8221;gcid-01af1b29-4bf7-44fe-a473-50909a3a5b27&#8243; header_2_font=&#8221;|800||on|||||&#8221; header_2_text_color=&#8221;gcid-4ebc9de5-e061-4b45-94a8-080fa0de0610&#8243; header_2_font_size=&#8221;40px&#8221; header_3_font=&#8221;|700||on|||||&#8221; header_3_font_size=&#8221;40px&#8221; background_size=&#8221;initial&#8221; background_repeat=&#8221;repeat&#8221; background_blend=&#8221;difference&#8221; custom_padding=&#8221;25px||15px|30px|false|false&#8221; header_2_font_size_tablet=&#8221;30px&#8221; header_2_font_size_phone=&#8221;24px&#8221; header_2_font_size_last_edited=&#8221;on|desktop&#8221; global_colors_info=&#8221;{%22gcid-7df05597-327a-4e7a-9bc4-7a2456ed480c%22:%91%93,%22gcid-01af1b29-4bf7-44fe-a473-50909a3a5b27%22:%91%22header_text_color%22%93,%22gcid-4ebc9de5-e061-4b45-94a8-080fa0de0610%22:%91%22header_2_text_color%22%93,%22gcid-07156617-efbb-4c8c-80ba-1d2279245b1d%22:%91%93}&#8221;]<\/p>\n<h2>shunter<\/h2>\n<p>[\/et_pb_text][\/et_pb_column][\/et_pb_row][et_pb_row _builder_version=&#8221;4.16&#8243; _module_preset=&#8221;default&#8221; background_color=&#8221;#FFFFFF&#8221; custom_padding=&#8221;|30px||30px|false|true&#8221; locked=&#8221;off&#8221; global_colors_info=&#8221;{}&#8221;][et_pb_column type=&#8221;4_4&#8243; _builder_version=&#8221;4.16&#8243; _module_preset=&#8221;default&#8221; global_colors_info=&#8221;{}&#8221;][et_pb_text admin_label=&#8221;Mobile Hebeb\u00f6cke sind die einfachste Art&#8221; _builder_version=&#8221;4.20.2&#8243; _module_preset=&#8221;default&#8221; global_colors_info=&#8221;{}&#8221;]<\/p>\n<p>Pojazdy holownicze do pojazd\u00f3w szynowych, w krajach niemieckoj\u0119zycznych coraz cz\u0119\u015bciej nazywane r\u00f3wnie\u017c pojazdami manewrowymi, to samobie\u017cne, zdalnie sterowane pojazdy dwukierunkowe do manewrowania pojazdami szynowymi na stacji lub zajezdni.<\/p>\n<p>Autolift oferuje trzy niedrogie, ale niezwykle wydajne warianty zasilane bateryjnie w kompaktowej i modu\u0142owej konstrukcji.<\/p>\n<p>Ci\u0105gni\u0119cie lub pchanie odbywa si\u0119 za pomoc\u0105 ramienia \u0142adunkowego o regulowanej d\u0142ugo\u015bci i wysoko\u015bci, kt\u00f3re mo\u017cna wyposa\u017cy\u0107 w nast\u0119puj\u0105ce urz\u0105dzenia ci\u0105gn\u0105ce:<\/p>\n<p>&nbsp;<\/p>\n<ul>\n<li>Ucho \u0142adunkowe dla w\u00f3zk\u00f3w<\/li>\n<li>Mocowanie hakowe do lokomotyw, wagon\u00f3w osobowych i towarowych<\/li>\n<li>Nisko po\u0142o\u017cony sprz\u0119g do tramwaj\u00f3w<\/li>\n<li>Sprz\u0119g automatyczny do sk\u0142ad\u00f3w poci\u0105g\u00f3w<\/li>\n<\/ul>\n<p>[\/et_pb_text][\/et_pb_column][\/et_pb_row][et_pb_row _builder_version=&#8221;4.16&#8243; _module_preset=&#8221;default&#8221; custom_padding=&#8221;|30px|3px|30px|false|false&#8221; global_colors_info=&#8221;{}&#8221;][et_pb_column type=&#8221;4_4&#8243; _builder_version=&#8221;4.16&#8243; _module_preset=&#8221;default&#8221; global_colors_info=&#8221;{}&#8221;][et_pb_text admin_label=&#8221;Shunter Varianten&#8221; _builder_version=&#8221;4.20.2&#8243; _module_preset=&#8221;default&#8221; min_height=&#8221;40px&#8221; custom_margin=&#8221;||0px||false|false&#8221; custom_padding=&#8221;||0px||false|false&#8221; global_colors_info=&#8221;{}&#8221;]<\/p>\n<h1>Rodzaje lokomotyw manewrowych<\/h1>\n<p>[\/et_pb_text][\/et_pb_column][\/et_pb_row][et_pb_row column_structure=&#8221;1_2,1_2&#8243; _builder_version=&#8221;4.16&#8243; _module_preset=&#8221;default&#8221; custom_padding=&#8221;|30px||30px|false|false&#8221; global_colors_info=&#8221;{}&#8221;][et_pb_column type=&#8221;1_2&#8243; _builder_version=&#8221;4.16&#8243; _module_preset=&#8221;default&#8221; global_colors_info=&#8221;{}&#8221;][et_pb_blurb url=&#8221;https:\/\/www.autolift.info\/produkte\/shunter\/drehgestell-und-wagon-shunter-bis-50to\/&#8221; use_icon=&#8221;on&#8221; font_icon=&#8221;&#x24;||divi||400&#8243; icon_color=&#8221;gcid-1e316c67-09f0-49b6-a876-cbbe87afea32&#8243; image_icon_background_color=&#8221;#FFFFFF&#8221; icon_placement=&#8221;left&#8221; image_icon_width=&#8221;15px&#8221; content_max_width=&#8221;1100px&#8221; admin_label=&#8221;Drehgestell und Wagon-Shunter bis 50to&#8221; module_class=&#8221;blurb-produkte&#8221; _builder_version=&#8221;4.20.2&#8243; _module_preset=&#8221;default&#8221; image_icon_custom_padding=&#8221;8px|8px|8px|8px|false|false&#8221; custom_margin=&#8221;0px||8px||false|false&#8221; custom_padding=&#8221;||||false|false&#8221; animation=&#8221;off&#8221; link_option_url=&#8221;https:\/\/www.autolift.info\/produkte\/shunter\/drehgestell-und-wagon-shunter-bis-50to\/&#8221; hover_enabled=&#8221;0&#8243; border_radii_image=&#8221;on|100%|100%|100%|100%&#8221; border_width_all_image=&#8221;2px&#8221; border_color_all_image=&#8221;gcid-1e316c67-09f0-49b6-a876-cbbe87afea32&#8243; icon_font_size=&#8221;15px&#8221; use_circle=&#8221;on&#8221; use_circle_border=&#8221;on&#8221; circle_border_color=&#8221;gcid-1e316c67-09f0-49b6-a876-cbbe87afea32&#8243; circle_color=&#8221;#FFFFFF&#8221; global_colors_info=&#8221;{%22gcid-1e316c67-09f0-49b6-a876-cbbe87afea32%22:%91%22icon_color%22,%22circle_border_color%22,%22icon_color%22,%22circle_border_color%22%93}&#8221; image_icon_background_color__sticky_enabled=&#8221;#7EBEC5&#8243; image_icon_background_color__sticky=&#8221;#7EBEC5&#8243; sticky_enabled=&#8221;0&#8243;]<\/p>\n<p>DLA W\u00d3ZK\u00d3W WAGONOWYCH I WAGON\u00d3W DO 50 TON<\/p>\n<p>[\/et_pb_blurb][et_pb_blurb url=&#8221;https:\/\/www.autolift.info\/produkte\/shunter\/shunter-fuer-zuggarnituren-bis-150to\/&#8221; use_icon=&#8221;on&#8221; font_icon=&#8221;&#x24;||divi||400&#8243; icon_color=&#8221;gcid-1e316c67-09f0-49b6-a876-cbbe87afea32&#8243; image_icon_background_color=&#8221;#FFFFFF&#8221; icon_placement=&#8221;left&#8221; image_icon_width=&#8221;15px&#8221; content_max_width=&#8221;1100px&#8221; admin_label=&#8221;Shunter f\u00fcr Zuggarnituren bis 150to&#8221; module_class=&#8221;blurb-produkte&#8221; _builder_version=&#8221;4.20.2&#8243; _module_preset=&#8221;default&#8221; image_icon_custom_padding=&#8221;8px|8px|8px|8px|false|false&#8221; custom_margin=&#8221;0px||8px||false|false&#8221; animation=&#8221;off&#8221; link_option_url=&#8221;https:\/\/www.autolift.info\/produkte\/shunter\/shunter-fuer-zuggarnituren-bis-150to\/&#8221; border_radii_image=&#8221;on|100%|100%|100%|100%&#8221; border_width_all_image=&#8221;2px&#8221; border_color_all_image=&#8221;gcid-1e316c67-09f0-49b6-a876-cbbe87afea32&#8243; icon_font_size=&#8221;15px&#8221; use_circle=&#8221;on&#8221; use_circle_border=&#8221;on&#8221; circle_border_color=&#8221;gcid-1e316c67-09f0-49b6-a876-cbbe87afea32&#8243; circle_color=&#8221;#FFFFFF&#8221; global_colors_info=&#8221;{%22gcid-1e316c67-09f0-49b6-a876-cbbe87afea32%22:%91%22icon_color%22,%22circle_border_color%22,%22icon_color%22,%22circle_border_color%22%93}&#8221; image_icon_background_color__sticky_enabled=&#8221;#7EBEC5&#8243; image_icon_background_color__sticky=&#8221;#7EBEC5&#8243;]<\/p>\n<p>MANEWR\u00d3WKA DLA SK\u0141AD\u00d3W POCI\u0104G\u00d3W DO 150TO<\/p>\n<p>[\/et_pb_blurb][\/et_pb_column][et_pb_column type=&#8221;1_2&#8243; _builder_version=&#8221;4.16&#8243; _module_preset=&#8221;default&#8221; global_colors_info=&#8221;{}&#8221;][et_pb_blurb url=&#8221;https:\/\/www.autolift.info\/produkte\/shunter\/lokomotiv-und-wagon-shunter-bis-100to\/&#8221; use_icon=&#8221;on&#8221; font_icon=&#8221;&#x24;||divi||400&#8243; icon_color=&#8221;gcid-1e316c67-09f0-49b6-a876-cbbe87afea32&#8243; image_icon_background_color=&#8221;#FFFFFF&#8221; icon_placement=&#8221;left&#8221; image_icon_width=&#8221;15px&#8221; content_max_width=&#8221;1100px&#8221; admin_label=&#8221;Lokomotiv und Wagon Shunter bis 100to&#8221; module_class=&#8221;blurb-produkte&#8221; _builder_version=&#8221;4.20.2&#8243; _module_preset=&#8221;default&#8221; image_icon_custom_padding=&#8221;8px|8px|8px|8px|false|false&#8221; custom_margin=&#8221;0px||8px||false|false&#8221; animation=&#8221;off&#8221; link_option_url=&#8221;https:\/\/www.autolift.info\/produkte\/shunter\/lokomotiv-und-wagon-shunter-bis-100to\/&#8221; border_radii_image=&#8221;on|100%|100%|100%|100%&#8221; border_width_all_image=&#8221;2px&#8221; border_color_all_image=&#8221;gcid-1e316c67-09f0-49b6-a876-cbbe87afea32&#8243; icon_font_size=&#8221;15px&#8221; use_circle=&#8221;on&#8221; use_circle_border=&#8221;on&#8221; circle_border_color=&#8221;gcid-1e316c67-09f0-49b6-a876-cbbe87afea32&#8243; circle_color=&#8221;#FFFFFF&#8221; global_colors_info=&#8221;{%22gcid-1e316c67-09f0-49b6-a876-cbbe87afea32%22:%91%22icon_color%22,%22circle_border_color%22%93}&#8221; image_icon_background_color__sticky_enabled=&#8221;#7EBEC5&#8243; image_icon_background_color__sticky=&#8221;#7EBEC5&#8243;]<\/p>\n<p>MANEWROWANIE LOKOMOTYWAMI I WAGONAMI DO 100 TON<\/p>\n<p>[\/et_pb_blurb][\/et_pb_column][\/et_pb_row][\/et_pb_section]<\/p>\n","protected":false},"excerpt":{"rendered":"<p>shunterPojazdy holownicze do pojazd\u00f3w szynowych, w krajach niemieckoj\u0119zycznych coraz cz\u0119\u015bciej nazywane r\u00f3wnie\u017c pojazdami manewrowymi, to samobie\u017cne, zdalnie sterowane pojazdy dwukierunkowe do manewrowania pojazdami szynowymi na stacji lub zajezdni. Autolift oferuje trzy niedrogie, ale niezwykle wydajne warianty zasilane bateryjnie w kompaktowej i modu\u0142owej konstrukcji. Ci\u0105gni\u0119cie lub pchanie odbywa si\u0119 za pomoc\u0105 ramienia \u0142adunkowego o regulowanej d\u0142ugo\u015bci [&hellip;]<\/p>\n","protected":false},"author":1,"featured_media":0,"parent":248068,"menu_order":35,"comment_status":"closed","ping_status":"closed","template":"","meta":{"_et_pb_use_builder":"on","_et_pb_old_content":"","_et_gb_content_width":"","footnotes":""},"class_list":["post-248084","page","type-page","status-publish","hentry"],"_links":{"self":[{"href":"https:\/\/www.autolift.info\/pl\/wp-json\/wp\/v2\/pages\/248084","targetHints":{"allow":["GET"]}}],"collection":[{"href":"https:\/\/www.autolift.info\/pl\/wp-json\/wp\/v2\/pages"}],"about":[{"href":"https:\/\/www.autolift.info\/pl\/wp-json\/wp\/v2\/types\/page"}],"author":[{"embeddable":true,"href":"https:\/\/www.autolift.info\/pl\/wp-json\/wp\/v2\/users\/1"}],"replies":[{"embeddable":true,"href":"https:\/\/www.autolift.info\/pl\/wp-json\/wp\/v2\/comments?post=248084"}],"version-history":[{"count":6,"href":"https:\/\/www.autolift.info\/pl\/wp-json\/wp\/v2\/pages\/248084\/revisions"}],"predecessor-version":[{"id":248090,"href":"https:\/\/www.autolift.info\/pl\/wp-json\/wp\/v2\/pages\/248084\/revisions\/248090"}],"up":[{"embeddable":true,"href":"https:\/\/www.autolift.info\/pl\/wp-json\/wp\/v2\/pages\/248068"}],"wp:attachment":[{"href":"https:\/\/www.autolift.info\/pl\/wp-json\/wp\/v2\/media?parent=248084"}],"curies":[{"name":"wp","href":"https:\/\/api.w.org\/{rel}","templated":true}]}}