{"id":248077,"date":"2023-06-29T09:37:03","date_gmt":"2023-06-29T07:37:03","guid":{"rendered":"https:\/\/www.autolift.info\/mobilne-podnosniki-kolumnowe\/konstrukcje-specjalne\/"},"modified":"2023-06-29T09:37:05","modified_gmt":"2023-06-29T07:37:05","slug":"konstrukcje-specjalne","status":"publish","type":"page","link":"https:\/\/www.autolift.info\/pl\/produkty\/mobilne-podnosniki-kolumnowe\/konstrukcje-specjalne\/","title":{"rendered":"Konstrukcje specjalne"},"content":{"rendered":"<p>[et_pb_section fb_built=&#8221;1&#8243; admin_label=&#8221;hero&#8221; _builder_version=&#8221;4.9.4&#8243; _module_preset=&#8221;default&#8221; background_color=&#8221;#ECECEC&#8221; background_image=&#8221;https:\/\/www.autolift.info\/wp-content\/uploads\/2021\/04\/kabellose_mobile_hebeeinrichtung_autolift.jpg&#8221; height=&#8221;600px&#8221; custom_padding=&#8221;0px||0px||true|false&#8221; locked=&#8221;off&#8221; global_colors_info=&#8221;{%22gcid-1e316c67-09f0-49b6-a876-cbbe87afea32%22:%91%93}&#8221;][\/et_pb_section][et_pb_section fb_built=&#8221;1&#8243; _builder_version=&#8221;4.9.3&#8243; _module_preset=&#8221;default&#8221; background_color=&#8221;RGBA(0,0,0,0)&#8221; custom_padding=&#8221;0px||||false|false&#8221; locked=&#8221;off&#8221;][et_pb_row use_custom_gutter=&#8221;on&#8221; gutter_width=&#8221;1&#8243; _builder_version=&#8221;4.9.4&#8243; _module_preset=&#8221;default&#8221; background_color=&#8221;#FFFFFF&#8221; module_alignment=&#8221;center&#8221; min_height=&#8221;114px&#8221; custom_margin=&#8221;-90px||||false|false&#8221; custom_padding=&#8221;0px||||false|true&#8221; animation_direction=&#8221;bottom&#8221; custom_css_main_element=&#8221;z-index:10;&#8221;][et_pb_column type=&#8221;4_4&#8243; _builder_version=&#8221;4.9.1&#8243; _module_preset=&#8221;default&#8221;][et_pb_text admin_label=&#8221;Sonderausf\u00fchrungen&#8221; module_class=&#8221;ime-pattern-rot&#8221; _builder_version=&#8221;4.9.4&#8243; _module_preset=&#8221;default&#8221; text_font=&#8221;||||||||&#8221; header_font=&#8221;||||||||&#8221; header_text_color=&#8221;gcid-01af1b29-4bf7-44fe-a473-50909a3a5b27&#8243; header_2_font=&#8221;|800||on|||||&#8221; header_2_text_color=&#8221;gcid-4ebc9de5-e061-4b45-94a8-080fa0de0610&#8243; header_2_font_size=&#8221;40px&#8221; header_3_font=&#8221;|700||on|||||&#8221; header_3_font_size=&#8221;40px&#8221; background_size=&#8221;initial&#8221; background_repeat=&#8221;repeat&#8221; background_blend=&#8221;difference&#8221; custom_padding=&#8221;25px||15px|30px|false|false&#8221; header_2_font_size_tablet=&#8221;30px&#8221; header_2_font_size_phone=&#8221;24px&#8221; header_2_font_size_last_edited=&#8221;on|desktop&#8221; global_colors_info=&#8221;{%22gcid-7df05597-327a-4e7a-9bc4-7a2456ed480c%22:%91%93,%22gcid-01af1b29-4bf7-44fe-a473-50909a3a5b27%22:%91%22header_text_color%22%93,%22gcid-4ebc9de5-e061-4b45-94a8-080fa0de0610%22:%91%22header_2_text_color%22%93,%22gcid-07156617-efbb-4c8c-80ba-1d2279245b1d%22:%91%93}&#8221;]<\/p>\n<h2>Konstrukcje specjalne<\/h2>\n<p>[\/et_pb_text][\/et_pb_column][\/et_pb_row][et_pb_row _builder_version=&#8221;4.9.3&#8243; _module_preset=&#8221;default&#8221; background_color=&#8221;#FFFFFF&#8221; custom_padding=&#8221;|30px||30px|false|true&#8221; locked=&#8221;off&#8221;][et_pb_column type=&#8221;4_4&#8243; _builder_version=&#8221;4.9.3&#8243; _module_preset=&#8221;default&#8221;][et_pb_text admin_label=&#8221;Dank der gro\u00dfen Entwicklungsabteilung mit aktuell 10 mechanischen&#8221; _builder_version=&#8221;4.9.4&#8243; _module_preset=&#8221;default&#8221; custom_margin=&#8221;||0px||false|false&#8221;]Dzi\u0119ki du\u017cemu dzia\u0142owi rozwoju i konstrukcyjnego w firmie, w kt\u00f3rym obecnie pracuje 12 projektant\u00f3w mechanicznych i 6 projektant\u00f3w elektrycznych oraz programist\u00f3w, Autolift jest w stanie spe\u0142ni\u0107 specjalne \u017cyczenia klient\u00f3w. Ta orientacja na klienta i entuzjazm dla rozwoju znajduje r\u00f3wnie\u017c odzwierciedlenie w szerokiej gamie produkt\u00f3w. Oto kilka przyk\u0142ad\u00f3w:[\/et_pb_text][\/et_pb_column][\/et_pb_row][\/et_pb_section][et_pb_section fb_built=&#8221;1&#8243; admin_label=&#8221;Accordion&#8221; _builder_version=&#8221;4.9.4&#8243; _module_preset=&#8221;default&#8221; background_enable_color=&#8221;off&#8221; custom_margin=&#8221;0px||||false|false&#8221; custom_padding=&#8221;0px||||false|false&#8221;][et_pb_row _builder_version=&#8221;4.9.4&#8243; _module_preset=&#8221;default&#8221; custom_margin=&#8221;0px||0px||false|false&#8221; custom_padding=&#8221;0px||0px||false|false&#8221;][et_pb_column type=&#8221;4_4&#8243; _builder_version=&#8221;4.5.3&#8243; _module_preset=&#8221;default&#8221;][et_pb_accordion icon_color=&#8221;#ffffff&#8221; admin_label=&#8221;Accordion 9&#8243; module_class=&#8221;dct_faq_v9&#8243; _builder_version=&#8221;4.9.4&#8243; _module_preset=&#8221;default&#8221; toggle_text_color=&#8221;#333&#8243; toggle_font=&#8221;|700||on|||||&#8221; body_text_color=&#8221;#666464&#8243; hover_enabled=&#8221;0&#8243; custom_css_toggle_title=&#8221;border-top: 0;||background: #eee;||border-bottom: 1px solid transparent;||display: block;||padding: 14px 40px;||position: relative;&#8221; custom_css_toggle_icon=&#8221;content: %22%924c%22;||\tfont-family: ETmodules!important;||top: 10px;||\tright: 0;||\tfont-size: 22px;||\tline-height: 24px;||\tdisplay: block!important;||\t-webkit-box-sizing: border-box;||\t-moz-box-sizing: border-box;||\tbox-sizing: border-box;||\tfont-weight: 700;||\tbackground: #cc0000;||\tpadding: 10px&#8221; custom_css_toggle_content=&#8221;border-top: 0 none;||background: #eee;||padding: 15px 27px;&#8221; locked=&#8221;off&#8221; sticky_enabled=&#8221;0&#8243;][et_pb_accordion_item title=&#8221;BEZPRZEWODOWO STEROWANE SYSTEMY PODNO\u015aNIK\u00d3W&#8221; open=&#8221;on&#8221; _builder_version=&#8221;4.9.4&#8243; _module_preset=&#8221;default&#8221; custom_margin=&#8221;||6px||false|false&#8221; custom_padding=&#8221;0px|0px|0px|0px|false|false&#8221; hover_enabled=&#8221;0&#8243; border_width_left=&#8221;5px&#8221; border_color_left=&#8221;#cc0000&#8243; sticky_enabled=&#8221;0&#8243;]<\/p>\n<p><a href=\"https:\/\/www.autolift.info\/wp-content\/uploads\/2021\/05\/mobile_hebeeinrichtung_gliederzug_autolift_06.jpg\"><img loading=\"lazy\" decoding=\"async\" class=\"wp-image-241220 alignnone size-medium\" src=\"https:\/\/www.autolift.info\/wp-content\/uploads\/2021\/05\/mobile_hebeeinrichtung_gliederzug_autolift_06-300x225.jpg\" alt=\"podno\u015bniki bezprzewodowe\" width=\"300\" height=\"225\"><\/a><a href=\"https:\/\/www.autolift.info\/wp-content\/uploads\/2021\/05\/ime-autolift-kabellose-mobile-hebeeinrichtung.jpg\"><img loading=\"lazy\" decoding=\"async\" class=\"wp-image-241341 alignnone size-medium\" src=\"https:\/\/www.autolift.info\/wp-content\/uploads\/2021\/05\/ime-autolift-kabellose-mobile-hebeeinrichtung-300x225.jpg\" alt=\"ime-autolift-wireless-mobile-lifting-device\" width=\"300\" height=\"225\"><\/a>W celu synchronicznego podnoszenia kilku stojak\u00f3w oraz monitorowania i sterowania urz\u0105dzeniami zabezpieczaj\u0105cymi stojaki musz\u0105 by\u0107 pod\u0142\u0105czone elektrycznie do panelu sterowania. Mo\u017cna to zrobi\u0107 drog\u0105 kablow\u0105 lub drog\u0105 radiow\u0105, czyli bezprzewodowo. W tym przypadku nie ma niebezpiecze\u0144stwa potkni\u0119cia si\u0119, nie trzeba uk\u0142ada\u0107 kabli w poprzek tor\u00f3w, a u\u017cytkownik jest znacznie bardziej elastyczny, poniewa\u017c system podno\u015bnik\u00f3w z maksymalnie 28 podno\u015bnikami lub podzespo\u0142ami mo\u017cna elastycznie stosowa\u0107 na r\u00f3\u017cnych torach.  <\/p>\n<p>[\/et_pb_accordion_item][et_pb_accordion_item title=&#8221;BEZPRZEWODOWE SYSTEMY MASTER\/SLAVE&#8221; _builder_version=&#8221;4.9.4&#8243; _module_preset=&#8221;default&#8221; custom_margin=&#8221;||6px||false|false&#8221; custom_padding=&#8221;0px|0px|0px|0px|false|false&#8221; border_width_left=&#8221;5px&#8221; border_color_left=&#8221;#cc0000&#8243; open=&#8221;off&#8221;]Zasadniczo kombinacja master\/slave to system z 2 panelami sterowania. Po jednym na ka\u017cd\u0105 stron\u0119 toru. Ma to t\u0119 zalet\u0119, \u017ce system mo\u017cna uruchomi\u0107 synchronicznie z obu stron toru i nie trzeba przechodzi\u0107 na drug\u0105 stron\u0119. Je\u015bli niezb\u0119dne po\u0142\u0105czenie mi\u0119dzy dwoma konsolami odbywa si\u0119 drog\u0105 radiow\u0105, nie ma potrzeby uk\u0142adania kabli nad lub pod torami. System centrali master\/slave jest zwykle wybierany do wi\u0119kszych system\u00f3w, poniewa\u017c dzi\u0119ki dw\u00f3m centralom mo\u017cliwe jest podzielenie systemu. Na przyk\u0142ad system 16 koz\u0142\u00f3w auf zwei Anlagen mit je 8 B\u00f6cken geteilt und diese unabh\u00e4ngig voneinander verwendet werden.[\/et_pb_accordion_item][et_pb_accordion_item title=&#8221;PODNO\u015aNIKI Z PODW\u00d3JNYM \u015aRUB\u0104&#8221; _builder_version=&#8221;4.9.4&#8243; _module_preset=&#8221;default&#8221; custom_margin=&#8221;||6px||false|false&#8221; custom_padding=&#8221;0px|0px|0px|0px|false|false&#8221; border_width_left=&#8221;5px&#8221; border_color_left=&#8221;#cc0000&#8243; open=&#8221;off&#8221;]<\/p>\n<p><a href=\"https:\/\/www.autolift.info\/wp-content\/uploads\/2021\/05\/ime-autolift-doppelspindel-hebebock.jpg\"><img loading=\"lazy\" decoding=\"async\" src=\"https:\/\/www.autolift.info\/wp-content\/uploads\/2021\/05\/ime-autolift-doppelspindel-hebebock-300x225.jpg\" width=\"300\" height=\"225\" alt=\"\" class=\"wp-image-241354 alignnone size-medium\"><\/a>Je\u015bli punkt odbioru nadwozia znajduje si\u0119 w obszarze w\u00f3zka, podno\u015bniki dwuwrzecionowe s\u0105 idealnym rozwi\u0105zaniem do oddzielenia w\u00f3zka od nadwozia. Dzi\u0119ki temu specjalnemu rozwi\u0105zaniu wrzeciona wraz z systemem nakr\u0119tek i w\u00f3zkiem s\u0105 umieszczone jedno za drugim lub obok siebie i s\u0105 podtrzymywane przez ten sam zesp\u00f3\u0142 kolumnowy.  <\/p>\n<p>[\/et_pb_accordion_item][et_pb_accordion_item title=&#8221;PODNO\u015aNIKI ZASILANE BATERYJNIE&#8221; _builder_version=&#8221;4.9.4&#8243; _module_preset=&#8221;default&#8221; custom_margin=&#8221;||6px||false|false&#8221; custom_padding=&#8221;0px|0px|0px|0px|false|false&#8221; border_width_left=&#8221;5px&#8221; border_color_left=&#8221;#cc0000&#8243; open=&#8221;off&#8221;]<\/p>\n<p><a href=\"https:\/\/www.autolift.info\/wp-content\/uploads\/2021\/05\/ime-autolift-batteriebetriebener-hebebock.jpg\"><img loading=\"lazy\" decoding=\"async\" src=\"https:\/\/www.autolift.info\/wp-content\/uploads\/2021\/05\/ime-autolift-batteriebetriebener-hebebock-225x300.jpg\" width=\"225\" height=\"300\" alt=\"\" class=\"wp-image-241355 alignnone size-medium\"><\/a>Na potrzeby specjalnego projektu w Rosji firma Autolift opracowa\u0142a zasilane bateryjnie 8-tonowe koz\u0142y. S\u0105 one rozmieszczone w obszarze bez zasilania, wi\u0119c klientowi \u0142atwiej by\u0142o na\u0142adowa\u0107 kozio\u0142ki akumulatorowe ni\u017c okablowa\u0107 ten obszar. Do \u0142adowania tylko akumulatory s\u0105 przenoszone w inne miejsce. Poniewa\u017c koz\u0142y komunikuj\u0105 si\u0119 ze sob\u0105 za pomoc\u0105 pilota radiowego, system w og\u00f3le nie wymaga \u017cadnych kabli.   <\/p>\n<p>Dzi\u0119ki temu projektowi Autolift wykorzysta\u0142 okazj\u0119 do zdobycia do\u015bwiadczenia i zgromadzenia know-how, kt\u00f3re z pewno\u015bci\u0105 b\u0119d\u0105 bardziej przydatne w przysz\u0142o\u015bci, bior\u0105c pod uwag\u0119 szybki rozw\u00f3j pojemno\u015bci akumulator\u00f3w.<\/p>\n<p>[\/et_pb_accordion_item][et_pb_accordion_item title=&#8221;REGULACJA P\u0141YTY NO\u015aNEJ KOWAD\u0141A POD OBCI\u0104\u017bENIEM&#8221; _builder_version=&#8221;4.9.4&#8243; _module_preset=&#8221;default&#8221; custom_margin=&#8221;||6px||false|false&#8221; custom_padding=&#8221;0px|0px|0px|0px|false|false&#8221; border_width_left=&#8221;5px&#8221; border_color_left=&#8221;#cc0000&#8243; open=&#8221;off&#8221;]<\/p>\n<p><a href=\"https:\/\/www.autolift.info\/wp-content\/uploads\/2021\/05\/ime-autolift-verstellung-unter-last.jpg\"><img loading=\"lazy\" decoding=\"async\" src=\"https:\/\/www.autolift.info\/wp-content\/uploads\/2021\/05\/ime-autolift-verstellung-unter-last-300x225.jpg\" width=\"300\" height=\"225\" alt=\"\" class=\"wp-image-241356 alignnone size-medium\"><\/a>Do wymiany w\u00f3zk\u00f3w zalecana jest opcja \u201eRegulacja p\u0142yty no\u015bnej pod obci\u0105\u017ceniem\u201d. W zale\u017cno\u015bci od wersji mo\u017cna to zrobi\u0107 r\u0119cznie lub za pomoc\u0105 silnika za pomoc\u0105 ma\u0142ych wrzecion w uchwycie \u0142adunku, kt\u00f3ry s\u0142u\u017cy do przesuwania ca\u0142ego nadwozia poprzecznie do osi toru i kompensacji ewentualnych niewsp\u00f3\u0142osiowo\u015bci. <\/p>\n<p>[\/et_pb_accordion_item][\/et_pb_accordion][\/et_pb_column][\/et_pb_row][\/et_pb_section]<\/p>\n","protected":false},"excerpt":{"rendered":"<p>Konstrukcje specjalneDzi\u0119ki du\u017cemu dzia\u0142owi rozwoju i konstrukcyjnego w firmie, w kt\u00f3rym obecnie pracuje 12 projektant\u00f3w mechanicznych i 6 projektant\u00f3w elektrycznych oraz programist\u00f3w, Autolift jest w stanie spe\u0142ni\u0107 specjalne \u017cyczenia klient\u00f3w. Ta orientacja na klienta i entuzjazm dla rozwoju znajduje r\u00f3wnie\u017c odzwierciedlenie w szerokiej gamie produkt\u00f3w. Oto kilka przyk\u0142ad\u00f3w:W celu synchronicznego podnoszenia kilku stojak\u00f3w oraz monitorowania [&hellip;]<\/p>\n","protected":false},"author":1,"featured_media":0,"parent":247963,"menu_order":6,"comment_status":"closed","ping_status":"closed","template":"","meta":{"_et_pb_use_builder":"on","_et_pb_old_content":"","_et_gb_content_width":"","footnotes":""},"class_list":["post-248077","page","type-page","status-publish","hentry"],"_links":{"self":[{"href":"https:\/\/www.autolift.info\/pl\/wp-json\/wp\/v2\/pages\/248077","targetHints":{"allow":["GET"]}}],"collection":[{"href":"https:\/\/www.autolift.info\/pl\/wp-json\/wp\/v2\/pages"}],"about":[{"href":"https:\/\/www.autolift.info\/pl\/wp-json\/wp\/v2\/types\/page"}],"author":[{"embeddable":true,"href":"https:\/\/www.autolift.info\/pl\/wp-json\/wp\/v2\/users\/1"}],"replies":[{"embeddable":true,"href":"https:\/\/www.autolift.info\/pl\/wp-json\/wp\/v2\/comments?post=248077"}],"version-history":[{"count":6,"href":"https:\/\/www.autolift.info\/pl\/wp-json\/wp\/v2\/pages\/248077\/revisions"}],"predecessor-version":[{"id":248083,"href":"https:\/\/www.autolift.info\/pl\/wp-json\/wp\/v2\/pages\/248077\/revisions\/248083"}],"up":[{"embeddable":true,"href":"https:\/\/www.autolift.info\/pl\/wp-json\/wp\/v2\/pages\/247963"}],"wp:attachment":[{"href":"https:\/\/www.autolift.info\/pl\/wp-json\/wp\/v2\/media?parent=248077"}],"curies":[{"name":"wp","href":"https:\/\/api.w.org\/{rel}","templated":true}]}}