{"id":248038,"date":"2023-06-22T11:34:01","date_gmt":"2023-06-22T09:34:01","guid":{"rendered":"https:\/\/www.autolift.info\/serwis\/"},"modified":"2023-06-22T11:34:03","modified_gmt":"2023-06-22T09:34:03","slug":"serwis","status":"publish","type":"page","link":"https:\/\/www.autolift.info\/pl\/serwis\/","title":{"rendered":"SERWIS"},"content":{"rendered":"<p>[et_pb_section fb_built=&#8221;1&#8243; _builder_version=&#8221;4.9.1&#8243; _module_preset=&#8221;default&#8221; custom_padding=&#8221;0px||0px||true|false&#8221; locked=&#8221;off&#8221;][et_pb_row use_custom_gutter=&#8221;on&#8221; gutter_width=&#8221;1&#8243; make_equal=&#8221;on&#8221; _builder_version=&#8221;4.9.1&#8243; _module_preset=&#8221;default&#8221; width=&#8221;100%&#8221; max_width=&#8221;100%&#8221; custom_margin=&#8221;||||false|false&#8221; custom_padding=&#8221;0px||0px||true|false&#8221;][et_pb_column type=&#8221;4_4&#8243; _builder_version=&#8221;4.9.1&#8243; _module_preset=&#8221;default&#8221;][et_pb_slider show_pagination=&#8221;off&#8221; use_bg_overlay=&#8221;on&#8221; use_text_overlay=&#8221;off&#8221; module_class=&#8221;autolift-slider&#8221; _builder_version=&#8221;4.9.4&#8243; _module_preset=&#8221;default&#8221; background_color=&#8221;#ECECEC&#8221; background_enable_image=&#8221;off&#8221; height=&#8221;600px&#8221; auto=&#8221;on&#8221; auto_speed=&#8221;5000&#8243;][et_pb_slide alignment=&#8221;bottom&#8221; _builder_version=&#8221;4.9.4&#8243; _module_preset=&#8221;default&#8221; header_font=&#8221;|700||on|||||&#8221; header_text_align=&#8221;left&#8221; header_font_size=&#8221;60px&#8221; background_color=&#8221;#ECECEC&#8221; background_enable_color=&#8221;on&#8221; background_image=&#8221;https:\/\/www.autolift.info\/wp-content\/uploads\/2021\/05\/service_autolift_01.jpg&#8221; background_enable_image=&#8221;on&#8221; parallax=&#8221;on&#8221; parallax_method=&#8221;off&#8221; global_colors_info=&#8221;{%22gcid-1e316c67-09f0-49b6-a876-cbbe87afea32%22:%91%93}&#8221; custom_css_main_element__hover_enabled=&#8221;on|desktop&#8221; sticky_transition=&#8221;on&#8221;][\/et_pb_slide][et_pb_slide _builder_version=&#8221;4.9.4&#8243; _module_preset=&#8221;default&#8221; header_font=&#8221;|700||on|||||&#8221; header_text_align=&#8221;left&#8221; header_font_size=&#8221;60px&#8221; background_color=&#8221;#ECECEC&#8221; background_enable_color=&#8221;on&#8221; background_image=&#8221;https:\/\/www.autolift.info\/wp-content\/uploads\/2021\/05\/service_autolift_02.jpg&#8221; background_enable_image=&#8221;on&#8221; parallax=&#8221;on&#8221; parallax_method=&#8221;off&#8221; global_colors_info=&#8221;{%22gcid-1e316c67-09f0-49b6-a876-cbbe87afea32%22:%91%93}&#8221; sticky_transition=&#8221;on&#8221;][\/et_pb_slide][\/et_pb_slider][\/et_pb_column][\/et_pb_row][\/et_pb_section][et_pb_section fb_built=&#8221;1&#8243; _builder_version=&#8221;4.9.2&#8243; _module_preset=&#8221;default&#8221; background_color=&#8221;RGBA(0,0,0,0)&#8221; custom_padding=&#8221;0px||||false|false&#8221;][et_pb_row use_custom_gutter=&#8221;on&#8221; gutter_width=&#8221;1&#8243; _builder_version=&#8221;4.9.4&#8243; _module_preset=&#8221;default&#8221; background_color=&#8221;#FFFFFF&#8221; module_alignment=&#8221;center&#8221; min_height=&#8221;114px&#8221; custom_margin=&#8221;-90px||||false|false&#8221; custom_padding=&#8221;0px||||false|true&#8221; animation_direction=&#8221;bottom&#8221; custom_css_main_element=&#8221;z-index:10;&#8221;][et_pb_column type=&#8221;4_4&#8243; _builder_version=&#8221;4.9.1&#8243; _module_preset=&#8221;default&#8221;][et_pb_text admin_label=&#8221;Service&#8221; module_class=&#8221;ime-pattern-rot&#8221; _builder_version=&#8221;4.9.4&#8243; _module_preset=&#8221;default&#8221; text_font=&#8221;||||||||&#8221; header_font=&#8221;||||||||&#8221; header_text_color=&#8221;gcid-01af1b29-4bf7-44fe-a473-50909a3a5b27&#8243; header_2_font=&#8221;|800||on|||||&#8221; header_2_text_color=&#8221;gcid-4ebc9de5-e061-4b45-94a8-080fa0de0610&#8243; header_2_font_size=&#8221;40px&#8221; header_3_font=&#8221;|700||on|||||&#8221; header_3_font_size=&#8221;40px&#8221; background_size=&#8221;initial&#8221; background_repeat=&#8221;repeat&#8221; background_blend=&#8221;difference&#8221; custom_padding=&#8221;25px||15px|30px|false|false&#8221; header_2_font_size_tablet=&#8221;30px&#8221; header_2_font_size_phone=&#8221;24px&#8221; header_2_font_size_last_edited=&#8221;on|desktop&#8221; global_colors_info=&#8221;{%22gcid-7df05597-327a-4e7a-9bc4-7a2456ed480c%22:%91%93,%22gcid-01af1b29-4bf7-44fe-a473-50909a3a5b27%22:%91%22header_text_color%22%93,%22gcid-4ebc9de5-e061-4b45-94a8-080fa0de0610%22:%91%22header_2_text_color%22%93,%22gcid-07156617-efbb-4c8c-80ba-1d2279245b1d%22:%91%93}&#8221;]<\/p>\n<h2>SERWIS<\/h2>\n<p>[\/et_pb_text][\/et_pb_column][\/et_pb_row][et_pb_row _builder_version=&#8221;4.9.4&#8243; _module_preset=&#8221;default&#8221; background_color=&#8221;#FFFFFF&#8221; custom_padding=&#8221;||10px||false|false&#8221; locked=&#8221;off&#8221;][et_pb_column type=&#8221;4_4&#8243; _builder_version=&#8221;4.9.3&#8243; _module_preset=&#8221;default&#8221;][et_pb_text admin_label=&#8221;Zufriedene Kunden sind der Schl\u00fcssel f\u00fcr Wiederholungsk\u00e4uf&#8221; _builder_version=&#8221;4.9.4&#8243; _module_preset=&#8221;default&#8221; custom_padding=&#8221;|30px||30px|true|true&#8221;]<\/p>\n<p>Zadowoleni klienci to klucz do sukcesu i dalszej wsp\u00f3\u0142pracy. Kieruj\u0105c si\u0119 t\u0105 zasad\u0105, nie tylko projektujemy i budujemy niezawodne, solidne systemy, ale tak\u017ce towarzyszymy im przez ca\u0142y okres eksploatacji produktu. <\/p>\n<p>Aby nie by\u0142y to puste s\u0142owa, Autolift utrzymuje niezb\u0119dne zasoby ludzkie i zatrudnia zesp\u00f3\u0142 serwisowy z\u0142o\u017cony z do\u015bwiadczonych pracownik\u00f3w zaplecza i wykwalifikowanych technik\u00f3w serwisowych. Aby m\u00f3c pokry\u0107 jak najwi\u0119kszy obszar geograficzny, technicy serwisowi byli poszukiwani i zatrudniani na naszych g\u0142\u00f3wnych rynkach docelowych. Dzi\u0119ki temu mog\u0105 oni doje\u017cd\u017ca\u0107 do swoich lokalizacji z domu, a my unikamy lub redukujemy niepotrzebne d\u0142ugie podr\u00f3\u017ce i czasy reakcji.  <\/p>\n<p>[\/et_pb_text][\/et_pb_column][\/et_pb_row][et_pb_row _builder_version=&#8221;4.9.4&#8243; _module_preset=&#8221;default&#8221; custom_margin=&#8221;||0px||false|false&#8221; custom_padding=&#8221;|30px|0px|30px|false|true&#8221;][et_pb_column type=&#8221;4_4&#8243; _builder_version=&#8221;4.5.3&#8243; _module_preset=&#8221;default&#8221;][et_pb_text admin_label=&#8221;Die Kernkompetenzen unserer Serviceabteilung sind:&#8221; _builder_version=&#8221;4.9.4&#8243; _module_preset=&#8221;default&#8221;]<\/p>\n<p>Do podstawowych kompetencji naszego dzia\u0142u serwisowego nale\u017c\u0105:<\/p>\n<p>[\/et_pb_text][et_pb_accordion icon_color=&#8221;#ffffff&#8221; admin_label=&#8221;Accordion 9&#8243; module_class=&#8221;dct_faq_v9&#8243; _builder_version=&#8221;4.9.4&#8243; _module_preset=&#8221;default&#8221; toggle_text_color=&#8221;#333&#8243; toggle_font=&#8221;|700||on|||||&#8221; body_text_color=&#8221;#666464&#8243; hover_enabled=&#8221;0&#8243; custom_css_toggle_title=&#8221;border-top: 0;||background: #eee;||border-bottom: 1px solid transparent;||display: block;||padding: 14px 40px;||position: relative;&#8221; custom_css_toggle_icon=&#8221;content: %22%924c%22;||\tfont-family: ETmodules!important;||top: 10px;||\tright: 0;||\tfont-size: 22px;||\tline-height: 24px;||\tdisplay: block!important;||\t-webkit-box-sizing: border-box;||\t-moz-box-sizing: border-box;||\tbox-sizing: border-box;||\tfont-weight: 700;||\tbackground: #cc0000;||\tpadding: 10px&#8221; custom_css_toggle_content=&#8221;border-top: 0 none;||background: #eee;||padding: 15px 27px;&#8221; locked=&#8221;off&#8221; sticky_enabled=&#8221;0&#8243;][et_pb_accordion_item title=&#8221;KOMPETENTNE DORADZTWO &#8221; open=&#8221;on&#8221; _builder_version=&#8221;4.9.4&#8243; _module_preset=&#8221;default&#8221; custom_margin=&#8221;||6px||false|false&#8221; custom_padding=&#8221;0px|0px|0px|0px|false|false&#8221; hover_enabled=&#8221;0&#8243; border_width_left=&#8221;5px&#8221; border_color_left=&#8221;#cc0000&#8243; sticky_enabled=&#8221;0&#8243;]<\/p>\n<p> Szybk\u0105, kompetentn\u0105 porad\u0119 otrzymaj\u0105 Pa\u0144stwo od naszych pracownik\u00f3w drog\u0105 mailow\u0105 lub telefoniczn\u0105.<\/p>\n<p>[\/et_pb_accordion_item][et_pb_accordion_item title=&#8221;Nasi wykwalifikowani technicy serwisu fabrycznego s\u0105 zawsze na bie\u017c\u0105co i bardzo dobrze znaj\u0105 urz\u0105dzenia. &#8221; _builder_version=&#8221;4.9.4&#8243; _module_preset=&#8221;default&#8221; custom_margin=&#8221;||6px||false|false&#8221; custom_padding=&#8221;0px|0px|0px|0px|false|false&#8221; border_width_left=&#8221;5px&#8221; border_color_left=&#8221;#cc0000&#8243; open=&#8221;off&#8221;]<\/p>\n<ul>\n<li>\u2022 Nasi wykwalifikowani technicy serwisu fabrycznego s\u0105 zawsze na bie\u017c\u0105co i bardzo dobrze znaj\u0105 urz\u0105dzenia.<\/li>\n<li><strong>Pojazdy serwisowe<\/strong><\/li>\n<li>W naszych pojazdach serwisowych mamy zawsze w zapasie wszystkie typowe cz\u0119\u015bci zamienne. Dzi\u0119ki temu mo\u017cemy szybko i \u0142atwo wesprze\u0107 Pa\u0144stwa na miejscu, oferuj\u0105c kompleksowe us\u0142ugi serwisowe i naprawcze. <\/li>\n<\/ul>\n<p>[\/et_pb_accordion_item][et_pb_accordion_item title=&#8221;DOST\u0118PNO\u015a\u0106 CZ\u0118\u015aCI ZAMIENNYCH &#8221; _builder_version=&#8221;4.9.4&#8243; _module_preset=&#8221;default&#8221; custom_margin=&#8221;||6px||false|false&#8221; custom_padding=&#8221;0px|0px|0px|0px|false|false&#8221; border_width_left=&#8221;5px&#8221; border_color_left=&#8221;#cc0000&#8243; open=&#8221;off&#8221;]<\/p>\n<ul>\n<li>Produkty Autolift charakteryzuj\u0105 si\u0119 bardzo d\u0142ugim okresem eksploatacji. Poniewa\u017c zapotrzebowanie na cz\u0119\u015bci zamienne zwykle wzrasta wraz z wiekiem systemu, dost\u0119pno\u015b\u0107 cz\u0119\u015bci zamiennych a\u017c do wysokiego &#8222;wieku \u017cycia&#8221; jest niezb\u0119dna. <\/li>\n<li>Autolift gwarantuje dost\u0119pno\u015b\u0107 cz\u0119\u015bci zamiennych przez okres do 30 lat, a cz\u0119sto d\u0142u\u017cej.<\/li>\n<li>Administracyjne przetwarzanie jest prowadzone przez nasz do\u015bwiadczony zesp\u00f3\u0142 back office.<\/li>\n<\/ul>\n<p>[\/et_pb_accordion_item][et_pb_accordion_item title=&#8221;KONSERWACJA PREWENCYJNA &#8221; _builder_version=&#8221;4.9.4&#8243; _module_preset=&#8221;default&#8221; custom_margin=&#8221;||6px||false|false&#8221; custom_padding=&#8221;0px|0px|0px|0px|false|false&#8221; border_width_left=&#8221;5px&#8221; border_color_left=&#8221;#cc0000&#8243; open=&#8221;off&#8221;]<\/p>\n<ul>\n<li>Konserwacja prewencyjna mo\u017ce znacznie skr\u00f3ci\u0107 czasy przestoj\u00f3w.<\/li>\n<li>Serwis fabryczny przyje\u017cd\u017ca w zaplanowanych wcze\u015bniej terminach z odpowiednimi cz\u0119\u015bciami zamiennymi i zu\u017cywalnymi i zgodnie z harmonogramem ko\u0144czy planowane prace konserwacyjne.<\/li>\n<li>System jest przekazywany z powrotem u\u017cytkownikowi z bardzo du\u017c\u0105 pewno\u015bci\u0105, \u017ce do nast\u0119pnego terminu konserwacji nie b\u0119dzie nieplanowanych przestoj\u00f3w.<\/li>\n<\/ul>\n<p>[\/et_pb_accordion_item][et_pb_accordion_item title=&#8221;PRZEGL\u0104DY ROCZNE &#8221; _builder_version=&#8221;4.9.4&#8243; _module_preset=&#8221;default&#8221; custom_margin=&#8221;||6px||false|false&#8221; custom_padding=&#8221;0px|0px|0px|0px|false|false&#8221; border_width_left=&#8221;5px&#8221; border_color_left=&#8221;#cc0000&#8243; open=&#8221;off&#8221;]Kontrole roczne s\u0105 regulowane w r\u00f3\u017cny spos\u00f3b w zale\u017cno\u015bci od kraju. Na przyk\u0142ad w Niemczech coroczna kontrola (kontrola UVV) jest nakazana ustawowo w przepisach o zapobieganiu wypadkom. Nasi technicy ch\u0119tnie przeprowadz\u0105 dla Pa\u0144stwa ten przegl\u0105d. Je\u015bli po\u0142\u0105czy si\u0119 j\u0105 z coroczn\u0105 konserwacj\u0105, zmniejsz\u0105 si\u0119 koszty i czasy przestoju. [\/et_pb_accordion_item][et_pb_accordion_item title=&#8221;Przebudowy\/ Zmiany i integracja w istniej\u0105cych urz\u0105dzeniach&#8221; _builder_version=&#8221;4.9.4&#8243; _module_preset=&#8221;default&#8221; custom_margin=&#8221;||6px||false|false&#8221; custom_padding=&#8221;0px|0px|0px|0px|false|false&#8221; border_width_left=&#8221;5px&#8221; border_color_left=&#8221;#cc0000&#8243; open=&#8221;off&#8221;]<\/p>\n<p>W okresie eksploatacji produktu trwaj\u0105cym 20 lat lub d\u0142u\u017cej wiele mo\u017ce si\u0119 wydarzy\u0107 i wiele mo\u017ce si\u0119 zmieni\u0107. Operatorzy mog\u0105 stan\u0105\u0107 przed decyzj\u0105 o sprzeda\u017cy lub pozbyciu si\u0119 sprz\u0119tu. W tym przypadku, profesjonalnie przeprowadzona konwersja mo\u017ce by\u0107 rozs\u0105dn\u0105 i op\u0142acaln\u0105 alternatyw\u0105. Powodami konwersji mog\u0105 by\u0107:   <\/p>\n<ul>\n<li>Nowy \/ dodatkowy model pojazdu z r\u00f3\u017cnymi punktami podnoszenia, na kt\u00f3rych mo\u017ce by\u0107 podnoszony.<\/li>\n<li>Istniej\u0105ce sk\u0142ady poci\u0105g\u00f3w maj\u0105 zosta\u0107 rozbudowane. Dzieje si\u0119 to coraz cz\u0119\u015bciej. Coraz wi\u0119cej operator\u00f3w transportu publicznego zwi\u0119ksza w ten spos\u00f3b mo\u017cliwo\u015bci transportowe.  <br \/>Na przyk\u0142ad zamiast zestawu 8-cz\u0142onowego konieczny staje si\u0119 zestaw 12-cz\u0142onowy lub 16-cz\u0142onowy. Dostarczamy dodatkowe kolumny i integrujemy je z istniej\u0105cym systemem sterowania. <\/li>\n<li>System musi by\u0107 dostosowany do aktualnego standardu bezpiecze\u0144stwa ze wzgl\u0119du na przepisy prawne lub na \u017cyczenie klienta.<\/li>\n<\/ul>\n<p>[\/et_pb_accordion_item][et_pb_accordion_item title=&#8221;ODNOWA \/ MODERNIZACJA&#8221; _builder_version=&#8221;4.9.4&#8243; _module_preset=&#8221;default&#8221; custom_margin=&#8221;||6px||false|false&#8221; custom_padding=&#8221;0px|0px|0px|0px|false|false&#8221; border_width_left=&#8221;5px&#8221; border_color_left=&#8221;#cc0000&#8243; open=&#8221;off&#8221;]W okresie eksploatacji produktu trwaj\u0105cym 20 lat lub d\u0142u\u017cej wiele mo\u017ce si\u0119 wydarzy\u0107 i wiele mo\u017ce si\u0119 zmieni\u0107. Operatorzy mog\u0105 stan\u0105\u0107 przed decyzj\u0105 o sprzeda\u017cy lub pozbyciu si\u0119 sprz\u0119tu. W tym przypadku, profesjonalnie przeprowadzona konwersja mo\u017ce by\u0107 rozs\u0105dn\u0105 i op\u0142acaln\u0105 alternatyw\u0105. Powodami konwersji mog\u0105 by\u0107:  [\/et_pb_accordion_item][et_pb_accordion_item title=&#8221;KOORDYNACJA MONTA\u017bU \/ ZESPO\u0141Y MONTA\u017bOWE &#8221; _builder_version=&#8221;4.9.4&#8243; _module_preset=&#8221;default&#8221; custom_margin=&#8221;||6px||false|false&#8221; custom_padding=&#8221;0px|0px|0px|0px|false|false&#8221; border_width_left=&#8221;5px&#8221; border_color_left=&#8221;#cc0000&#8243; open=&#8221;off&#8221;]<\/p>\n<p><img loading=\"lazy\" decoding=\"async\" src=\"https:\/\/www.autolift.info\/wp-content\/uploads\/2021\/04\/051_montageteam_autolift-300x225.jpg\" width=\"300\" height=\"225\" alt=\"\" class=\"wp-image-240320 alignnone size-medium\" style=\"float: left; margin-right: 20px; margin-bottom: 10px;\">  <img loading=\"lazy\" decoding=\"async\" src=\"https:\/\/www.autolift.info\/wp-content\/uploads\/2021\/04\/kragujevac_autolift-800w-1-300x225.jpg\" width=\"300\" height=\"225\" alt=\"\" class=\"wp-image-240321 alignnone size-medium\" style=\"float: left; margin-right: 20px; margin-bottom: 10px;\"><br \/>Szczeg\u00f3lnie instalacja system\u00f3w podposadzkowych powinna by\u0107 dobrze zaplanowana i przygotowana. Robi si\u0119 to &#8211; cz\u0119\u015bciowo ju\u017c w fazie projektu &#8211; w naszym dziale projektowym lub przez nasz dzia\u0142 sprzeda\u017cy technicznej. Planowanie mo\u017ce by\u0107 bardzo dobre, ale je\u015bli realizacja jest s\u0142aba&#8230; Dlatego mamy w\u0142asne zespo\u0142y instalacyjne, kt\u00f3re towarzysz\u0105 przy monta\u017cu lub wykonuj\u0105 go cz\u0119\u015bciowo lub ca\u0142o\u015bciowo na \u017cyczenie.   <\/p>\n<p>Zespo\u0142y te s\u0105 dobrze przygotowane i cz\u0119sto zapoznaj\u0105 si\u0119 z instalacjami podczas ko\u0144cowych test\u00f3w funkcjonalnych w fabryce. S\u0105 one przyzwyczajone do d\u0142u\u017cszych, mi\u0119dzynarodowych zlece\u0144 na ca\u0142ym \u015bwiecie i w razie potrzeby potrafi\u0105 improwizowa\u0107 i rozwi\u0105zywa\u0107 nag\u0142e problemy. Wa\u017cne jest, aby przekaza\u0107 urz\u0105dzenia klientowi ko\u0144cowemu na czas.  <\/p>\n<p>[\/et_pb_accordion_item][\/et_pb_accordion][\/et_pb_column][\/et_pb_row][\/et_pb_section]<\/p>\n","protected":false},"excerpt":{"rendered":"<p>SERWISZadowoleni klienci to klucz do sukcesu i dalszej wsp\u00f3\u0142pracy. Kieruj\u0105c si\u0119 t\u0105 zasad\u0105, nie tylko projektujemy i budujemy niezawodne, solidne systemy, ale tak\u017ce towarzyszymy im przez ca\u0142y okres eksploatacji produktu. Aby nie by\u0142y to puste s\u0142owa, Autolift utrzymuje niezb\u0119dne zasoby ludzkie i zatrudnia zesp\u00f3\u0142 serwisowy z\u0142o\u017cony z do\u015bwiadczonych pracownik\u00f3w zaplecza i wykwalifikowanych technik\u00f3w serwisowych. Aby [&hellip;]<\/p>\n","protected":false},"author":1,"featured_media":0,"parent":0,"menu_order":60,"comment_status":"closed","ping_status":"closed","template":"","meta":{"_et_pb_use_builder":"on","_et_pb_old_content":"","_et_gb_content_width":"","footnotes":""},"class_list":["post-248038","page","type-page","status-publish","hentry"],"_links":{"self":[{"href":"https:\/\/www.autolift.info\/pl\/wp-json\/wp\/v2\/pages\/248038","targetHints":{"allow":["GET"]}}],"collection":[{"href":"https:\/\/www.autolift.info\/pl\/wp-json\/wp\/v2\/pages"}],"about":[{"href":"https:\/\/www.autolift.info\/pl\/wp-json\/wp\/v2\/types\/page"}],"author":[{"embeddable":true,"href":"https:\/\/www.autolift.info\/pl\/wp-json\/wp\/v2\/users\/1"}],"replies":[{"embeddable":true,"href":"https:\/\/www.autolift.info\/pl\/wp-json\/wp\/v2\/comments?post=248038"}],"version-history":[{"count":2,"href":"https:\/\/www.autolift.info\/pl\/wp-json\/wp\/v2\/pages\/248038\/revisions"}],"predecessor-version":[{"id":248040,"href":"https:\/\/www.autolift.info\/pl\/wp-json\/wp\/v2\/pages\/248038\/revisions\/248040"}],"wp:attachment":[{"href":"https:\/\/www.autolift.info\/pl\/wp-json\/wp\/v2\/media?parent=248038"}],"curies":[{"name":"wp","href":"https:\/\/api.w.org\/{rel}","templated":true}]}}