{"id":248035,"date":"2023-06-22T11:24:37","date_gmt":"2023-06-22T09:24:37","guid":{"rendered":"https:\/\/www.autolift.info\/wynajem-podnosnikow-dla-firm-kolejowych-na-czas-okreslony\/"},"modified":"2023-07-03T12:06:16","modified_gmt":"2023-07-03T10:06:16","slug":"wynajem-podnosnikow-dla-firm-kolejowych-na-czas-okreslony","status":"publish","type":"page","link":"https:\/\/www.autolift.info\/pl\/wynajem-podnosnikow-dla-firm-kolejowych-na-czas-okreslony\/","title":{"rendered":"Wypo\u017cyczalnie"},"content":{"rendered":"<p>[et_pb_section fb_built=&#8221;1&#8243; _builder_version=&#8221;4.9.1&#8243; _module_preset=&#8221;default&#8221; custom_padding=&#8221;0px||0px||true|false&#8221; locked=&#8221;off&#8221;][et_pb_row use_custom_gutter=&#8221;on&#8221; gutter_width=&#8221;1&#8243; make_equal=&#8221;on&#8221; _builder_version=&#8221;4.9.1&#8243; _module_preset=&#8221;default&#8221; width=&#8221;100%&#8221; max_width=&#8221;100%&#8221; custom_margin=&#8221;||||false|false&#8221; custom_padding=&#8221;0px||0px||true|false&#8221;][et_pb_column type=&#8221;4_4&#8243; _builder_version=&#8221;4.9.1&#8243; _module_preset=&#8221;default&#8221;][et_pb_slider show_pagination=&#8221;off&#8221; use_bg_overlay=&#8221;on&#8221; use_text_overlay=&#8221;off&#8221; module_class=&#8221;autolift-slider&#8221; _builder_version=&#8221;4.9.4&#8243; _module_preset=&#8221;default&#8221; background_color=&#8221;#ECECEC&#8221; background_image=&#8221;https:\/\/www.autolift.info\/wp-content\/uploads\/2021\/05\/078_produktion_serbien_autolift.jpg&#8221; height=&#8221;600px&#8221; auto=&#8221;on&#8221; auto_speed=&#8221;5000&#8243;][et_pb_slide alignment=&#8221;bottom&#8221; _builder_version=&#8221;4.9.4&#8243; _module_preset=&#8221;default&#8221; header_font=&#8221;|700||on|||||&#8221; header_text_align=&#8221;left&#8221; header_font_size=&#8221;60px&#8221; background_color=&#8221;#ECECEC&#8221; background_enable_color=&#8221;on&#8221; background_image=&#8221;https:\/\/www.autolift.info\/wp-content\/uploads\/2021\/05\/mietanlage_autolift_01.jpg&#8221; background_enable_image=&#8221;on&#8221; parallax=&#8221;on&#8221; parallax_method=&#8221;off&#8221; global_colors_info=&#8221;{%22gcid-1e316c67-09f0-49b6-a876-cbbe87afea32%22:%91%93}&#8221; custom_css_main_element__hover_enabled=&#8221;on|desktop&#8221; sticky_transition=&#8221;on&#8221;][\/et_pb_slide][et_pb_slide _builder_version=&#8221;4.9.4&#8243; _module_preset=&#8221;default&#8221; header_font=&#8221;|700||on|||||&#8221; header_text_align=&#8221;left&#8221; header_font_size=&#8221;60px&#8221; background_color=&#8221;#ECECEC&#8221; background_enable_color=&#8221;on&#8221; background_image=&#8221;https:\/\/www.autolift.info\/wp-content\/uploads\/2021\/05\/mietanlage_autolift_02.jpg&#8221; background_enable_image=&#8221;on&#8221; parallax=&#8221;on&#8221; parallax_method=&#8221;off&#8221; global_colors_info=&#8221;{%22gcid-1e316c67-09f0-49b6-a876-cbbe87afea32%22:%91%93}&#8221; sticky_transition=&#8221;on&#8221;][\/et_pb_slide][\/et_pb_slider][\/et_pb_column][\/et_pb_row][\/et_pb_section][et_pb_section fb_built=&#8221;1&#8243; _builder_version=&#8221;4.9.2&#8243; _module_preset=&#8221;default&#8221; background_color=&#8221;RGBA(0,0,0,0)&#8221; custom_padding=&#8221;0px||||false|false&#8221;][et_pb_row use_custom_gutter=&#8221;on&#8221; gutter_width=&#8221;1&#8243; _builder_version=&#8221;4.9.4&#8243; _module_preset=&#8221;default&#8221; background_color=&#8221;#FFFFFF&#8221; module_alignment=&#8221;center&#8221; min_height=&#8221;114px&#8221; custom_margin=&#8221;-90px||||false|false&#8221; custom_padding=&#8221;0px||||false|true&#8221; animation_direction=&#8221;bottom&#8221; custom_css_main_element=&#8221;z-index:10;&#8221;][et_pb_column type=&#8221;4_4&#8243; _builder_version=&#8221;4.9.1&#8243; _module_preset=&#8221;default&#8221;][et_pb_text admin_label=&#8221;Mietanlagen&#8221; module_class=&#8221;ime-pattern-rot&#8221; _builder_version=&#8221;4.9.4&#8243; _module_preset=&#8221;default&#8221; text_font=&#8221;||||||||&#8221; header_font=&#8221;||||||||&#8221; header_text_color=&#8221;gcid-01af1b29-4bf7-44fe-a473-50909a3a5b27&#8243; header_2_font=&#8221;|800||on|||||&#8221; header_2_text_color=&#8221;gcid-4ebc9de5-e061-4b45-94a8-080fa0de0610&#8243; header_2_font_size=&#8221;40px&#8221; header_3_font=&#8221;|700||on|||||&#8221; header_3_font_size=&#8221;40px&#8221; background_size=&#8221;initial&#8221; background_repeat=&#8221;repeat&#8221; background_blend=&#8221;difference&#8221; custom_padding=&#8221;25px||15px|30px|false|false&#8221; header_2_font_size_tablet=&#8221;30px&#8221; header_2_font_size_phone=&#8221;24px&#8221; header_2_font_size_last_edited=&#8221;on|desktop&#8221; global_colors_info=&#8221;{%22gcid-7df05597-327a-4e7a-9bc4-7a2456ed480c%22:%91%93,%22gcid-01af1b29-4bf7-44fe-a473-50909a3a5b27%22:%91%22header_text_color%22%93,%22gcid-4ebc9de5-e061-4b45-94a8-080fa0de0610%22:%91%22header_2_text_color%22%93,%22gcid-07156617-efbb-4c8c-80ba-1d2279245b1d%22:%91%93}&#8221;]<\/p>\n<h2>WYNAJEM PODNO\u015aNIK\u00d3W DLA FIRM KOLEJOWYCH NA CZAS OKRE\u015aLONY<\/h2>\n<p>[\/et_pb_text][\/et_pb_column][\/et_pb_row][et_pb_row _builder_version=&#8221;4.9.4&#8243; _module_preset=&#8221;default&#8221; custom_padding=&#8221;|30px||30px|false|true&#8221;][et_pb_column type=&#8221;4_4&#8243; _builder_version=&#8221;4.9.4&#8243; _module_preset=&#8221;default&#8221;][et_pb_text admin_label=&#8221;Schienenfahrzeughersteller oder Eisenbahngesellschaften ben\u00f6tigen immer wieder f\u00fcr einen begrenzten Zeitraum Mietanlagen&#8221; _builder_version=&#8221;4.9.4&#8243; _module_preset=&#8221;default&#8221;]<\/p>\n<p>Producenci pojazd\u00f3w szynowych lub przedsi\u0119biorstwa kolejowe zawsze potrzebuj\u0105 urz\u0105dze\u0144 do wynajmu na czas okre\u015blony. Czy to w celu realizacji wi\u0119kszych projekt\u00f3w, kt\u00f3re przekraczaj\u0105 regularne mo\u017cliwo\u015bci, czy te\u017c w celu przeprowadzenia gruntownej przebudowy lub <\/p>\n<p>Autolift oferuje wynajem sprz\u0119tu w takich przypadkach. Obecnie w obiegu znajduj\u0105 si\u0119 nast\u0119puj\u0105ce systemy, kt\u00f3rych dost\u0119pno\u015b\u0107 nale\u017cy uzgodni\u0107 indywidualnie z zespo\u0142em handlowym: <\/p>\n<p>[\/et_pb_text][\/et_pb_column][\/et_pb_row][et_pb_row column_structure=&#8221;1_3,1_3,1_3&#8243; _builder_version=&#8221;4.9.4&#8243; _module_preset=&#8221;default&#8221; custom_padding=&#8221;|30px||30px|false|true&#8221;][et_pb_column type=&#8221;1_3&#8243; _builder_version=&#8221;4.9.4&#8243; _module_preset=&#8221;default&#8221;][et_pb_text admin_label=&#8221;2 Anlagen 4 x 12to&#8221; _builder_version=&#8221;4.9.4&#8243; _module_preset=&#8221;default&#8221; text_orientation=&#8221;center&#8221; min_height=&#8221;150px&#8221; custom_margin=&#8221;-19px|||||&#8221;]<\/p>\n<p>2 zestawy<br \/>4 x 12to<\/p>\n<p>[\/et_pb_text][et_pb_text admin_label=&#8221;Datenblatt zum \u00d6ffnen und direkt downloaden&#8221; _builder_version=&#8221;4.9.4&#8243; _module_preset=&#8221;default&#8221; text_orientation=&#8221;center&#8221; custom_margin=&#8221;-19px|||||&#8221;]<\/p>\n<p>Otw\u00f3rz arkusz danych<br \/>i pobierz bezpo\u015brednio<\/p>\n<p>[\/et_pb_text][et_pb_button button_url=&#8221;https:\/\/www.autolift.info\/wp-content\/uploads\/2021\/03\/ESSH12-RU-00-0000B.pdf&#8221; url_new_window=&#8221;on&#8221; button_text=&#8221;ZOBACZ&#8221; button_alignment=&#8221;center&#8221; _builder_version=&#8221;4.9.4&#8243; _module_preset=&#8221;default&#8221;][\/et_pb_button][\/et_pb_column][et_pb_column type=&#8221;1_3&#8243; _builder_version=&#8221;4.9.4&#8243; _module_preset=&#8221;default&#8221;][et_pb_text admin_label=&#8221;3 Anlagen 4 x 12to&#8221; _builder_version=&#8221;4.9.4&#8243; _module_preset=&#8221;default&#8221; text_orientation=&#8221;center&#8221; min_height=&#8221;150px&#8221; custom_margin=&#8221;-19px|||||&#8221;]<\/p>\n<p>3 zestawy<br \/>4 x 12to z nisk\u0105 wysoko\u015bci\u0105 podstawy<\/p>\n<p>[\/et_pb_text][et_pb_text admin_label=&#8221;Datenblatt zum \u00d6ffnen und direkt downloaden&#8221; _builder_version=&#8221;4.9.4&#8243; _module_preset=&#8221;default&#8221; text_orientation=&#8221;center&#8221; custom_margin=&#8221;-19px|||||&#8221;]<\/p>\n<p>Otw\u00f3rz arkusz danych<br \/>i pobierz bezpo\u015brednio<\/p>\n<p>[\/et_pb_text][et_pb_button button_url=&#8221;https:\/\/www.autolift.info\/wp-content\/uploads\/2021\/03\/ESSH12-BEL-00-0000A.pdf&#8221; url_new_window=&#8221;on&#8221; button_text=&#8221;ZOBACZ&#8221; button_alignment=&#8221;center&#8221; _builder_version=&#8221;4.9.4&#8243; _module_preset=&#8221;default&#8221;][\/et_pb_button][\/et_pb_column][et_pb_column type=&#8221;1_3&#8243; _builder_version=&#8221;4.9.4&#8243; _module_preset=&#8221;default&#8221;][et_pb_text admin_label=&#8221;2 Anlagen ESSH-28081 \/ 400-700 \/ 600-2.400; 8x35to&#8221; _builder_version=&#8221;4.9.4&#8243; _module_preset=&#8221;default&#8221; text_orientation=&#8221;center&#8221; min_height=&#8221;150px&#8221; custom_margin=&#8221;-19px|||||&#8221;]<\/p>\n<p>2 zestawy<br \/>ESSH-28081 \/ 400-700 \/ 600-2.400; 8x35to z silnikow\u0105 regulacj\u0105 podno\u015bnika pod obci\u0105\u017ceniem<\/p>\n<p>[\/et_pb_text][et_pb_text admin_label=&#8221;Datenblatt zum \u00d6ffnen und direkt downloaden&#8221; _builder_version=&#8221;4.9.4&#8243; _module_preset=&#8221;default&#8221; text_orientation=&#8221;center&#8221; custom_margin=&#8221;-19px|||||&#8221;]<\/p>\n<p>Otw\u00f3rz arkusz danych<br \/>i pobierz bezpo\u015brednio<\/p>\n<p>[\/et_pb_text][et_pb_button button_url=&#8221;https:\/\/www.autolift.info\/wp-content\/uploads\/2021\/03\/ESSH35AR-00-0000A.pdf&#8221; url_new_window=&#8221;on&#8221; button_text=&#8221;ZOBACZ&#8221; button_alignment=&#8221;center&#8221; _builder_version=&#8221;4.9.4&#8243; _module_preset=&#8221;default&#8221;][\/et_pb_button][\/et_pb_column][\/et_pb_row][\/et_pb_section]<\/p>\n","protected":false},"excerpt":{"rendered":"<p>WYNAJEM PODNO\u015aNIK\u00d3W DLA FIRM KOLEJOWYCH NA CZAS OKRE\u015aLONYProducenci pojazd\u00f3w szynowych lub przedsi\u0119biorstwa kolejowe zawsze potrzebuj\u0105 urz\u0105dze\u0144 do wynajmu na czas okre\u015blony. Czy to w celu realizacji wi\u0119kszych projekt\u00f3w, kt\u00f3re przekraczaj\u0105 regularne mo\u017cliwo\u015bci, czy te\u017c w celu przeprowadzenia gruntownej przebudowy lub Autolift oferuje wynajem sprz\u0119tu w takich przypadkach. Obecnie w obiegu znajduj\u0105 si\u0119 nast\u0119puj\u0105ce systemy, kt\u00f3rych [&hellip;]<\/p>\n","protected":false},"author":1,"featured_media":0,"parent":0,"menu_order":40,"comment_status":"closed","ping_status":"closed","template":"","meta":{"_et_pb_use_builder":"on","_et_pb_old_content":"","_et_gb_content_width":"","footnotes":""},"class_list":["post-248035","page","type-page","status-publish","hentry"],"_links":{"self":[{"href":"https:\/\/www.autolift.info\/pl\/wp-json\/wp\/v2\/pages\/248035","targetHints":{"allow":["GET"]}}],"collection":[{"href":"https:\/\/www.autolift.info\/pl\/wp-json\/wp\/v2\/pages"}],"about":[{"href":"https:\/\/www.autolift.info\/pl\/wp-json\/wp\/v2\/types\/page"}],"author":[{"embeddable":true,"href":"https:\/\/www.autolift.info\/pl\/wp-json\/wp\/v2\/users\/1"}],"replies":[{"embeddable":true,"href":"https:\/\/www.autolift.info\/pl\/wp-json\/wp\/v2\/comments?post=248035"}],"version-history":[{"count":8,"href":"https:\/\/www.autolift.info\/pl\/wp-json\/wp\/v2\/pages\/248035\/revisions"}],"predecessor-version":[{"id":248192,"href":"https:\/\/www.autolift.info\/pl\/wp-json\/wp\/v2\/pages\/248035\/revisions\/248192"}],"wp:attachment":[{"href":"https:\/\/www.autolift.info\/pl\/wp-json\/wp\/v2\/media?parent=248035"}],"curies":[{"name":"wp","href":"https:\/\/api.w.org\/{rel}","templated":true}]}}