{"id":248032,"date":"2023-06-22T11:16:08","date_gmt":"2023-06-22T09:16:08","guid":{"rendered":"https:\/\/www.autolift.info\/wyposazenie-specjalne-urzadzenia-specjalistyczne\/"},"modified":"2023-06-22T11:16:10","modified_gmt":"2023-06-22T09:16:10","slug":"wyposazenie-specjalne-urzadzenia-specjalistyczne","status":"publish","type":"page","link":"https:\/\/www.autolift.info\/pl\/produkty\/wyposazenie-specjalne-urzadzenia-specjalistyczne\/","title":{"rendered":"WYPOSA\u017bENIE SPECJALNE, URZ\u0104DZENIA SPECJALISTYCZNE"},"content":{"rendered":"<p>[et_pb_section fb_built=&#8221;1&#8243; _builder_version=&#8221;4.9.4&#8243; _module_preset=&#8221;default&#8221; background_color=&#8221;gcid-1e316c67-09f0-49b6-a876-cbbe87afea32&#8243; background_image=&#8221;https:\/\/www.autolift.info\/wp-content\/uploads\/2021\/05\/ime-autolift-umdrehvorrichtung-drehgestelle.jpg&#8221; height=&#8221;600px&#8221; custom_padding=&#8221;256px||256px||true|false&#8221; locked=&#8221;off&#8221; global_colors_info=&#8221;{%22gcid-1e316c67-09f0-49b6-a876-cbbe87afea32%22:%91%22background_color%22%93}&#8221;][\/et_pb_section][et_pb_section fb_built=&#8221;1&#8243; _builder_version=&#8221;4.9.3&#8243; _module_preset=&#8221;default&#8221; background_color=&#8221;RGBA(0,0,0,0)&#8221; custom_padding=&#8221;0px||||false|false&#8221; locked=&#8221;off&#8221;][et_pb_row use_custom_gutter=&#8221;on&#8221; gutter_width=&#8221;1&#8243; _builder_version=&#8221;4.9.4&#8243; _module_preset=&#8221;default&#8221; background_color=&#8221;#FFFFFF&#8221; module_alignment=&#8221;center&#8221; min_height=&#8221;114px&#8221; custom_margin=&#8221;-90px||||false|false&#8221; custom_padding=&#8221;0px||||false|true&#8221; animation_direction=&#8221;bottom&#8221; custom_css_main_element=&#8221;z-index:10;&#8221;][et_pb_column type=&#8221;4_4&#8243; _builder_version=&#8221;4.9.1&#8243; _module_preset=&#8221;default&#8221;][et_pb_text admin_label=&#8221;Mobile Hebeb\u00f6cke&#8221; module_class=&#8221;ime-pattern-rot&#8221; _builder_version=&#8221;4.9.4&#8243; _module_preset=&#8221;default&#8221; text_font=&#8221;||||||||&#8221; header_font=&#8221;||||||||&#8221; header_text_color=&#8221;gcid-01af1b29-4bf7-44fe-a473-50909a3a5b27&#8243; header_2_font=&#8221;|800||on|||||&#8221; header_2_text_color=&#8221;gcid-4ebc9de5-e061-4b45-94a8-080fa0de0610&#8243; header_2_font_size=&#8221;40px&#8221; header_3_font=&#8221;|700||on|||||&#8221; header_3_font_size=&#8221;40px&#8221; background_size=&#8221;initial&#8221; background_repeat=&#8221;repeat&#8221; background_blend=&#8221;difference&#8221; custom_padding=&#8221;25px||15px|30px|false|false&#8221; header_2_font_size_tablet=&#8221;30px&#8221; header_2_font_size_phone=&#8221;24px&#8221; header_2_font_size_last_edited=&#8221;on|desktop&#8221; global_colors_info=&#8221;{%22gcid-7df05597-327a-4e7a-9bc4-7a2456ed480c%22:%91%93,%22gcid-01af1b29-4bf7-44fe-a473-50909a3a5b27%22:%91%22header_text_color%22%93,%22gcid-4ebc9de5-e061-4b45-94a8-080fa0de0610%22:%91%22header_2_text_color%22%93,%22gcid-07156617-efbb-4c8c-80ba-1d2279245b1d%22:%91%93}&#8221;]<\/p>\n<h2 class=\"western\">WYPOSA\u017bENIE SPECJALNE, URZ\u0104DZENIA SPECJALISTYCZNE<\/h2>\n<p>[\/et_pb_text][\/et_pb_column][\/et_pb_row][et_pb_row _builder_version=&#8221;4.9.3&#8243; _module_preset=&#8221;default&#8221; background_color=&#8221;#FFFFFF&#8221; custom_padding=&#8221;|30px||30px|false|true&#8221; locked=&#8221;off&#8221;][et_pb_column type=&#8221;4_4&#8243; _builder_version=&#8221;4.9.3&#8243; _module_preset=&#8221;default&#8221;][et_pb_text admin_label=&#8221;Mobile Hebeb\u00f6cke sind die einfachste Art&#8221; _builder_version=&#8221;4.9.4&#8243; _module_preset=&#8221;default&#8221;]We wszystkich obszarach, gdzie podnoszone s\u0105 ci\u0119\u017ckie \u0142adunki i wykonywane s\u0105 pod nimi prace, ch\u0119tnie s\u0142u\u017cymy nasz\u0105 wiedz\u0105 i do\u015bwiadczeniem. Dzi\u0119ki naszemu du\u017cemu dzia\u0142owi rozwoju w obszarze mechanicznym, a tak\u017ce elektrycznym i oprogramowania, jeste\u015bmy w stanie odpowiedzie\u0107 na specjalne \u017cyczenia lub opracowa\u0107 specjalne urz\u0105dzenia..[\/et_pb_text][\/et_pb_column][\/et_pb_row][et_pb_row _builder_version=&#8221;4.5.3&#8243; _module_preset=&#8221;default&#8221; custom_margin=&#8221;||0px||false|false&#8221; custom_padding=&#8221;||0px||false|false&#8221;][et_pb_column type=&#8221;4_4&#8243; _builder_version=&#8221;4.5.3&#8243; _module_preset=&#8221;default&#8221;][et_pb_accordion icon_color=&#8221;#ffffff&#8221; admin_label=&#8221;Accordion 9&#8243; module_class=&#8221;dct_faq_v9&#8243; _builder_version=&#8221;4.9.4&#8243; _module_preset=&#8221;default&#8221; toggle_text_color=&#8221;#333&#8243; toggle_font=&#8221;|700||on|||||&#8221; body_text_color=&#8221;#666464&#8243; custom_css_toggle_title=&#8221;border-top: 0;||background: #eee;||border-bottom: 1px solid transparent;||display: block;||padding: 14px 40px;||position: relative;&#8221; custom_css_toggle_icon=&#8221;content: %22%924c%22;||\tfont-family: ETmodules!important;||top: 10px;||\tright: 0;||\tfont-size: 22px;||\tline-height: 24px;||\tdisplay: block!important;||\t-webkit-box-sizing: border-box;||\t-moz-box-sizing: border-box;||\tbox-sizing: border-box;||\tfont-weight: 700;||\tbackground: #cc0000;||\tpadding: 10px&#8221; custom_css_toggle_content=&#8221;border-top: 0 none;||background: #eee;||padding: 15px 27px;&#8221; locked=&#8221;off&#8221;][et_pb_accordion_item title=&#8221;OBROTOWE SYSTEMY PODNOSZENIA&#8221; open=&#8221;on&#8221; _builder_version=&#8221;4.9.4&#8243; _module_preset=&#8221;default&#8221; custom_margin=&#8221;||6px||false|false&#8221; custom_padding=&#8221;0px|0px|0px|0px|false|false&#8221; border_width_left=&#8221;5px&#8221; border_color_left=&#8221;#cc0000&#8243;]<\/p>\n<p><a href=\"https:\/\/www.autolift.info\/wp-content\/uploads\/2021\/05\/ime-autolift-drehhebeanlagen.jpg\"><img loading=\"lazy\" decoding=\"async\" src=\"https:\/\/www.autolift.info\/wp-content\/uploads\/2021\/05\/ime-autolift-drehhebeanlagen-300x225.jpg\" width=\"300\" height=\"225\" alt=\"\" class=\"wp-image-241365 alignnone size-medium\"><\/a>Innym wa\u017cnym obszarem dzia\u0142alno\u015bci firmy Autolift s\u0105 obrotowe systemy podnoszenia dla sektora przemys\u0142owego. Szczeg\u00f3\u0142owe informacje mo\u017cna znale\u017a\u0107 <a href=\"https:\/\/drehhebeanlagen.com\/\" target=\"_blank\" rel=\"noopener\" title=\"drehebeanlagen.com\">tutaj.<\/a> <\/p>\n<p>[\/et_pb_accordion_item][et_pb_accordion_item title=&#8221;PODNO\u015aNIKI DO AUTOBUS\u00d3W I CI\u0118\u017bAR\u00d3WEK&#8221; _builder_version=&#8221;4.9.4&#8243; _module_preset=&#8221;default&#8221; custom_margin=&#8221;||6px||false|false&#8221; custom_padding=&#8221;0px|0px|0px|0px|false|false&#8221; border_width_left=&#8221;5px&#8221; border_color_left=&#8221;#cc0000&#8243; open=&#8221;off&#8221;]<\/p>\n<p><a href=\"https:\/\/www.autolift.info\/wp-content\/uploads\/2021\/05\/ime-autolift-hebebuehne-busse.jpg\"><img loading=\"lazy\" decoding=\"async\" src=\"https:\/\/www.autolift.info\/wp-content\/uploads\/2021\/05\/ime-autolift-hebebuehne-busse-300x225.jpg\" width=\"300\" height=\"225\" alt=\"\" class=\"wp-image-241367 alignnone size-medium\"><\/a>Systemy podno\u015bnikowe do obs\u0142ugi samochod\u00f3w ci\u0119\u017carowych i autobus\u00f3w, jak r\u00f3wnie\u017c innych ci\u0119\u017ckich pojazd\u00f3w u\u017cytkowych, takich jak maszyny budowlane, maszyny rolnicze i ci\u0105gniki lotnicze, s\u0105 r\u00f3wnie\u017c cz\u0119\u015bci\u0105 portfolio produkt\u00f3w Autolift. Sprzeda\u017c\u0105 w tym obszarze dzia\u0142alno\u015bci zajmuje si\u0119 nasza siostrzana firma IME Light GmbH. Szczeg\u00f3\u0142owe informacje mo\u017cna znale\u017a\u0107 <a href=\"https:\/\/www.ime-light.de\/\" target=\"_blank\" rel=\"noopener\" title=\"IME Light GmbH\">tutaj.<\/a>  <\/p>\n<p>[\/et_pb_accordion_item][et_pb_accordion_item title=&#8221;MOBILNY PODNO\u015aNIK SAMOCHODOWY PROFIMASTER 3000&#8243; _builder_version=&#8221;4.9.4&#8243; _module_preset=&#8221;default&#8221; custom_margin=&#8221;||6px||false|false&#8221; custom_padding=&#8221;0px|0px|0px|0px|false|false&#8221; border_width_left=&#8221;5px&#8221; border_color_left=&#8221;#cc0000&#8243; open=&#8221;off&#8221;]<\/p>\n<p><a href=\"https:\/\/www.autolift.info\/wp-content\/uploads\/2021\/05\/ime-autolift-pkw-hebebuehne.jpg\"><img loading=\"lazy\" decoding=\"async\" src=\"https:\/\/www.autolift.info\/wp-content\/uploads\/2021\/05\/ime-autolift-pkw-hebebuehne-300x225.jpg\" width=\"300\" height=\"225\" alt=\"\" class=\"wp-image-241368 alignnone size-medium\"><\/a>Mobilny podno\u015bnik Profimaster 3000 umo\u017cliwia ergonomiczn\u0105 prac\u0119 w zakresie prac blacharskich i lakierniczych na samochodach osobowych i dostawczych. Szczeg\u00f3\u0142owe informacje znajd\u0105 Pa\u0144stwo <a href=\"https:\/\/www.ime-light.de\/\" target=\"_blank\" rel=\"noopener\" title=\"IME Light GmbH\">tutaj.<\/a> <\/p>\n<p>[\/et_pb_accordion_item][et_pb_accordion_item title=&#8221;Maschinenheber&#8221; _builder_version=&#8221;4.9.4&#8243; _module_preset=&#8221;default&#8221; custom_margin=&#8221;||6px||false|false&#8221; custom_padding=&#8221;0px|0px|0px|0px|false|false&#8221; border_width_left=&#8221;5px&#8221; border_color_left=&#8221;#cc0000&#8243; open=&#8221;off&#8221;]<\/p>\n<p><a href=\"https:\/\/www.autolift.info\/wp-content\/uploads\/2021\/05\/ime-autolift-montagehilfe.jpg\"><img loading=\"lazy\" decoding=\"async\" src=\"https:\/\/www.autolift.info\/wp-content\/uploads\/2021\/05\/ime-autolift-montagehilfe-225x300.jpg\" width=\"225\" height=\"300\" alt=\"\" class=\"wp-image-241370 alignnone size-medium\"><\/a><img loading=\"lazy\" decoding=\"async\" src=\"https:\/\/www.autolift.info\/wp-content\/uploads\/2021\/05\/ime-autolift-maschinenheber-300x225.jpg\" width=\"300\" height=\"225\" alt=\"\" class=\"wp-image-241369 alignnone size-medium\">W budowie pojazd\u00f3w, maszyn i urz\u0105dze\u0144 zawsze pojawiaj\u0105 si\u0119 wymagaj\u0105ce problemy zwi\u0105zane z podnoszeniem lub manipulowaniem ci\u0119\u017ckimi elementami, kt\u00f3rych nie mo\u017cna dobrze rozwi\u0105za\u0107 za pomoc\u0105 konwencjonalnych urz\u0105dze\u0144 podnosz\u0105cych, takich jak \u017curawie wewn\u0119trzne, w\u00f3zki wid\u0142owe lub elektryczne mr\u00f3wki. Poniewa\u017c w takich przypadkach cz\u0119sto konieczna jest praca pod obci\u0105\u017ceniem, jest to optymalne pole dzia\u0142ania dla firmy Autolift. <\/p>\n<p>Dobrym przyk\u0142adem s\u0105 specjalne podno\u015bniki maszynowe do monta\u017cu kompletnych sufit\u00f3w pojazd\u00f3w w tramwajach. Montowany sufit pojazdu jest przytrzymywany przez podno\u015bnik maszynowy, a pojazd jest wsuwany do \u015brodka. Nast\u0119pnie podno\u015bnik maszynowy przesuwa si\u0119 w g\u00f3r\u0119 i pozycjonuje element. Poniewa\u017c podczas nast\u0119puj\u0105cego po nim mocowania i monta\u017cu pod \u0142adunkiem znajduj\u0105 si\u0119 ludzie, samozaciskowe \u015bruby podno\u015bnikowe s\u0105 idealnym rozwi\u0105zaniem d\u017awigniowym.   <\/p>\n<p>[\/et_pb_accordion_item][et_pb_accordion_item title=&#8221;OBROTOWE PODNO\u015aNIKI NO\u017bYCOWE&#8221; _builder_version=&#8221;4.9.4&#8243; _module_preset=&#8221;default&#8221; custom_margin=&#8221;||6px||false|false&#8221; custom_padding=&#8221;0px|0px|0px|0px|false|false&#8221; border_width_left=&#8221;5px&#8221; border_color_left=&#8221;#cc0000&#8243; open=&#8221;off&#8221;]<\/p>\n<p><a href=\"https:\/\/www.autolift.info\/wp-content\/uploads\/2021\/05\/ime-autolift-drehbare-scherenbuehne.jpg\"><img loading=\"lazy\" decoding=\"async\" src=\"https:\/\/www.autolift.info\/wp-content\/uploads\/2021\/05\/ime-autolift-drehbare-scherenbuehne-300x225.jpg\" width=\"300\" height=\"225\" alt=\"\" class=\"wp-image-241371 alignnone size-medium\"><\/a>Po\u0142\u0105czenie naszych sto\u0142\u00f3w obrotowych z naszymi podno\u015bnikami no\u017cycowymi.<\/p>\n<p>[\/et_pb_accordion_item][et_pb_accordion_item title=&#8221;ZA\u0141ADUNEK SAMOCHOD\u00d3W&#8221; _builder_version=&#8221;4.9.4&#8243; _module_preset=&#8221;default&#8221; custom_margin=&#8221;||6px||false|false&#8221; custom_padding=&#8221;0px|0px|0px|0px|false|false&#8221; border_width_left=&#8221;5px&#8221; border_color_left=&#8221;#cc0000&#8243; open=&#8221;off&#8221;]<\/p>\n<p><a href=\"https:\/\/www.autolift.info\/wp-content\/uploads\/2021\/05\/ime-autolift-autoverladung.jpg\"><img loading=\"lazy\" decoding=\"async\" src=\"https:\/\/www.autolift.info\/wp-content\/uploads\/2021\/05\/ime-autolift-autoverladung-300x225.jpg\" width=\"300\" height=\"225\" alt=\"\" class=\"wp-image-241372 alignnone size-medium\"><\/a>Rampy prze\u0142adunkowe o regulowanej wysoko\u015bci s\u0105 niezb\u0119dne do szybkiego za\u0142adunku samochod\u00f3w na statki lub wagony kolejowe. Poniewa\u017c na, i pod tymi rampami znajduj\u0105 si\u0119 ludzie, wymagania dotycz\u0105ce bezpiecze\u0144stwa s\u0105 odpowiednio wysokie. Oto nasze motto: bezpieczne podnoszenie ci\u0119\u017ckich \u0142adunk\u00f3w z osobami pracuj\u0105cymi pod nimi.  <\/p>\n<p>[\/et_pb_accordion_item][\/et_pb_accordion][\/et_pb_column][\/et_pb_row][\/et_pb_section]<\/p>\n","protected":false},"excerpt":{"rendered":"<p>WYPOSA\u017bENIE SPECJALNE, URZ\u0104DZENIA SPECJALISTYCZNEWe wszystkich obszarach, gdzie podnoszone s\u0105 ci\u0119\u017ckie \u0142adunki i wykonywane s\u0105 pod nimi prace, ch\u0119tnie s\u0142u\u017cymy nasz\u0105 wiedz\u0105 i do\u015bwiadczeniem. Dzi\u0119ki naszemu du\u017cemu dzia\u0142owi rozwoju w obszarze mechanicznym, a tak\u017ce elektrycznym i oprogramowania, jeste\u015bmy w stanie odpowiedzie\u0107 na specjalne \u017cyczenia lub opracowa\u0107 specjalne urz\u0105dzenia..Innym wa\u017cnym obszarem dzia\u0142alno\u015bci firmy Autolift s\u0105 obrotowe systemy [&hellip;]<\/p>\n","protected":false},"author":1,"featured_media":0,"parent":248068,"menu_order":70,"comment_status":"closed","ping_status":"closed","template":"","meta":{"_et_pb_use_builder":"on","_et_pb_old_content":"","_et_gb_content_width":"","footnotes":""},"class_list":["post-248032","page","type-page","status-publish","hentry"],"_links":{"self":[{"href":"https:\/\/www.autolift.info\/pl\/wp-json\/wp\/v2\/pages\/248032","targetHints":{"allow":["GET"]}}],"collection":[{"href":"https:\/\/www.autolift.info\/pl\/wp-json\/wp\/v2\/pages"}],"about":[{"href":"https:\/\/www.autolift.info\/pl\/wp-json\/wp\/v2\/types\/page"}],"author":[{"embeddable":true,"href":"https:\/\/www.autolift.info\/pl\/wp-json\/wp\/v2\/users\/1"}],"replies":[{"embeddable":true,"href":"https:\/\/www.autolift.info\/pl\/wp-json\/wp\/v2\/comments?post=248032"}],"version-history":[{"count":2,"href":"https:\/\/www.autolift.info\/pl\/wp-json\/wp\/v2\/pages\/248032\/revisions"}],"predecessor-version":[{"id":248034,"href":"https:\/\/www.autolift.info\/pl\/wp-json\/wp\/v2\/pages\/248032\/revisions\/248034"}],"up":[{"embeddable":true,"href":"https:\/\/www.autolift.info\/pl\/wp-json\/wp\/v2\/pages\/248068"}],"wp:attachment":[{"href":"https:\/\/www.autolift.info\/pl\/wp-json\/wp\/v2\/media?parent=248032"}],"curies":[{"name":"wp","href":"https:\/\/api.w.org\/{rel}","templated":true}]}}