{"id":247990,"date":"2023-06-22T10:57:09","date_gmt":"2023-06-22T08:57:09","guid":{"rendered":"https:\/\/www.autolift.info\/systemy-podnoszace-podposadzkowe\/"},"modified":"2023-06-22T10:57:11","modified_gmt":"2023-06-22T08:57:11","slug":"systemy-podnoszace-podposadzkowe","status":"publish","type":"page","link":"https:\/\/www.autolift.info\/pl\/produkty\/systemy-podnoszace-podposadzkowe\/","title":{"rendered":"SYSTEMY PODNOSZ\u0104CE PODPOSADZKOWE"},"content":{"rendered":"<p>[et_pb_section fb_built=&#8221;1&#8243; _builder_version=&#8221;4.9.4&#8243; _module_preset=&#8221;default&#8221; background_color=&#8221;gcid-1e316c67-09f0-49b6-a876-cbbe87afea32&#8243; background_image=&#8221;https:\/\/www.autolift.info\/wp-content\/uploads\/2021\/05\/ime-autolift-cantilever.jpg&#8221; background_position=&#8221;bottom_center&#8221; height=&#8221;600px&#8221; custom_padding=&#8221;256px||256px||true|false&#8221; locked=&#8221;off&#8221; global_colors_info=&#8221;{%22gcid-1e316c67-09f0-49b6-a876-cbbe87afea32%22:%91%22background_color%22%93}&#8221;][\/et_pb_section][et_pb_section fb_built=&#8221;1&#8243; _builder_version=&#8221;4.9.3&#8243; _module_preset=&#8221;default&#8221; background_color=&#8221;RGBA(0,0,0,0)&#8221; custom_padding=&#8221;0px||||false|false&#8221; locked=&#8221;off&#8221;][et_pb_row use_custom_gutter=&#8221;on&#8221; gutter_width=&#8221;1&#8243; _builder_version=&#8221;4.9.4&#8243; _module_preset=&#8221;default&#8221; background_color=&#8221;#FFFFFF&#8221; module_alignment=&#8221;center&#8221; min_height=&#8221;114px&#8221; custom_margin=&#8221;-90px||||false|false&#8221; custom_padding=&#8221;0px||||false|true&#8221; animation_direction=&#8221;bottom&#8221; custom_css_main_element=&#8221;z-index:10;&#8221;][et_pb_column type=&#8221;4_4&#8243; _builder_version=&#8221;4.9.1&#8243; _module_preset=&#8221;default&#8221;][et_pb_text admin_label=&#8221;Mobile Hebeb\u00f6cke&#8221; module_class=&#8221;ime-pattern-rot&#8221; _builder_version=&#8221;4.9.4&#8243; _module_preset=&#8221;default&#8221; text_font=&#8221;||||||||&#8221; header_font=&#8221;||||||||&#8221; header_text_color=&#8221;gcid-01af1b29-4bf7-44fe-a473-50909a3a5b27&#8243; header_2_font=&#8221;|800||on|||||&#8221; header_2_text_color=&#8221;gcid-4ebc9de5-e061-4b45-94a8-080fa0de0610&#8243; header_2_font_size=&#8221;40px&#8221; header_3_font=&#8221;|700||on|||||&#8221; header_3_font_size=&#8221;40px&#8221; background_size=&#8221;initial&#8221; background_repeat=&#8221;repeat&#8221; background_blend=&#8221;difference&#8221; custom_padding=&#8221;25px||15px|30px|false|false&#8221; header_2_font_size_tablet=&#8221;30px&#8221; header_2_font_size_phone=&#8221;24px&#8221; header_2_font_size_last_edited=&#8221;on|desktop&#8221; global_colors_info=&#8221;{%22gcid-7df05597-327a-4e7a-9bc4-7a2456ed480c%22:%91%93,%22gcid-01af1b29-4bf7-44fe-a473-50909a3a5b27%22:%91%22header_text_color%22%93,%22gcid-4ebc9de5-e061-4b45-94a8-080fa0de0610%22:%91%22header_2_text_color%22%93,%22gcid-07156617-efbb-4c8c-80ba-1d2279245b1d%22:%91%93}&#8221;]<\/p>\n<h2 class=\"western\">SYSTEMY PODNOSZ\u0104CE PODPOSADZKOWE<\/h2>\n<p>[\/et_pb_text][\/et_pb_column][\/et_pb_row][et_pb_row _builder_version=&#8221;4.9.3&#8243; _module_preset=&#8221;default&#8221; background_color=&#8221;#FFFFFF&#8221; custom_padding=&#8221;|30px||30px|false|true&#8221; locked=&#8221;off&#8221;][et_pb_column type=&#8221;4_4&#8243; _builder_version=&#8221;4.9.3&#8243; _module_preset=&#8221;default&#8221;][et_pb_text admin_label=&#8221;Mobile Hebeb\u00f6cke sind die einfachste Art&#8221; _builder_version=&#8221;4.9.4&#8243; _module_preset=&#8221;default&#8221;]<\/p>\n<p>W por\u00f3wnaniu do podno\u015bnik\u00f3w mobilnych, systemy podnoszenia pod pod\u0142og\u0105 maj\u0105 t\u0119 wielk\u0105 zalet\u0119, \u017ce nie ma ograniczonej przestrzeni, gdy nie s\u0105 u\u017cywane. System jest dobrze schowany w zag\u0142\u0119bieniu, a obszar roboczy nad nim mo\u017ce by\u0107 u\u017cywany, przeje\u017cd\u017cany i przemieszczany bez \u017cadnych przeszk\u00f3d. <\/p>\n<p>Rozr\u00f3\u017cniamy i oferujemy dwa podstawowe typy podno\u015bnik\u00f3w podposadzkowych:<\/p>\n<p>Stanowiska podnosz\u0105ce z pionowymi belkami podnosz\u0105cymi bezpo\u015brednio pod szyn\u0105 podnosz\u0105c\u0105 lub szyna podnosz\u0105ca w wykonaniu wspornikowym (zwanym w\u015br\u00f3d fachowc\u00f3w konstrukcj\u0105 wspornikow\u0105) do przepychania w\u00f3zk\u00f3w.<\/p>\n<p>Obie konstrukcje oferujemy jako stoj\u0105ce na dnie kana\u0142u lub zawieszone na belkach poprzecznych.<\/p>\n<p>[\/et_pb_text][\/et_pb_column][\/et_pb_row][et_pb_row column_structure=&#8221;1_2,1_2&#8243; _builder_version=&#8221;4.9.4&#8243; _module_preset=&#8221;default&#8221;][et_pb_column type=&#8221;1_2&#8243; _builder_version=&#8221;4.9.4&#8243; _module_preset=&#8221;default&#8221;][et_pb_blurb url=&#8221;https:\/\/www.autolift.info\/produkte\/unterflurhebeanlagen\/stehende-unterflurhebeanlagen\/&#8221; use_icon=&#8221;on&#8221; font_icon=&#8221;%%3%%&#8221; icon_color=&#8221;gcid-1e316c67-09f0-49b6-a876-cbbe87afea32&#8243; use_circle=&#8221;on&#8221; circle_color=&#8221;#FFFFFF&#8221; use_circle_border=&#8221;on&#8221; circle_border_color=&#8221;gcid-1e316c67-09f0-49b6-a876-cbbe87afea32&#8243; icon_placement=&#8221;left&#8221; use_icon_font_size=&#8221;on&#8221; icon_font_size=&#8221;15px&#8221; admin_label=&#8221;Stehende Unterflurhebeanlagen&#8221; module_class=&#8221;blurb-produkte&#8221; _builder_version=&#8221;4.9.4&#8243; _module_preset=&#8221;default&#8221; custom_margin=&#8221;0px||8px||false|false&#8221; animation=&#8221;off&#8221; link_option_url=&#8221;https:\/\/www.autolift.info\/produkte\/unterflurhebeanlagen\/stehende-unterflurhebeanlagen\/&#8221; hover_enabled=&#8221;0&#8243; global_colors_info=&#8221;{%22gcid-1e316c67-09f0-49b6-a876-cbbe87afea32%22:%91%22icon_color%22,%22circle_border_color%22%93}&#8221; sticky_enabled=&#8221;0&#8243;]<\/p>\n<p>SYSTEMY PODNOSZ\u0104CE STOJ\u0104CE PODPOSADZKOWE<\/p>\n<p>[\/et_pb_blurb][\/et_pb_column][et_pb_column type=&#8221;1_2&#8243; _builder_version=&#8221;4.9.4&#8243; _module_preset=&#8221;default&#8221;][et_pb_blurb url=&#8221;https:\/\/www.autolift.info\/produkte\/unterflurhebeanlagen\/haengende-unterflurhebeanlagen\/&#8221; use_icon=&#8221;on&#8221; font_icon=&#8221;%%3%%&#8221; icon_color=&#8221;gcid-1e316c67-09f0-49b6-a876-cbbe87afea32&#8243; use_circle=&#8221;on&#8221; circle_color=&#8221;#FFFFFF&#8221; use_circle_border=&#8221;on&#8221; circle_border_color=&#8221;gcid-1e316c67-09f0-49b6-a876-cbbe87afea32&#8243; icon_placement=&#8221;left&#8221; use_icon_font_size=&#8221;on&#8221; icon_font_size=&#8221;15px&#8221; admin_label=&#8221;H\u00e4ngende Unterflurhebeanlagen&#8221; module_class=&#8221;blurb-produkte&#8221; _builder_version=&#8221;4.9.4&#8243; _module_preset=&#8221;default&#8221; custom_margin=&#8221;0px||8px||false|false&#8221; animation=&#8221;off&#8221; link_option_url=&#8221;https:\/\/www.autolift.info\/produkte\/unterflurhebeanlagen\/haengende-unterflurhebeanlagen\/&#8221; hover_enabled=&#8221;0&#8243; global_colors_info=&#8221;{%22gcid-1e316c67-09f0-49b6-a876-cbbe87afea32%22:%91%22icon_color%22,%22circle_border_color%22%93}&#8221; sticky_enabled=&#8221;0&#8243;]<\/p>\n<p>PODWIESZANE JEDNOSTKI PODNOSZ\u0104CE PODPOSADZKOWE<\/p>\n<p>[\/et_pb_blurb][\/et_pb_column][\/et_pb_row][\/et_pb_section]<\/p>\n","protected":false},"excerpt":{"rendered":"<p>SYSTEMY PODNOSZ\u0104CE PODPOSADZKOWEW por\u00f3wnaniu do podno\u015bnik\u00f3w mobilnych, systemy podnoszenia pod pod\u0142og\u0105 maj\u0105 t\u0119 wielk\u0105 zalet\u0119, \u017ce nie ma ograniczonej przestrzeni, gdy nie s\u0105 u\u017cywane. System jest dobrze schowany w zag\u0142\u0119bieniu, a obszar roboczy nad nim mo\u017ce by\u0107 u\u017cywany, przeje\u017cd\u017cany i przemieszczany bez \u017cadnych przeszk\u00f3d. Rozr\u00f3\u017cniamy i oferujemy dwa podstawowe typy podno\u015bnik\u00f3w podposadzkowych: Stanowiska podnosz\u0105ce z [&hellip;]<\/p>\n","protected":false},"author":1,"featured_media":0,"parent":248068,"menu_order":30,"comment_status":"closed","ping_status":"closed","template":"","meta":{"_et_pb_use_builder":"on","_et_pb_old_content":"","_et_gb_content_width":"","footnotes":""},"class_list":["post-247990","page","type-page","status-publish","hentry"],"_links":{"self":[{"href":"https:\/\/www.autolift.info\/pl\/wp-json\/wp\/v2\/pages\/247990","targetHints":{"allow":["GET"]}}],"collection":[{"href":"https:\/\/www.autolift.info\/pl\/wp-json\/wp\/v2\/pages"}],"about":[{"href":"https:\/\/www.autolift.info\/pl\/wp-json\/wp\/v2\/types\/page"}],"author":[{"embeddable":true,"href":"https:\/\/www.autolift.info\/pl\/wp-json\/wp\/v2\/users\/1"}],"replies":[{"embeddable":true,"href":"https:\/\/www.autolift.info\/pl\/wp-json\/wp\/v2\/comments?post=247990"}],"version-history":[{"count":2,"href":"https:\/\/www.autolift.info\/pl\/wp-json\/wp\/v2\/pages\/247990\/revisions"}],"predecessor-version":[{"id":247992,"href":"https:\/\/www.autolift.info\/pl\/wp-json\/wp\/v2\/pages\/247990\/revisions\/247992"}],"up":[{"embeddable":true,"href":"https:\/\/www.autolift.info\/pl\/wp-json\/wp\/v2\/pages\/248068"}],"wp:attachment":[{"href":"https:\/\/www.autolift.info\/pl\/wp-json\/wp\/v2\/media?parent=247990"}],"curies":[{"name":"wp","href":"https:\/\/api.w.org\/{rel}","templated":true}]}}