{"id":247960,"date":"2023-06-22T10:41:28","date_gmt":"2023-06-22T08:41:28","guid":{"rendered":"https:\/\/www.autolift.info\/o-firmie\/impressum\/"},"modified":"2023-06-22T10:41:29","modified_gmt":"2023-06-22T08:41:29","slug":"impressum","status":"publish","type":"page","link":"https:\/\/www.autolift.info\/pl\/o-firmie\/impressum\/","title":{"rendered":"Impressum"},"content":{"rendered":"<p>[et_pb_section fb_built=&#8221;1&#8243; _builder_version=&#8221;4.16&#8243; _module_preset=&#8221;default&#8221; background_color=&#8221;#ECECEC&#8221; background_image=&#8221;https:\/\/www.autolift.info\/wp-content\/uploads\/2021\/04\/dylan-gillis-KdeqA3aTnBY-unsplash.jpg&#8221; background_position=&#8221;center_left&#8221; height=&#8221;600px&#8221; custom_padding=&#8221;0px||0px||true|false&#8221; locked=&#8221;off&#8221; global_colors_info=&#8221;{%22gcid-1e316c67-09f0-49b6-a876-cbbe87afea32%22:%91%93}&#8221;][\/et_pb_section][et_pb_section fb_built=&#8221;1&#8243; _builder_version=&#8221;4.16&#8243; _module_preset=&#8221;default&#8221; background_color=&#8221;RGBA(0,0,0,0)&#8221; custom_padding=&#8221;0px||||false|false&#8221; locked=&#8221;off&#8221; global_colors_info=&#8221;{}&#8221;][et_pb_row use_custom_gutter=&#8221;on&#8221; gutter_width=&#8221;1&#8243; _builder_version=&#8221;4.16&#8243; _module_preset=&#8221;default&#8221; background_color=&#8221;#FFFFFF&#8221; module_alignment=&#8221;center&#8221; min_height=&#8221;114px&#8221; custom_margin=&#8221;-90px||||false|false&#8221; custom_padding=&#8221;0px||||false|true&#8221; animation_direction=&#8221;bottom&#8221; custom_css_main_element=&#8221;z-index:10;&#8221; global_colors_info=&#8221;{}&#8221;][et_pb_column type=&#8221;4_4&#8243; _builder_version=&#8221;4.16&#8243; _module_preset=&#8221;default&#8221; global_colors_info=&#8221;{}&#8221;][et_pb_text admin_label=&#8221;Impressum&#8221; module_class=&#8221;ime-pattern-rot&#8221; _builder_version=&#8221;4.20.2&#8243; _module_preset=&#8221;default&#8221; text_font=&#8221;||||||||&#8221; header_font=&#8221;||||||||&#8221; header_text_color=&#8221;gcid-01af1b29-4bf7-44fe-a473-50909a3a5b27&#8243; header_2_font=&#8221;|800||on|||||&#8221; header_2_text_color=&#8221;gcid-4ebc9de5-e061-4b45-94a8-080fa0de0610&#8243; header_2_font_size=&#8221;40px&#8221; header_3_font=&#8221;|700||on|||||&#8221; header_3_font_size=&#8221;40px&#8221; background_size=&#8221;initial&#8221; background_repeat=&#8221;repeat&#8221; background_blend=&#8221;difference&#8221; custom_padding=&#8221;25px||15px|30px|false|false&#8221; hover_enabled=&#8221;0&#8243; header_2_font_size_tablet=&#8221;30px&#8221; header_2_font_size_phone=&#8221;24px&#8221; header_2_font_size_last_edited=&#8221;on|desktop&#8221; global_colors_info=&#8221;{%22gcid-7df05597-327a-4e7a-9bc4-7a2456ed480c%22:%91%93,%22gcid-01af1b29-4bf7-44fe-a473-50909a3a5b27%22:%91%22header_text_color%22%93,%22gcid-4ebc9de5-e061-4b45-94a8-080fa0de0610%22:%91%22header_2_text_color%22%93,%22gcid-07156617-efbb-4c8c-80ba-1d2279245b1d%22:%91%93}&#8221; sticky_enabled=&#8221;0&#8243;]<\/p>\n<h2>Impressum<\/h2>\n<p>[\/et_pb_text][\/et_pb_column][\/et_pb_row][et_pb_row _builder_version=&#8221;4.16&#8243; background_size=&#8221;initial&#8221; background_position=&#8221;top_left&#8221; background_repeat=&#8221;repeat&#8221; custom_padding=&#8221;|30px||30px|false|true&#8221; global_colors_info=&#8221;{}&#8221;][et_pb_column type=&#8221;4_4&#8243; _builder_version=&#8221;4.16&#8243; custom_padding=&#8221;|||&#8221; global_colors_info=&#8221;{}&#8221; custom_padding__hover=&#8221;|||&#8221;][et_pb_text admin_label=&#8221;AUTOLIFT GmbH  Aubergstra\u00dfe 27, 5161 Elixhausen, Austria&#8221; _builder_version=&#8221;4.20.2&#8243; background_size=&#8221;initial&#8221; background_position=&#8221;top_left&#8221; background_repeat=&#8221;repeat&#8221; hover_enabled=&#8221;0&#8243; global_colors_info=&#8221;{}&#8221; sticky_enabled=&#8221;0&#8243;]<\/p>\n<p>AUTOLIFT GmbH<\/p>\n<p>Aubergstra\u00dfe 27, 5161 Elixhausen, Austria<br \/>Telefon: +43 662 450588 0, Fax: +43 662 450588 18<br \/>E-Mail: office@autolift.info, Web: www.autolift.info<\/p>\n<p>\u00d6ffungszeiten:<br \/>Montag bis Donnerstag: 8:00 Uhr bis 17:00 Uhr CET<br \/>Freitag: 8:00 bis 12:30<\/p>\n<p>Gesch\u00e4ftsf\u00fchrer: Dkfm. Ing. Johannes Nestel-Eichhausen<br \/>Gerichtsstandort: Salzburg<br \/>UID: ATU 61930138<br \/>FN: 267231m<\/p>\n<p>Haftungsausschluss:<\/p>\n<p>Die im Rahmen der o.g. Domain weiterverweisenden externen Links zu Angeboten Dritter f\u00fchren zu Inhalten der jeweiligen Anbieter und sind nicht die der Verantwortlichen o.g. Domain. Diese entsprechenden Verweise sind als solche aus dem Zusammenhang erkennbar oder gesondert gekennzeichnet. Wir haben keinerlei Einfluss auf die dort bereitgehaltenen Inhalte und machen uns diese durch die Verweise nicht zueigen. Insbesondere distanzieren wir uns ausdr\u00fccklich von den dort abrufbaren \u00c4u\u00dferungen. Eine Verantwortlichkeit kann im \u00fcbrigen nur begr\u00fcndet werden, wenn wir Kenntnis von Rechtsverletzungen haben und es uns technisch m\u00f6glich und zumutbar ist, deren Nutzung zu verhindern (\u00a7 5 Abs. 2 TDG \/ MDStV). Wir haben die fremden Inhalte auf m\u00f6gliche Rechtsverletzungen in einem uns zumutbaren Umfang \u00fcberpr\u00fcft. Verletzungen von Urheber-, Marken- oder Pers\u00f6nlichkeitsrechten oder Verst\u00f6\u00dfe gegen das Wettbewerbsrecht auf den Webseiten der Drittanbieter waren nicht augenscheinlich und sind uns eben sowenig bekannt wie eine dortige Erf\u00fcllung von Straftatbest\u00e4nden.<\/p>\n<p>Programmierung &amp; Gestaltung:<br \/><a href=\"http:\/\/www.webdesignland.at\" target=\"_blank\" rel=\"noopener\">WebdesignLand<\/a> by <a href=\"http:\/\/www.mikas.at\" target=\"_blank\" rel=\"noopener\">Mikas ISP Werbe GmbH<\/a><\/p>\n<p>[\/et_pb_text][\/et_pb_column][\/et_pb_row][\/et_pb_section]<\/p>\n","protected":false},"excerpt":{"rendered":"<p>ImpressumAUTOLIFT GmbH Aubergstra\u00dfe 27, 5161 Elixhausen, AustriaTelefon: +43 662 450588 0, Fax: +43 662 450588 18E-Mail: office@autolift.info, Web: www.autolift.info \u00d6ffungszeiten:Montag bis Donnerstag: 8:00 Uhr bis 17:00 Uhr CETFreitag: 8:00 bis 12:30 Gesch\u00e4ftsf\u00fchrer: Dkfm. Ing. Johannes Nestel-EichhausenGerichtsstandort: SalzburgUID: ATU 61930138FN: 267231m Haftungsausschluss: Die im Rahmen der o.g. Domain weiterverweisenden externen Links zu Angeboten Dritter f\u00fchren zu [&hellip;]<\/p>\n","protected":false},"author":1,"featured_media":0,"parent":247948,"menu_order":150,"comment_status":"closed","ping_status":"closed","template":"","meta":{"_et_pb_use_builder":"on","_et_pb_old_content":"","_et_gb_content_width":"","footnotes":""},"class_list":["post-247960","page","type-page","status-publish","hentry"],"_links":{"self":[{"href":"https:\/\/www.autolift.info\/pl\/wp-json\/wp\/v2\/pages\/247960","targetHints":{"allow":["GET"]}}],"collection":[{"href":"https:\/\/www.autolift.info\/pl\/wp-json\/wp\/v2\/pages"}],"about":[{"href":"https:\/\/www.autolift.info\/pl\/wp-json\/wp\/v2\/types\/page"}],"author":[{"embeddable":true,"href":"https:\/\/www.autolift.info\/pl\/wp-json\/wp\/v2\/users\/1"}],"replies":[{"embeddable":true,"href":"https:\/\/www.autolift.info\/pl\/wp-json\/wp\/v2\/comments?post=247960"}],"version-history":[{"count":2,"href":"https:\/\/www.autolift.info\/pl\/wp-json\/wp\/v2\/pages\/247960\/revisions"}],"predecessor-version":[{"id":247962,"href":"https:\/\/www.autolift.info\/pl\/wp-json\/wp\/v2\/pages\/247960\/revisions\/247962"}],"up":[{"embeddable":true,"href":"https:\/\/www.autolift.info\/pl\/wp-json\/wp\/v2\/pages\/247948"}],"wp:attachment":[{"href":"https:\/\/www.autolift.info\/pl\/wp-json\/wp\/v2\/media?parent=247960"}],"curies":[{"name":"wp","href":"https:\/\/api.w.org\/{rel}","templated":true}]}}