{"id":247948,"date":"2023-06-22T10:36:15","date_gmt":"2023-06-22T08:36:15","guid":{"rendered":"https:\/\/www.autolift.info\/o-firmie\/"},"modified":"2023-06-22T10:36:18","modified_gmt":"2023-06-22T08:36:18","slug":"o-firmie","status":"publish","type":"page","link":"https:\/\/www.autolift.info\/pl\/o-firmie\/","title":{"rendered":"O Firmie"},"content":{"rendered":"<p>[et_pb_section fb_built=&#8221;1&#8243; admin_label=&#8221;hero&#8221; _builder_version=&#8221;4.9.4&#8243; _module_preset=&#8221;default&#8221; background_color=&#8221;#ECECEC&#8221; background_image=&#8221;https:\/\/www.autolift.info\/wp-content\/uploads\/2021\/04\/dylan-gillis-KdeqA3aTnBY-unsplash.jpg&#8221; background_position=&#8221;center_left&#8221; height=&#8221;600px&#8221; custom_padding=&#8221;0px||0px||true|false&#8221; locked=&#8221;off&#8221; global_colors_info=&#8221;{%22gcid-1e316c67-09f0-49b6-a876-cbbe87afea32%22:%91%93}&#8221;][\/et_pb_section][et_pb_section fb_built=&#8221;1&#8243; _builder_version=&#8221;4.9.3&#8243; _module_preset=&#8221;default&#8221; background_color=&#8221;RGBA(0,0,0,0)&#8221; custom_padding=&#8221;0px||||false|false&#8221; locked=&#8221;off&#8221;][et_pb_row use_custom_gutter=&#8221;on&#8221; gutter_width=&#8221;1&#8243; admin_label=&#8221;seitentitel&#8221; _builder_version=&#8221;4.9.4&#8243; _module_preset=&#8221;default&#8221; background_color=&#8221;#FFFFFF&#8221; module_alignment=&#8221;center&#8221; min_height=&#8221;114px&#8221; custom_margin=&#8221;-90px||||false|false&#8221; custom_padding=&#8221;0px||||false|true&#8221; animation_direction=&#8221;bottom&#8221; custom_css_main_element=&#8221;z-index:10;&#8221;][et_pb_column type=&#8221;4_4&#8243; _builder_version=&#8221;4.9.1&#8243; _module_preset=&#8221;default&#8221;][et_pb_text admin_label=&#8221;Unternehmen&#8221; module_class=&#8221;ime-pattern-rot&#8221; _builder_version=&#8221;4.9.4&#8243; _module_preset=&#8221;default&#8221; text_font=&#8221;||||||||&#8221; header_font=&#8221;||||||||&#8221; header_text_color=&#8221;gcid-01af1b29-4bf7-44fe-a473-50909a3a5b27&#8243; header_2_font=&#8221;|800||on|||||&#8221; header_2_text_color=&#8221;gcid-4ebc9de5-e061-4b45-94a8-080fa0de0610&#8243; header_2_font_size=&#8221;40px&#8221; header_3_font=&#8221;|700||on|||||&#8221; header_3_font_size=&#8221;40px&#8221; background_size=&#8221;initial&#8221; background_repeat=&#8221;repeat&#8221; background_blend=&#8221;difference&#8221; custom_padding=&#8221;25px||15px|30px|false|false&#8221; header_2_font_size_tablet=&#8221;30px&#8221; header_2_font_size_phone=&#8221;24px&#8221; header_2_font_size_last_edited=&#8221;on|desktop&#8221; global_colors_info=&#8221;{%22gcid-7df05597-327a-4e7a-9bc4-7a2456ed480c%22:%91%93,%22gcid-01af1b29-4bf7-44fe-a473-50909a3a5b27%22:%91%22header_text_color%22%93,%22gcid-4ebc9de5-e061-4b45-94a8-080fa0de0610%22:%91%22header_2_text_color%22%93,%22gcid-07156617-efbb-4c8c-80ba-1d2279245b1d%22:%91%93}&#8221;]<\/p>\n<h2>O Firmie<\/h2>\n<p>[\/et_pb_text][\/et_pb_column][\/et_pb_row][et_pb_row column_structure=&#8221;3_5,2_5&#8243; use_custom_gutter=&#8221;on&#8221; gutter_width=&#8221;1&#8243; make_equal=&#8221;on&#8221; _builder_version=&#8221;4.9.3&#8243; _module_preset=&#8221;default&#8221; background_color=&#8221;#BF111C&#8221; z_index=&#8221;0&#8243; custom_margin=&#8221;50px||50px||true|false&#8221; custom_padding=&#8221;0px|0px|0px|0px|false|true&#8221; locked=&#8221;off&#8221;][et_pb_column type=&#8221;3_5&#8243; _builder_version=&#8221;4.9.3&#8243; _module_preset=&#8221;default&#8221; custom_padding=&#8221;||||false|false&#8221;][et_pb_text admin_label=&#8221;35 jahre autolift&#8221; module_class=&#8221;ime-pattern-weiss&#8221; _builder_version=&#8221;4.9.4&#8243; _module_preset=&#8221;default&#8221; header_font=&#8221;||||||||&#8221; header_3_font=&#8221;|700||on|||||&#8221; header_3_text_color=&#8221;#FFFFFF&#8221; header_3_font_size=&#8221;40px&#8221; background_size=&#8221;initial&#8221; background_repeat=&#8221;repeat&#8221; background_blend=&#8221;difference&#8221; custom_margin=&#8221;30px||30px||true|false&#8221; custom_padding=&#8221;20px|30px|20px|30px|false|true&#8221; locked=&#8221;off&#8221;]<\/p>\n<h3>35 LAT AUTOLIFT<\/h3>\n<p>[\/et_pb_text][et_pb_text admin_label=&#8221;Die Firma Autolift GmbH oder kurz Autolift&#8221; _builder_version=&#8221;4.9.4&#8243; _module_preset=&#8221;default&#8221; text_text_color=&#8221;#FFFFFF&#8221; custom_margin=&#8221;30px|auto|50px|auto|false|true&#8221; custom_padding=&#8221;0px|30px|0px|30px|true|true&#8221; hover_enabled=&#8221;0&#8243; link_text_color=&#8221;#000000&#8243; sticky_enabled=&#8221;0&#8243;]<\/p>\n<p>Autolift GmbH, w skr\u00f3cie Autolift, zajmuje si\u0119 technologi\u0105 podnoszenia pojazd\u00f3w od ponad 35 lat. We wczesnych latach firma koncentrowa\u0142a si\u0119 wy\u0142\u0105cznie na sektorze <a title=\"ime-light\" href=\"https:\/\/www.ime-light.de\/\" target=\"_blank\" rel=\"noopener\">motoryzacyjnym<\/a>, ale w ci\u0105gu ostatnich 15 lat sta\u0142a si\u0119 globalnym graczem, i r\u00f3wnie\u017c liderem, w dziedzinie system\u00f3w podnoszenia pojazd\u00f3w szynowych i <a title=\"OBROTOWE SYSTEMY PODNOSZENIA\" href=\"https:\/\/drehhebeanlagen.com\/\" target=\"_blank\" rel=\"noopener\">obrotowych system\u00f3w podnoszenia.<\/a> <\/p>\n<p>[\/et_pb_text][et_pb_image src=&#8221;https:\/\/www.autolift.info\/wp-content\/uploads\/2021\/03\/ime-autolift-logo-railway-lifting-equipment.png&#8221; title_text=&#8221;ime-autolift-logo-railway-lifting-equipment&#8221; _builder_version=&#8221;4.9.4&#8243; _module_preset=&#8221;default&#8221; positioning=&#8221;absolute&#8221; position_origin_a=&#8221;top_right&#8221; vertical_offset=&#8221;20px&#8221; horizontal_offset=&#8221;20px&#8221; z_index=&#8221;100&#8243; width=&#8221;20%&#8221; custom_padding=&#8221;|||0px||&#8221; custom_css_main_element=&#8221;z-index: 100;&#8221;][\/et_pb_image][\/et_pb_column][et_pb_column type=&#8221;2_5&#8243; _builder_version=&#8221;4.9.3&#8243; _module_preset=&#8221;default&#8221; background_image=&#8221;https:\/\/www.autolift.info\/wp-content\/uploads\/2021\/03\/ime-autolift-salzburg-standort-elixhausen.jpg&#8221; custom_padding_tablet=&#8221;150px||150px||true|false&#8221; custom_padding_phone=&#8221;&#8221; custom_padding_last_edited=&#8221;on|desktop&#8221; custom_css_main_element_last_edited=&#8221;on|phone&#8221; custom_css_main_element_tablet=&#8221;height: 400px;&#8221;][\/et_pb_column][\/et_pb_row][et_pb_row column_structure=&#8221;3_5,2_5&#8243; use_custom_gutter=&#8221;on&#8221; gutter_width=&#8221;1&#8243; make_equal=&#8221;on&#8221; _builder_version=&#8221;4.9.3&#8243; _module_preset=&#8221;default&#8221; background_color=&#8221;#BF111C&#8221; z_index=&#8221;0&#8243; custom_margin=&#8221;50px||50px||true|false&#8221; custom_padding=&#8221;0px|0px|0px|0px|false|true&#8221;][et_pb_column type=&#8221;3_5&#8243; _builder_version=&#8221;4.9.3&#8243; _module_preset=&#8221;default&#8221;][et_pb_text admin_label=&#8221;3 in 1&#8243; _builder_version=&#8221;4.9.4&#8243; _module_preset=&#8221;default&#8221; header_font=&#8221;||||||||&#8221; header_3_font=&#8221;|700||on|||||&#8221; header_3_text_color=&#8221;#FFFFFF&#8221; header_3_font_size=&#8221;40px&#8221; use_background_color_gradient=&#8221;on&#8221; background_color_gradient_start=&#8221;rgba(0,0,0,0)&#8221; background_color_gradient_end=&#8221;rgba(0,0,0,0)&#8221; background_color_gradient_overlays_image=&#8221;on&#8221; background_size=&#8221;initial&#8221; background_repeat=&#8221;repeat&#8221; background_blend=&#8221;difference&#8221; custom_margin=&#8221;50px||30px||false|false&#8221; custom_padding=&#8221;20px|30px|20px|30px|false|true&#8221; custom_css_main_element=&#8221;background-image: linear-gradient(45deg, rgba(250,250,250,0.2) 5.56%, rgba(250,250,250,0) 5.56%, rgba(250,250,250,0) 50%, rgba(250,250,250,0.2) 50%, rgba(250,250,250,0.2) 55.56%, rgba(250,250,250,0) 55.56%, rgba(250,250,250,0) 100%);||background-size: 12.73px 12.73px;||background-repeat:repeat;&#8221; locked=&#8221;off&#8221;]<\/p>\n<h3>3 w 1<\/h3>\n<p>[\/et_pb_text][et_pb_text admin_label=&#8221;Alle 3 Bereiche erg\u00e4nzen einander hervorragend und passen perfekt zu unseren Kernkompetenzen&#8221; _builder_version=&#8221;4.9.4&#8243; _module_preset=&#8221;default&#8221; text_text_color=&#8221;#FFFFFF&#8221; custom_margin=&#8221;30px|auto|50px|auto|false|true&#8221; custom_padding=&#8221;0px|30px|0px|30px|true|true&#8221;]<\/p>\n<p>Wszystkie 3 obszary doskonale si\u0119 uzupe\u0142niaj\u0105 i idealnie pasuj\u0105 do naszych kluczowych kompetencji, tworzenia niestandardowych projekt\u00f3w, technologii nap\u0119d\u00f3w za pomoc\u0105 samoblokuj\u0105cych \u015brub podnosz\u0105cych, a tak\u017ce konstrukcji stalowych i skrzynek rozdzielczych. Dzi\u0119ki wysokiemu stopniowi jednorodno\u015bci cz\u0119\u015bci, produkcji seryjnej w dziedzinie technologii nap\u0119dowej i naszemu du\u017cemu zakresowi w\u0142asnej produkcji, jeste\u015bmy w stanie zaoferowa\u0107 niestandardowe, ale jednocze\u015bnie op\u0142acalne rozwi\u0105zania. <\/p>\n<p>[\/et_pb_text][et_pb_image src=&#8221;https:\/\/www.autolift.info\/wp-content\/uploads\/2021\/03\/ime-autolift-logo-railway-lifting-equipment.png&#8221; title_text=&#8221;ime-autolift-logo-railway-lifting-equipment&#8221; _builder_version=&#8221;4.9.4&#8243; _module_preset=&#8221;default&#8221; positioning=&#8221;absolute&#8221; position_origin_a=&#8221;top_right&#8221; vertical_offset=&#8221;20px&#8221; horizontal_offset=&#8221;20px&#8221; z_index=&#8221;100&#8243; width=&#8221;20%&#8221; custom_padding=&#8221;|||0px||&#8221; custom_css_main_element=&#8221;z-index: 100;&#8221;][\/et_pb_image][\/et_pb_column][et_pb_column type=&#8221;2_5&#8243; _builder_version=&#8221;4.9.3&#8243; _module_preset=&#8221;default&#8221; background_image=&#8221;https:\/\/www.autolift.info\/wp-content\/uploads\/2021\/03\/ime-autolift-seitengruben-hebeboecke.jpg&#8221; custom_padding=&#8221;||||true|false&#8221; custom_css_main_element_last_edited=&#8221;on|phone&#8221; custom_css_main_element_tablet=&#8221;height:400px;&#8221;][\/et_pb_column][\/et_pb_row][et_pb_row column_structure=&#8221;3_5,2_5&#8243; use_custom_gutter=&#8221;on&#8221; gutter_width=&#8221;1&#8243; make_equal=&#8221;on&#8221; _builder_version=&#8221;4.9.3&#8243; _module_preset=&#8221;default&#8221; background_color=&#8221;#BF111C&#8221; z_index=&#8221;0&#8243; custom_margin=&#8221;50px||50px||false|false&#8221; custom_padding=&#8221;0px|0px|0px|0px|false|true&#8221; custom_css_main_element_last_edited=&#8221;on|tablet&#8221; custom_css_main_element_tablet=&#8221;height: 400px;&#8221;][et_pb_column type=&#8221;3_5&#8243; _builder_version=&#8221;4.9.3&#8243; _module_preset=&#8221;default&#8221;][et_pb_text admin_label=&#8221;umsetzungen&#8221; _builder_version=&#8221;4.9.4&#8243; _module_preset=&#8221;default&#8221; header_font=&#8221;||||||||&#8221; header_3_font=&#8221;|700||on|||||&#8221; header_3_text_color=&#8221;#FFFFFF&#8221; header_3_font_size=&#8221;40px&#8221; background_enable_image=&#8221;off&#8221; background_size=&#8221;initial&#8221; background_repeat=&#8221;repeat&#8221; background_blend=&#8221;difference&#8221; custom_margin=&#8221;50px||30px||false|false&#8221; custom_padding=&#8221;20px|30px|20px|30px|false|true&#8221; custom_css_main_element=&#8221;background-image: linear-gradient(45deg, rgba(250,250,250,0.2) 5.56%, rgba(250,250,250,0) 5.56%, rgba(250,250,250,0) 50%, rgba(250,250,250,0.2) 50%, rgba(250,250,250,0.2) 55.56%, rgba(250,250,250,0) 55.56%, rgba(250,250,250,0) 100%);||background-size: 12.73px 12.73px;||background-repeat:repeat;&#8221; locked=&#8221;off&#8221;]<\/p>\n<h3>WDRO\u017bENIA I SZYBKA REAKCJA<\/h3>\n<p>[\/et_pb_text][et_pb_text admin_label=&#8221;Da wir Eigent\u00fcmer gef\u00fchrt sind, werden wesentliche Entscheidungen rasch getroffen&#8221; _builder_version=&#8221;4.9.4&#8243; _module_preset=&#8221;default&#8221; text_text_color=&#8221;#FFFFFF&#8221; custom_margin=&#8221;30px|auto|50px|auto|false|true&#8221; custom_padding=&#8221;0px|30px|0px|30px|true|true&#8221;]<\/p>\n<p>Poniewa\u017c jeste\u015bmy zarz\u0105dzani przez w\u0142a\u015bciciela, kluczowe decyzje s\u0105 podejmowane szybko i wdra\u017cane w ukierunkowany spos\u00f3b dzi\u0119ki prostej hierarchii. Jeste\u015bmy wystarczaj\u0105co du\u017cym przedsi\u0119borstwem, aby pozwoli\u0107 sobie na pot\u0119\u017cny zesp\u00f3\u0142 programist\u00f3w, dzia\u0142 zapewnienia jako\u015bci i do\u015bwiadczony zesp\u00f3\u0142 serwisowy, a jednocze\u015bnie wystarczaj\u0105co &#8222;szczupli&#8221;, aby nie ugrz\u0119zn\u0105\u0107 w biurokratycznej nieefektywno\u015bci. Praca w Autolift to po prostu przyjemno\u015b\u0107.  <\/p>\n<p>[\/et_pb_text][et_pb_image src=&#8221;https:\/\/www.autolift.info\/wp-content\/uploads\/2021\/03\/ime-autolift-logo-railway-lifting-equipment.png&#8221; title_text=&#8221;ime-autolift-logo-railway-lifting-equipment&#8221; _builder_version=&#8221;4.9.4&#8243; _module_preset=&#8221;default&#8221; positioning=&#8221;absolute&#8221; position_origin_a=&#8221;top_right&#8221; vertical_offset=&#8221;20px&#8221; horizontal_offset=&#8221;20px&#8221; z_index=&#8221;100&#8243; width=&#8221;20%&#8221; custom_padding=&#8221;|||0px||&#8221; custom_css_main_element=&#8221;z-index: 100;&#8221;][\/et_pb_image][\/et_pb_column][et_pb_column type=&#8221;2_5&#8243; _builder_version=&#8221;4.9.3&#8243; _module_preset=&#8221;default&#8221; background_image=&#8221;https:\/\/www.autolift.info\/wp-content\/uploads\/2021\/03\/workplace-1245776.jpg&#8221; custom_padding=&#8221;||||true|false&#8221;][\/et_pb_column][\/et_pb_row][\/et_pb_section]<\/p>\n","protected":false},"excerpt":{"rendered":"<p>O Firmie35 LAT AUTOLIFTAutolift GmbH, w skr\u00f3cie Autolift, zajmuje si\u0119 technologi\u0105 podnoszenia pojazd\u00f3w od ponad 35 lat. We wczesnych latach firma koncentrowa\u0142a si\u0119 wy\u0142\u0105cznie na sektorze motoryzacyjnym, ale w ci\u0105gu ostatnich 15 lat sta\u0142a si\u0119 globalnym graczem, i r\u00f3wnie\u017c liderem, w dziedzinie system\u00f3w podnoszenia pojazd\u00f3w szynowych i obrotowych system\u00f3w podnoszenia. 3 w 1Wszystkie 3 obszary [&hellip;]<\/p>\n","protected":false},"author":1,"featured_media":0,"parent":0,"menu_order":30,"comment_status":"closed","ping_status":"closed","template":"","meta":{"_et_pb_use_builder":"on","_et_pb_old_content":"","_et_gb_content_width":"","footnotes":""},"class_list":["post-247948","page","type-page","status-publish","hentry"],"_links":{"self":[{"href":"https:\/\/www.autolift.info\/pl\/wp-json\/wp\/v2\/pages\/247948","targetHints":{"allow":["GET"]}}],"collection":[{"href":"https:\/\/www.autolift.info\/pl\/wp-json\/wp\/v2\/pages"}],"about":[{"href":"https:\/\/www.autolift.info\/pl\/wp-json\/wp\/v2\/types\/page"}],"author":[{"embeddable":true,"href":"https:\/\/www.autolift.info\/pl\/wp-json\/wp\/v2\/users\/1"}],"replies":[{"embeddable":true,"href":"https:\/\/www.autolift.info\/pl\/wp-json\/wp\/v2\/comments?post=247948"}],"version-history":[{"count":5,"href":"https:\/\/www.autolift.info\/pl\/wp-json\/wp\/v2\/pages\/247948\/revisions"}],"predecessor-version":[{"id":247953,"href":"https:\/\/www.autolift.info\/pl\/wp-json\/wp\/v2\/pages\/247948\/revisions\/247953"}],"wp:attachment":[{"href":"https:\/\/www.autolift.info\/pl\/wp-json\/wp\/v2\/media?parent=247948"}],"curies":[{"name":"wp","href":"https:\/\/api.w.org\/{rel}","templated":true}]}}