{"id":249957,"date":"2024-06-13T08:14:44","date_gmt":"2024-06-13T06:14:44","guid":{"rendered":"https:\/\/www.autolift.info\/entreprise\/environnement-et-developpement-durable\/"},"modified":"2024-06-17T09:40:30","modified_gmt":"2024-06-17T07:40:30","slug":"environnement-et-developpement-durable","status":"publish","type":"page","link":"https:\/\/www.autolift.info\/fr\/entreprise\/environnement-et-developpement-durable\/","title":{"rendered":"Environnement et d\u00e9veloppement durable"},"content":{"rendered":"<p>[et_pb_section fb_built=\u00a0\u00bb1&Prime; admin_label=\u00a0\u00bbsection\u00a0\u00bb _builder_version=\u00a0\u00bb4.25.2&Prime; background_image=\u00a0\u00bbhttps:\/\/www.autolift.info\/wp-content\/uploads\/2024\/06\/Panorama_Fruehling_Kapuzinerberg-scaled.jpg\u00a0\u00bb custom_padding=\u00a0\u00bb||230px|||\u00a0\u00bb global_colors_info=\u00a0\u00bb{}\u00a0\u00bb][\/et_pb_section][et_pb_section fb_built=\u00a0\u00bb1&Prime; admin_label=\u00a0\u00bbsection\u00a0\u00bb _builder_version=\u00a0\u00bb4.16&Prime; global_colors_info=\u00a0\u00bb{}\u00a0\u00bb][et_pb_row admin_label=\u00a0\u00bbrow\u00a0\u00bb _builder_version=\u00a0\u00bb4.16&Prime; background_size=\u00a0\u00bbinitial\u00a0\u00bb background_position=\u00a0\u00bbtop_left\u00a0\u00bb background_repeat=\u00a0\u00bbrepeat\u00a0\u00bb min_height=\u00a0\u00bb881.6px\u00a0\u00bb custom_margin=\u00a0\u00bb-7px|auto||auto||\u00a0\u00bb hover_enabled=\u00a0\u00bb0&Prime; global_colors_info=\u00a0\u00bb{}\u00a0\u00bb sticky_enabled=\u00a0\u00bb0&Prime;][et_pb_column type=\u00a0\u00bb4_4&Prime; _builder_version=\u00a0\u00bb4.16&Prime; custom_padding=\u00a0\u00bb|||\u00a0\u00bb global_colors_info=\u00a0\u00bb{}\u00a0\u00bb custom_padding__hover=\u00a0\u00bb|||\u00a0\u00bb][et_pb_text admin_label=\u00a0\u00bbText\u00a0\u00bb _builder_version=\u00a0\u00bb4.25.2&Prime; background_size=\u00a0\u00bbinitial\u00a0\u00bb background_position=\u00a0\u00bbtop_left\u00a0\u00bb background_repeat=\u00a0\u00bbrepeat\u00a0\u00bb custom_margin=\u00a0\u00bb-46px|||||\u00a0\u00bb custom_padding=\u00a0\u00bb0px|||||\u00a0\u00bb hover_enabled=\u00a0\u00bb0&Prime; global_colors_info=\u00a0\u00bb{}\u00a0\u00bb sticky_enabled=\u00a0\u00bb0&Prime;]<\/p>\n<h1><span style=\"color: #000000;\"><strong>Environnement et d\u00e9veloppement durable<\/strong><\/span><\/h1>\n<p>&nbsp;<\/p>\n<p>Chez Autolift, nous accordons une grande importance \u00e0 la durabilit\u00e9 et \u00e0 la protection de l&rsquo;environnement. Gr\u00e2ce \u00e0 diff\u00e9rentes mesures et initiatives, nous contribuons activement \u00e0 minimiser notre empreinte \u00e9cologique. Voici quelques-unes de nos principales mesures environnementales:<\/p>\n<p>&nbsp;<\/p>\n<ul>\n<li><strong>Ticket climatique pour les employ\u00e9s:<\/strong><br \/>Tous les employ\u00e9s re\u00e7oivent un ticket pour tous les transports publics de Salzbourg, appel\u00e9 \u00ab\u00a0ticket climat\u00a0\u00bb. <\/li>\n<\/ul>\n<p>&nbsp;<\/p>\n<ul>\n<li><strong>Parc de v\u00e9hicules:<\/strong><br \/>30% des v\u00e9hicules de l&rsquo;entreprise sont des voitures \u00e9lectriques.<br \/>15% \u00e0 20% des v\u00e9hicules d&rsquo;entreprise sont hybrides.<\/li>\n<\/ul>\n<p>&nbsp;<\/p>\n<ul>\n<li><strong>Les stations de recharge \u00e9lectrique:<\/strong><br \/>Propres stations de recharge sur le site de l&rsquo;entreprise \u00e0 Salzbourg.<br \/>Des stations de recharge suppl\u00e9mentaires chez les propri\u00e9taires de v\u00e9hicules.<\/li>\n<\/ul>\n<p>&nbsp;<\/p>\n<ul>\n<li><strong>\u00c9conomie de papier:<\/strong><br \/>Volume d&rsquo;impression r\u00e9duit de 50 000 \u00e0 100 000 pages.<\/li>\n<\/ul>\n<p>&nbsp;<\/p>\n<ul>\n<li><strong>Chauffage et refroidissement durables des bureaux:<\/strong><br \/>Utilisation d&rsquo;une installation photovolta\u00efque pour le chauffage et le refroidissement des bureaux.<\/li>\n<\/ul>\n<p>&nbsp;<\/p>\n<ul>\n<li><strong>Ecovadis:<\/strong><br \/>Autolift est repr\u00e9sent\u00e9 \u00e0 40% chez Ecovadis.<\/li>\n<\/ul>\n<p>&nbsp;<\/p>\n<ul>\n<li><strong>Tri des d\u00e9chets et recyclage:<\/strong><br \/>Tri s\u00e9lectif strict des d\u00e9chets.<br \/>Focalisation sur le recyclage des produits.<\/li>\n<\/ul>\n<p>&nbsp;<\/p>\n<ul>\n<li><strong>Acier vert:<\/strong><br \/>Sur demande du client, nous utilisons \u00e9galement de l&rsquo;acier vert, respectueux de l&rsquo;environnement.<\/li>\n<\/ul>\n<p>[\/et_pb_text][\/et_pb_column][\/et_pb_row][\/et_pb_section]<\/p>\n","protected":false},"excerpt":{"rendered":"<p>Environnement et d\u00e9veloppement durable &nbsp; Chez Autolift, nous accordons une grande importance \u00e0 la durabilit\u00e9 et \u00e0 la protection de l&rsquo;environnement. Gr\u00e2ce \u00e0 diff\u00e9rentes mesures et initiatives, nous contribuons activement \u00e0 minimiser notre empreinte \u00e9cologique. Voici quelques-unes de nos principales mesures environnementales: &nbsp; Ticket climatique pour les employ\u00e9s:Tous les employ\u00e9s re\u00e7oivent un ticket pour tous [&hellip;]<\/p>\n","protected":false},"author":1,"featured_media":249941,"parent":243225,"menu_order":110,"comment_status":"closed","ping_status":"closed","template":"","meta":{"_et_pb_use_builder":"on","_et_pb_old_content":"","_et_gb_content_width":"","footnotes":""},"class_list":["post-249957","page","type-page","status-publish","has-post-thumbnail","hentry"],"_links":{"self":[{"href":"https:\/\/www.autolift.info\/fr\/wp-json\/wp\/v2\/pages\/249957","targetHints":{"allow":["GET"]}}],"collection":[{"href":"https:\/\/www.autolift.info\/fr\/wp-json\/wp\/v2\/pages"}],"about":[{"href":"https:\/\/www.autolift.info\/fr\/wp-json\/wp\/v2\/types\/page"}],"author":[{"embeddable":true,"href":"https:\/\/www.autolift.info\/fr\/wp-json\/wp\/v2\/users\/1"}],"replies":[{"embeddable":true,"href":"https:\/\/www.autolift.info\/fr\/wp-json\/wp\/v2\/comments?post=249957"}],"version-history":[{"count":6,"href":"https:\/\/www.autolift.info\/fr\/wp-json\/wp\/v2\/pages\/249957\/revisions"}],"predecessor-version":[{"id":250042,"href":"https:\/\/www.autolift.info\/fr\/wp-json\/wp\/v2\/pages\/249957\/revisions\/250042"}],"up":[{"embeddable":true,"href":"https:\/\/www.autolift.info\/fr\/wp-json\/wp\/v2\/pages\/243225"}],"wp:featuredmedia":[{"embeddable":true,"href":"https:\/\/www.autolift.info\/fr\/wp-json\/wp\/v2\/media\/249941"}],"wp:attachment":[{"href":"https:\/\/www.autolift.info\/fr\/wp-json\/wp\/v2\/media?parent=249957"}],"curies":[{"name":"wp","href":"https:\/\/api.w.org\/{rel}","templated":true}]}}