{"id":243908,"date":"2021-07-16T09:26:51","date_gmt":"2021-07-16T07:26:51","guid":{"rendered":"https:\/\/www.autolift.info\/maintenance-technique-service-apres-vente\/"},"modified":"2021-07-16T09:26:59","modified_gmt":"2021-07-16T07:26:59","slug":"maintenance-technique-service-apres-vente","status":"publish","type":"page","link":"https:\/\/www.autolift.info\/fr\/maintenance-technique-service-apres-vente\/","title":{"rendered":"Maintenance technique \/ Service apr\u00e8s-vente"},"content":{"rendered":"<p>[et_pb_section fb_built=\u00a0\u00bb1&Prime; _builder_version=\u00a0\u00bb4.9.1&Prime; _module_preset=\u00a0\u00bbdefault\u00a0\u00bb custom_padding=\u00a0\u00bb0px||0px||true|false\u00a0\u00bb locked=\u00a0\u00bboff\u00a0\u00bb][et_pb_row use_custom_gutter=\u00a0\u00bbon\u00a0\u00bb gutter_width=\u00a0\u00bb1&Prime; make_equal=\u00a0\u00bbon\u00a0\u00bb _builder_version=\u00a0\u00bb4.9.1&Prime; _module_preset=\u00a0\u00bbdefault\u00a0\u00bb width=\u00a0\u00bb100%\u00a0\u00bb max_width=\u00a0\u00bb100%\u00a0\u00bb custom_margin=\u00a0\u00bb||||false|false\u00a0\u00bb custom_padding=\u00a0\u00bb0px||0px||true|false\u00a0\u00bb][et_pb_column type=\u00a0\u00bb4_4&Prime; _builder_version=\u00a0\u00bb4.9.1&Prime; _module_preset=\u00a0\u00bbdefault\u00a0\u00bb][et_pb_slider show_pagination=\u00a0\u00bboff\u00a0\u00bb use_bg_overlay=\u00a0\u00bbon\u00a0\u00bb use_text_overlay=\u00a0\u00bboff\u00a0\u00bb module_class=\u00a0\u00bbautolift-slider\u00a0\u00bb _builder_version=\u00a0\u00bb4.9.4&Prime; _module_preset=\u00a0\u00bbdefault\u00a0\u00bb background_color=\u00a0\u00bb#ECECEC\u00a0\u00bb background_enable_image=\u00a0\u00bboff\u00a0\u00bb height=\u00a0\u00bb600px\u00a0\u00bb auto=\u00a0\u00bbon\u00a0\u00bb auto_speed=\u00a0\u00bb5000&Prime;][et_pb_slide alignment=\u00a0\u00bbbottom\u00a0\u00bb _builder_version=\u00a0\u00bb4.9.4&Prime; _module_preset=\u00a0\u00bbdefault\u00a0\u00bb header_font=\u00a0\u00bb|700||on|||||\u00a0\u00bb header_text_align=\u00a0\u00bbleft\u00a0\u00bb header_font_size=\u00a0\u00bb60px\u00a0\u00bb background_color=\u00a0\u00bb#ECECEC\u00a0\u00bb background_enable_color=\u00a0\u00bbon\u00a0\u00bb background_image=\u00a0\u00bbhttps:\/\/www.autolift.info\/wp-content\/uploads\/2021\/05\/service_autolift_01.jpg\u00a0\u00bb background_enable_image=\u00a0\u00bbon\u00a0\u00bb parallax=\u00a0\u00bbon\u00a0\u00bb parallax_method=\u00a0\u00bboff\u00a0\u00bb global_colors_info=\u00a0\u00bb{%22gcid-1e316c67-09f0-49b6-a876-cbbe87afea32%22:%91%93}\u00a0\u00bb custom_css_main_element__hover_enabled=\u00a0\u00bbon|desktop\u00a0\u00bb sticky_transition=\u00a0\u00bbon\u00a0\u00bb][\/et_pb_slide][et_pb_slide _builder_version=\u00a0\u00bb4.9.4&Prime; _module_preset=\u00a0\u00bbdefault\u00a0\u00bb header_font=\u00a0\u00bb|700||on|||||\u00a0\u00bb header_text_align=\u00a0\u00bbleft\u00a0\u00bb header_font_size=\u00a0\u00bb60px\u00a0\u00bb background_color=\u00a0\u00bb#ECECEC\u00a0\u00bb background_enable_color=\u00a0\u00bbon\u00a0\u00bb background_image=\u00a0\u00bbhttps:\/\/www.autolift.info\/wp-content\/uploads\/2021\/05\/service_autolift_02.jpg\u00a0\u00bb background_enable_image=\u00a0\u00bbon\u00a0\u00bb parallax=\u00a0\u00bbon\u00a0\u00bb parallax_method=\u00a0\u00bboff\u00a0\u00bb global_colors_info=\u00a0\u00bb{%22gcid-1e316c67-09f0-49b6-a876-cbbe87afea32%22:%91%93}\u00a0\u00bb sticky_transition=\u00a0\u00bbon\u00a0\u00bb][\/et_pb_slide][\/et_pb_slider][\/et_pb_column][\/et_pb_row][\/et_pb_section][et_pb_section fb_built=\u00a0\u00bb1&Prime; _builder_version=\u00a0\u00bb4.9.2&Prime; _module_preset=\u00a0\u00bbdefault\u00a0\u00bb background_color=\u00a0\u00bbRGBA(0,0,0,0)\u00a0\u00bb custom_padding=\u00a0\u00bb0px||||false|false\u00a0\u00bb][et_pb_row use_custom_gutter=\u00a0\u00bbon\u00a0\u00bb gutter_width=\u00a0\u00bb1&Prime; _builder_version=\u00a0\u00bb4.9.4&Prime; _module_preset=\u00a0\u00bbdefault\u00a0\u00bb background_color=\u00a0\u00bb#FFFFFF\u00a0\u00bb module_alignment=\u00a0\u00bbcenter\u00a0\u00bb min_height=\u00a0\u00bb114px\u00a0\u00bb custom_margin=\u00a0\u00bb-90px||||false|false\u00a0\u00bb custom_padding=\u00a0\u00bb0px||||false|true\u00a0\u00bb animation_direction=\u00a0\u00bbbottom\u00a0\u00bb custom_css_main_element=\u00a0\u00bbz-index:10;\u00a0\u00bb][et_pb_column type=\u00a0\u00bb4_4&Prime; _builder_version=\u00a0\u00bb4.9.1&Prime; _module_preset=\u00a0\u00bbdefault\u00a0\u00bb][et_pb_text admin_label=\u00a0\u00bbService\u00a0\u00bb module_class=\u00a0\u00bbime-pattern-rot\u00a0\u00bb _builder_version=\u00a0\u00bb4.9.4&Prime; _module_preset=\u00a0\u00bbdefault\u00a0\u00bb text_font=\u00a0\u00bb||||||||\u00a0\u00bb header_font=\u00a0\u00bb||||||||\u00a0\u00bb header_text_color=\u00a0\u00bbgcid-01af1b29-4bf7-44fe-a473-50909a3a5b27&Prime; header_2_font=\u00a0\u00bb|800||on|||||\u00a0\u00bb header_2_text_color=\u00a0\u00bbgcid-4ebc9de5-e061-4b45-94a8-080fa0de0610&Prime; header_2_font_size=\u00a0\u00bb40px\u00a0\u00bb header_3_font=\u00a0\u00bb|700||on|||||\u00a0\u00bb header_3_font_size=\u00a0\u00bb40px\u00a0\u00bb background_size=\u00a0\u00bbinitial\u00a0\u00bb background_repeat=\u00a0\u00bbrepeat\u00a0\u00bb background_blend=\u00a0\u00bbdifference\u00a0\u00bb custom_padding=\u00a0\u00bb25px||15px|30px|false|false\u00a0\u00bb header_2_font_size_tablet=\u00a0\u00bb30px\u00a0\u00bb header_2_font_size_phone=\u00a0\u00bb24px\u00a0\u00bb header_2_font_size_last_edited=\u00a0\u00bbon|desktop\u00a0\u00bb global_colors_info=\u00a0\u00bb{%22gcid-7df05597-327a-4e7a-9bc4-7a2456ed480c%22:%91%93,%22gcid-01af1b29-4bf7-44fe-a473-50909a3a5b27%22:%91%22header_text_color%22%93,%22gcid-4ebc9de5-e061-4b45-94a8-080fa0de0610%22:%91%22header_2_text_color%22%93,%22gcid-07156617-efbb-4c8c-80ba-1d2279245b1d%22:%91%93}\u00a0\u00bb]<\/p>\n<h2>Maintenance technique \/ Service apr\u00e8s-vente<\/h2>\n<p>[\/et_pb_text][\/et_pb_column][\/et_pb_row][et_pb_row _builder_version=\u00a0\u00bb4.9.4&Prime; _module_preset=\u00a0\u00bbdefault\u00a0\u00bb background_color=\u00a0\u00bb#FFFFFF\u00a0\u00bb custom_padding=\u00a0\u00bb||10px||false|false\u00a0\u00bb locked=\u00a0\u00bboff\u00a0\u00bb][et_pb_column type=\u00a0\u00bb4_4&Prime; _builder_version=\u00a0\u00bb4.9.3&Prime; _module_preset=\u00a0\u00bbdefault\u00a0\u00bb][et_pb_text admin_label=\u00a0\u00bbZufriedene Kunden sind der Schl\u00fcssel f\u00fcr Wiederholungsk\u00e4uf\u00a0\u00bb _builder_version=\u00a0\u00bb4.9.4&Prime; _module_preset=\u00a0\u00bbdefault\u00a0\u00bb custom_padding=\u00a0\u00bb|30px||30px|true|true\u00a0\u00bb]<\/p>\n<p>Des clients satisfaits sont la cl\u00e9 des achats r\u00e9p\u00e9t\u00e9s. Pour faire honneur \u00e0 cette devise, nous ne nous contentons pas de concevoir des \u00e9quipements fiables et solides, mais nous accompagnons aussi les clients tout au long de la dur\u00e9e de vie du produit. <\/p>\n<p>Ce n&rsquo;est pas une promesse en l&rsquo;air : Autolift dispose du personnel n\u00e9cessaire et peut compter sur une \u00e9quipe de maintenance compos\u00e9e d&#8217;employ\u00e9s en Service Apr\u00e8s-Vente chevronn\u00e9s et de techniciens de maintenance exp\u00e9riment\u00e9s. Afin de couvrir efficacement une zone g\u00e9ographique aussi large que possible, nous avons recherch\u00e9 et recrut\u00e9 des techniciens de maintenance sur nos principaux march\u00e9s cibles. Cela leur permet de rejoindre leur lieu d&rsquo;intervention depuis leur domicile et r\u00e9duit au maximum les temps d\u2019immobilisation des \u00e9quipements de nos clients.  <\/p>\n<p>[\/et_pb_text][\/et_pb_column][\/et_pb_row][et_pb_row _builder_version=\u00a0\u00bb4.9.4&Prime; _module_preset=\u00a0\u00bbdefault\u00a0\u00bb custom_margin=\u00a0\u00bb||0px||false|false\u00a0\u00bb custom_padding=\u00a0\u00bb|30px|0px|30px|false|true\u00a0\u00bb][et_pb_column type=\u00a0\u00bb4_4&Prime; _builder_version=\u00a0\u00bb4.5.3&Prime; _module_preset=\u00a0\u00bbdefault\u00a0\u00bb][et_pb_text admin_label=\u00a0\u00bbDie Kernkompetenzen unserer Serviceabteilung sind:\u00a0\u00bb _builder_version=\u00a0\u00bb4.9.4&Prime; _module_preset=\u00a0\u00bbdefault\u00a0\u00bb]<\/p>\n<p>Les atouts majeurs de notre \u00e9quipe de maintenance sont les suivants:<\/p>\n<p>[\/et_pb_text][et_pb_accordion icon_color=\u00a0\u00bb#ffffff\u00a0\u00bb admin_label=\u00a0\u00bbAccordion 9&Prime; module_class=\u00a0\u00bbdct_faq_v9&Prime; _builder_version=\u00a0\u00bb4.9.4&Prime; _module_preset=\u00a0\u00bbdefault\u00a0\u00bb toggle_text_color=\u00a0\u00bb#333&Prime; toggle_font=\u00a0\u00bb|700||on|||||\u00a0\u00bb body_text_color=\u00a0\u00bb#666464&Prime; hover_enabled=\u00a0\u00bb0&Prime; custom_css_toggle_title=\u00a0\u00bbborder-top: 0;||background: #eee;||border-bottom: 1px solid transparent;||display: block;||padding: 14px 40px;||position: relative;\u00a0\u00bb custom_css_toggle_icon=\u00a0\u00bbcontent: %22%924c%22;||\tfont-family: ETmodules!important;||top: 10px;||\tright: 0;||\tfont-size: 22px;||\tline-height: 24px;||\tdisplay: block!important;||\t-webkit-box-sizing: border-box;||\t-moz-box-sizing: border-box;||\tbox-sizing: border-box;||\tfont-weight: 700;||\tbackground: #cc0000;||\tpadding: 10px\u00a0\u00bb custom_css_toggle_content=\u00a0\u00bbborder-top: 0 none;||background: #eee;||padding: 15px 27px;\u00a0\u00bb locked=\u00a0\u00bboff\u00a0\u00bb sticky_enabled=\u00a0\u00bb0&Prime;][et_pb_accordion_item title=\u00a0\u00bbUn accompagnement comp\u00e9tent \u00a0\u00bb open=\u00a0\u00bbon\u00a0\u00bb _builder_version=\u00a0\u00bb4.9.4&Prime; _module_preset=\u00a0\u00bbdefault\u00a0\u00bb custom_margin=\u00a0\u00bb||6px||false|false\u00a0\u00bb custom_padding=\u00a0\u00bb0px|0px|0px|0px|false|false\u00a0\u00bb hover_enabled=\u00a0\u00bb0&Prime; border_width_left=\u00a0\u00bb5px\u00a0\u00bb border_color_left=\u00a0\u00bb#cc0000&Prime; sticky_enabled=\u00a0\u00bb0&Prime;]<\/p>\n<p> Que ce soit par courriel ou par t\u00e9l\u00e9phone, vous recevrez rapidement des conseils avis\u00e9s de nos employ\u00e9s en service apr\u00e8s-vente<\/p>\n<p>[\/et_pb_accordion_item][et_pb_accordion_item title=\u00a0\u00bbMaintenance sur place par le service d\u2019assistance technique \u00a0\u00bb _builder_version=\u00a0\u00bb4.9.4&Prime; _module_preset=\u00a0\u00bbdefault\u00a0\u00bb custom_margin=\u00a0\u00bb||6px||false|false\u00a0\u00bb custom_padding=\u00a0\u00bb0px|0px|0px|0px|false|false\u00a0\u00bb border_width_left=\u00a0\u00bb5px\u00a0\u00bb border_color_left=\u00a0\u00bb#cc0000&Prime; open=\u00a0\u00bboff\u00a0\u00bb]<\/p>\n<ul>\n<li>Les techniciens de notre service d\u2019assistance technique sont toujours au courant des derni\u00e8res nouveaut\u00e9s et connaissent les appareils sur le bout des doigts.<\/li>\n<li><strong>V\u00e9hicules de maintenance<\/strong><\/li>\n<li>Nos v\u00e9hicules de maintenance ont toujours toutes les pi\u00e8ces de rechange les plus courantes en r\u00e9serve. Cela nous permet de vous \u00e9pauler rapidement et efficacement sur place, en vous proposant une s\u00e9rie de services de maintenance et de r\u00e9paration. <\/li>\n<\/ul>\n<p>[\/et_pb_accordion_item][et_pb_accordion_item title=\u00a0\u00bbDisponibilit\u00e9 des pi\u00e8ces de rechange \u00a0\u00bb _builder_version=\u00a0\u00bb4.9.4&Prime; _module_preset=\u00a0\u00bbdefault\u00a0\u00bb custom_margin=\u00a0\u00bb||6px||false|false\u00a0\u00bb custom_padding=\u00a0\u00bb0px|0px|0px|0px|false|false\u00a0\u00bb border_width_left=\u00a0\u00bb5px\u00a0\u00bb border_color_left=\u00a0\u00bb#cc0000&Prime; open=\u00a0\u00bboff\u00a0\u00bb]<\/p>\n<ul>\n<li>Les produits Autolift se distinguent par leur dur\u00e9e de vie extr\u00eamement longue. Du fait que le besoin en pi\u00e8ces de rechange augmente g\u00e9n\u00e9ralement avec l&rsquo;\u00e2ge de l&rsquo;\u00e9quipement, la disponibilit\u00e9 des pi\u00e8ces de rechanges jusqu&rsquo;\u00e0 un \u00ab \u00e2ge avanc\u00e9 \u00bb est donc indispensable. <\/li>\n<li>Autolift garantit la disponibilit\u00e9 des pi\u00e8ces de rechanges jusqu&rsquo;\u00e0 30 ans apr\u00e8s l&rsquo;arr\u00eat de la production du mod\u00e8le. Et souvent encore plus longtemps.<\/li>\n<li>Notre \u00e9quipe chevronn\u00e9e en service apr\u00e8s-vente se charge des d\u00e9marches administratives.<\/li>\n<\/ul>\n<p>[\/et_pb_accordion_item][et_pb_accordion_item title=\u00a0\u00bbMaintenance pr\u00e9ventive \u00a0\u00bb _builder_version=\u00a0\u00bb4.9.4&Prime; _module_preset=\u00a0\u00bbdefault\u00a0\u00bb custom_margin=\u00a0\u00bb||6px||false|false\u00a0\u00bb custom_padding=\u00a0\u00bb0px|0px|0px|0px|false|false\u00a0\u00bb border_width_left=\u00a0\u00bb5px\u00a0\u00bb border_color_left=\u00a0\u00bb#cc0000&Prime; open=\u00a0\u00bboff\u00a0\u00bb]<\/p>\n<ul>\n<li>La maintenance pr\u00e9dictive peut r\u00e9duire consid\u00e9rablement les temps d&rsquo;arr\u00eat et les temps d&rsquo;arr\u00eat.<\/li>\n<li>\u00c0 une date convenue, notre service de maintenance se rend chez le client avec toutes les pi\u00e8ces d&rsquo;usure et de rechange qui pourraient \u00eatre n\u00e9cessaires pour r\u00e9aliser les travaux de maintenance requis dans les d\u00e9lais pr\u00e9vus.<\/li>\n<li>L&rsquo;\u00e9quipement est ensuite remis \u00e0 l&rsquo;exploitant, qui peut dormir sur ses deux oreilles en sachant qu&rsquo;un arr\u00eat impr\u00e9vu est tr\u00e8s improbable jusqu&rsquo;au prochain rendez-vous de maintenance.<\/li>\n<\/ul>\n<p>[\/et_pb_accordion_item][et_pb_accordion_item title=\u00a0\u00bbContr\u00f4le annuel \u00a0\u00bb _builder_version=\u00a0\u00bb4.9.4&Prime; _module_preset=\u00a0\u00bbdefault\u00a0\u00bb custom_margin=\u00a0\u00bb||6px||false|false\u00a0\u00bb custom_padding=\u00a0\u00bb0px|0px|0px|0px|false|false\u00a0\u00bb border_width_left=\u00a0\u00bb5px\u00a0\u00bb border_color_left=\u00a0\u00bb#cc0000&Prime; open=\u00a0\u00bboff\u00a0\u00bb]Les contr\u00f4les annuels diff\u00e8rent d&rsquo;un pays \u00e0 l&rsquo;autre. L&rsquo;Allemagne par exemple exige un contr\u00f4le annuel conform\u00e9ment \u00e0 sa r\u00e9glementation relative aux accidents du travail (UVV Pr\u00fcfung en allemand). Nos techniciens s&rsquo;en chargeront avec plaisir. Si vous le combinez avec l\u2019entretien annuel, vous \u00e9conomisez du temps et de l&rsquo;argent. [\/et_pb_accordion_item][et_pb_accordion_item title=\u00a0\u00bbModifications\u00a0\u00bb _builder_version=\u00a0\u00bb4.9.4&Prime; _module_preset=\u00a0\u00bbdefault\u00a0\u00bb custom_margin=\u00a0\u00bb||6px||false|false\u00a0\u00bb custom_padding=\u00a0\u00bb0px|0px|0px|0px|false|false\u00a0\u00bb border_width_left=\u00a0\u00bb5px\u00a0\u00bb border_color_left=\u00a0\u00bb#cc0000&Prime; open=\u00a0\u00bboff\u00a0\u00bb]<\/p>\n<p>Au cours de la vie d&rsquo;un produit, qui peut d\u00e9passer 20 ans de service, beaucoup de choses peuvent se passer ou changer. Les soci\u00e9t\u00e9s d&rsquo;exploitation sont parfois forc\u00e9es de revendre ou de se d\u00e9barrasser de leur \u00e9quipement. Des modifications r\u00e9alis\u00e9es par des professionnels peuvent repr\u00e9senter une alternative opportune et bon march\u00e9. Des modifications peuvent \u00eatre n\u00e9cessaires pour diff\u00e9rentes raisons:   <\/p>\n<ul>\n<li>Il faut lever un nouveau\/un autre mod\u00e8le de v\u00e9hicule dot\u00e9 de points de levage diff\u00e9rents.<\/li>\n<li>Les rames de train ont \u00e9t\u00e9 allong\u00e9es. Cela arrive de plus en plus souvent. De plus en plus d&rsquo;entreprises de transport en commun augmentent leur capacit\u00e9 de transport de cette mani\u00e8re.  <br \/>Un \u00e9quipement de 12 ou 16 colonnes est par exemple n\u00e9cessaire pour remplacer un \u00e9quipement de 8 colonnes. Dans ce cas, nous livrons des colonnes suppl\u00e9mentaires et les relions au syst\u00e8me de commande existant. <\/li>\n<li>L&rsquo;\u00e9quipement doit \u00eatre adapt\u00e9 aux derni\u00e8res normes de s\u00e9curit\u00e9s parce que la loi l&rsquo;exige ou parce que le client le d\u00e9sire.<\/li>\n<\/ul>\n<p>[\/et_pb_accordion_item][et_pb_accordion_item title=\u00a0\u00bbRemise en \u00e9tat\u00a0\u00bb _builder_version=\u00a0\u00bb4.9.4&Prime; _module_preset=\u00a0\u00bbdefault\u00a0\u00bb custom_margin=\u00a0\u00bb||6px||false|false\u00a0\u00bb custom_padding=\u00a0\u00bb0px|0px|0px|0px|false|false\u00a0\u00bb border_width_left=\u00a0\u00bb5px\u00a0\u00bb border_color_left=\u00a0\u00bb#cc0000&Prime; open=\u00a0\u00bboff\u00a0\u00bb]Selon la fr\u00e9quence d&rsquo;utilisation, le soin de l&rsquo;utilisateur et le respect des d\u00e9lais de maintenance, les \u00e9quipements atteignent la fin de leur dur\u00e9e de vie apr\u00e8s un certain nombre d&rsquo;ann\u00e9es de service. Ils peuvent alors \u00eatre \u00e9limin\u00e9s ou remis en \u00e9tat. Pour ce faire, l&rsquo;\u00e9quipement est ramen\u00e9 \u00e0 l&rsquo;usine, o\u00f9 il est enti\u00e8rement d\u00e9mont\u00e9. Les pi\u00e8ces en acier sont sabl\u00e9es et les soudures contr\u00f4l\u00e9es pour identifier d&rsquo;\u00e9ventuelles fissures. Les pi\u00e8ces sont ensuite repeintes et remont\u00e9es. Suivant leur \u00e9tat, il est possible de r\u00e9utiliser ou il faut remplacer la broche, les \u00e9crous, les paliers, etc.  [\/et_pb_accordion_item][et_pb_accordion_item title=\u00a0\u00bbCoordination d&rsquo;assemblage \/ \u00e9quipes d&rsquo;assemblage \u00a0\u00bb _builder_version=\u00a0\u00bb4.9.4&Prime; _module_preset=\u00a0\u00bbdefault\u00a0\u00bb custom_margin=\u00a0\u00bb||6px||false|false\u00a0\u00bb custom_padding=\u00a0\u00bb0px|0px|0px|0px|false|false\u00a0\u00bb border_width_left=\u00a0\u00bb5px\u00a0\u00bb border_color_left=\u00a0\u00bb#cc0000&Prime; open=\u00a0\u00bboff\u00a0\u00bb]<\/p>\n<p><img loading=\"lazy\" decoding=\"async\" src=\"https:\/\/www.autolift.info\/wp-content\/uploads\/2021\/04\/051_montageteam_autolift-300x225.jpg\" width=\"300\" height=\"225\" alt=\"\" class=\"wp-image-240320 alignnone size-medium\" style=\"float: left;margin-right: 20px;margin-bottom: 10px\">  <img loading=\"lazy\" decoding=\"async\" src=\"https:\/\/www.autolift.info\/wp-content\/uploads\/2021\/04\/kragujevac_autolift-800w-1-300x225.jpg\" width=\"300\" height=\"225\" alt=\"\" class=\"wp-image-240321 alignnone size-medium\" style=\"float: left;margin-right: 20px;margin-bottom: 10px\"><br \/>Selon la fr\u00e9quence d&rsquo;utilisation, le soin de l&rsquo;utilisateur et le respect des d\u00e9lais de maintenance, les \u00e9quipements atteignent la fin de leur dur\u00e9e de vie apr\u00e8s un certain nombre d&rsquo;ann\u00e9es de service. Ils peuvent alors \u00eatre \u00e9limin\u00e9s ou remis en \u00e9tat. Pour ce faire, l&rsquo;\u00e9quipement est ramen\u00e9 \u00e0 l&rsquo;usine, o\u00f9 il est enti\u00e8rement d\u00e9mont\u00e9.   <\/p>\n<p>Les pi\u00e8ces en acier sont sabl\u00e9es et les soudures contr\u00f4l\u00e9es pour identifier d&rsquo;\u00e9ventuelles fissures. Les pi\u00e8ces sont ensuite repeintes et remont\u00e9es. Suivant leur \u00e9tat, il est possible de r\u00e9utiliser ou il faut remplacer la broche, les \u00e9crous, les paliers, etc.  <\/p>\n<p>[\/et_pb_accordion_item][\/et_pb_accordion][\/et_pb_column][\/et_pb_row][\/et_pb_section]<\/p>\n","protected":false},"excerpt":{"rendered":"<p>Maintenance technique \/ Service apr\u00e8s-venteDes clients satisfaits sont la cl\u00e9 des achats r\u00e9p\u00e9t\u00e9s. Pour faire honneur \u00e0 cette devise, nous ne nous contentons pas de concevoir des \u00e9quipements fiables et solides, mais nous accompagnons aussi les clients tout au long de la dur\u00e9e de vie du produit. Ce n&rsquo;est pas une promesse en l&rsquo;air : [&hellip;]<\/p>\n","protected":false},"author":1,"featured_media":0,"parent":0,"menu_order":60,"comment_status":"closed","ping_status":"closed","template":"","meta":{"_et_pb_use_builder":"on","_et_pb_old_content":"","_et_gb_content_width":"","footnotes":""},"class_list":["post-243908","page","type-page","status-publish","hentry"],"_links":{"self":[{"href":"https:\/\/www.autolift.info\/fr\/wp-json\/wp\/v2\/pages\/243908","targetHints":{"allow":["GET"]}}],"collection":[{"href":"https:\/\/www.autolift.info\/fr\/wp-json\/wp\/v2\/pages"}],"about":[{"href":"https:\/\/www.autolift.info\/fr\/wp-json\/wp\/v2\/types\/page"}],"author":[{"embeddable":true,"href":"https:\/\/www.autolift.info\/fr\/wp-json\/wp\/v2\/users\/1"}],"replies":[{"embeddable":true,"href":"https:\/\/www.autolift.info\/fr\/wp-json\/wp\/v2\/comments?post=243908"}],"version-history":[{"count":6,"href":"https:\/\/www.autolift.info\/fr\/wp-json\/wp\/v2\/pages\/243908\/revisions"}],"predecessor-version":[{"id":243914,"href":"https:\/\/www.autolift.info\/fr\/wp-json\/wp\/v2\/pages\/243908\/revisions\/243914"}],"wp:attachment":[{"href":"https:\/\/www.autolift.info\/fr\/wp-json\/wp\/v2\/media?parent=243908"}],"curies":[{"name":"wp","href":"https:\/\/api.w.org\/{rel}","templated":true}]}}