{"id":243895,"date":"2021-07-16T09:15:51","date_gmt":"2021-07-16T07:15:51","guid":{"rendered":"https:\/\/www.autolift.info\/produits\/appareils-speciaux\/"},"modified":"2021-07-16T09:15:52","modified_gmt":"2021-07-16T07:15:52","slug":"appareils-speciaux","status":"publish","type":"page","link":"https:\/\/www.autolift.info\/fr\/produits\/appareils-speciaux\/","title":{"rendered":"Appareils sp\u00e9ciaux"},"content":{"rendered":"<p>[et_pb_section fb_built=\u00a0\u00bb1&Prime; _builder_version=\u00a0\u00bb4.9.4&Prime; _module_preset=\u00a0\u00bbdefault\u00a0\u00bb background_color=\u00a0\u00bbgcid-1e316c67-09f0-49b6-a876-cbbe87afea32&Prime; background_image=\u00a0\u00bbhttps:\/\/www.autolift.info\/wp-content\/uploads\/2021\/05\/ime-autolift-umdrehvorrichtung-drehgestelle.jpg\u00a0\u00bb height=\u00a0\u00bb600px\u00a0\u00bb custom_padding=\u00a0\u00bb256px||256px||true|false\u00a0\u00bb locked=\u00a0\u00bboff\u00a0\u00bb global_colors_info=\u00a0\u00bb{%22gcid-1e316c67-09f0-49b6-a876-cbbe87afea32%22:%91%22background_color%22%93}\u00a0\u00bb][\/et_pb_section][et_pb_section fb_built=\u00a0\u00bb1&Prime; _builder_version=\u00a0\u00bb4.9.3&Prime; _module_preset=\u00a0\u00bbdefault\u00a0\u00bb background_color=\u00a0\u00bbRGBA(0,0,0,0)\u00a0\u00bb custom_padding=\u00a0\u00bb0px||||false|false\u00a0\u00bb locked=\u00a0\u00bboff\u00a0\u00bb][et_pb_row use_custom_gutter=\u00a0\u00bbon\u00a0\u00bb gutter_width=\u00a0\u00bb1&Prime; _builder_version=\u00a0\u00bb4.9.4&Prime; _module_preset=\u00a0\u00bbdefault\u00a0\u00bb background_color=\u00a0\u00bb#FFFFFF\u00a0\u00bb module_alignment=\u00a0\u00bbcenter\u00a0\u00bb min_height=\u00a0\u00bb114px\u00a0\u00bb custom_margin=\u00a0\u00bb-90px||||false|false\u00a0\u00bb custom_padding=\u00a0\u00bb0px||||false|true\u00a0\u00bb animation_direction=\u00a0\u00bbbottom\u00a0\u00bb custom_css_main_element=\u00a0\u00bbz-index:10;\u00a0\u00bb][et_pb_column type=\u00a0\u00bb4_4&Prime; _builder_version=\u00a0\u00bb4.9.1&Prime; _module_preset=\u00a0\u00bbdefault\u00a0\u00bb][et_pb_text admin_label=\u00a0\u00bbMobile Hebeb\u00f6cke\u00a0\u00bb module_class=\u00a0\u00bbime-pattern-rot\u00a0\u00bb _builder_version=\u00a0\u00bb4.9.4&Prime; _module_preset=\u00a0\u00bbdefault\u00a0\u00bb text_font=\u00a0\u00bb||||||||\u00a0\u00bb header_font=\u00a0\u00bb||||||||\u00a0\u00bb header_text_color=\u00a0\u00bbgcid-01af1b29-4bf7-44fe-a473-50909a3a5b27&Prime; header_2_font=\u00a0\u00bb|800||on|||||\u00a0\u00bb header_2_text_color=\u00a0\u00bbgcid-4ebc9de5-e061-4b45-94a8-080fa0de0610&Prime; header_2_font_size=\u00a0\u00bb40px\u00a0\u00bb header_3_font=\u00a0\u00bb|700||on|||||\u00a0\u00bb header_3_font_size=\u00a0\u00bb40px\u00a0\u00bb background_size=\u00a0\u00bbinitial\u00a0\u00bb background_repeat=\u00a0\u00bbrepeat\u00a0\u00bb background_blend=\u00a0\u00bbdifference\u00a0\u00bb custom_padding=\u00a0\u00bb25px||15px|30px|false|false\u00a0\u00bb header_2_font_size_tablet=\u00a0\u00bb30px\u00a0\u00bb header_2_font_size_phone=\u00a0\u00bb24px\u00a0\u00bb header_2_font_size_last_edited=\u00a0\u00bbon|desktop\u00a0\u00bb global_colors_info=\u00a0\u00bb{%22gcid-7df05597-327a-4e7a-9bc4-7a2456ed480c%22:%91%93,%22gcid-01af1b29-4bf7-44fe-a473-50909a3a5b27%22:%91%22header_text_color%22%93,%22gcid-4ebc9de5-e061-4b45-94a8-080fa0de0610%22:%91%22header_2_text_color%22%93,%22gcid-07156617-efbb-4c8c-80ba-1d2279245b1d%22:%91%93}\u00a0\u00bb]<\/p>\n<h2 class=\"western\">Appareils sp\u00e9ciaux<\/h2>\n<p>[\/et_pb_text][\/et_pb_column][\/et_pb_row][et_pb_row _builder_version=\u00a0\u00bb4.9.3&Prime; _module_preset=\u00a0\u00bbdefault\u00a0\u00bb background_color=\u00a0\u00bb#FFFFFF\u00a0\u00bb custom_padding=\u00a0\u00bb|30px||30px|false|true\u00a0\u00bb locked=\u00a0\u00bboff\u00a0\u00bb][et_pb_column type=\u00a0\u00bb4_4&Prime; _builder_version=\u00a0\u00bb4.9.3&Prime; _module_preset=\u00a0\u00bbdefault\u00a0\u00bb][et_pb_text admin_label=\u00a0\u00bbMobile Hebeb\u00f6cke sind die einfachste Art\u00a0\u00bb _builder_version=\u00a0\u00bb4.9.4&Prime; _module_preset=\u00a0\u00bbdefault\u00a0\u00bb]C&rsquo;est avec plaisir que nous mettons nos connaissances et notre exp\u00e9rience au service de tous ceux qui doivent lever des charges lourdes et travailler en-dessous. Notre grande \u00e9quipe de d\u00e9veloppement, sp\u00e9cialis\u00e9e \u00e0 la fois dans le domaine de la m\u00e9canique, de l&rsquo;\u00e9lectricit\u00e9 et des logiciels, nous permet de r\u00e9pondre aux souhaits particuliers et de concevoir des appareils sp\u00e9ciaux.[\/et_pb_text][\/et_pb_column][\/et_pb_row][et_pb_row _builder_version=\u00a0\u00bb4.5.3&Prime; _module_preset=\u00a0\u00bbdefault\u00a0\u00bb custom_margin=\u00a0\u00bb||0px||false|false\u00a0\u00bb custom_padding=\u00a0\u00bb||0px||false|false\u00a0\u00bb][et_pb_column type=\u00a0\u00bb4_4&Prime; _builder_version=\u00a0\u00bb4.5.3&Prime; _module_preset=\u00a0\u00bbdefault\u00a0\u00bb][et_pb_accordion icon_color=\u00a0\u00bb#ffffff\u00a0\u00bb admin_label=\u00a0\u00bbAccordion 9&Prime; module_class=\u00a0\u00bbdct_faq_v9&Prime; _builder_version=\u00a0\u00bb4.9.4&Prime; _module_preset=\u00a0\u00bbdefault\u00a0\u00bb toggle_text_color=\u00a0\u00bb#333&Prime; toggle_font=\u00a0\u00bb|700||on|||||\u00a0\u00bb body_text_color=\u00a0\u00bb#666464&Prime; custom_css_toggle_title=\u00a0\u00bbborder-top: 0;||background: #eee;||border-bottom: 1px solid transparent;||display: block;||padding: 14px 40px;||position: relative;\u00a0\u00bb custom_css_toggle_icon=\u00a0\u00bbcontent: %22%924c%22;||\tfont-family: ETmodules!important;||top: 10px;||\tright: 0;||\tfont-size: 22px;||\tline-height: 24px;||\tdisplay: block!important;||\t-webkit-box-sizing: border-box;||\t-moz-box-sizing: border-box;||\tbox-sizing: border-box;||\tfont-weight: 700;||\tbackground: #cc0000;||\tpadding: 10px\u00a0\u00bb custom_css_toggle_content=\u00a0\u00bbborder-top: 0 none;||background: #eee;||padding: 15px 27px;\u00a0\u00bb locked=\u00a0\u00bboff\u00a0\u00bb][et_pb_accordion_item title=\u00a0\u00bbSyst\u00e8mes de levage rotatifs\u00a0\u00bb open=\u00a0\u00bbon\u00a0\u00bb _builder_version=\u00a0\u00bb4.9.4&Prime; _module_preset=\u00a0\u00bbdefault\u00a0\u00bb custom_margin=\u00a0\u00bb||6px||false|false\u00a0\u00bb custom_padding=\u00a0\u00bb0px|0px|0px|0px|false|false\u00a0\u00bb border_width_left=\u00a0\u00bb5px\u00a0\u00bb border_color_left=\u00a0\u00bb#cc0000&Prime;]<\/p>\n<p><a href=\"https:\/\/www.autolift.info\/wp-content\/uploads\/2021\/05\/ime-autolift-drehhebeanlagen.jpg\"><img loading=\"lazy\" decoding=\"async\" src=\"https:\/\/www.autolift.info\/wp-content\/uploads\/2021\/05\/ime-autolift-drehhebeanlagen-300x225.jpg\" width=\"300\" height=\"225\" alt=\"\" class=\"wp-image-241365 alignnone size-medium\"><\/a>Les \u00e9quipements de levage et de retournement pour l&rsquo;industrie sont un autre domaine d&rsquo;activit\u00e9 important d&rsquo;Autolift. Plus d&rsquo;informations \u00e0 ce sujet <a href=\"https:\/\/drehhebeanlagen.com\/\" target=\"_blank\" rel=\"noopener\" title=\"drehebeanlagen.com\">ici.<\/a> <\/p>\n<p>[\/et_pb_accordion_item][et_pb_accordion_item title=\u00a0\u00bbPlateforme de levage pour bus et camions\u00a0\u00bb _builder_version=\u00a0\u00bb4.9.4&Prime; _module_preset=\u00a0\u00bbdefault\u00a0\u00bb custom_margin=\u00a0\u00bb||6px||false|false\u00a0\u00bb custom_padding=\u00a0\u00bb0px|0px|0px|0px|false|false\u00a0\u00bb border_width_left=\u00a0\u00bb5px\u00a0\u00bb border_color_left=\u00a0\u00bb#cc0000&Prime; open=\u00a0\u00bboff\u00a0\u00bb]<\/p>\n<p><a href=\"https:\/\/www.autolift.info\/wp-content\/uploads\/2021\/05\/ime-autolift-hebebuehne-busse.jpg\"><img loading=\"lazy\" decoding=\"async\" src=\"https:\/\/www.autolift.info\/wp-content\/uploads\/2021\/05\/ime-autolift-hebebuehne-busse-300x225.jpg\" width=\"300\" height=\"225\" alt=\"\" class=\"wp-image-241367 alignnone size-medium\"><\/a>Autolift propose \u00e9galement des plateformes de levage pour la maintenance des camions et des bus, mais aussi des engins utilitaires lourds tels que des engins de chantier, des machines agricoles et des remorqueurs d&rsquo;avions. Nous vendons les produits de ce domaine d&rsquo;activit\u00e9 par l&rsquo;interm\u00e9diaire de notre filiale IME Light GmbH. Plus d&rsquo;informations \u00e0 ce sujet <a href=\"https:\/\/www.ime-light.de\/\" target=\"_blank\" rel=\"noopener\" title=\"IME Light GmbH\">ici.<\/a>  <\/p>\n<p>[\/et_pb_accordion_item][et_pb_accordion_item title=\u00a0\u00bbPlateforme de levage mobile pour automobiles Profimaster 3000&Prime; _builder_version=\u00a0\u00bb4.9.4&Prime; _module_preset=\u00a0\u00bbdefault\u00a0\u00bb custom_margin=\u00a0\u00bb||6px||false|false\u00a0\u00bb custom_padding=\u00a0\u00bb0px|0px|0px|0px|false|false\u00a0\u00bb border_width_left=\u00a0\u00bb5px\u00a0\u00bb border_color_left=\u00a0\u00bb#cc0000&Prime; open=\u00a0\u00bboff\u00a0\u00bb]<\/p>\n<p><a href=\"https:\/\/www.autolift.info\/wp-content\/uploads\/2021\/05\/ime-autolift-pkw-hebebuehne.jpg\"><img loading=\"lazy\" decoding=\"async\" src=\"https:\/\/www.autolift.info\/wp-content\/uploads\/2021\/05\/ime-autolift-pkw-hebebuehne-300x225.jpg\" width=\"300\" height=\"225\" alt=\"\" class=\"wp-image-241368 alignnone size-medium\"><\/a>La plateforme de levage mobile pour automobiles Profimaster 3000 permet un travail ergonomique dans le domaine des travaux de carrosserie et de peinture sur les voitures et camionnettes. Plus d&rsquo;informations \u00e0 ce sujet <a href=\"https:\/\/www.ime-light.de\/\" target=\"_blank\" rel=\"noopener\" title=\"IME Light GmbH\">ici.<\/a> <\/p>\n<p>[\/et_pb_accordion_item][et_pb_accordion_item title=\u00a0\u00bbAppareils de levage pour machines\u00a0\u00bb _builder_version=\u00a0\u00bb4.9.4&Prime; _module_preset=\u00a0\u00bbdefault\u00a0\u00bb custom_margin=\u00a0\u00bb||6px||false|false\u00a0\u00bb custom_padding=\u00a0\u00bb0px|0px|0px|0px|false|false\u00a0\u00bb border_width_left=\u00a0\u00bb5px\u00a0\u00bb border_color_left=\u00a0\u00bb#cc0000&Prime; open=\u00a0\u00bboff\u00a0\u00bb]<\/p>\n<p><a href=\"https:\/\/www.autolift.info\/wp-content\/uploads\/2021\/05\/ime-autolift-montagehilfe.jpg\"><img loading=\"lazy\" decoding=\"async\" src=\"https:\/\/www.autolift.info\/wp-content\/uploads\/2021\/05\/ime-autolift-montagehilfe-225x300.jpg\" width=\"225\" height=\"300\" alt=\"\" class=\"wp-image-241370 alignnone size-medium\"><\/a><img loading=\"lazy\" decoding=\"async\" src=\"https:\/\/www.autolift.info\/wp-content\/uploads\/2021\/05\/ime-autolift-maschinenheber-300x225.jpg\" width=\"300\" height=\"225\" alt=\"\" class=\"wp-image-241369 alignnone size-medium\">On rencontre r\u00e9guli\u00e8rement des d\u00e9fis particuliers dans le domaine de la construction de v\u00e9hicules, de machines ou d&rsquo;installations lorsqu&rsquo;il s&rsquo;agit de lever ou de manipuler des pi\u00e8ces lourdes et que les ponts roulants, transpalettes et chariots-\u00e9l\u00e9vateurs \u00e9lectriques ne suffisent plus. De plus, il s&rsquo;agit bien souvent de cas o\u00f9 il faut \u00e9galement travailler sous une charge, et donc d&rsquo;un domaine d&rsquo;activit\u00e9 optimal pour Autolift. <\/p>\n<p>Les appareils de levage pour machines utilis\u00e9s pour l&rsquo;assemblage de plateformes de v\u00e9hicules complets dans les tramways sont une bonne illustration de ce type de probl\u00e8me. La plateforme de levage pour v\u00e9hicules est fixe et le v\u00e9hicule est mis en place. L&rsquo;appareil de levage soul\u00e8ve ensuite la plateforme du v\u00e9hicule. Il s&rsquo;agit ensuite de fixer et d&rsquo;assembler les pi\u00e8ces, ce qui ne peut \u00eatre fait qu&rsquo;en se tenant sous la charge. Les broches de levage autobloquantes sont donc la solution parfaite.   <\/p>\n<p>[\/et_pb_accordion_item][et_pb_accordion_item title=\u00a0\u00bbPlateformes tournantes \u00e0 ciseaux\u00a0\u00bb _builder_version=\u00a0\u00bb4.9.4&Prime; _module_preset=\u00a0\u00bbdefault\u00a0\u00bb custom_margin=\u00a0\u00bb||6px||false|false\u00a0\u00bb custom_padding=\u00a0\u00bb0px|0px|0px|0px|false|false\u00a0\u00bb border_width_left=\u00a0\u00bb5px\u00a0\u00bb border_color_left=\u00a0\u00bb#cc0000&Prime; open=\u00a0\u00bboff\u00a0\u00bb]<\/p>\n<p><a href=\"https:\/\/www.autolift.info\/wp-content\/uploads\/2021\/05\/ime-autolift-drehbare-scherenbuehne.jpg\"><img loading=\"lazy\" decoding=\"async\" src=\"https:\/\/www.autolift.info\/wp-content\/uploads\/2021\/05\/ime-autolift-drehbare-scherenbuehne-300x225.jpg\" width=\"300\" height=\"225\" alt=\"\" class=\"wp-image-241371 alignnone size-medium\"><\/a>Une combinaison entre nos plaques tournantes et nos plateformes \u00e0 ciseaux.<\/p>\n<p>[\/et_pb_accordion_item][et_pb_accordion_item title=\u00a0\u00bbChargement d&rsquo;automobiles\u00a0\u00bb _builder_version=\u00a0\u00bb4.9.4&Prime; _module_preset=\u00a0\u00bbdefault\u00a0\u00bb custom_margin=\u00a0\u00bb||6px||false|false\u00a0\u00bb custom_padding=\u00a0\u00bb0px|0px|0px|0px|false|false\u00a0\u00bb border_width_left=\u00a0\u00bb5px\u00a0\u00bb border_color_left=\u00a0\u00bb#cc0000&Prime; open=\u00a0\u00bboff\u00a0\u00bb]<\/p>\n<p><a href=\"https:\/\/www.autolift.info\/wp-content\/uploads\/2021\/05\/ime-autolift-autoverladung.jpg\"><img loading=\"lazy\" decoding=\"async\" src=\"https:\/\/www.autolift.info\/wp-content\/uploads\/2021\/05\/ime-autolift-autoverladung-300x225.jpg\" width=\"300\" height=\"225\" alt=\"\" class=\"wp-image-241372 alignnone size-medium\"><\/a>Des rampes de chargement adaptables en hauteur sont n\u00e9cessaires pour charger rapidement des automobiles sur des bateaux ou des wagons de chemin de fer. Les exigences de s\u00e9curit\u00e9 sont particuli\u00e8rement \u00e9lev\u00e9es dans ce domaine, puisque des employ\u00e9s se trouvent g\u00e9n\u00e9ralement sur et sous ces rampes. Heureusement, c&rsquo;est notre sp\u00e9cialit\u00e9 : un levage en toute s\u00e9curit\u00e9 de charges lourdes en dessous desquelles se trouve du personnel.  <\/p>\n<p>[\/et_pb_accordion_item][\/et_pb_accordion][\/et_pb_column][\/et_pb_row][\/et_pb_section]<\/p>\n","protected":false},"excerpt":{"rendered":"<p>Appareils sp\u00e9ciauxC&rsquo;est avec plaisir que nous mettons nos connaissances et notre exp\u00e9rience au service de tous ceux qui doivent lever des charges lourdes et travailler en-dessous. Notre grande \u00e9quipe de d\u00e9veloppement, sp\u00e9cialis\u00e9e \u00e0 la fois dans le domaine de la m\u00e9canique, de l&rsquo;\u00e9lectricit\u00e9 et des logiciels, nous permet de r\u00e9pondre aux souhaits particuliers et de [&hellip;]<\/p>\n","protected":false},"author":1,"featured_media":0,"parent":243781,"menu_order":70,"comment_status":"closed","ping_status":"closed","template":"","meta":{"_et_pb_use_builder":"on","_et_pb_old_content":"","_et_gb_content_width":"","footnotes":""},"class_list":["post-243895","page","type-page","status-publish","hentry"],"_links":{"self":[{"href":"https:\/\/www.autolift.info\/fr\/wp-json\/wp\/v2\/pages\/243895","targetHints":{"allow":["GET"]}}],"collection":[{"href":"https:\/\/www.autolift.info\/fr\/wp-json\/wp\/v2\/pages"}],"about":[{"href":"https:\/\/www.autolift.info\/fr\/wp-json\/wp\/v2\/types\/page"}],"author":[{"embeddable":true,"href":"https:\/\/www.autolift.info\/fr\/wp-json\/wp\/v2\/users\/1"}],"replies":[{"embeddable":true,"href":"https:\/\/www.autolift.info\/fr\/wp-json\/wp\/v2\/comments?post=243895"}],"version-history":[{"count":5,"href":"https:\/\/www.autolift.info\/fr\/wp-json\/wp\/v2\/pages\/243895\/revisions"}],"predecessor-version":[{"id":243900,"href":"https:\/\/www.autolift.info\/fr\/wp-json\/wp\/v2\/pages\/243895\/revisions\/243900"}],"up":[{"embeddable":true,"href":"https:\/\/www.autolift.info\/fr\/wp-json\/wp\/v2\/pages\/243781"}],"wp:attachment":[{"href":"https:\/\/www.autolift.info\/fr\/wp-json\/wp\/v2\/media?parent=243895"}],"curies":[{"name":"wp","href":"https:\/\/api.w.org\/{rel}","templated":true}]}}