{"id":243836,"date":"2021-07-16T08:50:34","date_gmt":"2021-07-16T06:50:34","guid":{"rendered":"https:\/\/www.autolift.info\/produits\/colonnes-de-levage-encastrees\/dispositifs-de-levage-enterres-a-la-verticale\/"},"modified":"2021-07-16T08:50:37","modified_gmt":"2021-07-16T06:50:37","slug":"dispositifs-de-levage-enterres-a-la-verticale","status":"publish","type":"page","link":"https:\/\/www.autolift.info\/fr\/produits\/colonnes-de-levage-encastrees\/dispositifs-de-levage-enterres-a-la-verticale\/","title":{"rendered":"Dispositifs de levage enterr\u00e9s \u00e0 la verticale"},"content":{"rendered":"<p>[et_pb_section fb_built=\u00a0\u00bb1&Prime; _builder_version=\u00a0\u00bb4.9.4&Prime; _module_preset=\u00a0\u00bbdefault\u00a0\u00bb background_color=\u00a0\u00bbgcid-1e316c67-09f0-49b6-a876-cbbe87afea32&Prime; background_image=\u00a0\u00bbhttps:\/\/www.autolift.info\/wp-content\/uploads\/2021\/05\/ime-autolift-unterflurheber.jpg\u00a0\u00bb background_position=\u00a0\u00bbbottom_center\u00a0\u00bb height=\u00a0\u00bb600px\u00a0\u00bb custom_padding=\u00a0\u00bb256px||256px||true|false\u00a0\u00bb locked=\u00a0\u00bboff\u00a0\u00bb global_colors_info=\u00a0\u00bb{%22gcid-1e316c67-09f0-49b6-a876-cbbe87afea32%22:%91%22background_color%22%93}\u00a0\u00bb][\/et_pb_section][et_pb_section fb_built=\u00a0\u00bb1&Prime; _builder_version=\u00a0\u00bb4.9.3&Prime; _module_preset=\u00a0\u00bbdefault\u00a0\u00bb background_color=\u00a0\u00bbRGBA(0,0,0,0)\u00a0\u00bb custom_padding=\u00a0\u00bb0px||||false|false\u00a0\u00bb locked=\u00a0\u00bboff\u00a0\u00bb][et_pb_row use_custom_gutter=\u00a0\u00bbon\u00a0\u00bb gutter_width=\u00a0\u00bb1&Prime; _builder_version=\u00a0\u00bb4.9.4&Prime; _module_preset=\u00a0\u00bbdefault\u00a0\u00bb background_color=\u00a0\u00bb#FFFFFF\u00a0\u00bb module_alignment=\u00a0\u00bbcenter\u00a0\u00bb min_height=\u00a0\u00bb114px\u00a0\u00bb custom_margin=\u00a0\u00bb-90px||||false|false\u00a0\u00bb custom_padding=\u00a0\u00bb0px||||false|true\u00a0\u00bb animation_direction=\u00a0\u00bbbottom\u00a0\u00bb custom_css_main_element=\u00a0\u00bbz-index:10;\u00a0\u00bb][et_pb_column type=\u00a0\u00bb4_4&Prime; _builder_version=\u00a0\u00bb4.9.1&Prime; _module_preset=\u00a0\u00bbdefault\u00a0\u00bb][et_pb_text admin_label=\u00a0\u00bbMobile Hebeb\u00f6cke\u00a0\u00bb module_class=\u00a0\u00bbime-pattern-rot\u00a0\u00bb _builder_version=\u00a0\u00bb4.9.4&Prime; _module_preset=\u00a0\u00bbdefault\u00a0\u00bb text_font=\u00a0\u00bb||||||||\u00a0\u00bb header_font=\u00a0\u00bb||||||||\u00a0\u00bb header_text_color=\u00a0\u00bbgcid-01af1b29-4bf7-44fe-a473-50909a3a5b27&Prime; header_2_font=\u00a0\u00bb|800||on|||||\u00a0\u00bb header_2_text_color=\u00a0\u00bbgcid-4ebc9de5-e061-4b45-94a8-080fa0de0610&Prime; header_2_font_size=\u00a0\u00bb40px\u00a0\u00bb header_3_font=\u00a0\u00bb|700||on|||||\u00a0\u00bb header_3_font_size=\u00a0\u00bb40px\u00a0\u00bb background_size=\u00a0\u00bbinitial\u00a0\u00bb background_repeat=\u00a0\u00bbrepeat\u00a0\u00bb background_blend=\u00a0\u00bbdifference\u00a0\u00bb custom_padding=\u00a0\u00bb25px||15px|30px|false|false\u00a0\u00bb header_2_font_size_tablet=\u00a0\u00bb30px\u00a0\u00bb header_2_font_size_phone=\u00a0\u00bb24px\u00a0\u00bb header_2_font_size_last_edited=\u00a0\u00bbon|desktop\u00a0\u00bb global_colors_info=\u00a0\u00bb{%22gcid-7df05597-327a-4e7a-9bc4-7a2456ed480c%22:%91%93,%22gcid-01af1b29-4bf7-44fe-a473-50909a3a5b27%22:%91%22header_text_color%22%93,%22gcid-4ebc9de5-e061-4b45-94a8-080fa0de0610%22:%91%22header_2_text_color%22%93,%22gcid-07156617-efbb-4c8c-80ba-1d2279245b1d%22:%91%93}\u00a0\u00bb]<\/p>\n<h2 class=\"western\">Dispositifs de levage enterr\u00e9s \u00e0 la verticale<\/h2>\n<p>[\/et_pb_text][\/et_pb_column][\/et_pb_row][et_pb_row _builder_version=\u00a0\u00bb4.9.3&Prime; _module_preset=\u00a0\u00bbdefault\u00a0\u00bb background_color=\u00a0\u00bb#FFFFFF\u00a0\u00bb custom_padding=\u00a0\u00bb|30px||30px|false|true\u00a0\u00bb locked=\u00a0\u00bboff\u00a0\u00bb][et_pb_column type=\u00a0\u00bb4_4&Prime; _builder_version=\u00a0\u00bb4.9.3&Prime; _module_preset=\u00a0\u00bbdefault\u00a0\u00bb][et_pb_text admin_label=\u00a0\u00bbMobile Hebeb\u00f6cke sind die einfachste Art\u00a0\u00bb _builder_version=\u00a0\u00bb4.9.4&Prime; _module_preset=\u00a0\u00bbdefault\u00a0\u00bb]<\/p>\n<p>Les unit\u00e9s de levage reposent sur le fond de la fosse et en sortent quand ils sont utilis\u00e9s. Il est ainsi possible de r\u00e9duire la profondeur de la fosse de pr\u00e8s d&rsquo;1 m, ce qui peut \u00eatre d\u00e9cisif en cas de fosse pr\u00e9existante, de sources d&rsquo;eau souterraines ou de sous-sols rocheux. <\/p>\n<p>[\/et_pb_text][et_pb_text admin_label=\u00a0\u00bbGalerie\u00a0\u00bb _builder_version=\u00a0\u00bb4.9.4&Prime; _module_preset=\u00a0\u00bbdefault\u00a0\u00bb hover_enabled=\u00a0\u00bb0&Prime; sticky_enabled=\u00a0\u00bb0&Prime;]<\/p>\n<script>\t\tjQuery(function() {\/*setTimeout(function(){*\/\t\t\tjQuery(\"#lbg_famous_gallery_8\").gallery1({\t\t\t\twidth:1300,\t\t\t\theight:800,\t\t\t\twidth100Proc:false,\t\t\t\theight100Proc:false,\t\t\t\trows:3,\t\t\t\tcolumns:4,\t\t\t\tcenterGallery:true,\t\t\t\tgutter:2,\t\t\t\tgalleryBg:\"#FFFFFF\",\t\t\t\titemBorderWidth:0,\t\t\t\titemBorderColorOFF:\"transparent\",\t\t\t\titemBorderColorON:\"#FF0000\",\t\t\t\tshowImageDescription:true,\t\t\t\timageDescriptionBgColor:\"#000000\",\t\t\t\timageDescriptionBgOpacity:30,\t\t\t\timageDescriptionTextColor:\"#FFFFFF\",\t\t\t\tshowIconOverImage:true,\t\t\t\tzoomDuration:1,\t\t\t\tzoomEffect:\"linear\",\t\t\t\ttarget:\"_blank\",\t\t\t\tbgHorizontalPosition:\"center\",\t\t\t\tbgVerticalPosition:\"center\",\t\t\t\tfacebookAppID:\"\"\t\t\t});\/*\t\t}, 1000);*\/\/*}, 850);*\/\t\t});\t<\/script>    <div id=\"lbg_famous_gallery_8\">\t\t\t\t<ul class=\"gallery1_list\">\t\t\t\t\t\t\t\t\t\t\t\t<li data-horizontal=\"center\" data-vertical=\"center\" data-link=\"\" data-lightbox=\"https:\/\/www.autolift.info\/wp-content\/uploads\/2021\/05\/s_unterfluranlage_autolift_01.jpg\" data-title=\"\" data-description=\"\">\t\t\t\t\t\t\t\t\t\t<img loading=\"lazy\" decoding=\"async\" src=\"https:\/\/www.autolift.info\/wp-content\/uploads\/2021\/05\/s_unterfluranlage_autolift_01.jpg\" alt=\" - \" width=\"800\" height=\"600\" style=\"width:800px; height:600px;\" title=\" - \" \/>\t\t\t\t\t\t\t\t<\/li>\t\t\t\t\t\t\t\t\t\t\t\t\t\t\t\t<li data-horizontal=\"center\" data-vertical=\"center\" data-link=\"\" data-lightbox=\"https:\/\/www.autolift.info\/wp-content\/uploads\/2021\/05\/s_unterfluranlage_autolift_02.jpg\" data-title=\"\" data-description=\"\">\t\t\t\t\t\t\t\t\t\t<img loading=\"lazy\" decoding=\"async\" src=\"https:\/\/www.autolift.info\/wp-content\/uploads\/2021\/05\/s_unterfluranlage_autolift_02.jpg\" alt=\" - \" width=\"800\" height=\"600\" style=\"width:800px; height:600px;\" title=\" - \" \/>\t\t\t\t\t\t\t\t<\/li>\t\t\t\t\t\t\t\t\t\t\t\t\t\t\t\t<li data-horizontal=\"center\" data-vertical=\"center\" data-link=\"\" data-lightbox=\"https:\/\/www.autolift.info\/wp-content\/uploads\/2021\/05\/s_unterfluranlage_direkt_un\" data-title=\"\" data-description=\"\">\t\t\t\t\t\t\t\t\t\t<img loading=\"lazy\" decoding=\"async\" src=\"https:\/\/www.autolift.info\/wp-content\/uploads\/2021\/05\/s_unterfluranlage_direkt_unter_hubschiene_autolift.jpg\" alt=\" - \" width=\"800\" height=\"600\" style=\"width:800px; height:600px;\" title=\" - \" \/>\t\t\t\t\t\t\t\t<\/li>\t\t\t\t\t\t\t\t\t\t\t\t\t\t\t\t<li data-horizontal=\"center\" data-vertical=\"center\" data-link=\"\" data-lightbox=\"https:\/\/www.autolift.info\/wp-content\/uploads\/2021\/05\/s_unterflurhebeanlage_autolift_06.jpeg\" data-title=\"\" data-description=\"\">\t\t\t\t\t\t\t\t\t\t<img loading=\"lazy\" decoding=\"async\" src=\"https:\/\/www.autolift.info\/wp-content\/uploads\/2021\/05\/s_unterflurhebeanlage_autolift_06.jpeg\" alt=\" - \" width=\"800\" height=\"600\" style=\"width:800px; height:600px;\" title=\" - \" \/>\t\t\t\t\t\t\t\t<\/li>\t\t\t\t\t\t\t\t\t\t\t\t\t\t\t\t<li data-horizontal=\"center\" data-vertical=\"center\" data-link=\"\" data-lightbox=\"https:\/\/www.autolift.info\/wp-content\/uploads\/2021\/05\/s_unterflurhebeanlage_autolift_03.jpg\" data-title=\"\" data-description=\"\">\t\t\t\t\t\t\t\t\t\t<img loading=\"lazy\" decoding=\"async\" src=\"https:\/\/www.autolift.info\/wp-content\/uploads\/2021\/05\/s_unterflurhebeanlage_autolift_03.jpg\" alt=\" - \" width=\"800\" height=\"600\" style=\"width:800px; height:600px;\" title=\" - \" \/>\t\t\t\t\t\t\t\t<\/li>\t\t\t\t\t\t\t\t\t\t\t\t\t\t\t\t<li data-horizontal=\"center\" data-vertical=\"center\" data-link=\"\" data-lightbox=\"https:\/\/www.autolift.info\/wp-content\/uploads\/2021\/05\/s_unterflurhubanlage_autolift_02.jpg\" data-title=\"\" data-description=\"\">\t\t\t\t\t\t\t\t\t\t<img loading=\"lazy\" decoding=\"async\" src=\"https:\/\/www.autolift.info\/wp-content\/uploads\/2021\/05\/s_unterflurhubanlage_autolift_02.jpg\" alt=\" - \" width=\"800\" height=\"600\" style=\"width:800px; height:600px;\" title=\" - \" \/>\t\t\t\t\t\t\t\t<\/li>\t\t\t\t\t\t\t\t\t\t\t\t\t\t\t\t<li data-horizontal=\"center\" data-vertical=\"center\" data-link=\"\" data-lightbox=\"https:\/\/www.autolift.info\/wp-content\/uploads\/2021\/05\/s_unterflurhubanlage_autolift_03.jpg\" data-title=\"\" data-description=\"\">\t\t\t\t\t\t\t\t\t\t<img loading=\"lazy\" decoding=\"async\" src=\"https:\/\/www.autolift.info\/wp-content\/uploads\/2021\/05\/s_unterflurhubanlage_autolift_03.jpg\" alt=\" - \" width=\"800\" height=\"600\" style=\"width:800px; height:600px;\" title=\" - \" \/>\t\t\t\t\t\t\t\t<\/li>\t\t\t\t\t\t\t\t\t\t\t\t\t\t\t\t<li data-horizontal=\"center\" data-vertical=\"center\" data-link=\"\" data-lightbox=\"https:\/\/www.autolift.info\/wp-content\/uploads\/2021\/05\/s_unterflurheber_autolift_01.jpg\" data-title=\"\" data-description=\"\">\t\t\t\t\t\t\t\t\t\t<img loading=\"lazy\" decoding=\"async\" src=\"https:\/\/www.autolift.info\/wp-content\/uploads\/2021\/05\/s_unterflurheber_autolift_01.jpg\" alt=\" - \" width=\"800\" height=\"600\" style=\"width:800px; height:600px;\" title=\" - \" \/>\t\t\t\t\t\t\t\t<\/li>\t\t\t\t\t\t\t\t\t\t\t\t\t\t\t\t<li data-horizontal=\"center\" data-vertical=\"center\" data-link=\"\" data-lightbox=\"https:\/\/www.autolift.info\/wp-content\/uploads\/2021\/05\/s_unterflurhubanlage_autolift_04.jpg\" data-title=\"\" data-description=\"\">\t\t\t\t\t\t\t\t\t\t<img loading=\"lazy\" decoding=\"async\" src=\"https:\/\/www.autolift.info\/wp-content\/uploads\/2021\/05\/s_unterflurhubanlage_autolift_04.jpg\" alt=\" - \" width=\"800\" height=\"600\" style=\"width:800px; height:600px;\" title=\" - \" \/>\t\t\t\t\t\t\t\t<\/li>\t\t\t\t\t\t\t\t\t\t\t\t<\/ul>     <\/div>\n<p>[\/et_pb_text][\/et_pb_column][\/et_pb_row][\/et_pb_section]<\/p>\n","protected":false},"excerpt":{"rendered":"<p>Dispositifs de levage enterr\u00e9s \u00e0 la verticaleLes unit\u00e9s de levage reposent sur le fond de la fosse et en sortent quand ils sont utilis\u00e9s. Il est ainsi possible de r\u00e9duire la profondeur de la fosse de pr\u00e8s d&rsquo;1 m, ce qui peut \u00eatre d\u00e9cisif en cas de fosse pr\u00e9existante, de sources d&rsquo;eau souterraines ou de [&hellip;]<\/p>\n","protected":false},"author":1,"featured_media":0,"parent":243830,"menu_order":1,"comment_status":"closed","ping_status":"closed","template":"","meta":{"_et_pb_use_builder":"on","_et_pb_old_content":"","_et_gb_content_width":"","footnotes":""},"class_list":["post-243836","page","type-page","status-publish","hentry"],"_links":{"self":[{"href":"https:\/\/www.autolift.info\/fr\/wp-json\/wp\/v2\/pages\/243836","targetHints":{"allow":["GET"]}}],"collection":[{"href":"https:\/\/www.autolift.info\/fr\/wp-json\/wp\/v2\/pages"}],"about":[{"href":"https:\/\/www.autolift.info\/fr\/wp-json\/wp\/v2\/types\/page"}],"author":[{"embeddable":true,"href":"https:\/\/www.autolift.info\/fr\/wp-json\/wp\/v2\/users\/1"}],"replies":[{"embeddable":true,"href":"https:\/\/www.autolift.info\/fr\/wp-json\/wp\/v2\/comments?post=243836"}],"version-history":[{"count":5,"href":"https:\/\/www.autolift.info\/fr\/wp-json\/wp\/v2\/pages\/243836\/revisions"}],"predecessor-version":[{"id":243841,"href":"https:\/\/www.autolift.info\/fr\/wp-json\/wp\/v2\/pages\/243836\/revisions\/243841"}],"up":[{"embeddable":true,"href":"https:\/\/www.autolift.info\/fr\/wp-json\/wp\/v2\/pages\/243830"}],"wp:attachment":[{"href":"https:\/\/www.autolift.info\/fr\/wp-json\/wp\/v2\/media?parent=243836"}],"curies":[{"name":"wp","href":"https:\/\/api.w.org\/{rel}","templated":true}]}}