{"id":243815,"date":"2021-07-16T08:48:03","date_gmt":"2021-07-16T06:48:03","guid":{"rendered":"https:\/\/www.autolift.info\/produits\/colonnes-de-levage-mobiles\/conceptions-speciales\/"},"modified":"2021-07-16T08:48:09","modified_gmt":"2021-07-16T06:48:09","slug":"conceptions-speciales","status":"publish","type":"page","link":"https:\/\/www.autolift.info\/fr\/produits\/colonnes-de-levage-mobiles\/conceptions-speciales\/","title":{"rendered":"Conceptions sp\u00e9ciales"},"content":{"rendered":"<p>[et_pb_section fb_built=\u00a0\u00bb1&Prime; admin_label=\u00a0\u00bbhero\u00a0\u00bb _builder_version=\u00a0\u00bb4.9.4&Prime; _module_preset=\u00a0\u00bbdefault\u00a0\u00bb background_color=\u00a0\u00bb#ECECEC\u00a0\u00bb background_image=\u00a0\u00bbhttps:\/\/www.autolift.info\/wp-content\/uploads\/2021\/04\/kabellose_mobile_hebeeinrichtung_autolift.jpg\u00a0\u00bb height=\u00a0\u00bb600px\u00a0\u00bb custom_padding=\u00a0\u00bb0px||0px||true|false\u00a0\u00bb locked=\u00a0\u00bboff\u00a0\u00bb global_colors_info=\u00a0\u00bb{%22gcid-1e316c67-09f0-49b6-a876-cbbe87afea32%22:%91%93}\u00a0\u00bb][\/et_pb_section][et_pb_section fb_built=\u00a0\u00bb1&Prime; _builder_version=\u00a0\u00bb4.9.3&Prime; _module_preset=\u00a0\u00bbdefault\u00a0\u00bb background_color=\u00a0\u00bbRGBA(0,0,0,0)\u00a0\u00bb custom_padding=\u00a0\u00bb0px||||false|false\u00a0\u00bb locked=\u00a0\u00bboff\u00a0\u00bb][et_pb_row use_custom_gutter=\u00a0\u00bbon\u00a0\u00bb gutter_width=\u00a0\u00bb1&Prime; _builder_version=\u00a0\u00bb4.9.4&Prime; _module_preset=\u00a0\u00bbdefault\u00a0\u00bb background_color=\u00a0\u00bb#FFFFFF\u00a0\u00bb module_alignment=\u00a0\u00bbcenter\u00a0\u00bb min_height=\u00a0\u00bb114px\u00a0\u00bb custom_margin=\u00a0\u00bb-90px||||false|false\u00a0\u00bb custom_padding=\u00a0\u00bb0px||||false|true\u00a0\u00bb animation_direction=\u00a0\u00bbbottom\u00a0\u00bb custom_css_main_element=\u00a0\u00bbz-index:10;\u00a0\u00bb][et_pb_column type=\u00a0\u00bb4_4&Prime; _builder_version=\u00a0\u00bb4.9.1&Prime; _module_preset=\u00a0\u00bbdefault\u00a0\u00bb][et_pb_text admin_label=\u00a0\u00bbSonderausf\u00fchrungen\u00a0\u00bb module_class=\u00a0\u00bbime-pattern-rot\u00a0\u00bb _builder_version=\u00a0\u00bb4.9.4&Prime; _module_preset=\u00a0\u00bbdefault\u00a0\u00bb text_font=\u00a0\u00bb||||||||\u00a0\u00bb header_font=\u00a0\u00bb||||||||\u00a0\u00bb header_text_color=\u00a0\u00bbgcid-01af1b29-4bf7-44fe-a473-50909a3a5b27&Prime; header_2_font=\u00a0\u00bb|800||on|||||\u00a0\u00bb header_2_text_color=\u00a0\u00bbgcid-4ebc9de5-e061-4b45-94a8-080fa0de0610&Prime; header_2_font_size=\u00a0\u00bb40px\u00a0\u00bb header_3_font=\u00a0\u00bb|700||on|||||\u00a0\u00bb header_3_font_size=\u00a0\u00bb40px\u00a0\u00bb background_size=\u00a0\u00bbinitial\u00a0\u00bb background_repeat=\u00a0\u00bbrepeat\u00a0\u00bb background_blend=\u00a0\u00bbdifference\u00a0\u00bb custom_padding=\u00a0\u00bb25px||15px|30px|false|false\u00a0\u00bb header_2_font_size_tablet=\u00a0\u00bb30px\u00a0\u00bb header_2_font_size_phone=\u00a0\u00bb24px\u00a0\u00bb header_2_font_size_last_edited=\u00a0\u00bbon|desktop\u00a0\u00bb global_colors_info=\u00a0\u00bb{%22gcid-7df05597-327a-4e7a-9bc4-7a2456ed480c%22:%91%93,%22gcid-01af1b29-4bf7-44fe-a473-50909a3a5b27%22:%91%22header_text_color%22%93,%22gcid-4ebc9de5-e061-4b45-94a8-080fa0de0610%22:%91%22header_2_text_color%22%93,%22gcid-07156617-efbb-4c8c-80ba-1d2279245b1d%22:%91%93}\u00a0\u00bb]<\/p>\n<h2>Conceptions sp\u00e9ciales<\/h2>\n<p>[\/et_pb_text][\/et_pb_column][\/et_pb_row][et_pb_row _builder_version=\u00a0\u00bb4.9.3&Prime; _module_preset=\u00a0\u00bbdefault\u00a0\u00bb background_color=\u00a0\u00bb#FFFFFF\u00a0\u00bb custom_padding=\u00a0\u00bb|30px||30px|false|true\u00a0\u00bb locked=\u00a0\u00bboff\u00a0\u00bb][et_pb_column type=\u00a0\u00bb4_4&Prime; _builder_version=\u00a0\u00bb4.9.3&Prime; _module_preset=\u00a0\u00bbdefault\u00a0\u00bb][et_pb_text admin_label=\u00a0\u00bbDank der gro\u00dfen Entwicklungsabteilung mit aktuell 10 mechanischen\u00a0\u00bb _builder_version=\u00a0\u00bb4.9.4&Prime; _module_preset=\u00a0\u00bbdefault\u00a0\u00bb custom_margin=\u00a0\u00bb||0px||false|false\u00a0\u00bb]Gr\u00e2ce \u00e0 son d\u00e9partement de d\u00e9veloppement qui compte 10 employ\u00e9s sp\u00e9cialis\u00e9s en construction m\u00e9canique et 6 d\u00e9veloppeurs de logiciels, Autolift est ainsi parfaitement \u00e0 m\u00eame de r\u00e9pondre aux souhaits particuliers de ses clients. Notre large gamme de produits est le reflet de notre d\u00e9sir de concevoir de nouvelles solutions pour satisfaire nos clients. Voici quelques exemples:[\/et_pb_text][\/et_pb_column][\/et_pb_row][\/et_pb_section][et_pb_section fb_built=\u00a0\u00bb1&Prime; admin_label=\u00a0\u00bbAccordion\u00a0\u00bb _builder_version=\u00a0\u00bb4.9.4&Prime; _module_preset=\u00a0\u00bbdefault\u00a0\u00bb background_enable_color=\u00a0\u00bboff\u00a0\u00bb custom_margin=\u00a0\u00bb0px||||false|false\u00a0\u00bb custom_padding=\u00a0\u00bb0px||||false|false\u00a0\u00bb][et_pb_row _builder_version=\u00a0\u00bb4.9.4&Prime; _module_preset=\u00a0\u00bbdefault\u00a0\u00bb custom_margin=\u00a0\u00bb0px||0px||false|false\u00a0\u00bb custom_padding=\u00a0\u00bb0px||0px||false|false\u00a0\u00bb][et_pb_column type=\u00a0\u00bb4_4&Prime; _builder_version=\u00a0\u00bb4.5.3&Prime; _module_preset=\u00a0\u00bbdefault\u00a0\u00bb][et_pb_accordion icon_color=\u00a0\u00bb#ffffff\u00a0\u00bb admin_label=\u00a0\u00bbAccordion 9&Prime; module_class=\u00a0\u00bbdct_faq_v9&Prime; _builder_version=\u00a0\u00bb4.9.4&Prime; _module_preset=\u00a0\u00bbdefault\u00a0\u00bb toggle_text_color=\u00a0\u00bb#333&Prime; toggle_font=\u00a0\u00bb|700||on|||||\u00a0\u00bb body_text_color=\u00a0\u00bb#666464&Prime; hover_enabled=\u00a0\u00bb0&Prime; custom_css_toggle_title=\u00a0\u00bbborder-top: 0;||background: #eee;||border-bottom: 1px solid transparent;||display: block;||padding: 14px 40px;||position: relative;\u00a0\u00bb custom_css_toggle_icon=\u00a0\u00bbcontent: %22%924c%22;||\tfont-family: ETmodules!important;||top: 10px;||\tright: 0;||\tfont-size: 22px;||\tline-height: 24px;||\tdisplay: block!important;||\t-webkit-box-sizing: border-box;||\t-moz-box-sizing: border-box;||\tbox-sizing: border-box;||\tfont-weight: 700;||\tbackground: #cc0000;||\tpadding: 10px\u00a0\u00bb custom_css_toggle_content=\u00a0\u00bbborder-top: 0 none;||background: #eee;||padding: 15px 27px;\u00a0\u00bb locked=\u00a0\u00bboff\u00a0\u00bb sticky_enabled=\u00a0\u00bb0&Prime;][et_pb_accordion_item title=\u00a0\u00bb\u00c9quipement de levage sans fil\u00a0\u00bb open=\u00a0\u00bbon\u00a0\u00bb _builder_version=\u00a0\u00bb4.9.4&Prime; _module_preset=\u00a0\u00bbdefault\u00a0\u00bb custom_margin=\u00a0\u00bb||6px||false|false\u00a0\u00bb custom_padding=\u00a0\u00bb0px|0px|0px|0px|false|false\u00a0\u00bb hover_enabled=\u00a0\u00bb0&Prime; border_width_left=\u00a0\u00bb5px\u00a0\u00bb border_color_left=\u00a0\u00bb#cc0000&Prime; sticky_enabled=\u00a0\u00bb0&Prime;]<\/p>\n<p><a href=\"https:\/\/www.autolift.info\/wp-content\/uploads\/2021\/05\/mobile_hebeeinrichtung_gliederzug_autolift_06.jpg\"><img loading=\"lazy\" decoding=\"async\" class=\"wp-image-241220 alignnone size-medium\" src=\"https:\/\/www.autolift.info\/wp-content\/uploads\/2021\/05\/mobile_hebeeinrichtung_gliederzug_autolift_06-300x225.jpg\" alt=\"kabellose hebeboecke\" width=\"300\" height=\"225\"><\/a><a href=\"https:\/\/www.autolift.info\/wp-content\/uploads\/2021\/05\/ime-autolift-kabellose-mobile-hebeeinrichtung.jpg\"><img loading=\"lazy\" decoding=\"async\" class=\"wp-image-241341 alignnone size-medium\" src=\"https:\/\/www.autolift.info\/wp-content\/uploads\/2021\/05\/ime-autolift-kabellose-mobile-hebeeinrichtung-300x225.jpg\" alt=\"ime-autolift-kabellose-mobile-hebeeinrichtung\" width=\"300\" height=\"225\"><\/a>Les colonnes de levage doivent \u00eatre reli\u00e9es au pupitre de commande pour permettre le levage synchronis\u00e9 de plusieurs colonnes ainsi que la surveillance et le contr\u00f4le des dispositifs de s\u00e9curit\u00e9. Cela est possible par c\u00e2ble ou par signal radio, c&rsquo;est \u00e0 dire sans fil. Cela limite les risques de chute du personnel, en plus d&rsquo;\u00e9viter de devoir tirer les c\u00e2bles en travers des voies, et cela permet aussi de rester bien plus flexible, puisque l&rsquo;\u00e9quipement de levage, qui peut compter jusqu&rsquo;\u00e0 32 Colonnes de levage, peut \u00eatre r\u00e9parti en toute flexibilit\u00e9, en entier ou en partie, sur plusieurs voies.  <\/p>\n<p>[\/et_pb_accordion_item][et_pb_accordion_item title=\u00a0\u00bb\u00c9quipement sans fil ma\u00eetre\/esclave\u00a0\u00bb _builder_version=\u00a0\u00bb4.9.4&Prime; _module_preset=\u00a0\u00bbdefault\u00a0\u00bb custom_margin=\u00a0\u00bb||6px||false|false\u00a0\u00bb custom_padding=\u00a0\u00bb0px|0px|0px|0px|false|false\u00a0\u00bb border_width_left=\u00a0\u00bb5px\u00a0\u00bb border_color_left=\u00a0\u00bb#cc0000&Prime; open=\u00a0\u00bboff\u00a0\u00bb]En principe, une combinaison ma\u00eetre\/esclave signifie un \u00e9quipement avec 2 pupitres de commande. Un de chaque c\u00f4t\u00e9 des voies. Cela permet aux colonnes de levage d\u2019op\u00e9rer de mani\u00e8re synchronis\u00e9e depuis un c\u00f4t\u00e9 ou l&rsquo;autre des voies sans jamais devoir les traverser. Si la connexion n\u00e9cessaire entre les deux pupitres consiste en un signal radio, il n&rsquo;y a pas besoin de poser des c\u00e2bles sur ou sous les voies. Le syst\u00e8me de pupitres de commande ma\u00eetre\/esclave est g\u00e9n\u00e9ralement utilis\u00e9 pour les \u00e9quipements de grande taille, puisque les deux pupitres permettent de s\u00e9parer l&rsquo;\u00e9quipement. \u00c0 partir d&rsquo;un \u00e9quipement de levage de 16 Colonnes, il est ainsi possible de cr\u00e9er deux \u00e9quipements de 8 Colonnes, qui peuvent \u00eatre utilis\u00e9s s\u00e9par\u00e9ment.[\/et_pb_accordion_item][et_pb_accordion_item title=\u00a0\u00bbColonnes de levage \u00e0 double broche\u00a0\u00bb _builder_version=\u00a0\u00bb4.9.4&Prime; _module_preset=\u00a0\u00bbdefault\u00a0\u00bb custom_margin=\u00a0\u00bb||6px||false|false\u00a0\u00bb custom_padding=\u00a0\u00bb0px|0px|0px|0px|false|false\u00a0\u00bb border_width_left=\u00a0\u00bb5px\u00a0\u00bb border_color_left=\u00a0\u00bb#cc0000&Prime; open=\u00a0\u00bboff\u00a0\u00bb]<\/p>\n<p><a href=\"https:\/\/www.autolift.info\/wp-content\/uploads\/2021\/05\/ime-autolift-doppelspindel-hebebock.jpg\"><img loading=\"lazy\" decoding=\"async\" src=\"https:\/\/www.autolift.info\/wp-content\/uploads\/2021\/05\/ime-autolift-doppelspindel-hebebock-300x225.jpg\" width=\"300\" height=\"225\" alt=\"\" class=\"wp-image-241354 alignnone size-medium\"><\/a>Si les points de levage du v\u00e9hicule se situent au niveau des bogies, les colonnes de levage \u00e0 double broche repr\u00e9sentent la solution id\u00e9ale pour s\u00e9parer le bogie de la caisse du v\u00e9hicule. Cette solution sp\u00e9ciale est dot\u00e9e de deux broches dot\u00e9es chacune d&rsquo;\u00e9crous porteurs et d&rsquo;un chariot, dispos\u00e9es c\u00f4te \u00e0 c\u00f4te ou l\u00b4une derri\u00e8re l&rsquo;autre et fix\u00e9es sur la m\u00eame colonne.  <\/p>\n<p>[\/et_pb_accordion_item][et_pb_accordion_item title=\u00a0\u00bbColonnes de levage \u00e0 batterie\u00a0\u00bb _builder_version=\u00a0\u00bb4.9.4&Prime; _module_preset=\u00a0\u00bbdefault\u00a0\u00bb custom_margin=\u00a0\u00bb||6px||false|false\u00a0\u00bb custom_padding=\u00a0\u00bb0px|0px|0px|0px|false|false\u00a0\u00bb border_width_left=\u00a0\u00bb5px\u00a0\u00bb border_color_left=\u00a0\u00bb#cc0000&Prime; open=\u00a0\u00bboff\u00a0\u00bb]<\/p>\n<p><a href=\"https:\/\/www.autolift.info\/wp-content\/uploads\/2021\/05\/ime-autolift-batteriebetriebener-hebebock.jpg\"><img loading=\"lazy\" decoding=\"async\" src=\"https:\/\/www.autolift.info\/wp-content\/uploads\/2021\/05\/ime-autolift-batteriebetriebener-hebebock-225x300.jpg\" width=\"225\" height=\"300\" alt=\"\" class=\"wp-image-241355 alignnone size-medium\"><\/a>FAutolift a con\u00e7u des colonnes de levage de 8 tonnes \u00e0 batterie pour un projet sp\u00e9cial en Russie. Elles sont utilis\u00e9es dans une zone sans acc\u00e8s \u00e0 l&rsquo;\u00e9lectricit\u00e9. Il \u00e9tait ainsi plus facile pour le client de se doter de colonnes de levage sur batteries que de faire acheminer de l&rsquo;\u00e9lectricit\u00e9 jusqu\u2019\u00e0 la station de levage. Les batteries directement install\u00e9es sur les colonnes sont transf\u00e9r\u00e9es vers un autre endroit pour \u00eatre recharg\u00e9es. De plus, les colonnes communiquent par signal radio, ce qui signifie que l&rsquo;\u00e9quipement se passe compl\u00e8tement de c\u00e2bles.   <\/p>\n<p>Autolift a saisi l&rsquo;opportunit\u00e9 pour accumuler de l&rsquo;exp\u00e9rience et du savoir-faire dans un domaine qui sera probablement de plus en plus pr\u00e9sent \u00e0 l&rsquo;avenir, \u00e9tant donn\u00e9 les d\u00e9veloppements fulgurants dans le d\u00e9veloppement des batteries et de leur autonomie.<\/p>\n<p>[\/et_pb_accordion_item][et_pb_accordion_item title=\u00a0\u00bbD\u00e9placement des becs de levage en charge\u00a0\u00bb _builder_version=\u00a0\u00bb4.9.4&Prime; _module_preset=\u00a0\u00bbdefault\u00a0\u00bb custom_margin=\u00a0\u00bb||6px||false|false\u00a0\u00bb custom_padding=\u00a0\u00bb0px|0px|0px|0px|false|false\u00a0\u00bb border_width_left=\u00a0\u00bb5px\u00a0\u00bb border_color_left=\u00a0\u00bb#cc0000&Prime; open=\u00a0\u00bboff\u00a0\u00bb]<\/p>\n<p><a href=\"https:\/\/www.autolift.info\/wp-content\/uploads\/2021\/05\/ime-autolift-verstellung-unter-last.jpg\"><img loading=\"lazy\" decoding=\"async\" src=\"https:\/\/www.autolift.info\/wp-content\/uploads\/2021\/05\/ime-autolift-verstellung-unter-last-300x225.jpg\" width=\"300\" height=\"225\" alt=\"\" class=\"wp-image-241356 alignnone size-medium\"><\/a>L&rsquo;option \u00ab d\u00e9placement des becs de levage en charge \u00bb est tr\u00e8s utile lors de l&rsquo;\u00e9change de bogies. Gr\u00e2ce \u00e0 de petites broches dans les becs de levage, il est possible &#8211; manuellement ou gr\u00e2ce \u00e0 un moteur, suivant le mod\u00e8le &#8211; de d\u00e9placer la caisse de voiture compl\u00e8te transversalement par rapport aux voies afin de corriger un d\u00e9calage \u00e9ventuel et d\u2019ajuster la caisse au nouveau bogie install\u00e9 sur la voie. <\/p>\n<p>[\/et_pb_accordion_item][\/et_pb_accordion][\/et_pb_column][\/et_pb_row][\/et_pb_section]<\/p>\n","protected":false},"excerpt":{"rendered":"<p>Conceptions sp\u00e9cialesGr\u00e2ce \u00e0 son d\u00e9partement de d\u00e9veloppement qui compte 10 employ\u00e9s sp\u00e9cialis\u00e9s en construction m\u00e9canique et 6 d\u00e9veloppeurs de logiciels, Autolift est ainsi parfaitement \u00e0 m\u00eame de r\u00e9pondre aux souhaits particuliers de ses clients. Notre large gamme de produits est le reflet de notre d\u00e9sir de concevoir de nouvelles solutions pour satisfaire nos clients. Voici [&hellip;]<\/p>\n","protected":false},"author":1,"featured_media":0,"parent":243787,"menu_order":6,"comment_status":"closed","ping_status":"closed","template":"","meta":{"_et_pb_use_builder":"on","_et_pb_old_content":"","_et_gb_content_width":"","footnotes":""},"class_list":["post-243815","page","type-page","status-publish","hentry"],"_links":{"self":[{"href":"https:\/\/www.autolift.info\/fr\/wp-json\/wp\/v2\/pages\/243815","targetHints":{"allow":["GET"]}}],"collection":[{"href":"https:\/\/www.autolift.info\/fr\/wp-json\/wp\/v2\/pages"}],"about":[{"href":"https:\/\/www.autolift.info\/fr\/wp-json\/wp\/v2\/types\/page"}],"author":[{"embeddable":true,"href":"https:\/\/www.autolift.info\/fr\/wp-json\/wp\/v2\/users\/1"}],"replies":[{"embeddable":true,"href":"https:\/\/www.autolift.info\/fr\/wp-json\/wp\/v2\/comments?post=243815"}],"version-history":[{"count":8,"href":"https:\/\/www.autolift.info\/fr\/wp-json\/wp\/v2\/pages\/243815\/revisions"}],"predecessor-version":[{"id":243823,"href":"https:\/\/www.autolift.info\/fr\/wp-json\/wp\/v2\/pages\/243815\/revisions\/243823"}],"up":[{"embeddable":true,"href":"https:\/\/www.autolift.info\/fr\/wp-json\/wp\/v2\/pages\/243787"}],"wp:attachment":[{"href":"https:\/\/www.autolift.info\/fr\/wp-json\/wp\/v2\/media?parent=243815"}],"curies":[{"name":"wp","href":"https:\/\/api.w.org\/{rel}","templated":true}]}}