{"id":243800,"date":"2021-07-16T08:42:39","date_gmt":"2021-07-16T06:42:39","guid":{"rendered":"https:\/\/www.autolift.info\/produits\/colonnes-de-levage-mobiles\/colonnes-de-levage-pour-metros\/"},"modified":"2021-07-16T08:42:40","modified_gmt":"2021-07-16T06:42:40","slug":"colonnes-de-levage-pour-metros","status":"publish","type":"page","link":"https:\/\/www.autolift.info\/fr\/produits\/colonnes-de-levage-mobiles\/colonnes-de-levage-pour-metros\/","title":{"rendered":"Colonnes de levage pour m\u00e9tros"},"content":{"rendered":"<p>[et_pb_section fb_built=\u00a0\u00bb1&Prime; admin_label=\u00a0\u00bbHero\u00a0\u00bb _builder_version=\u00a0\u00bb4.9.4&Prime; _module_preset=\u00a0\u00bbdefault\u00a0\u00bb background_color=\u00a0\u00bb#ECECEC\u00a0\u00bb background_image=\u00a0\u00bbhttps:\/\/www.autolift.info\/wp-content\/uploads\/2021\/04\/mobile_hebeeinrichtung_u-bahn_autolift.jpg\u00a0\u00bb background_position=\u00a0\u00bbcenter_left\u00a0\u00bb height=\u00a0\u00bb600px\u00a0\u00bb custom_padding=\u00a0\u00bb0px||0px||true|false\u00a0\u00bb locked=\u00a0\u00bboff\u00a0\u00bb global_colors_info=\u00a0\u00bb{%22gcid-1e316c67-09f0-49b6-a876-cbbe87afea32%22:%91%93}\u00a0\u00bb][\/et_pb_section][et_pb_section fb_built=\u00a0\u00bb1&Prime; _builder_version=\u00a0\u00bb4.9.3&Prime; _module_preset=\u00a0\u00bbdefault\u00a0\u00bb background_color=\u00a0\u00bbRGBA(0,0,0,0)\u00a0\u00bb custom_padding=\u00a0\u00bb0px||||false|false\u00a0\u00bb locked=\u00a0\u00bboff\u00a0\u00bb][et_pb_row use_custom_gutter=\u00a0\u00bbon\u00a0\u00bb gutter_width=\u00a0\u00bb1&Prime; _builder_version=\u00a0\u00bb4.9.4&Prime; _module_preset=\u00a0\u00bbdefault\u00a0\u00bb background_color=\u00a0\u00bb#FFFFFF\u00a0\u00bb module_alignment=\u00a0\u00bbcenter\u00a0\u00bb min_height=\u00a0\u00bb114px\u00a0\u00bb custom_margin=\u00a0\u00bb-90px||||false|false\u00a0\u00bb custom_padding=\u00a0\u00bb0px||||false|true\u00a0\u00bb animation_direction=\u00a0\u00bbbottom\u00a0\u00bb custom_css_main_element=\u00a0\u00bbz-index:10;\u00a0\u00bb][et_pb_column type=\u00a0\u00bb4_4&Prime; _builder_version=\u00a0\u00bb4.9.1&Prime; _module_preset=\u00a0\u00bbdefault\u00a0\u00bb][et_pb_text admin_label=\u00a0\u00bbHebeb\u00f6cke f\u00fcr U-Bahnen\u00a0\u00bb module_class=\u00a0\u00bbime-pattern-rot\u00a0\u00bb _builder_version=\u00a0\u00bb4.9.4&Prime; _module_preset=\u00a0\u00bbdefault\u00a0\u00bb text_font=\u00a0\u00bb||||||||\u00a0\u00bb header_font=\u00a0\u00bb||||||||\u00a0\u00bb header_text_color=\u00a0\u00bbgcid-01af1b29-4bf7-44fe-a473-50909a3a5b27&Prime; header_2_font=\u00a0\u00bb|800||on|||||\u00a0\u00bb header_2_text_color=\u00a0\u00bbgcid-4ebc9de5-e061-4b45-94a8-080fa0de0610&Prime; header_2_font_size=\u00a0\u00bb40px\u00a0\u00bb header_3_font=\u00a0\u00bb|700||on|||||\u00a0\u00bb header_3_font_size=\u00a0\u00bb40px\u00a0\u00bb background_size=\u00a0\u00bbinitial\u00a0\u00bb background_repeat=\u00a0\u00bbrepeat\u00a0\u00bb background_blend=\u00a0\u00bbdifference\u00a0\u00bb custom_padding=\u00a0\u00bb25px||15px|30px|false|false\u00a0\u00bb header_2_font_size_tablet=\u00a0\u00bb30px\u00a0\u00bb header_2_font_size_phone=\u00a0\u00bb24px\u00a0\u00bb header_2_font_size_last_edited=\u00a0\u00bbon|desktop\u00a0\u00bb global_colors_info=\u00a0\u00bb{%22gcid-7df05597-327a-4e7a-9bc4-7a2456ed480c%22:%91%93,%22gcid-01af1b29-4bf7-44fe-a473-50909a3a5b27%22:%91%22header_text_color%22%93,%22gcid-4ebc9de5-e061-4b45-94a8-080fa0de0610%22:%91%22header_2_text_color%22%93,%22gcid-07156617-efbb-4c8c-80ba-1d2279245b1d%22:%91%93}\u00a0\u00bb]<\/p>\n<h2>Colonnes de levage pour m\u00e9tros<\/h2>\n<p>[\/et_pb_text][\/et_pb_column][\/et_pb_row][et_pb_row _builder_version=\u00a0\u00bb4.9.3&Prime; _module_preset=\u00a0\u00bbdefault\u00a0\u00bb background_color=\u00a0\u00bb#FFFFFF\u00a0\u00bb custom_padding=\u00a0\u00bb|30px||30px|false|true\u00a0\u00bb locked=\u00a0\u00bboff\u00a0\u00bb][et_pb_column type=\u00a0\u00bb4_4&Prime; _builder_version=\u00a0\u00bb4.9.3&Prime; _module_preset=\u00a0\u00bbdefault\u00a0\u00bb][et_pb_text admin_label=\u00a0\u00bbDer Tragkraftbereich dieser Hebeb\u00f6cke\u00a0\u00bb _builder_version=\u00a0\u00bb4.9.4&Prime; _module_preset=\u00a0\u00bbdefault\u00a0\u00bb]<\/p>\n<p>Ces colonnes de levage disposent d&rsquo;une force de levage comprise entre 12 et 15 tonnes environ. Dans ce domaine, nous proposons les colonnes de levage de la s\u00e9rie ESSH. Ces derni\u00e8re sont nettement plus faciles \u00e0 entretenir gr\u00e2ce \u00e0 une meilleure accessibilit\u00e9 et disposent \u00e9galement de becs de levage r\u00e9tractables. De cette mani\u00e8re, lorsqu&rsquo;un v\u00e9hicule ou un wagon arrive ou repart, il suffit de rentrer les becs de levage sans avoir \u00e0 d\u00e9placer les colonnes enti\u00e8res. Cela demande beaucoup moins d&rsquo;efforts et de temps.    <\/p>\n<p>[\/et_pb_text][et_pb_text _builder_version=\u00a0\u00bb4.9.4&Prime; _module_preset=\u00a0\u00bbdefault\u00a0\u00bb hover_enabled=\u00a0\u00bb0&Prime; sticky_enabled=\u00a0\u00bb0&Prime;]<\/p>\n<script>\t\tjQuery(function() {\/*setTimeout(function(){*\/\t\t\tjQuery(\"#lbg_famous_gallery_3\").gallery1({\t\t\t\twidth:1300,\t\t\t\theight:1000,\t\t\t\twidth100Proc:false,\t\t\t\theight100Proc:false,\t\t\t\trows:4,\t\t\t\tcolumns:4,\t\t\t\tcenterGallery:true,\t\t\t\tgutter:8,\t\t\t\tgalleryBg:\"#ffffff\",\t\t\t\titemBorderWidth:0,\t\t\t\titemBorderColorOFF:\"transparent\",\t\t\t\titemBorderColorON:\"#FF0000\",\t\t\t\tshowImageDescription:true,\t\t\t\timageDescriptionBgColor:\"#000000\",\t\t\t\timageDescriptionBgOpacity:30,\t\t\t\timageDescriptionTextColor:\"#FFFFFF\",\t\t\t\tshowIconOverImage:true,\t\t\t\tzoomDuration:1,\t\t\t\tzoomEffect:\"ease-in\",\t\t\t\ttarget:\"_blank\",\t\t\t\tbgHorizontalPosition:\"center\",\t\t\t\tbgVerticalPosition:\"center\",\t\t\t\tfacebookAppID:\"\"\t\t\t});\/*\t\t}, 1000);*\/\/*}, 850);*\/\t\t});\t<\/script>    <div id=\"lbg_famous_gallery_3\">\t\t\t\t<ul class=\"gallery1_list\">\t\t\t\t\t\t\t\t\t\t\t\t<li data-horizontal=\"center\" data-vertical=\"center\" data-link=\"\" data-lightbox=\"https:\/\/www.autolift.info\/wp-content\/uploads\/2021\/05\/hebebock_u-bahn_autolift02_h.jpg\" data-title=\"\" data-description=\"\">\t\t\t\t\t\t\t\t\t\t<img loading=\"lazy\" decoding=\"async\" src=\"https:\/\/www.autolift.info\/wp-content\/uploads\/2021\/05\/hebebock_u-bahn_autolift02_h.jpg\" alt=\" - \" width=\"600\" height=\"800\" style=\"width:600px; height:800px;\" title=\" - \" \/>\t\t\t\t\t\t\t\t<\/li>\t\t\t\t\t\t\t\t\t\t\t\t\t\t\t\t<li data-horizontal=\"center\" data-vertical=\"center\" data-link=\"\" data-lightbox=\"https:\/\/www.autolift.info\/wp-content\/uploads\/2021\/05\/hebebock_u-bahn_autolift03_h.jpg\" data-title=\"\" data-description=\"\">\t\t\t\t\t\t\t\t\t\t<img loading=\"lazy\" decoding=\"async\" src=\"https:\/\/www.autolift.info\/wp-content\/uploads\/2021\/05\/hebebock_u-bahn_autolift03_h.jpg\" alt=\" - \" width=\"600\" height=\"800\" style=\"width:600px; height:800px;\" title=\" - \" \/>\t\t\t\t\t\t\t\t<\/li>\t\t\t\t\t\t\t\t\t\t\t\t\t\t\t\t<li data-horizontal=\"center\" data-vertical=\"center\" data-link=\"\" data-lightbox=\"https:\/\/www.autolift.info\/wp-content\/uploads\/2021\/05\/hebebock_u-bahn_autolift05_h.jpg\" data-title=\"\" data-description=\"\">\t\t\t\t\t\t\t\t\t\t<img loading=\"lazy\" decoding=\"async\" src=\"https:\/\/www.autolift.info\/wp-content\/uploads\/2021\/05\/hebebock_u-bahn_autolift05_h.jpg\" alt=\" - \" width=\"600\" height=\"800\" style=\"width:600px; height:800px;\" title=\" - \" \/>\t\t\t\t\t\t\t\t<\/li>\t\t\t\t\t\t\t\t\t\t\t\t\t\t\t\t<li data-horizontal=\"center\" data-vertical=\"center\" data-link=\"\" data-lightbox=\"https:\/\/www.autolift.info\/wp-content\/uploads\/2021\/05\/hebebock_u-bahn_autolift04_h.jpg\" data-title=\"\" data-description=\"\">\t\t\t\t\t\t\t\t\t\t<img loading=\"lazy\" decoding=\"async\" src=\"https:\/\/www.autolift.info\/wp-content\/uploads\/2021\/05\/hebebock_u-bahn_autolift04_h.jpg\" alt=\" - \" width=\"600\" height=\"800\" style=\"width:600px; height:800px;\" title=\" - \" \/>\t\t\t\t\t\t\t\t<\/li>\t\t\t\t\t\t\t\t\t\t\t\t\t\t\t\t<li data-horizontal=\"center\" data-vertical=\"center\" data-link=\"\" data-lightbox=\"https:\/\/www.autolift.info\/wp-content\/uploads\/2021\/05\/hebeeinrichtung_u-bahn_autolift04.jpg\" data-title=\"\" data-description=\"\">\t\t\t\t\t\t\t\t\t\t<img loading=\"lazy\" decoding=\"async\" src=\"https:\/\/www.autolift.info\/wp-content\/uploads\/2021\/05\/hebeeinrichtung_u-bahn_autolift04.jpg\" alt=\" - \" width=\"800\" height=\"600\" style=\"width:800px; height:600px;\" title=\" - \" \/>\t\t\t\t\t\t\t\t<\/li>\t\t\t\t\t\t\t\t\t\t\t\t\t\t\t\t<li data-horizontal=\"center\" data-vertical=\"center\" data-link=\"\" data-lightbox=\"https:\/\/www.autolift.info\/wp-content\/uploads\/2021\/05\/hebeeinrichtung_u-bahn_autolift03.jpg\" data-title=\"\" data-description=\"\">\t\t\t\t\t\t\t\t\t\t<img loading=\"lazy\" decoding=\"async\" src=\"https:\/\/www.autolift.info\/wp-content\/uploads\/2021\/05\/hebeeinrichtung_u-bahn_autolift03.jpg\" alt=\" - \" width=\"800\" height=\"600\" style=\"width:800px; height:600px;\" title=\" - \" \/>\t\t\t\t\t\t\t\t<\/li>\t\t\t\t\t\t\t\t\t\t\t\t\t\t\t\t<li data-horizontal=\"center\" data-vertical=\"center\" data-link=\"\" data-lightbox=\"https:\/\/www.autolift.info\/wp-content\/uploads\/2021\/05\/hebeeinrichtung_u-bahn_autolift02.jpg\" data-title=\"\" data-description=\"\">\t\t\t\t\t\t\t\t\t\t<img loading=\"lazy\" decoding=\"async\" src=\"https:\/\/www.autolift.info\/wp-content\/uploads\/2021\/05\/hebeeinrichtung_u-bahn_autolift02.jpg\" alt=\" - \" width=\"800\" height=\"600\" style=\"width:800px; height:600px;\" title=\" - \" \/>\t\t\t\t\t\t\t\t<\/li>\t\t\t\t\t\t\t\t\t\t\t\t\t\t\t\t<li data-horizontal=\"center\" data-vertical=\"center\" data-link=\"\" data-lightbox=\"https:\/\/www.autolift.info\/wp-content\/uploads\/2021\/05\/hebeeinrichtung_u-bahn_autolift06.jpg\" data-title=\"\" data-description=\"\">\t\t\t\t\t\t\t\t\t\t<img loading=\"lazy\" decoding=\"async\" src=\"https:\/\/www.autolift.info\/wp-content\/uploads\/2021\/05\/hebeeinrichtung_u-bahn_autolift06.jpg\" alt=\" - \" width=\"800\" height=\"600\" style=\"width:800px; height:600px;\" title=\" - \" \/>\t\t\t\t\t\t\t\t<\/li>\t\t\t\t\t\t\t\t\t\t\t\t\t\t\t\t<li data-horizontal=\"center\" data-vertical=\"center\" data-link=\"\" data-lightbox=\"https:\/\/www.autolift.info\/wp-content\/uploads\/2021\/05\/hebeeinrichtung_u-bahn_autolift05.jpg\" data-title=\"\" data-description=\"\">\t\t\t\t\t\t\t\t\t\t<img loading=\"lazy\" decoding=\"async\" src=\"https:\/\/www.autolift.info\/wp-content\/uploads\/2021\/05\/hebeeinrichtung_u-bahn_autolift05.jpg\" alt=\" - \" width=\"800\" height=\"600\" style=\"width:800px; height:600px;\" title=\" - \" \/>\t\t\t\t\t\t\t\t<\/li>\t\t\t\t\t\t\t\t\t\t\t\t\t\t\t\t<li data-horizontal=\"center\" data-vertical=\"center\" data-link=\"\" data-lightbox=\"https:\/\/www.autolift.info\/wp-content\/uploads\/2021\/05\/hebeeinrichtung_u-bahn_autolift08.jpg\" data-title=\"\" data-description=\"\">\t\t\t\t\t\t\t\t\t\t<img loading=\"lazy\" decoding=\"async\" src=\"https:\/\/www.autolift.info\/wp-content\/uploads\/2021\/05\/hebeeinrichtung_u-bahn_autolift08.jpg\" alt=\" - \" width=\"800\" height=\"600\" style=\"width:800px; height:600px;\" title=\" - \" \/>\t\t\t\t\t\t\t\t<\/li>\t\t\t\t\t\t\t\t\t\t\t\t\t\t\t\t<li data-horizontal=\"center\" data-vertical=\"center\" data-link=\"\" data-lightbox=\"https:\/\/www.autolift.info\/wp-content\/uploads\/2021\/05\/hebeeinrichtung_u-bahn_autolift07.jpg\" data-title=\"\" data-description=\"\">\t\t\t\t\t\t\t\t\t\t<img loading=\"lazy\" decoding=\"async\" src=\"https:\/\/www.autolift.info\/wp-content\/uploads\/2021\/05\/hebeeinrichtung_u-bahn_autolift07.jpg\" alt=\" - \" width=\"800\" height=\"600\" style=\"width:800px; height:600px;\" title=\" - \" \/>\t\t\t\t\t\t\t\t<\/li>\t\t\t\t\t\t\t\t\t\t\t\t\t\t\t\t<li data-horizontal=\"center\" data-vertical=\"center\" data-link=\"\" data-lightbox=\"https:\/\/www.autolift.info\/wp-content\/uploads\/2021\/05\/hebeeinrichtung_u-bahn_autolift10.jpg\" data-title=\"\" data-description=\"\">\t\t\t\t\t\t\t\t\t\t<img loading=\"lazy\" decoding=\"async\" src=\"https:\/\/www.autolift.info\/wp-content\/uploads\/2021\/05\/hebeeinrichtung_u-bahn_autolift10.jpg\" alt=\" - \" width=\"800\" height=\"600\" style=\"width:800px; height:600px;\" title=\" - \" \/>\t\t\t\t\t\t\t\t<\/li>\t\t\t\t\t\t\t\t\t\t\t\t\t\t\t\t<li data-horizontal=\"center\" data-vertical=\"center\" data-link=\"\" data-lightbox=\"https:\/\/www.autolift.info\/wp-content\/uploads\/2021\/05\/hebeeinrichtung_u-bahn_autolift07.jpg\" data-title=\"\" data-description=\"\">\t\t\t\t\t\t\t\t\t\t<img loading=\"lazy\" decoding=\"async\" src=\"https:\/\/www.autolift.info\/wp-content\/uploads\/2021\/05\/hebeeinrichtung_u-bahn_autolift10.jpg\" alt=\" - \" width=\"800\" height=\"600\" style=\"width:800px; height:600px;\" title=\" - \" \/>\t\t\t\t\t\t\t\t<\/li>\t\t\t\t\t\t\t\t\t\t\t\t\t\t\t\t<li data-horizontal=\"center\" data-vertical=\"center\" data-link=\"\" data-lightbox=\"https:\/\/www.autolift.info\/wp-content\/uploads\/2021\/05\/hebeeinrichtung_u-bahn_autolift09.jpg\" data-title=\"\" data-description=\"\">\t\t\t\t\t\t\t\t\t\t<img loading=\"lazy\" decoding=\"async\" src=\"https:\/\/www.autolift.info\/wp-content\/uploads\/2021\/05\/hebeeinrichtung_u-bahn_autolift09.jpg\" alt=\" - \" width=\"800\" height=\"600\" style=\"width:800px; height:600px;\" title=\" - \" \/>\t\t\t\t\t\t\t\t<\/li>\t\t\t\t\t\t\t\t\t\t\t\t\t\t\t\t<li data-horizontal=\"center\" data-vertical=\"center\" data-link=\"\" data-lightbox=\"https:\/\/www.autolift.info\/wp-content\/uploads\/2021\/05\/hebeeinrichtung_u-bahn_autolift12.jpg\" data-title=\"\" data-description=\"\">\t\t\t\t\t\t\t\t\t\t<img loading=\"lazy\" decoding=\"async\" src=\"https:\/\/www.autolift.info\/wp-content\/uploads\/2021\/05\/hebeeinrichtung_u-bahn_autolift12.jpg\" alt=\" - \" width=\"800\" height=\"600\" style=\"width:800px; height:600px;\" title=\" - \" \/>\t\t\t\t\t\t\t\t<\/li>\t\t\t\t\t\t\t\t\t\t\t\t<\/ul>     <\/div>\n<p>[\/et_pb_text][\/et_pb_column][\/et_pb_row][\/et_pb_section]<\/p>\n","protected":false},"excerpt":{"rendered":"<p>Colonnes de levage pour m\u00e9trosCes colonnes de levage disposent d&rsquo;une force de levage comprise entre 12 et 15 tonnes environ. Dans ce domaine, nous proposons les colonnes de levage de la s\u00e9rie ESSH. Ces derni\u00e8re sont nettement plus faciles \u00e0 entretenir gr\u00e2ce \u00e0 une meilleure accessibilit\u00e9 et disposent \u00e9galement de becs de levage r\u00e9tractables. De [&hellip;]<\/p>\n","protected":false},"author":1,"featured_media":0,"parent":243787,"menu_order":2,"comment_status":"closed","ping_status":"closed","template":"","meta":{"_et_pb_use_builder":"on","_et_pb_old_content":"","_et_gb_content_width":"","footnotes":""},"class_list":["post-243800","page","type-page","status-publish","hentry"],"_links":{"self":[{"href":"https:\/\/www.autolift.info\/fr\/wp-json\/wp\/v2\/pages\/243800","targetHints":{"allow":["GET"]}}],"collection":[{"href":"https:\/\/www.autolift.info\/fr\/wp-json\/wp\/v2\/pages"}],"about":[{"href":"https:\/\/www.autolift.info\/fr\/wp-json\/wp\/v2\/types\/page"}],"author":[{"embeddable":true,"href":"https:\/\/www.autolift.info\/fr\/wp-json\/wp\/v2\/users\/1"}],"replies":[{"embeddable":true,"href":"https:\/\/www.autolift.info\/fr\/wp-json\/wp\/v2\/comments?post=243800"}],"version-history":[{"count":5,"href":"https:\/\/www.autolift.info\/fr\/wp-json\/wp\/v2\/pages\/243800\/revisions"}],"predecessor-version":[{"id":243805,"href":"https:\/\/www.autolift.info\/fr\/wp-json\/wp\/v2\/pages\/243800\/revisions\/243805"}],"up":[{"embeddable":true,"href":"https:\/\/www.autolift.info\/fr\/wp-json\/wp\/v2\/pages\/243787"}],"wp:attachment":[{"href":"https:\/\/www.autolift.info\/fr\/wp-json\/wp\/v2\/media?parent=243800"}],"curies":[{"name":"wp","href":"https:\/\/api.w.org\/{rel}","templated":true}]}}