{"id":243771,"date":"2021-07-16T08:30:29","date_gmt":"2021-07-16T06:30:29","guid":{"rendered":"https:\/\/www.autolift.info\/entreprise\/impressum\/"},"modified":"2021-07-16T08:30:34","modified_gmt":"2021-07-16T06:30:34","slug":"impressum","status":"publish","type":"page","link":"https:\/\/www.autolift.info\/fr\/entreprise\/impressum\/","title":{"rendered":"Impressum"},"content":{"rendered":"<p>[et_pb_section fb_built=\u00a0\u00bb1&Prime; _builder_version=\u00a0\u00bb4.9.4&Prime; _module_preset=\u00a0\u00bbdefault\u00a0\u00bb background_color=\u00a0\u00bb#ECECEC\u00a0\u00bb background_image=\u00a0\u00bbhttps:\/\/www.autolift.info\/wp-content\/uploads\/2021\/04\/dylan-gillis-KdeqA3aTnBY-unsplash.jpg\u00a0\u00bb background_position=\u00a0\u00bbcenter_left\u00a0\u00bb height=\u00a0\u00bb600px\u00a0\u00bb custom_padding=\u00a0\u00bb0px||0px||true|false\u00a0\u00bb locked=\u00a0\u00bboff\u00a0\u00bb global_colors_info=\u00a0\u00bb{%22gcid-1e316c67-09f0-49b6-a876-cbbe87afea32%22:%91%93}\u00a0\u00bb][\/et_pb_section][et_pb_section fb_built=\u00a0\u00bb1&Prime; _builder_version=\u00a0\u00bb4.9.3&Prime; _module_preset=\u00a0\u00bbdefault\u00a0\u00bb background_color=\u00a0\u00bbRGBA(0,0,0,0)\u00a0\u00bb custom_padding=\u00a0\u00bb0px||||false|false\u00a0\u00bb locked=\u00a0\u00bboff\u00a0\u00bb][et_pb_row use_custom_gutter=\u00a0\u00bbon\u00a0\u00bb gutter_width=\u00a0\u00bb1&Prime; _builder_version=\u00a0\u00bb4.9.4&Prime; _module_preset=\u00a0\u00bbdefault\u00a0\u00bb background_color=\u00a0\u00bb#FFFFFF\u00a0\u00bb module_alignment=\u00a0\u00bbcenter\u00a0\u00bb min_height=\u00a0\u00bb114px\u00a0\u00bb custom_margin=\u00a0\u00bb-90px||||false|false\u00a0\u00bb custom_padding=\u00a0\u00bb0px||||false|true\u00a0\u00bb animation_direction=\u00a0\u00bbbottom\u00a0\u00bb custom_css_main_element=\u00a0\u00bbz-index:10;\u00a0\u00bb][et_pb_column type=\u00a0\u00bb4_4&Prime; _builder_version=\u00a0\u00bb4.9.1&Prime; _module_preset=\u00a0\u00bbdefault\u00a0\u00bb][et_pb_text admin_label=\u00a0\u00bbImpressum\u00a0\u00bb module_class=\u00a0\u00bbime-pattern-rot\u00a0\u00bb _builder_version=\u00a0\u00bb4.9.4&Prime; _module_preset=\u00a0\u00bbdefault\u00a0\u00bb text_font=\u00a0\u00bb||||||||\u00a0\u00bb header_font=\u00a0\u00bb||||||||\u00a0\u00bb header_text_color=\u00a0\u00bbgcid-01af1b29-4bf7-44fe-a473-50909a3a5b27&Prime; header_2_font=\u00a0\u00bb|800||on|||||\u00a0\u00bb header_2_text_color=\u00a0\u00bbgcid-4ebc9de5-e061-4b45-94a8-080fa0de0610&Prime; header_2_font_size=\u00a0\u00bb40px\u00a0\u00bb header_3_font=\u00a0\u00bb|700||on|||||\u00a0\u00bb header_3_font_size=\u00a0\u00bb40px\u00a0\u00bb background_size=\u00a0\u00bbinitial\u00a0\u00bb background_repeat=\u00a0\u00bbrepeat\u00a0\u00bb background_blend=\u00a0\u00bbdifference\u00a0\u00bb custom_padding=\u00a0\u00bb25px||15px|30px|false|false\u00a0\u00bb header_2_font_size_tablet=\u00a0\u00bb30px\u00a0\u00bb header_2_font_size_phone=\u00a0\u00bb24px\u00a0\u00bb header_2_font_size_last_edited=\u00a0\u00bbon|desktop\u00a0\u00bb global_colors_info=\u00a0\u00bb{%22gcid-7df05597-327a-4e7a-9bc4-7a2456ed480c%22:%91%93,%22gcid-01af1b29-4bf7-44fe-a473-50909a3a5b27%22:%91%22header_text_color%22%93,%22gcid-4ebc9de5-e061-4b45-94a8-080fa0de0610%22:%91%22header_2_text_color%22%93,%22gcid-07156617-efbb-4c8c-80ba-1d2279245b1d%22:%91%93}\u00a0\u00bb]<\/p>\n<h2>Impressum<\/h2>\n<p>[\/et_pb_text][\/et_pb_column][\/et_pb_row][et_pb_row _builder_version=\u00a0\u00bb4.9.3&Prime; background_size=\u00a0\u00bbinitial\u00a0\u00bb background_position=\u00a0\u00bbtop_left\u00a0\u00bb background_repeat=\u00a0\u00bbrepeat\u00a0\u00bb custom_padding=\u00a0\u00bb|30px||30px|false|true\u00a0\u00bb][et_pb_column type=\u00a0\u00bb4_4&Prime; _builder_version=\u00a0\u00bb3.25&Prime; custom_padding=\u00a0\u00bb|||\u00a0\u00bb custom_padding__hover=\u00a0\u00bb|||\u00a0\u00bb][et_pb_text _builder_version=\u00a0\u00bb4.9.4&Prime; background_size=\u00a0\u00bbinitial\u00a0\u00bb background_position=\u00a0\u00bbtop_left\u00a0\u00bb background_repeat=\u00a0\u00bbrepeat\u00a0\u00bb hover_enabled=\u00a0\u00bb0&Prime; admin_label=\u00a0\u00bbAUTOLIFT GmbH  Aubergstra\u00dfe 27, 5161 Elixhausen, Austria\u00a0\u00bb sticky_enabled=\u00a0\u00bb0&Prime;]<\/p>\n<p>AUTOLIFT GmbH<\/p>\n<p>Aubergstra\u00dfe 27, 5161 Elixhausen, Austria<br \/>Telefon: +43 662 450588 0, Fax: +43 662 450588 18<br \/>E-Mail: office@autolift.info, Web: www.autolift.info<\/p>\n<p>\u00d6ffungszeiten:<br \/>Montag bis Donnerstag: 8:00 Uhr bis 17:00 Uhr CET<br \/>Freitag: 8:00 bis 12:30<\/p>\n<p>Gesch\u00e4ftsf\u00fchrer: Dkfm. Ing. Johannes Nestel-Eichhausen<br \/>Gerichtsstandort: Salzburg<br \/>UID: ATU 61930138<br \/>FN: 267231m<\/p>\n<p>Haftungsausschluss:<\/p>\n<p>Die im Rahmen der o.g. Domain weiterverweisenden externen Links zu Angeboten Dritter f\u00fchren zu Inhalten der jeweiligen Anbieter und sind nicht die der Verantwortlichen o.g. Domain. Diese entsprechenden Verweise sind als solche aus dem Zusammenhang erkennbar oder gesondert gekennzeichnet. Wir haben keinerlei Einfluss auf die dort bereitgehaltenen Inhalte und machen uns diese durch die Verweise nicht zueigen. Insbesondere distanzieren wir uns ausdr\u00fccklich von den dort abrufbaren \u00c4u\u00dferungen. Eine Verantwortlichkeit kann im \u00fcbrigen nur begr\u00fcndet werden, wenn wir Kenntnis von Rechtsverletzungen haben und es uns technisch m\u00f6glich und zumutbar ist, deren Nutzung zu verhindern (\u00a7 5 Abs. 2 TDG \/ MDStV). Wir haben die fremden Inhalte auf m\u00f6gliche Rechtsverletzungen in einem uns zumutbaren Umfang \u00fcberpr\u00fcft. Verletzungen von Urheber-, Marken- oder Pers\u00f6nlichkeitsrechten oder Verst\u00f6\u00dfe gegen das Wettbewerbsrecht auf den Webseiten der Drittanbieter waren nicht augenscheinlich und sind uns eben sowenig bekannt wie eine dortige Erf\u00fcllung von Straftatbest\u00e4nden.<\/p>\n<p>[\/et_pb_text][\/et_pb_column][\/et_pb_row][\/et_pb_section]<\/p>\n","protected":false},"excerpt":{"rendered":"<p>ImpressumAUTOLIFT GmbH Aubergstra\u00dfe 27, 5161 Elixhausen, AustriaTelefon: +43 662 450588 0, Fax: +43 662 450588 18E-Mail: office@autolift.info, Web: www.autolift.info \u00d6ffungszeiten:Montag bis Donnerstag: 8:00 Uhr bis 17:00 Uhr CETFreitag: 8:00 bis 12:30 Gesch\u00e4ftsf\u00fchrer: Dkfm. Ing. Johannes Nestel-EichhausenGerichtsstandort: SalzburgUID: ATU 61930138FN: 267231m Haftungsausschluss: Die im Rahmen der o.g. Domain weiterverweisenden externen Links zu Angeboten Dritter f\u00fchren zu [&hellip;]<\/p>\n","protected":false},"author":1,"featured_media":0,"parent":243225,"menu_order":150,"comment_status":"closed","ping_status":"closed","template":"","meta":{"_et_pb_use_builder":"on","_et_pb_old_content":"","_et_gb_content_width":"","footnotes":""},"class_list":["post-243771","page","type-page","status-publish","hentry"],"_links":{"self":[{"href":"https:\/\/www.autolift.info\/fr\/wp-json\/wp\/v2\/pages\/243771","targetHints":{"allow":["GET"]}}],"collection":[{"href":"https:\/\/www.autolift.info\/fr\/wp-json\/wp\/v2\/pages"}],"about":[{"href":"https:\/\/www.autolift.info\/fr\/wp-json\/wp\/v2\/types\/page"}],"author":[{"embeddable":true,"href":"https:\/\/www.autolift.info\/fr\/wp-json\/wp\/v2\/users\/1"}],"replies":[{"embeddable":true,"href":"https:\/\/www.autolift.info\/fr\/wp-json\/wp\/v2\/comments?post=243771"}],"version-history":[{"count":5,"href":"https:\/\/www.autolift.info\/fr\/wp-json\/wp\/v2\/pages\/243771\/revisions"}],"predecessor-version":[{"id":243776,"href":"https:\/\/www.autolift.info\/fr\/wp-json\/wp\/v2\/pages\/243771\/revisions\/243776"}],"up":[{"embeddable":true,"href":"https:\/\/www.autolift.info\/fr\/wp-json\/wp\/v2\/pages\/243225"}],"wp:attachment":[{"href":"https:\/\/www.autolift.info\/fr\/wp-json\/wp\/v2\/media?parent=243771"}],"curies":[{"name":"wp","href":"https:\/\/api.w.org\/{rel}","templated":true}]}}