{"id":243225,"date":"2021-07-08T17:04:53","date_gmt":"2021-07-08T15:04:53","guid":{"rendered":"https:\/\/www.autolift.info\/entreprise\/"},"modified":"2021-09-01T10:10:48","modified_gmt":"2021-09-01T08:10:48","slug":"entreprise","status":"publish","type":"page","link":"https:\/\/www.autolift.info\/fr\/entreprise\/","title":{"rendered":"Entreprise"},"content":{"rendered":"<p>[et_pb_section fb_built=\u00a0\u00bb1&Prime; admin_label=\u00a0\u00bbhero\u00a0\u00bb _builder_version=\u00a0\u00bb4.9.4&Prime; _module_preset=\u00a0\u00bbdefault\u00a0\u00bb background_color=\u00a0\u00bb#ECECEC\u00a0\u00bb background_image=\u00a0\u00bbhttps:\/\/www.autolift.info\/wp-content\/uploads\/2021\/04\/dylan-gillis-KdeqA3aTnBY-unsplash.jpg\u00a0\u00bb background_position=\u00a0\u00bbcenter_left\u00a0\u00bb height=\u00a0\u00bb600px\u00a0\u00bb custom_padding=\u00a0\u00bb0px||0px||true|false\u00a0\u00bb locked=\u00a0\u00bboff\u00a0\u00bb global_colors_info=\u00a0\u00bb{%22gcid-1e316c67-09f0-49b6-a876-cbbe87afea32%22:%91%93}\u00a0\u00bb][\/et_pb_section][et_pb_section fb_built=\u00a0\u00bb1&Prime; _builder_version=\u00a0\u00bb4.9.3&Prime; _module_preset=\u00a0\u00bbdefault\u00a0\u00bb background_color=\u00a0\u00bbRGBA(0,0,0,0)\u00a0\u00bb custom_padding=\u00a0\u00bb0px||||false|false\u00a0\u00bb locked=\u00a0\u00bboff\u00a0\u00bb][et_pb_row use_custom_gutter=\u00a0\u00bbon\u00a0\u00bb gutter_width=\u00a0\u00bb1&Prime; admin_label=\u00a0\u00bbtitre de la page\u00a0\u00bb _builder_version=\u00a0\u00bb4.9.4&Prime; _module_preset=\u00a0\u00bbdefault\u00a0\u00bb background_color=\u00a0\u00bb#FFFFFF\u00a0\u00bb module_alignment=\u00a0\u00bbcenter\u00a0\u00bb min_height=\u00a0\u00bb114px\u00a0\u00bb custom_margin=\u00a0\u00bb-90px||||false|false\u00a0\u00bb custom_padding=\u00a0\u00bb0px||||false|true\u00a0\u00bb animation_direction=\u00a0\u00bbbottom\u00a0\u00bb custom_css_main_element=\u00a0\u00bbz-index:10;\u00a0\u00bb][et_pb_column type=\u00a0\u00bb4_4&Prime; _builder_version=\u00a0\u00bb4.9.1&Prime; _module_preset=\u00a0\u00bbdefault\u00a0\u00bb][et_pb_text admin_label=\u00a0\u00bbUnternehmen\u00a0\u00bb module_class=\u00a0\u00bbime-pattern-rot\u00a0\u00bb _builder_version=\u00a0\u00bb4.9.4&Prime; _module_preset=\u00a0\u00bbdefault\u00a0\u00bb text_font=\u00a0\u00bb||||||||\u00a0\u00bb header_font=\u00a0\u00bb||||||||\u00a0\u00bb header_text_color=\u00a0\u00bbgcid-01af1b29-4bf7-44fe-a473-50909a3a5b27&Prime; header_2_font=\u00a0\u00bb|800||on|||||\u00a0\u00bb header_2_text_color=\u00a0\u00bbgcid-4ebc9de5-e061-4b45-94a8-080fa0de0610&Prime; header_2_font_size=\u00a0\u00bb40px\u00a0\u00bb header_3_font=\u00a0\u00bb|700||on|||||\u00a0\u00bb header_3_font_size=\u00a0\u00bb40px\u00a0\u00bb background_size=\u00a0\u00bbinitial\u00a0\u00bb background_repeat=\u00a0\u00bbrepeat\u00a0\u00bb background_blend=\u00a0\u00bbdifference\u00a0\u00bb custom_padding=\u00a0\u00bb25px||15px|30px|false|false\u00a0\u00bb header_2_font_size_tablet=\u00a0\u00bb30px\u00a0\u00bb header_2_font_size_phone=\u00a0\u00bb24px\u00a0\u00bb header_2_font_size_last_edited=\u00a0\u00bbon|desktop\u00a0\u00bb global_colors_info=\u00a0\u00bb{%22gcid-7df05597-327a-4e7a-9bc4-7a2456ed480c%22:%91%93,%22gcid-01af1b29-4bf7-44fe-a473-50909a3a5b27%22:%91%22header_text_color%22%93,%22gcid-4ebc9de5-e061-4b45-94a8-080fa0de0610%22:%91%22header_2_text_color%22%93,%22gcid-07156617-efbb-4c8c-80ba-1d2279245b1d%22:%91%93}\u00a0\u00bb]<\/p>\n<h2>Entreprise<\/h2>\n<p>[\/et_pb_text][\/et_pb_column][\/et_pb_row][et_pb_row column_structure=\u00a0\u00bb3_5,2_5&Prime; use_custom_gutter=\u00a0\u00bbon\u00a0\u00bb gutter_width=\u00a0\u00bb1&Prime; make_equal=\u00a0\u00bbon\u00a0\u00bb _builder_version=\u00a0\u00bb4.9.3&Prime; _module_preset=\u00a0\u00bbdefault\u00a0\u00bb background_color=\u00a0\u00bb#BF111C\u00a0\u00bb z_index=\u00a0\u00bb0&Prime; custom_margin=\u00a0\u00bb50px||50px||true|false\u00a0\u00bb custom_padding=\u00a0\u00bb0px|0px|0px|0px|false|true\u00a0\u00bb locked=\u00a0\u00bboff\u00a0\u00bb][et_pb_column type=\u00a0\u00bb3_5&Prime; _builder_version=\u00a0\u00bb4.9.3&Prime; _module_preset=\u00a0\u00bbdefault\u00a0\u00bb custom_padding=\u00a0\u00bb||||false|false\u00a0\u00bb][et_pb_text admin_label=\u00a0\u00bb35 jahre autolift\u00a0\u00bb module_class=\u00a0\u00bbime-pattern-weiss\u00a0\u00bb _builder_version=\u00a0\u00bb4.9.4&Prime; _module_preset=\u00a0\u00bbdefault\u00a0\u00bb header_font=\u00a0\u00bb||||||||\u00a0\u00bb header_3_font=\u00a0\u00bb|700||on|||||\u00a0\u00bb header_3_text_color=\u00a0\u00bb#FFFFFF\u00a0\u00bb header_3_font_size=\u00a0\u00bb40px\u00a0\u00bb background_size=\u00a0\u00bbinitial\u00a0\u00bb background_repeat=\u00a0\u00bbrepeat\u00a0\u00bb background_blend=\u00a0\u00bbdifference\u00a0\u00bb custom_margin=\u00a0\u00bb30px||30px||true|false\u00a0\u00bb custom_padding=\u00a0\u00bb20px|30px|20px|30px|false|true\u00a0\u00bb locked=\u00a0\u00bboff\u00a0\u00bb]<\/p>\n<h3>35 ans d&rsquo;autolift<\/h3>\n<p>[\/et_pb_text][et_pb_text admin_label=\u00a0\u00bbDie Firma Autolift GmbH oder kurz Autolift\u00a0\u00bb _builder_version=\u00a0\u00bb4.9.4&Prime; _module_preset=\u00a0\u00bbdefault\u00a0\u00bb text_text_color=\u00a0\u00bb#FFFFFF\u00a0\u00bb custom_margin=\u00a0\u00bb30px|auto|50px|auto|false|true\u00a0\u00bb custom_padding=\u00a0\u00bb0px|30px|0px|30px|true|true\u00a0\u00bb hover_enabled=\u00a0\u00bb0&Prime; link_text_color=\u00a0\u00bb#000000&Prime; sticky_enabled=\u00a0\u00bb0&Prime;]<\/p>\n<p>L&rsquo;entreprise Autolift GmbH, ou Autolift pour les intimes, est active depuis plus de 35 ans dans le domaine des dispositifs de levage pour v\u00e9hicules. L&rsquo;entreprise a fait ses premiers pas dans le <a title=\"ime-light\" href=\"https:\/\/www.ime-light.de\/\" target=\"_blank\" rel=\"noopener\">secteur de l&rsquo;automobile<\/a>, mais elle a \u00e9largi ses horizons ces 15 derni\u00e8res ann\u00e9es et est devenue un des principaux acteurs internationaux dans le secteur des dispositifs de levage pour v\u00e9hicules ferroviaires ainsi que des <a title=\"syst\u00e8mes de levage rotatifs\" href=\"https:\/\/drehhebeanlagen.com\/\" target=\"_blank\" rel=\"noopener\">dispositifs de levage et de rotation.<\/a> <\/p>\n<p>[\/et_pb_text][et_pb_image src=\u00a0\u00bbhttps:\/\/www.autolift.info\/wp-content\/uploads\/2021\/03\/ime-autolift-logo-railway-lifting-equipment.png\u00a0\u00bb title_text=\u00a0\u00bbime-autolift-logo-equipement-de-levage-ferroviaire\u00a0\u00bb _builder_version=\u00a0\u00bb4.9.4&Prime; _module_preset=\u00a0\u00bbdefault\u00a0\u00bb positioning=\u00a0\u00bbabsolute\u00a0\u00bb position_origin_a=\u00a0\u00bbtop_right\u00a0\u00bb vertical_offset=\u00a0\u00bb20px\u00a0\u00bb horizontal_offset=\u00a0\u00bb20px\u00a0\u00bb z_index=\u00a0\u00bb100&Prime; width=\u00a0\u00bb20%\u00a0\u00bb custom_padding=\u00a0\u00bb|||0px||\u00a0\u00bb custom_css_main_element=\u00a0\u00bbz-index: 100;\u00a0\u00bb][\/et_pb_image][\/et_pb_column][et_pb_column type=\u00a0\u00bb2_5&Prime; _builder_version=\u00a0\u00bb4.9.3&Prime; _module_preset=\u00a0\u00bbdefault\u00a0\u00bb background_image=\u00a0\u00bbhttps:\/\/www.autolift.info\/wp-content\/uploads\/2021\/03\/ime-autolift-salzburg-standort-elixhausen.jpg\u00a0\u00bb custom_padding_tablet=\u00a0\u00bb150px||150px||true|false\u00a0\u00bb custom_padding_phone=\u00a0\u00bb\u00a0\u00bb custom_padding_last_edited=\u00a0\u00bbon|desktop\u00a0\u00bb custom_css_main_element_last_edited=\u00a0\u00bbon|phone\u00a0\u00bb custom_css_main_element_tablet=\u00a0\u00bbheight: 400px;\u00a0\u00bb][\/et_pb_column][\/et_pb_row][et_pb_row column_structure=\u00a0\u00bb3_5,2_5&Prime; use_custom_gutter=\u00a0\u00bbon\u00a0\u00bb gutter_width=\u00a0\u00bb1&Prime; make_equal=\u00a0\u00bbon\u00a0\u00bb _builder_version=\u00a0\u00bb4.9.3&Prime; _module_preset=\u00a0\u00bbdefault\u00a0\u00bb background_color=\u00a0\u00bb#BF111C\u00a0\u00bb z_index=\u00a0\u00bb0&Prime; custom_margin=\u00a0\u00bb50px||50px||true|false\u00a0\u00bb custom_padding=\u00a0\u00bb0px|0px|0px|0px|false|true\u00a0\u00bb][et_pb_column type=\u00a0\u00bb3_5&Prime; _builder_version=\u00a0\u00bb4.9.3&Prime; _module_preset=\u00a0\u00bbdefault\u00a0\u00bb][et_pb_text admin_label=\u00a0\u00bb3 in 1&Prime; _builder_version=\u00a0\u00bb4.9.4&Prime; _module_preset=\u00a0\u00bbdefault\u00a0\u00bb header_font=\u00a0\u00bb||||||||\u00a0\u00bb header_3_font=\u00a0\u00bb|700||on|||||\u00a0\u00bb header_3_text_color=\u00a0\u00bb#FFFFFF\u00a0\u00bb header_3_font_size=\u00a0\u00bb40px\u00a0\u00bb use_background_color_gradient=\u00a0\u00bbon\u00a0\u00bb background_color_gradient_start=\u00a0\u00bbrgba(0,0,0,0)\u00a0\u00bb background_color_gradient_end=\u00a0\u00bbrgba(0,0,0,0)\u00a0\u00bb background_color_gradient_overlays_image=\u00a0\u00bbon\u00a0\u00bb background_size=\u00a0\u00bbinitial\u00a0\u00bb background_repeat=\u00a0\u00bbrepeat\u00a0\u00bb background_blend=\u00a0\u00bbdifference\u00a0\u00bb custom_margin=\u00a0\u00bb50px||30px||false|false\u00a0\u00bb custom_padding=\u00a0\u00bb20px|30px|20px|30px|false|true\u00a0\u00bb custom_css_main_element=\u00a0\u00bbbackground-image: linear-gradient(45deg, rgba(250,250,250,0.2) 5.56%, rgba(250,250,250,0) 5.56%, rgba(250,250,250,0) 50%, rgba(250,250,250,0.2) 50%, rgba(250,250,250,0.2) 55.56%, rgba(250,250,250,0) 55.56%, rgba(250,250,250,0) 100%);||background-size: 12.73px 12.73px;||background-repeat:repeat;\u00a0\u00bb locked=\u00a0\u00bboff\u00a0\u00bb]<\/p>\n<h3>3 en 1<\/h3>\n<p>[\/et_pb_text][et_pb_text admin_label=\u00a0\u00bbAlle 3 Bereiche erg\u00e4nzen einander hervorragend und passen perfekt zu unseren Kernkompetenzen\u00a0\u00bb _builder_version=\u00a0\u00bb4.9.4&Prime; _module_preset=\u00a0\u00bbdefault\u00a0\u00bb text_text_color=\u00a0\u00bb#FFFFFF\u00a0\u00bb custom_margin=\u00a0\u00bb30px|auto|50px|auto|false|true\u00a0\u00bb custom_padding=\u00a0\u00bb0px|30px|0px|30px|true|true\u00a0\u00bb]<\/p>\n<p>Ces trois secteurs se compl\u00e8tent \u00e0 merveille et reposent enti\u00e8rement sur nos domaines de comp\u00e9tence principaux : la conception d&rsquo;installation sur mesure pour les clients, les technologies d&rsquo;entra\u00eenement \u00e0 l&rsquo;aide de vis de levage autobloquantes ainsi que la construction en acier et la conception de bo\u00eetiers de commande. Des pi\u00e8ces interchangeables, la production en s\u00e9rie dans le domaine des technologies d&rsquo;entra\u00eenement et une int\u00e9gration verticale pouss\u00e9e de la production nous permettent d&rsquo;offrir des solutions \u00e0 la fois adapt\u00e9es \u00e0 chaque client et bon march\u00e9. <\/p>\n<p>[\/et_pb_text][et_pb_image src=\u00a0\u00bbhttps:\/\/www.autolift.info\/wp-content\/uploads\/2021\/03\/ime-autolift-logo-railway-lifting-equipment.png\u00a0\u00bb title_text=\u00a0\u00bbime-autolift-logo-equipement-de-levage-ferroviaire\u00a0\u00bb _builder_version=\u00a0\u00bb4.9.4&Prime; _module_preset=\u00a0\u00bbdefault\u00a0\u00bb positioning=\u00a0\u00bbabsolute\u00a0\u00bb position_origin_a=\u00a0\u00bbtop_right\u00a0\u00bb vertical_offset=\u00a0\u00bb20px\u00a0\u00bb horizontal_offset=\u00a0\u00bb20px\u00a0\u00bb z_index=\u00a0\u00bb100&Prime; width=\u00a0\u00bb20%\u00a0\u00bb custom_padding=\u00a0\u00bb|||0px||\u00a0\u00bb custom_css_main_element=\u00a0\u00bbz-index: 100;\u00a0\u00bb][\/et_pb_image][\/et_pb_column][et_pb_column type=\u00a0\u00bb2_5&Prime; _builder_version=\u00a0\u00bb4.9.3&Prime; _module_preset=\u00a0\u00bbdefault\u00a0\u00bb background_image=\u00a0\u00bbhttps:\/\/www.autolift.info\/wp-content\/uploads\/2021\/03\/ime-autolift-seitengruben-hebeboecke.jpg\u00a0\u00bb custom_padding=\u00a0\u00bb||||true|false\u00a0\u00bb custom_css_main_element_last_edited=\u00a0\u00bbon|phone\u00a0\u00bb custom_css_main_element_tablet=\u00a0\u00bbheight:400px;\u00a0\u00bb][\/et_pb_column][\/et_pb_row][et_pb_row column_structure=\u00a0\u00bb3_5,2_5&Prime; use_custom_gutter=\u00a0\u00bbon\u00a0\u00bb gutter_width=\u00a0\u00bb1&Prime; make_equal=\u00a0\u00bbon\u00a0\u00bb _builder_version=\u00a0\u00bb4.9.3&Prime; _module_preset=\u00a0\u00bbdefault\u00a0\u00bb background_color=\u00a0\u00bb#BF111C\u00a0\u00bb z_index=\u00a0\u00bb0&Prime; custom_margin=\u00a0\u00bb50px||50px||false|false\u00a0\u00bb custom_padding=\u00a0\u00bb0px|0px|0px|0px|false|true\u00a0\u00bb custom_css_main_element_last_edited=\u00a0\u00bbon|tablet\u00a0\u00bb custom_css_main_element_tablet=\u00a0\u00bbheight: 400px;\u00a0\u00bb][et_pb_column type=\u00a0\u00bb3_5&Prime; _builder_version=\u00a0\u00bb4.9.3&Prime; _module_preset=\u00a0\u00bbdefault\u00a0\u00bb][et_pb_text admin_label=\u00a0\u00bbumsetzungen\u00a0\u00bb _builder_version=\u00a0\u00bb4.9.4&Prime; _module_preset=\u00a0\u00bbdefault\u00a0\u00bb header_font=\u00a0\u00bb||||||||\u00a0\u00bb header_3_font=\u00a0\u00bb|700||on|||||\u00a0\u00bb header_3_text_color=\u00a0\u00bb#FFFFFF\u00a0\u00bb header_3_font_size=\u00a0\u00bb40px\u00a0\u00bb background_enable_image=\u00a0\u00bboff\u00a0\u00bb background_size=\u00a0\u00bbinitial\u00a0\u00bb background_repeat=\u00a0\u00bbrepeat\u00a0\u00bb background_blend=\u00a0\u00bbdifference\u00a0\u00bb custom_margin=\u00a0\u00bb50px||30px||false|false\u00a0\u00bb custom_padding=\u00a0\u00bb20px|30px|20px|30px|false|true\u00a0\u00bb custom_css_main_element=\u00a0\u00bbbackground-image: linear-gradient(45deg, rgba(250,250,250,0.2) 5.56%, rgba(250,250,250,0) 5.56%, rgba(250,250,250,0) 50%, rgba(250,250,250,0.2) 50%, rgba(250,250,250,0.2) 55.56%, rgba(250,250,250,0) 55.56%, rgba(250,250,250,0) 100%);||background-size: 12.73px 12.73px;||background-repeat:repeat;\u00a0\u00bb locked=\u00a0\u00bboff\u00a0\u00bb]<\/p>\n<h3>impl\u00e9mentations<\/h3>\n<p>[\/et_pb_text][et_pb_text admin_label=\u00a0\u00bbDa wir Eigent\u00fcmer gef\u00fchrt sind, werden wesentliche Entscheidungen rasch getroffen\u00a0\u00bb _builder_version=\u00a0\u00bb4.9.4&Prime; _module_preset=\u00a0\u00bbdefault\u00a0\u00bb text_text_color=\u00a0\u00bb#FFFFFF\u00a0\u00bb custom_margin=\u00a0\u00bb30px|auto|50px|auto|false|true\u00a0\u00bb custom_padding=\u00a0\u00bb0px|30px|0px|30px|true|true\u00a0\u00bb]<\/p>\n<p>L&rsquo;entreprise est g\u00e9r\u00e9e par son propri\u00e9taire, ce qui signifie que les d\u00e9cisions importantes sont prises rapidement et mise en \u0153uvre efficacement par une hi\u00e9rarchie plate. L&rsquo;entreprise est suffisamment grande pour s&rsquo;offrir une \u00e9quipe de d\u00e9veloppement efficace, un service d&rsquo;assurance-qualit\u00e9 et une \u00e9quipe de maintenance exp\u00e9riment\u00e9e tout en restant suffisamment \u00ab l\u00e9g\u00e8re \u00bb pour ne pas s&#8217;embourber dans les exc\u00e8s bureaucratiques. Travailler chez Autolift, c&rsquo;est tout simplement un plaisir.  <\/p>\n<p>[\/et_pb_text][et_pb_image src=\u00a0\u00bbhttps:\/\/www.autolift.info\/wp-content\/uploads\/2021\/03\/ime-autolift-logo-railway-lifting-equipment.png\u00a0\u00bb title_text=\u00a0\u00bbime-autolift-logo-equipement-de-levage-ferroviaire\u00a0\u00bb _builder_version=\u00a0\u00bb4.9.4&Prime; _module_preset=\u00a0\u00bbdefault\u00a0\u00bb positioning=\u00a0\u00bbabsolute\u00a0\u00bb position_origin_a=\u00a0\u00bbtop_right\u00a0\u00bb vertical_offset=\u00a0\u00bb20px\u00a0\u00bb horizontal_offset=\u00a0\u00bb20px\u00a0\u00bb z_index=\u00a0\u00bb100&Prime; width=\u00a0\u00bb20%\u00a0\u00bb custom_padding=\u00a0\u00bb|||0px||\u00a0\u00bb custom_css_main_element=\u00a0\u00bbz-index: 100;\u00a0\u00bb][\/et_pb_image][\/et_pb_column][et_pb_column type=\u00a0\u00bb2_5&Prime; _builder_version=\u00a0\u00bb4.9.3&Prime; _module_preset=\u00a0\u00bbdefault\u00a0\u00bb background_image=\u00a0\u00bbhttps:\/\/www.autolift.info\/wp-content\/uploads\/2021\/03\/workplace-1245776.jpg\u00a0\u00bb custom_padding=\u00a0\u00bb||||true|false\u00a0\u00bb][\/et_pb_column][\/et_pb_row][\/et_pb_section]<\/p>\n","protected":false},"excerpt":{"rendered":"<p>Entreprise35 ans d&rsquo;autoliftL&rsquo;entreprise Autolift GmbH, ou Autolift pour les intimes, est active depuis plus de 35 ans dans le domaine des dispositifs de levage pour v\u00e9hicules. L&rsquo;entreprise a fait ses premiers pas dans le secteur de l&rsquo;automobile, mais elle a \u00e9largi ses horizons ces 15 derni\u00e8res ann\u00e9es et est devenue un des principaux acteurs internationaux [&hellip;]<\/p>\n","protected":false},"author":1,"featured_media":0,"parent":0,"menu_order":30,"comment_status":"closed","ping_status":"closed","template":"","meta":{"_et_pb_use_builder":"on","_et_pb_old_content":"","_et_gb_content_width":"","footnotes":""},"class_list":["post-243225","page","type-page","status-publish","hentry"],"_links":{"self":[{"href":"https:\/\/www.autolift.info\/fr\/wp-json\/wp\/v2\/pages\/243225","targetHints":{"allow":["GET"]}}],"collection":[{"href":"https:\/\/www.autolift.info\/fr\/wp-json\/wp\/v2\/pages"}],"about":[{"href":"https:\/\/www.autolift.info\/fr\/wp-json\/wp\/v2\/types\/page"}],"author":[{"embeddable":true,"href":"https:\/\/www.autolift.info\/fr\/wp-json\/wp\/v2\/users\/1"}],"replies":[{"embeddable":true,"href":"https:\/\/www.autolift.info\/fr\/wp-json\/wp\/v2\/comments?post=243225"}],"version-history":[{"count":16,"href":"https:\/\/www.autolift.info\/fr\/wp-json\/wp\/v2\/pages\/243225\/revisions"}],"predecessor-version":[{"id":245505,"href":"https:\/\/www.autolift.info\/fr\/wp-json\/wp\/v2\/pages\/243225\/revisions\/245505"}],"wp:attachment":[{"href":"https:\/\/www.autolift.info\/fr\/wp-json\/wp\/v2\/media?parent=243225"}],"curies":[{"name":"wp","href":"https:\/\/api.w.org\/{rel}","templated":true}]}}