{"id":249966,"date":"2024-06-13T08:49:28","date_gmt":"2024-06-13T06:49:28","guid":{"rendered":"https:\/\/www.autolift.info\/empresa\/medio-ambiente-y-sostenibilidad\/"},"modified":"2024-06-17T09:43:44","modified_gmt":"2024-06-17T07:43:44","slug":"medio-ambiente-y-sostenibilidad","status":"publish","type":"page","link":"https:\/\/www.autolift.info\/es\/empresa\/medio-ambiente-y-sostenibilidad\/","title":{"rendered":"Medio ambiente y sostenibilidad"},"content":{"rendered":"<p>[et_pb_section fb_built=\u00bb1&#8243; admin_label=\u00bbsection\u00bb _builder_version=\u00bb4.25.2&#8243; background_image=\u00bbhttps:\/\/www.autolift.info\/wp-content\/uploads\/2024\/06\/Panorama_Fruehling_Kapuzinerberg-scaled.jpg\u00bb custom_padding=\u00bb||230px|||\u00bb global_colors_info=\u00bb{}\u00bb][\/et_pb_section][et_pb_section fb_built=\u00bb1&#8243; admin_label=\u00bbsection\u00bb _builder_version=\u00bb4.16&#8243; global_colors_info=\u00bb{}\u00bb][et_pb_row admin_label=\u00bbrow\u00bb _builder_version=\u00bb4.16&#8243; background_size=\u00bbinitial\u00bb background_position=\u00bbtop_left\u00bb background_repeat=\u00bbrepeat\u00bb min_height=\u00bb881.6px\u00bb custom_margin=\u00bb-7px|auto||auto||\u00bb hover_enabled=\u00bb0&#8243; global_colors_info=\u00bb{}\u00bb sticky_enabled=\u00bb0&#8243;][et_pb_column type=\u00bb4_4&#8243; _builder_version=\u00bb4.16&#8243; custom_padding=\u00bb|||\u00bb global_colors_info=\u00bb{}\u00bb custom_padding__hover=\u00bb|||\u00bb][et_pb_text admin_label=\u00bbText\u00bb _builder_version=\u00bb4.25.2&#8243; background_size=\u00bbinitial\u00bb background_position=\u00bbtop_left\u00bb background_repeat=\u00bbrepeat\u00bb custom_margin=\u00bb-46px|||||\u00bb custom_padding=\u00bb0px|||||\u00bb hover_enabled=\u00bb0&#8243; global_colors_info=\u00bb{}\u00bb sticky_enabled=\u00bb0&#8243;]<\/p>\n<h1><span style=\"color: #000000;\"><strong>Medio ambiente y sostenibilidad<\/strong><\/span><\/h1>\n<p>&nbsp;<\/p>\n<p>En Autolift concedemos gran importancia a la sostenibilidad y la protecci\u00f3n del medio ambiente. Contribuimos activamente a minimizar nuestra huella ecol\u00f3gica con diversas medidas e iniciativas. Estas son algunas de nuestras medidas medioambientales m\u00e1s importantes:<\/p>\n<p>&nbsp;<\/p>\n<ul>\n<li><strong>Billete clim\u00e1tico para los empleados:<\/strong><br \/>Todos los empleados reciben un billete para todos los transportes p\u00fablicos de Salzburgo, el llamado billete clim\u00e1tico. <\/li>\n<\/ul>\n<p>&nbsp;<\/p>\n<ul>\n<li><strong>flota de veh\u00edculos:<\/strong><br \/>El 30% de los veh\u00edculos de empresa son coches el\u00e9ctricos.<br \/>Entre el 15% y el 20% de los veh\u00edculos de empresa son h\u00edbridos.<\/li>\n<\/ul>\n<p>&nbsp;<\/p>\n<ul>\n<li><strong>Estaciones de carga el\u00e9ctrica:<\/strong><br \/>Estaciones de carga propias en la sede de la empresa en Salzburgo.<br \/>Estaciones de carga adicionales para los propietarios de veh\u00edculos.<\/li>\n<\/ul>\n<p>&nbsp;<\/p>\n<ul>\n<li><strong>Ahorro de papel:<\/strong><br \/>Reducci\u00f3n del volumen de impresi\u00f3n entre 50.000 y 100.000 p\u00e1ginas.<\/li>\n<\/ul>\n<p>&nbsp;<\/p>\n<ul>\n<li><strong>Calefacci\u00f3n y refrigeraci\u00f3n sostenibles para oficinas:<\/strong><br \/>Utilizaci\u00f3n de un sistema fotovoltaico para calentar y refrigerar las oficinas.<\/li>\n<\/ul>\n<p>&nbsp;<\/p>\n<ul>\n<li><strong>Ecovadis<\/strong>:<br \/>Autolift tiene una participaci\u00f3n del 40% en Ecovadis.<\/li>\n<\/ul>\n<p>&nbsp;<\/p>\n<ul>\n<li><strong>Separaci\u00f3n y reciclado de residuos:<\/strong><br \/>Separaci\u00f3n estricta de residuos.<br \/>Centrarse en el reciclaje de productos.<\/li>\n<\/ul>\n<p>&nbsp;<\/p>\n<ul>\n<li><strong>Acero verde:<\/strong><br \/>Tambi\u00e9n utilizamos acero ecol\u00f3gico a petici\u00f3n del cliente.<\/li>\n<\/ul>\n<p>[\/et_pb_text][\/et_pb_column][\/et_pb_row][\/et_pb_section]<\/p>\n","protected":false},"excerpt":{"rendered":"<p>Medio ambiente y sostenibilidad &nbsp; En Autolift concedemos gran importancia a la sostenibilidad y la protecci\u00f3n del medio ambiente. Contribuimos activamente a minimizar nuestra huella ecol\u00f3gica con diversas medidas e iniciativas. Estas son algunas de nuestras medidas medioambientales m\u00e1s importantes: &nbsp; Billete clim\u00e1tico para los empleados:Todos los empleados reciben un billete para todos los transportes [&hellip;]<\/p>\n","protected":false},"author":1,"featured_media":249945,"parent":242475,"menu_order":110,"comment_status":"closed","ping_status":"closed","template":"","meta":{"_et_pb_use_builder":"on","_et_pb_old_content":"","_et_gb_content_width":"","footnotes":""},"class_list":["post-249966","page","type-page","status-publish","has-post-thumbnail","hentry"],"_links":{"self":[{"href":"https:\/\/www.autolift.info\/es\/wp-json\/wp\/v2\/pages\/249966","targetHints":{"allow":["GET"]}}],"collection":[{"href":"https:\/\/www.autolift.info\/es\/wp-json\/wp\/v2\/pages"}],"about":[{"href":"https:\/\/www.autolift.info\/es\/wp-json\/wp\/v2\/types\/page"}],"author":[{"embeddable":true,"href":"https:\/\/www.autolift.info\/es\/wp-json\/wp\/v2\/users\/1"}],"replies":[{"embeddable":true,"href":"https:\/\/www.autolift.info\/es\/wp-json\/wp\/v2\/comments?post=249966"}],"version-history":[{"count":6,"href":"https:\/\/www.autolift.info\/es\/wp-json\/wp\/v2\/pages\/249966\/revisions"}],"predecessor-version":[{"id":250050,"href":"https:\/\/www.autolift.info\/es\/wp-json\/wp\/v2\/pages\/249966\/revisions\/250050"}],"up":[{"embeddable":true,"href":"https:\/\/www.autolift.info\/es\/wp-json\/wp\/v2\/pages\/242475"}],"wp:featuredmedia":[{"embeddable":true,"href":"https:\/\/www.autolift.info\/es\/wp-json\/wp\/v2\/media\/249945"}],"wp:attachment":[{"href":"https:\/\/www.autolift.info\/es\/wp-json\/wp\/v2\/media?parent=249966"}],"curies":[{"name":"wp","href":"https:\/\/api.w.org\/{rel}","templated":true}]}}