{"id":249514,"date":"2024-04-22T09:21:40","date_gmt":"2024-04-22T07:21:40","guid":{"rendered":"https:\/\/www.autolift.info\/productos\/industria-sistemas-de-elevacion-rotativos\/sistemas-de-giro-de-1-eje\/"},"modified":"2024-04-25T11:16:41","modified_gmt":"2024-04-25T09:16:41","slug":"sistemas-de-giro-de-1-eje","status":"publish","type":"page","link":"https:\/\/www.autolift.info\/es\/productos\/industria-sistemas-de-elevacion-rotativos\/sistemas-de-giro-de-1-eje\/","title":{"rendered":"Sistemas de giro de 1 eje"},"content":{"rendered":"<p>[et_pb_section fb_built=\u00bb1&#8243; admin_label=\u00bbhero\u00bb _builder_version=\u00bb4.24.0&#8243; _module_preset=\u00bbdefault\u00bb background_color=\u00bb#ECECEC\u00bb background_image=\u00bbhttps:\/\/www.autolift.info\/wp-content\/uploads\/2024\/01\/DHA-Slider.jpg\u00bb height=\u00bb600px\u00bb custom_padding=\u00bb0px||0px||true|false\u00bb link_option_url=\u00bb https:\/\/www.autolift.info\/produkte\/industrie-drehhebeanlagen\/1-achsige-drehanlagen\/technische-werte\u2026standard-version\/ \u00bb locked=\u00bboff\u00bb global_colors_info=\u00bb{%22gcid-1e316c67-09f0-49b6-a876-cbbe87afea32%22:%91%93}\u00bb][\/et_pb_section][et_pb_section fb_built=\u00bb1&#8243; _builder_version=\u00bb4.16&#8243; _module_preset=\u00bbdefault\u00bb background_color=\u00bbRGBA(0,0,0,0)\u00bb custom_padding=\u00bb0px||||false|false\u00bb link_option_url=\u00bb https:\/\/www.autolift.info\/produkte\/industrie-drehhebeanlagen\/1-achsige-drehanlagen\/technische-werte\u2026standard-version\/ \u00bb locked=\u00bboff\u00bb global_colors_info=\u00bb{}\u00bb][et_pb_row use_custom_gutter=\u00bbon\u00bb gutter_width=\u00bb1&#8243; _builder_version=\u00bb4.16&#8243; _module_preset=\u00bbdefault\u00bb background_color=\u00bb#FFFFFF\u00bb module_alignment=\u00bbcenter\u00bb min_height=\u00bb114px\u00bb custom_margin=\u00bb-90px||||false|false\u00bb custom_padding=\u00bb0px||||false|true\u00bb animation_direction=\u00bbbottom\u00bb link_option_url=\u00bb https:\/\/www.autolift.info\/wp-content\/uploads\/2024\/04\/Technische-Werte-1-achsige-Drehanlage-sp-Standard-Version.pdf \u00bb custom_css_main_element=\u00bbz-index:10;\u00bb global_colors_info=\u00bb{}\u00bb][et_pb_column type=\u00bb4_4&#8243; _builder_version=\u00bb4.16&#8243; _module_preset=\u00bbdefault\u00bb link_option_url=\u00bb https:\/\/www.autolift.info\/wp-content\/uploads\/2024\/04\/Technische-Werte-1-achsige-Drehanlage-sp-Standard-Version.pdf \u00bb global_colors_info=\u00bb{}\u00bb][et_pb_text admin_label=\u00bbHebeb\u00f6cke f\u00fcr Strassenbahnen\u00bb module_class=\u00bbime-pattern-rot\u00bb _builder_version=\u00bb4.16&#8243; _module_preset=\u00bbdefault\u00bb text_font=\u00bb||||||||\u00bb header_font=\u00bb||||||||\u00bb header_text_color=\u00bbgcid-01af1b29-4bf7-44fe-a473-50909a3a5b27&#8243; header_2_font=\u00bb|800||on|||||\u00bb header_2_text_color=\u00bbgcid-4ebc9de5-e061-4b45-94a8-080fa0de0610&#8243; header_2_font_size=\u00bb40px\u00bb header_3_font=\u00bb|700||on|||||\u00bb header_3_font_size=\u00bb40px\u00bb background_size=\u00bbinitial\u00bb background_repeat=\u00bbrepeat\u00bb background_blend=\u00bbdifference\u00bb custom_padding=\u00bb25px||15px|30px|false|false\u00bb link_option_url=\u00bb https:\/\/www.autolift.info\/wp-content\/uploads\/2024\/04\/Technische-Werte-1-achsige-Drehanlage-sp-Standard-Version.pdf \u00bb header_2_font_size_tablet=\u00bb30px\u00bb header_2_font_size_phone=\u00bb24px\u00bb header_2_font_size_last_edited=\u00bbon|desktop\u00bb global_colors_info=\u00bb{%22gcid-7df05597-327a-4e7a-9bc4-7a2456ed480c%22:%91%93,%22gcid-01af1b29-4bf7-44fe-a473-50909a3a5b27%22:%91%22header_text_color%22%93,%22gcid-4ebc9de5-e061-4b45-94a8-080fa0de0610%22:%91%22header_2_text_color%22%93,%22gcid-07156617-efbb-4c8c-80ba-1d2279245b1d%22:%91%93}\u00bb]<\/p>\n<h2>Sistemas de giro de 1 eje<\/h2>\n<p>[\/et_pb_text][\/et_pb_column][\/et_pb_row][et_pb_row _builder_version=\u00bb4.16&#8243; _module_preset=\u00bbdefault\u00bb background_color=\u00bb#FFFFFF\u00bb link_option_url=\u00bb https:\/\/www.autolift.info\/wp-content\/uploads\/2024\/04\/Technische-Werte-1-achsige-Drehanlage-sp-Standard-Version.pdf \u00bb global_colors_info=\u00bb{}\u00bb][et_pb_column type=\u00bb4_4&#8243; _builder_version=\u00bb4.16&#8243; _module_preset=\u00bbdefault\u00bb link_option_url=\u00bb https:\/\/www.autolift.info\/wp-content\/uploads\/2024\/04\/Technische-Werte-1-achsige-Drehanlage-sp-Standard-Version.pdf \u00bb global_colors_info=\u00bb{}\u00bb][et_pb_text admin_label=\u00bbF\u00fcr das Heben von Stra\u00dfenbahnen eignen sich am besten die kompakt bauenden Hebeb\u00f6cke der ESH Reihe.\u00bb _builder_version=\u00bb4.16&#8243; _module_preset=\u00bbdefault\u00bb link_option_url=\u00bb https:\/\/www.autolift.info\/wp-content\/uploads\/2024\/04\/Technische-Werte-1-achsige-Drehanlage-sp-Standard-Version.pdf \u00bb global_colors_info=\u00bb{}\u00bb]<\/p>\n<p>El sistema de giro de 1 eje m\u00e1s sencillo es un modelo de 1 columna que se acciona manualmente. La versi\u00f3n m\u00e1s grande es un modelo de 2 columnas con accionamiento giratorio el\u00e9ctrico y un par de 10.000 Nm.<\/p>\n<p>Si estos sistemas se utilizan para trabajos de soldadura, se recomienda un pasacorriente de soldadura para 350A. Esto permite una rotaci\u00f3n sin fin sin que ning\u00fan cable de puesta a tierra obstruya el trabajo de soldadura. Esta opci\u00f3n est\u00e1 disponible para todos nuestros sistemas de elevaci\u00f3n giratorios.<\/p>\n<p>[\/et_pb_text][\/et_pb_column][\/et_pb_row][et_pb_row _builder_version=\u00bb4.16&#8243; _module_preset=\u00bbdefault\u00bb background_color=\u00bb#FFFFFF\u00bb link_option_url=\u00bb https:\/\/www.autolift.info\/wp-content\/uploads\/2024\/04\/Technische-Werte-1-achsige-Drehanlage-sp-Standard-Version.pdf \u00bb global_colors_info=\u00bb{}\u00bb][et_pb_column type=\u00bb4_4&#8243; _builder_version=\u00bb4.16&#8243; _module_preset=\u00bbdefault\u00bb link_option_url=\u00bb https:\/\/www.autolift.info\/wp-content\/uploads\/2024\/04\/Technische-Werte-1-achsige-Drehanlage-sp-Standard-Version.pdf \u00bb global_colors_info=\u00bb{}\u00bb][et_pb_text disabled_on=\u00bboff|off|off\u00bb admin_label=\u00bbSchienenfahrzeugtypen\u00bb _builder_version=\u00bb4.16&#8243; _module_preset=\u00bbdefault\u00bb min_height=\u00bb40px\u00bb custom_margin=\u00bb||0px||false|false\u00bb custom_padding=\u00bb||0px||false|false\u00bb link_option_url=\u00bb https:\/\/www.autolift.info\/wp-content\/uploads\/2024\/04\/Technische-Werte-1-achsige-Drehanlage-sp-Standard-Version.pdf \u00bb global_colors_info=\u00bb{}\u00bb]<\/p>\n<h1>descargar<\/h1>\n<p>[\/et_pb_text][et_pb_blurb url=\u00bbhttps:\/\/www.autolift.info\/wp-content\/uploads\/2024\/04\/Technische-Werte-1-achsige-Drehanlage-sp-Standard-Version.pdf\u00bb use_icon=\u00bbon\u00bb font_icon=\u00bb&#x24;||divi||400&#8243; icon_color=\u00bbgcid-1e316c67-09f0-49b6-a876-cbbe87afea32&#8243; image_icon_background_color=\u00bb#FFFFFF\u00bb icon_placement=\u00bbleft\u00bb image_icon_width=\u00bb15px\u00bb content_max_width=\u00bb100%\u00bb admin_label=\u00bbHebeb\u00f6cke f\u00fcr Stra\u00dfenbahnen\u00bb module_class=\u00bbblurb-produkte\u00bb _builder_version=\u00bb4.25.0&#8243; _module_preset=\u00bbdefault\u00bb image_icon_custom_padding=\u00bb8px|8px|8px|8px|false|false\u00bb custom_margin=\u00bb0px||8px||false|false\u00bb custom_padding=\u00bb||||false|false\u00bb animation=\u00bboff\u00bb link_option_url=\u00bbhttps:\/\/www.autolift.info\/wp-content\/uploads\/2024\/04\/Technische-Werte-1-achsige-Drehanlage-sp-Standard-Version.pdf\u00bb hover_enabled=\u00bb0&#8243; border_radii_image=\u00bbon|100%|100%|100%|100%\u00bb border_width_all_image=\u00bb2px\u00bb border_color_all_image=\u00bbgcid-1e316c67-09f0-49b6-a876-cbbe87afea32&#8243; icon_font_size=\u00bb15px\u00bb use_circle=\u00bbon\u00bb use_circle_border=\u00bbon\u00bb circle_border_color=\u00bbgcid-1e316c67-09f0-49b6-a876-cbbe87afea32&#8243; circle_color=\u00bb#FFFFFF\u00bb global_colors_info=\u00bb{%22gcid-1e316c67-09f0-49b6-a876-cbbe87afea32%22:%91%22icon_color%22,%22circle_border_color%22,%22icon_color%22,%22circle_border_color%22%93}\u00bb image_icon_background_color__sticky_enabled=\u00bb#7EBEC5&#8243; image_icon_background_color__sticky=\u00bb#7EBEC5&#8243; url_new_window=\u00bbon\u00bb link_option_url_new_window=\u00bbon\u00bb sticky_enabled=\u00bb0&#8243;]<\/p>\n<p>Visi\u00f3n general de los valores t\u00e9cnicos<\/p>\n<p>[\/et_pb_blurb][\/et_pb_column][\/et_pb_row][et_pb_row _builder_version=\u00bb4.16&#8243; _module_preset=\u00bbdefault\u00bb background_color=\u00bb#FFFFFF\u00bb link_option_url=\u00bb https:\/\/www.autolift.info\/wp-content\/uploads\/2024\/04\/Technische-Werte-1-achsige-Drehanlage-sp-Standard-Version.pdf \u00bb global_colors_info=\u00bb{}\u00bb][et_pb_column type=\u00bb4_4&#8243; _builder_version=\u00bb4.16&#8243; _module_preset=\u00bbdefault\u00bb link_option_url=\u00bb https:\/\/www.autolift.info\/wp-content\/uploads\/2024\/04\/Technische-Werte-1-achsige-Drehanlage-sp-Standard-Version.pdf \u00bb global_colors_info=\u00bb{}\u00bb][et_pb_text admin_label=\u00bbGalerie\u00bb _builder_version=\u00bb4.24.0&#8243; _module_preset=\u00bbdefault\u00bb link_option_url=\u00bb https:\/\/www.autolift.info\/wp-content\/uploads\/2024\/04\/Technische-Werte-1-achsige-Drehanlage-sp-Standard-Version.pdf \u00bb global_colors_info=\u00bb{}\u00bb]<\/p>\n<script>\t\tjQuery(function() {\/*setTimeout(function(){*\/\t\t\tjQuery(\"#lbg_famous_gallery_22\").gallery1({\t\t\t\twidth:1300,\t\t\t\theight:600,\t\t\t\twidth100Proc:false,\t\t\t\theight100Proc:false,\t\t\t\trows:1,\t\t\t\tcolumns:3,\t\t\t\tcenterGallery:true,\t\t\t\tgutter:8,\t\t\t\tgalleryBg:\"#FFFFFF\",\t\t\t\titemBorderWidth:0,\t\t\t\titemBorderColorOFF:\"transparent\",\t\t\t\titemBorderColorON:\"#FF0000\",\t\t\t\tshowImageDescription:true,\t\t\t\timageDescriptionBgColor:\"#000000\",\t\t\t\timageDescriptionBgOpacity:30,\t\t\t\timageDescriptionTextColor:\"#FFFFFF\",\t\t\t\tshowIconOverImage:true,\t\t\t\tzoomDuration:1,\t\t\t\tzoomEffect:\"linear\",\t\t\t\ttarget:\"_blank\",\t\t\t\tbgHorizontalPosition:\"center\",\t\t\t\tbgVerticalPosition:\"center\",\t\t\t\tfacebookAppID:\"\"\t\t\t});\/*\t\t}, 1000);*\/\/*}, 850);*\/\t\t});\t<\/script>    <div id=\"lbg_famous_gallery_22\">\t\t\t\t<ul class=\"gallery1_list\">\t\t\t\t\t\t\t\t\t\t\t\t<li data-horizontal=\"center\" data-vertical=\"center\" data-link=\"\" data-lightbox=\"\" data-title=\"\" data-description=\"\">\t\t\t\t\t\t\t\t\t\t<img loading=\"lazy\" decoding=\"async\" src=\"https:\/\/www.autolift.info\/wp-content\/uploads\/2024\/01\/1-achsige_drehanlagen-autolift-3.jpg\" alt=\" - \" width=\"800\" height=\"600\" style=\"width:800px; height:600px;\" title=\" - \" \/>\t\t\t\t\t\t\t\t<\/li>\t\t\t\t\t\t\t\t\t\t\t\t\t\t\t\t<li data-horizontal=\"center\" data-vertical=\"center\" data-link=\"\" data-lightbox=\"\" data-title=\"\" data-description=\"\">\t\t\t\t\t\t\t\t\t\t<img loading=\"lazy\" decoding=\"async\" src=\"https:\/\/www.autolift.info\/wp-content\/uploads\/2024\/01\/1-achsige_drehanlagen-autolift-1.jpg\" alt=\" - \" width=\"800\" height=\"600\" style=\"width:800px; height:600px;\" title=\" - \" \/>\t\t\t\t\t\t\t\t<\/li>\t\t\t\t\t\t\t\t\t\t\t\t\t\t\t\t<li data-horizontal=\"center\" data-vertical=\"center\" data-link=\"\" data-lightbox=\"\" data-title=\"\" data-description=\"\">\t\t\t\t\t\t\t\t\t\t<img loading=\"lazy\" decoding=\"async\" src=\"https:\/\/www.autolift.info\/wp-content\/uploads\/2024\/01\/1-achsige_drehanlagen-autolift-2.jpg\" alt=\" - \" width=\"800\" height=\"600\" style=\"width:800px; height:600px;\" title=\" - \" \/>\t\t\t\t\t\t\t\t<\/li>\t\t\t\t\t\t\t\t\t\t\t\t<\/ul>     <\/div>\n<p>[\/et_pb_text][\/et_pb_column][\/et_pb_row][\/et_pb_section]<\/p>\n","protected":false},"excerpt":{"rendered":"<p>Sistemas de giro de 1 ejeEl sistema de giro de 1 eje m\u00e1s sencillo es un modelo de 1 columna que se acciona manualmente. La versi\u00f3n m\u00e1s grande es un modelo de 2 columnas con accionamiento giratorio el\u00e9ctrico y un par de 10.000 Nm. Si estos sistemas se utilizan para trabajos de soldadura, se recomienda [&hellip;]<\/p>\n","protected":false},"author":1,"featured_media":0,"parent":249510,"menu_order":1,"comment_status":"closed","ping_status":"closed","template":"","meta":{"_et_pb_use_builder":"on","_et_pb_old_content":"","_et_gb_content_width":"","footnotes":""},"class_list":["post-249514","page","type-page","status-publish","hentry"],"_links":{"self":[{"href":"https:\/\/www.autolift.info\/es\/wp-json\/wp\/v2\/pages\/249514","targetHints":{"allow":["GET"]}}],"collection":[{"href":"https:\/\/www.autolift.info\/es\/wp-json\/wp\/v2\/pages"}],"about":[{"href":"https:\/\/www.autolift.info\/es\/wp-json\/wp\/v2\/types\/page"}],"author":[{"embeddable":true,"href":"https:\/\/www.autolift.info\/es\/wp-json\/wp\/v2\/users\/1"}],"replies":[{"embeddable":true,"href":"https:\/\/www.autolift.info\/es\/wp-json\/wp\/v2\/comments?post=249514"}],"version-history":[{"count":14,"href":"https:\/\/www.autolift.info\/es\/wp-json\/wp\/v2\/pages\/249514\/revisions"}],"predecessor-version":[{"id":249793,"href":"https:\/\/www.autolift.info\/es\/wp-json\/wp\/v2\/pages\/249514\/revisions\/249793"}],"up":[{"embeddable":true,"href":"https:\/\/www.autolift.info\/es\/wp-json\/wp\/v2\/pages\/249510"}],"wp:attachment":[{"href":"https:\/\/www.autolift.info\/es\/wp-json\/wp\/v2\/media?parent=249514"}],"curies":[{"name":"wp","href":"https:\/\/api.w.org\/{rel}","templated":true}]}}