{"id":246894,"date":"2023-04-04T15:33:08","date_gmt":"2023-04-04T13:33:08","guid":{"rendered":"https:\/\/www.autolift.info\/productos\/remolcador\/remolcador-de-locomotoras-y-vagones-hasta-100-toneladas\/"},"modified":"2023-04-04T15:33:09","modified_gmt":"2023-04-04T13:33:09","slug":"remolcador-de-locomotoras-y-vagones-hasta-100-toneladas","status":"publish","type":"page","link":"https:\/\/www.autolift.info\/es\/productos\/remolcador\/remolcador-de-locomotoras-y-vagones-hasta-100-toneladas\/","title":{"rendered":"Remolcador de locomotoras y vagones hasta 100 toneladas"},"content":{"rendered":"<p>[et_pb_section fb_built=\u00bb1&#8243; _builder_version=\u00bb4.20.2&#8243; _module_preset=\u00bbdefault\u00bb background_color=\u00bbgcid-1e316c67-09f0-49b6-a876-cbbe87afea32&#8243; background_image=\u00bbhttps:\/\/www.autolift.info\/wp-content\/uploads\/2023\/03\/lokomotiv-wagon-shunter-100to.jpg\u00bb height=\u00bb600px\u00bb custom_padding=\u00bb256px||256px||true|false\u00bb hover_enabled=\u00bb0&#8243; locked=\u00bboff\u00bb global_colors_info=\u00bb{%22gcid-1e316c67-09f0-49b6-a876-cbbe87afea32%22:%91%22background_color%22%93}\u00bb sticky_enabled=\u00bb0&#8243;][\/et_pb_section][et_pb_section fb_built=\u00bb1&#8243; _builder_version=\u00bb4.16&#8243; _module_preset=\u00bbdefault\u00bb background_color=\u00bbRGBA(0,0,0,0)\u00bb custom_padding=\u00bb0px||||false|false\u00bb locked=\u00bboff\u00bb global_colors_info=\u00bb{}\u00bb][et_pb_row use_custom_gutter=\u00bbon\u00bb gutter_width=\u00bb1&#8243; _builder_version=\u00bb4.16&#8243; _module_preset=\u00bbdefault\u00bb background_color=\u00bb#FFFFFF\u00bb module_alignment=\u00bbcenter\u00bb min_height=\u00bb114px\u00bb custom_margin=\u00bb-90px||||false|false\u00bb custom_padding=\u00bb0px||||false|true\u00bb animation_direction=\u00bbbottom\u00bb custom_css_main_element=\u00bbz-index:10;\u00bb global_colors_info=\u00bb{}\u00bb][et_pb_column type=\u00bb4_4&#8243; _builder_version=\u00bb4.16&#8243; _module_preset=\u00bbdefault\u00bb global_colors_info=\u00bb{}\u00bb][et_pb_text admin_label=\u00bbLokomotiv und Wagon Shunter bis 100to\u00bb module_class=\u00bbime-pattern-rot\u00bb _builder_version=\u00bb4.20.2&#8243; _module_preset=\u00bbdefault\u00bb text_font=\u00bb||||||||\u00bb header_font=\u00bb||||||||\u00bb header_text_color=\u00bbgcid-01af1b29-4bf7-44fe-a473-50909a3a5b27&#8243; header_2_font=\u00bb|800||on|||||\u00bb header_2_text_color=\u00bbgcid-4ebc9de5-e061-4b45-94a8-080fa0de0610&#8243; header_2_font_size=\u00bb40px\u00bb header_3_font=\u00bb|700||on|||||\u00bb header_3_font_size=\u00bb40px\u00bb background_size=\u00bbinitial\u00bb background_repeat=\u00bbrepeat\u00bb background_blend=\u00bbdifference\u00bb custom_padding=\u00bb25px||15px|30px|false|false\u00bb header_2_font_size_tablet=\u00bb30px\u00bb header_2_font_size_phone=\u00bb24px\u00bb header_2_font_size_last_edited=\u00bbon|desktop\u00bb global_colors_info=\u00bb{%22gcid-7df05597-327a-4e7a-9bc4-7a2456ed480c%22:%91%93,%22gcid-01af1b29-4bf7-44fe-a473-50909a3a5b27%22:%91%22header_text_color%22%93,%22gcid-4ebc9de5-e061-4b45-94a8-080fa0de0610%22:%91%22header_2_text_color%22%93,%22gcid-07156617-efbb-4c8c-80ba-1d2279245b1d%22:%91%93}\u00bb]<\/p>\n<h2 class=\"western\">Remolcador de locomotoras y vagones hasta 100 toneladas<\/h2>\n<p>[\/et_pb_text][\/et_pb_column][\/et_pb_row][et_pb_row _builder_version=\u00bb4.16&#8243; _module_preset=\u00bbdefault\u00bb background_color=\u00bb#FFFFFF\u00bb custom_padding=\u00bb|30px||30px|false|true\u00bb locked=\u00bboff\u00bb global_colors_info=\u00bb{}\u00bb][et_pb_column type=\u00bb4_4&#8243; _builder_version=\u00bb4.16&#8243; _module_preset=\u00bbdefault\u00bb global_colors_info=\u00bb{}\u00bb][et_pb_text admin_label=\u00bbF\u00fcr Lokomotiven, Stra\u00dfenbahnen, bis zu 2 gekuppelte Reisezugwagen\u00bb _builder_version=\u00bb4.20.2&#8243; _module_preset=\u00bbdefault\u00bb global_colors_info=\u00bb{}\u00bb]<\/p>\n<p>Para locomotoras, tranv\u00edas, hasta 2 turismos acoplados o hasta 4 vagones de carga acoplados. Como toda la serie, este remolcador tambi\u00e9n est\u00e1 dise\u00f1ado como un veh\u00edculo de 2 v\u00edas. Por lo tanto, es posible un cambio de pista o un viaje al almac\u00e9n despu\u00e9s del trabajo para cargar las bater\u00edas sin ning\u00fan problema.  <\/p>\n<p>[\/et_pb_text][et_pb_text admin_label=\u00bbGalerie\u00bb _builder_version=\u00bb4.20.2&#8243; _module_preset=\u00bbdefault\u00bb global_colors_info=\u00bb{}\u00bb]<\/p>\n<script>\t\tjQuery(function() {\/*setTimeout(function(){*\/\t\t\tjQuery(\"#lbg_famous_gallery_20\").gallery1({\t\t\t\twidth:1300,\t\t\t\theight:400,\t\t\t\twidth100Proc:false,\t\t\t\theight100Proc:false,\t\t\t\trows:1,\t\t\t\tcolumns:3,\t\t\t\tcenterGallery:true,\t\t\t\tgutter:2,\t\t\t\tgalleryBg:\"#FFFFFF\",\t\t\t\titemBorderWidth:0,\t\t\t\titemBorderColorOFF:\"transparent\",\t\t\t\titemBorderColorON:\"#FF0000\",\t\t\t\tshowImageDescription:true,\t\t\t\timageDescriptionBgColor:\"#000000\",\t\t\t\timageDescriptionBgOpacity:30,\t\t\t\timageDescriptionTextColor:\"#FFFFFF\",\t\t\t\tshowIconOverImage:true,\t\t\t\tzoomDuration:1,\t\t\t\tzoomEffect:\"linear\",\t\t\t\ttarget:\"_blank\",\t\t\t\tbgHorizontalPosition:\"center\",\t\t\t\tbgVerticalPosition:\"center\",\t\t\t\tfacebookAppID:\"\"\t\t\t});\/*\t\t}, 1000);*\/\/*}, 850);*\/\t\t});\t<\/script>    <div id=\"lbg_famous_gallery_20\">\t\t\t\t<ul class=\"gallery1_list\">\t\t\t\t\t\t\t\t\t\t\t\t<li data-horizontal=\"center\" data-vertical=\"center\" data-link=\"\" data-lightbox=\"\" data-title=\"\" data-description=\"\">\t\t\t\t\t\t\t\t\t\t<img loading=\"lazy\" decoding=\"async\" src=\"https:\/\/www.autolift.info\/wp-content\/uploads\/2023\/04\/Shunter-SH100-2_b.jpg\" alt=\" - \" width=\"800\" height=\"600\" style=\"width:800px; height:600px;\" title=\" - \" \/>\t\t\t\t\t\t\t\t<\/li>\t\t\t\t\t\t\t\t\t\t\t\t\t\t\t\t<li data-horizontal=\"center\" data-vertical=\"center\" data-link=\"\" data-lightbox=\"\" data-title=\"\" data-description=\"\">\t\t\t\t\t\t\t\t\t\t<img loading=\"lazy\" decoding=\"async\" src=\"https:\/\/www.autolift.info\/wp-content\/uploads\/2023\/04\/Shunter-SH100-1_b.jpg\" alt=\" - \" width=\"800\" height=\"600\" style=\"width:800px; height:600px;\" title=\" - \" \/>\t\t\t\t\t\t\t\t<\/li>\t\t\t\t\t\t\t\t\t\t\t\t\t\t\t\t<li data-horizontal=\"center\" data-vertical=\"center\" data-link=\"\" data-lightbox=\"\" data-title=\"\" data-description=\"\">\t\t\t\t\t\t\t\t\t\t<img loading=\"lazy\" decoding=\"async\" src=\"https:\/\/www.autolift.info\/wp-content\/uploads\/2023\/04\/Shunter-SH100-3_b.jpg\" alt=\" - \" width=\"800\" height=\"600\" style=\"width:800px; height:600px;\" title=\" - \" \/>\t\t\t\t\t\t\t\t<\/li>\t\t\t\t\t\t\t\t\t\t\t\t<\/ul>     <\/div>\n<p>[\/et_pb_text][\/et_pb_column][\/et_pb_row][\/et_pb_section]<\/p>\n","protected":false},"excerpt":{"rendered":"<p>Remolcador de locomotoras y vagones hasta 100 toneladasPara locomotoras, tranv\u00edas, hasta 2 turismos acoplados o hasta 4 vagones de carga acoplados. Como toda la serie, este remolcador tambi\u00e9n est\u00e1 dise\u00f1ado como un veh\u00edculo de 2 v\u00edas. Por lo tanto, es posible un cambio de pista o un viaje al almac\u00e9n despu\u00e9s del trabajo para cargar [&hellip;]<\/p>\n","protected":false},"author":1,"featured_media":0,"parent":246870,"menu_order":20,"comment_status":"closed","ping_status":"closed","template":"","meta":{"_et_pb_use_builder":"on","_et_pb_old_content":"","_et_gb_content_width":"","footnotes":""},"class_list":["post-246894","page","type-page","status-publish","hentry"],"_links":{"self":[{"href":"https:\/\/www.autolift.info\/es\/wp-json\/wp\/v2\/pages\/246894","targetHints":{"allow":["GET"]}}],"collection":[{"href":"https:\/\/www.autolift.info\/es\/wp-json\/wp\/v2\/pages"}],"about":[{"href":"https:\/\/www.autolift.info\/es\/wp-json\/wp\/v2\/types\/page"}],"author":[{"embeddable":true,"href":"https:\/\/www.autolift.info\/es\/wp-json\/wp\/v2\/users\/1"}],"replies":[{"embeddable":true,"href":"https:\/\/www.autolift.info\/es\/wp-json\/wp\/v2\/comments?post=246894"}],"version-history":[{"count":2,"href":"https:\/\/www.autolift.info\/es\/wp-json\/wp\/v2\/pages\/246894\/revisions"}],"predecessor-version":[{"id":246896,"href":"https:\/\/www.autolift.info\/es\/wp-json\/wp\/v2\/pages\/246894\/revisions\/246896"}],"up":[{"embeddable":true,"href":"https:\/\/www.autolift.info\/es\/wp-json\/wp\/v2\/pages\/246870"}],"wp:attachment":[{"href":"https:\/\/www.autolift.info\/es\/wp-json\/wp\/v2\/media?parent=246894"}],"curies":[{"name":"wp","href":"https:\/\/api.w.org\/{rel}","templated":true}]}}