{"id":246870,"date":"2023-04-04T15:16:59","date_gmt":"2023-04-04T13:16:59","guid":{"rendered":"https:\/\/www.autolift.info\/productos\/remolcador\/"},"modified":"2023-04-04T15:17:07","modified_gmt":"2023-04-04T13:17:07","slug":"remolcador","status":"publish","type":"page","link":"https:\/\/www.autolift.info\/es\/productos\/remolcador\/","title":{"rendered":"Remolcador"},"content":{"rendered":"<p>[et_pb_section fb_built=\u00bb1&#8243; _builder_version=\u00bb4.20.2&#8243; _module_preset=\u00bbdefault\u00bb background_color=\u00bbgcid-1e316c67-09f0-49b6-a876-cbbe87afea32&#8243; background_image=\u00bbhttps:\/\/www.autolift.info\/wp-content\/uploads\/2023\/03\/shunter-autolift.jpg\u00bb height=\u00bb600px\u00bb custom_padding=\u00bb256px||256px||true|false\u00bb locked=\u00bboff\u00bb global_colors_info=\u00bb{%22gcid-1e316c67-09f0-49b6-a876-cbbe87afea32%22:%91%22background_color%22%93}\u00bb][\/et_pb_section][et_pb_section fb_built=\u00bb1&#8243; _builder_version=\u00bb4.16&#8243; _module_preset=\u00bbdefault\u00bb background_color=\u00bbRGBA(0,0,0,0)\u00bb custom_padding=\u00bb0px||||false|false\u00bb locked=\u00bboff\u00bb global_colors_info=\u00bb{}\u00bb][et_pb_row use_custom_gutter=\u00bbon\u00bb gutter_width=\u00bb1&#8243; _builder_version=\u00bb4.16&#8243; _module_preset=\u00bbdefault\u00bb background_color=\u00bb#FFFFFF\u00bb module_alignment=\u00bbcenter\u00bb min_height=\u00bb114px\u00bb custom_margin=\u00bb-90px||||false|false\u00bb custom_padding=\u00bb0px||||false|true\u00bb animation_direction=\u00bbbottom\u00bb custom_css_main_element=\u00bbz-index:10;\u00bb global_colors_info=\u00bb{}\u00bb][et_pb_column type=\u00bb4_4&#8243; _builder_version=\u00bb4.16&#8243; _module_preset=\u00bbdefault\u00bb global_colors_info=\u00bb{}\u00bb][et_pb_text admin_label=\u00bbMobile Hebeb\u00f6cke\u00bb module_class=\u00bbime-pattern-rot\u00bb _builder_version=\u00bb4.16&#8243; _module_preset=\u00bbdefault\u00bb text_font=\u00bb||||||||\u00bb header_font=\u00bb||||||||\u00bb header_text_color=\u00bbgcid-01af1b29-4bf7-44fe-a473-50909a3a5b27&#8243; header_2_font=\u00bb|800||on|||||\u00bb header_2_text_color=\u00bbgcid-4ebc9de5-e061-4b45-94a8-080fa0de0610&#8243; header_2_font_size=\u00bb40px\u00bb header_3_font=\u00bb|700||on|||||\u00bb header_3_font_size=\u00bb40px\u00bb background_size=\u00bbinitial\u00bb background_repeat=\u00bbrepeat\u00bb background_blend=\u00bbdifference\u00bb custom_padding=\u00bb25px||15px|30px|false|false\u00bb header_2_font_size_tablet=\u00bb30px\u00bb header_2_font_size_phone=\u00bb24px\u00bb header_2_font_size_last_edited=\u00bbon|desktop\u00bb global_colors_info=\u00bb{%22gcid-7df05597-327a-4e7a-9bc4-7a2456ed480c%22:%91%93,%22gcid-01af1b29-4bf7-44fe-a473-50909a3a5b27%22:%91%22header_text_color%22%93,%22gcid-4ebc9de5-e061-4b45-94a8-080fa0de0610%22:%91%22header_2_text_color%22%93,%22gcid-07156617-efbb-4c8c-80ba-1d2279245b1d%22:%91%93}\u00bb]<\/p>\n<h2>Remolcador<\/h2>\n<p>[\/et_pb_text][\/et_pb_column][\/et_pb_row][et_pb_row _builder_version=\u00bb4.16&#8243; _module_preset=\u00bbdefault\u00bb background_color=\u00bb#FFFFFF\u00bb custom_padding=\u00bb|30px||30px|false|true\u00bb locked=\u00bboff\u00bb global_colors_info=\u00bb{}\u00bb][et_pb_column type=\u00bb4_4&#8243; _builder_version=\u00bb4.16&#8243; _module_preset=\u00bbdefault\u00bb global_colors_info=\u00bb{}\u00bb][et_pb_text admin_label=\u00bbMobile Hebeb\u00f6cke sind die einfachste Art\u00bb _builder_version=\u00bb4.20.2&#8243; _module_preset=\u00bbdefault\u00bb global_colors_info=\u00bb{}\u00bb]<\/p>\n<p>Los remolcadores para veh\u00edculos sobre ra\u00edles son veh\u00edculos bidireccionales autopropulsados y controlados a distancia para tirar y empujar veh\u00edculos sobre ra\u00edles dentro de una estaci\u00f3n o dep\u00f3sito.<\/p>\n<p>Autolift ofrece tres versiones a bater\u00eda de bajo costo, pero extremadamente eficientes, en un dise\u00f1o compacto y modular.<\/p>\n<p>La tracci\u00f3n o el empuje se realiza mediante un brazo de carga ajustable en longitud y altura que puede equiparse con los siguientes dispositivos de tracci\u00f3n:<\/p>\n<p>&nbsp;<\/p>\n<ul>\n<li>Conexi\u00f3n de enganche para bogies<\/li>\n<li>Soporte de gancho para locomotoras, vagones de pasajeros y vagones de carga<\/li>\n<li>Enganche bajo para tranv\u00edas<\/li>\n<li>Enganche autom\u00e1tico para conjuntos de trenes.<\/li>\n<\/ul>\n<p>[\/et_pb_text][\/et_pb_column][\/et_pb_row][et_pb_row _builder_version=\u00bb4.16&#8243; _module_preset=\u00bbdefault\u00bb custom_padding=\u00bb|30px|3px|30px|false|false\u00bb global_colors_info=\u00bb{}\u00bb][et_pb_column type=\u00bb4_4&#8243; _builder_version=\u00bb4.16&#8243; _module_preset=\u00bbdefault\u00bb global_colors_info=\u00bb{}\u00bb][et_pb_text admin_label=\u00bbShunter Varianten\u00bb _builder_version=\u00bb4.20.2&#8243; _module_preset=\u00bbdefault\u00bb min_height=\u00bb40px\u00bb custom_margin=\u00bb||0px||false|false\u00bb custom_padding=\u00bb||0px||false|false\u00bb global_colors_info=\u00bb{}\u00bb]<\/p>\n<h1>Variantes de remolcadores:<\/h1>\n<p>[\/et_pb_text][\/et_pb_column][\/et_pb_row][et_pb_row column_structure=\u00bb1_2,1_2&#8243; _builder_version=\u00bb4.16&#8243; _module_preset=\u00bbdefault\u00bb custom_padding=\u00bb|30px||30px|false|false\u00bb global_colors_info=\u00bb{}\u00bb][et_pb_column type=\u00bb1_2&#8243; _builder_version=\u00bb4.16&#8243; _module_preset=\u00bbdefault\u00bb global_colors_info=\u00bb{}\u00bb][et_pb_blurb url=\u00bbhttps:\/\/www.autolift.info\/produkte\/shunter\/drehgestell-und-wagon-shunter-bis-50to\/\u00bb use_icon=\u00bbon\u00bb font_icon=\u00bb&#x24;||divi||400&#8243; icon_color=\u00bbgcid-1e316c67-09f0-49b6-a876-cbbe87afea32&#8243; image_icon_background_color=\u00bb#FFFFFF\u00bb icon_placement=\u00bbleft\u00bb image_icon_width=\u00bb15px\u00bb content_max_width=\u00bb1100px\u00bb admin_label=\u00bbDrehgestell und Wagon-Shunter bis 50to\u00bb module_class=\u00bbblurb-produkte\u00bb _builder_version=\u00bb4.20.2&#8243; _module_preset=\u00bbdefault\u00bb image_icon_custom_padding=\u00bb8px|8px|8px|8px|false|false\u00bb custom_margin=\u00bb0px||8px||false|false\u00bb custom_padding=\u00bb||||false|false\u00bb animation=\u00bboff\u00bb link_option_url=\u00bbhttps:\/\/www.autolift.info\/produkte\/shunter\/drehgestell-und-wagon-shunter-bis-50to\/\u00bb hover_enabled=\u00bb0&#8243; border_radii_image=\u00bbon|100%|100%|100%|100%\u00bb border_width_all_image=\u00bb2px\u00bb border_color_all_image=\u00bbgcid-1e316c67-09f0-49b6-a876-cbbe87afea32&#8243; icon_font_size=\u00bb15px\u00bb use_circle=\u00bbon\u00bb use_circle_border=\u00bbon\u00bb circle_border_color=\u00bbgcid-1e316c67-09f0-49b6-a876-cbbe87afea32&#8243; circle_color=\u00bb#FFFFFF\u00bb global_colors_info=\u00bb{%22gcid-1e316c67-09f0-49b6-a876-cbbe87afea32%22:%91%22icon_color%22,%22circle_border_color%22,%22icon_color%22,%22circle_border_color%22%93}\u00bb image_icon_background_color__sticky_enabled=\u00bb#7EBEC5&#8243; image_icon_background_color__sticky=\u00bb#7EBEC5&#8243; sticky_enabled=\u00bb0&#8243;]<\/p>\n<p>Bogie y remolcador vag\u00f3n hasta 50 toneladas<\/p>\n<p>[\/et_pb_blurb][et_pb_blurb url=\u00bbhttps:\/\/www.autolift.info\/produkte\/shunter\/shunter-fuer-zuggarnituren-bis-150to\/\u00bb use_icon=\u00bbon\u00bb font_icon=\u00bb&#x24;||divi||400&#8243; icon_color=\u00bbgcid-1e316c67-09f0-49b6-a876-cbbe87afea32&#8243; image_icon_background_color=\u00bb#FFFFFF\u00bb icon_placement=\u00bbleft\u00bb image_icon_width=\u00bb15px\u00bb content_max_width=\u00bb1100px\u00bb admin_label=\u00bbShunter f\u00fcr Zuggarnituren bis 150to\u00bb module_class=\u00bbblurb-produkte\u00bb _builder_version=\u00bb4.20.2&#8243; _module_preset=\u00bbdefault\u00bb image_icon_custom_padding=\u00bb8px|8px|8px|8px|false|false\u00bb custom_margin=\u00bb0px||8px||false|false\u00bb animation=\u00bboff\u00bb link_option_url=\u00bbhttps:\/\/www.autolift.info\/produkte\/shunter\/shunter-fuer-zuggarnituren-bis-150to\/\u00bb border_radii_image=\u00bbon|100%|100%|100%|100%\u00bb border_width_all_image=\u00bb2px\u00bb border_color_all_image=\u00bbgcid-1e316c67-09f0-49b6-a876-cbbe87afea32&#8243; icon_font_size=\u00bb15px\u00bb use_circle=\u00bbon\u00bb use_circle_border=\u00bbon\u00bb circle_border_color=\u00bbgcid-1e316c67-09f0-49b6-a876-cbbe87afea32&#8243; circle_color=\u00bb#FFFFFF\u00bb global_colors_info=\u00bb{%22gcid-1e316c67-09f0-49b6-a876-cbbe87afea32%22:%91%22icon_color%22,%22circle_border_color%22,%22icon_color%22,%22circle_border_color%22%93}\u00bb image_icon_background_color__sticky_enabled=\u00bb#7EBEC5&#8243; image_icon_background_color__sticky=\u00bb#7EBEC5&#8243;]<\/p>\n<p>Remolcador para trenes de hasta 150 toneladas<\/p>\n<p>[\/et_pb_blurb][\/et_pb_column][et_pb_column type=\u00bb1_2&#8243; _builder_version=\u00bb4.16&#8243; _module_preset=\u00bbdefault\u00bb global_colors_info=\u00bb{}\u00bb][et_pb_blurb url=\u00bbhttps:\/\/www.autolift.info\/produkte\/shunter\/lokomotiv-und-wagon-shunter-bis-100to\/\u00bb use_icon=\u00bbon\u00bb font_icon=\u00bb&#x24;||divi||400&#8243; icon_color=\u00bbgcid-1e316c67-09f0-49b6-a876-cbbe87afea32&#8243; image_icon_background_color=\u00bb#FFFFFF\u00bb icon_placement=\u00bbleft\u00bb image_icon_width=\u00bb15px\u00bb content_max_width=\u00bb1100px\u00bb admin_label=\u00bbLokomotiv und Wagon Shunter bis 100to\u00bb module_class=\u00bbblurb-produkte\u00bb _builder_version=\u00bb4.20.2&#8243; _module_preset=\u00bbdefault\u00bb image_icon_custom_padding=\u00bb8px|8px|8px|8px|false|false\u00bb custom_margin=\u00bb0px||8px||false|false\u00bb animation=\u00bboff\u00bb link_option_url=\u00bbhttps:\/\/www.autolift.info\/produkte\/shunter\/lokomotiv-und-wagon-shunter-bis-100to\/\u00bb border_radii_image=\u00bbon|100%|100%|100%|100%\u00bb border_width_all_image=\u00bb2px\u00bb border_color_all_image=\u00bbgcid-1e316c67-09f0-49b6-a876-cbbe87afea32&#8243; icon_font_size=\u00bb15px\u00bb use_circle=\u00bbon\u00bb use_circle_border=\u00bbon\u00bb circle_border_color=\u00bbgcid-1e316c67-09f0-49b6-a876-cbbe87afea32&#8243; circle_color=\u00bb#FFFFFF\u00bb global_colors_info=\u00bb{%22gcid-1e316c67-09f0-49b6-a876-cbbe87afea32%22:%91%22icon_color%22,%22circle_border_color%22%93}\u00bb image_icon_background_color__sticky_enabled=\u00bb#7EBEC5&#8243; image_icon_background_color__sticky=\u00bb#7EBEC5&#8243;]<\/p>\n<p>Remolcador de locomotoras y vagones hasta 100 toneladas<\/p>\n<p>[\/et_pb_blurb][\/et_pb_column][\/et_pb_row][\/et_pb_section]<\/p>\n","protected":false},"excerpt":{"rendered":"<p>RemolcadorLos remolcadores para veh\u00edculos sobre ra\u00edles son veh\u00edculos bidireccionales autopropulsados y controlados a distancia para tirar y empujar veh\u00edculos sobre ra\u00edles dentro de una estaci\u00f3n o dep\u00f3sito. Autolift ofrece tres versiones a bater\u00eda de bajo costo, pero extremadamente eficientes, en un dise\u00f1o compacto y modular. La tracci\u00f3n o el empuje se realiza mediante un brazo [&hellip;]<\/p>\n","protected":false},"author":1,"featured_media":0,"parent":243005,"menu_order":35,"comment_status":"closed","ping_status":"closed","template":"","meta":{"_et_pb_use_builder":"on","_et_pb_old_content":"","_et_gb_content_width":"","footnotes":""},"class_list":["post-246870","page","type-page","status-publish","hentry"],"_links":{"self":[{"href":"https:\/\/www.autolift.info\/es\/wp-json\/wp\/v2\/pages\/246870","targetHints":{"allow":["GET"]}}],"collection":[{"href":"https:\/\/www.autolift.info\/es\/wp-json\/wp\/v2\/pages"}],"about":[{"href":"https:\/\/www.autolift.info\/es\/wp-json\/wp\/v2\/types\/page"}],"author":[{"embeddable":true,"href":"https:\/\/www.autolift.info\/es\/wp-json\/wp\/v2\/users\/1"}],"replies":[{"embeddable":true,"href":"https:\/\/www.autolift.info\/es\/wp-json\/wp\/v2\/comments?post=246870"}],"version-history":[{"count":5,"href":"https:\/\/www.autolift.info\/es\/wp-json\/wp\/v2\/pages\/246870\/revisions"}],"predecessor-version":[{"id":246875,"href":"https:\/\/www.autolift.info\/es\/wp-json\/wp\/v2\/pages\/246870\/revisions\/246875"}],"up":[{"embeddable":true,"href":"https:\/\/www.autolift.info\/es\/wp-json\/wp\/v2\/pages\/243005"}],"wp:attachment":[{"href":"https:\/\/www.autolift.info\/es\/wp-json\/wp\/v2\/media?parent=246870"}],"curies":[{"name":"wp","href":"https:\/\/api.w.org\/{rel}","templated":true}]}}