{"id":242605,"date":"2021-06-08T10:31:46","date_gmt":"2021-06-08T08:31:46","guid":{"rendered":"https:\/\/www.autolift.info\/gatos-de-elevacion-moviles\/"},"modified":"2023-06-13T19:30:53","modified_gmt":"2023-06-13T17:30:53","slug":"gatos-de-elevacion-moviles","status":"publish","type":"page","link":"https:\/\/www.autolift.info\/es\/productos\/gatos-de-elevacion-moviles\/","title":{"rendered":"Gatos de elevaci\u00f3n m\u00f3viles"},"content":{"rendered":"<p>[et_pb_section fb_built=\u00bb1&#8243; _builder_version=\u00bb4.21.0&#8243; _module_preset=\u00bbdefault\u00bb background_color=\u00bbgcid-1e316c67-09f0-49b6-a876-cbbe87afea32&#8243; background_image=\u00bbhttps:\/\/www.autolift.info\/wp-content\/uploads\/2023\/06\/mobile-hebeboecke-autolift-s.jpg\u00bb height=\u00bb600px\u00bb custom_padding=\u00bb256px||256px||true|false\u00bb hover_enabled=\u00bb0&#8243; locked=\u00bboff\u00bb global_colors_info=\u00bb{%22gcid-1e316c67-09f0-49b6-a876-cbbe87afea32%22:%91%22background_color%22%93}\u00bb sticky_enabled=\u00bb0&#8243; title_text=\u00bbmobile-hebeboecke-autolift-s\u00bb][\/et_pb_section][et_pb_section fb_built=\u00bb1&#8243; _builder_version=\u00bb4.16&#8243; _module_preset=\u00bbdefault\u00bb background_color=\u00bbRGBA(0,0,0,0)\u00bb custom_padding=\u00bb0px||||false|false\u00bb locked=\u00bboff\u00bb global_colors_info=\u00bb{}\u00bb][et_pb_row use_custom_gutter=\u00bbon\u00bb gutter_width=\u00bb1&#8243; _builder_version=\u00bb4.16&#8243; _module_preset=\u00bbdefault\u00bb background_color=\u00bb#FFFFFF\u00bb module_alignment=\u00bbcenter\u00bb min_height=\u00bb114px\u00bb custom_margin=\u00bb-90px||||false|false\u00bb custom_padding=\u00bb0px||||false|true\u00bb animation_direction=\u00bbbottom\u00bb custom_css_main_element=\u00bbz-index:10;\u00bb global_colors_info=\u00bb{}\u00bb][et_pb_column type=\u00bb4_4&#8243; _builder_version=\u00bb4.16&#8243; _module_preset=\u00bbdefault\u00bb global_colors_info=\u00bb{}\u00bb][et_pb_text admin_label=\u00bbMobile Hebeb\u00f6cke\u00bb module_class=\u00bbime-pattern-rot\u00bb _builder_version=\u00bb4.16&#8243; _module_preset=\u00bbdefault\u00bb text_font=\u00bb||||||||\u00bb header_font=\u00bb||||||||\u00bb header_text_color=\u00bbgcid-01af1b29-4bf7-44fe-a473-50909a3a5b27&#8243; header_2_font=\u00bb|800||on|||||\u00bb header_2_text_color=\u00bbgcid-4ebc9de5-e061-4b45-94a8-080fa0de0610&#8243; header_2_font_size=\u00bb40px\u00bb header_3_font=\u00bb|700||on|||||\u00bb header_3_font_size=\u00bb40px\u00bb background_size=\u00bbinitial\u00bb background_repeat=\u00bbrepeat\u00bb background_blend=\u00bbdifference\u00bb custom_padding=\u00bb25px||15px|30px|false|false\u00bb header_2_font_size_tablet=\u00bb30px\u00bb header_2_font_size_phone=\u00bb24px\u00bb header_2_font_size_last_edited=\u00bbon|desktop\u00bb global_colors_info=\u00bb{%22gcid-7df05597-327a-4e7a-9bc4-7a2456ed480c%22:%91%93,%22gcid-01af1b29-4bf7-44fe-a473-50909a3a5b27%22:%91%22header_text_color%22%93,%22gcid-4ebc9de5-e061-4b45-94a8-080fa0de0610%22:%91%22header_2_text_color%22%93,%22gcid-07156617-efbb-4c8c-80ba-1d2279245b1d%22:%91%93}\u00bb]<\/p>\n<h2>Gatos de elevaci\u00f3n m\u00f3viles<\/h2>\n<p>[\/et_pb_text][\/et_pb_column][\/et_pb_row][et_pb_row _builder_version=\u00bb4.16&#8243; _module_preset=\u00bbdefault\u00bb background_color=\u00bb#FFFFFF\u00bb custom_padding=\u00bb|30px||30px|false|true\u00bb locked=\u00bboff\u00bb global_colors_info=\u00bb{}\u00bb][et_pb_column type=\u00bb4_4&#8243; _builder_version=\u00bb4.16&#8243; _module_preset=\u00bbdefault\u00bb global_colors_info=\u00bb{}\u00bb][et_pb_text admin_label=\u00bbMobile Hebeb\u00f6cke sind die einfachste Art\u00bb _builder_version=\u00bb4.16&#8243; _module_preset=\u00bbdefault\u00bb global_colors_info=\u00bb{}\u00bb]<\/p>\n<p>Los gatos de elevaci\u00f3n m\u00f3viles son la forma m\u00e1s sencilla de elevar con seguridad los veh\u00edculos sobre v\u00edas. No se requieren en el lugar medidas pr\u00e1cticas de construcci\u00f3n. Todo lo que se necesita es una base firme y nivelada y el suministro el\u00e9ctrico adecuado.  <\/p>\n<p>Autolift ofrece actualmente gatos de levante con una capacidad de elevaci\u00f3n de 6 a 75 toneladas por gato. Con 4 gatos se pueden levantar vagones, tranv\u00edas, metros o locomotoras pesadas. Si se desea, se puede combinar cualquier n\u00famero de gatos de elevaci\u00f3n para formar un sistema que permita elevar trenes articulados completos como una unidad. No hay limitaciones t\u00e9cnicas. Autolift garantiza la elevaci\u00f3n y el descenso sincronizados de todos los gatos de elevaci\u00f3n mediante un sofisticado concepto de control y a\u00f1os de experiencia.    <\/p>\n<p>Autolift ofrece actualmente gatos de levante para los siguientes tipos de veh\u00edculos ferroviarios:<\/p>\n<p>[\/et_pb_text][\/et_pb_column][\/et_pb_row][et_pb_row column_structure=\u00bb1_2,1_2&#8243; _builder_version=\u00bb4.16&#8243; _module_preset=\u00bbdefault\u00bb custom_padding=\u00bb|30px||30px|false|false\u00bb global_colors_info=\u00bb{}\u00bb][et_pb_column type=\u00bb1_2&#8243; _builder_version=\u00bb4.16&#8243; _module_preset=\u00bbdefault\u00bb global_colors_info=\u00bb{}\u00bb][et_pb_text admin_label=\u00bbSchienenfahrzeugtypen\u00bb _builder_version=\u00bb4.16&#8243; _module_preset=\u00bbdefault\u00bb min_height=\u00bb40px\u00bb custom_margin=\u00bb||0px||false|false\u00bb custom_padding=\u00bb||0px||false|false\u00bb global_colors_info=\u00bb{}\u00bb]<\/p>\n<h1>Tipos de veh\u00edculos ferroviarios:<\/h1>\n<p>[\/et_pb_text][et_pb_blurb url=\u00bbhttps:\/\/www.autolift.info\/es\/productos\/gatos-de-elevacion-moviles\/gatos-de-elevacion-para-tranvias\/\u00bb use_icon=\u00bbon\u00bb font_icon=\u00bb&#x24;||divi||400&#8243; icon_color=\u00bbgcid-1e316c67-09f0-49b6-a876-cbbe87afea32&#8243; image_icon_background_color=\u00bb#FFFFFF\u00bb icon_placement=\u00bbleft\u00bb image_icon_width=\u00bb15px\u00bb content_max_width=\u00bb1100px\u00bb admin_label=\u00bbHebeb\u00f6cke f\u00fcr Stra\u00dfenbahnen\u00bb module_class=\u00bbblurb-produkte\u00bb _builder_version=\u00bb4.16&#8243; _module_preset=\u00bbdefault\u00bb image_icon_custom_padding=\u00bb8px|8px|8px|8px|false|false\u00bb custom_margin=\u00bb0px||8px||false|false\u00bb custom_padding=\u00bb||||false|false\u00bb animation=\u00bboff\u00bb link_option_url=\u00bbhttps:\/\/www.autolift.info\/es\/productos\/gatos-de-elevacion-moviles\/gatos-de-elevacion-para-tranvias\/\u00bb border_radii_image=\u00bbon|100%|100%|100%|100%\u00bb border_width_all_image=\u00bb2px\u00bb border_color_all_image=\u00bbgcid-1e316c67-09f0-49b6-a876-cbbe87afea32&#8243; icon_font_size=\u00bb15px\u00bb use_circle=\u00bbon\u00bb use_circle_border=\u00bbon\u00bb circle_border_color=\u00bbgcid-1e316c67-09f0-49b6-a876-cbbe87afea32&#8243; circle_color=\u00bb#FFFFFF\u00bb global_colors_info=\u00bb{%22gcid-1e316c67-09f0-49b6-a876-cbbe87afea32%22:%91%22icon_color%22,%22circle_border_color%22,%22icon_color%22,%22circle_border_color%22%93}\u00bb image_icon_background_color__sticky_enabled=\u00bb#7EBEC5&#8243; image_icon_background_color__sticky=\u00bb#7EBEC5&#8243;]<\/p>\n<p>Gatos de elevaci\u00f3n para tranv\u00edas<\/p>\n<p>[\/et_pb_blurb][et_pb_blurb url=\u00bbhttps:\/\/www.autolift.info\/es\/productos\/gatos-de-elevacion-moviles\/gatos-de-elevacion-para-el-metro\/\u00bb use_icon=\u00bbon\u00bb font_icon=\u00bb&#x24;||divi||400&#8243; icon_color=\u00bbgcid-1e316c67-09f0-49b6-a876-cbbe87afea32&#8243; image_icon_background_color=\u00bb#FFFFFF\u00bb icon_placement=\u00bbleft\u00bb image_icon_width=\u00bb15px\u00bb content_max_width=\u00bb1100px\u00bb admin_label=\u00bbHebeb\u00f6cke f\u00fcr U- Bahnen\u00bb module_class=\u00bbblurb-produkte\u00bb _builder_version=\u00bb4.16&#8243; _module_preset=\u00bbdefault\u00bb image_icon_custom_padding=\u00bb8px|8px|8px|8px|false|false\u00bb custom_margin=\u00bb0px||8px||false|false\u00bb animation=\u00bboff\u00bb link_option_url=\u00bbhttps:\/\/www.autolift.info\/es\/productos\/gatos-de-elevacion-moviles\/gatos-de-elevacion-para-el-metro\/\u00bb border_radii_image=\u00bbon|100%|100%|100%|100%\u00bb border_width_all_image=\u00bb2px\u00bb border_color_all_image=\u00bbgcid-1e316c67-09f0-49b6-a876-cbbe87afea32&#8243; icon_font_size=\u00bb15px\u00bb use_circle=\u00bbon\u00bb use_circle_border=\u00bbon\u00bb circle_border_color=\u00bbgcid-1e316c67-09f0-49b6-a876-cbbe87afea32&#8243; circle_color=\u00bb#FFFFFF\u00bb global_colors_info=\u00bb{%22gcid-1e316c67-09f0-49b6-a876-cbbe87afea32%22:%91%22icon_color%22,%22circle_border_color%22,%22icon_color%22,%22circle_border_color%22%93}\u00bb image_icon_background_color__sticky_enabled=\u00bb#7EBEC5&#8243; image_icon_background_color__sticky=\u00bb#7EBEC5&#8243;]<\/p>\n<p>Gatos de elevaci\u00f3n para el metro<\/p>\n<p>[\/et_pb_blurb][et_pb_blurb url=\u00bbhttps:\/\/www.autolift.info\/es\/productos\/gatos-de-elevacion-moviles\/gatos-de-elevacion-para-vagones\/\u00bb use_icon=\u00bbon\u00bb font_icon=\u00bb&#x24;||divi||400&#8243; icon_color=\u00bbgcid-1e316c67-09f0-49b6-a876-cbbe87afea32&#8243; image_icon_background_color=\u00bb#FFFFFF\u00bb icon_placement=\u00bbleft\u00bb image_icon_width=\u00bb15px\u00bb content_max_width=\u00bb1100px\u00bb admin_label=\u00bbHebeb\u00f6cke f\u00fcr Waggone\u00bb module_class=\u00bbblurb-produkte\u00bb _builder_version=\u00bb4.16&#8243; _module_preset=\u00bbdefault\u00bb image_icon_custom_padding=\u00bb8px|8px|8px|8px|false|false\u00bb custom_margin=\u00bb0px||8px||false|false\u00bb animation=\u00bboff\u00bb link_option_url=\u00bbhttps:\/\/www.autolift.info\/es\/productos\/gatos-de-elevacion-moviles\/gatos-de-elevacion-para-vagones\/\u00bb border_radii_image=\u00bbon|100%|100%|100%|100%\u00bb border_width_all_image=\u00bb2px\u00bb border_color_all_image=\u00bbgcid-1e316c67-09f0-49b6-a876-cbbe87afea32&#8243; icon_font_size=\u00bb15px\u00bb use_circle=\u00bbon\u00bb use_circle_border=\u00bbon\u00bb circle_border_color=\u00bbgcid-1e316c67-09f0-49b6-a876-cbbe87afea32&#8243; circle_color=\u00bb#FFFFFF\u00bb global_colors_info=\u00bb{%22gcid-1e316c67-09f0-49b6-a876-cbbe87afea32%22:%91%22icon_color%22,%22circle_border_color%22,%22icon_color%22,%22circle_border_color%22%93}\u00bb image_icon_background_color__sticky_enabled=\u00bb#7EBEC5&#8243; image_icon_background_color__sticky=\u00bb#7EBEC5&#8243;]<\/p>\n<p>Gatos de elevaci\u00f3n para vagones<\/p>\n<p>[\/et_pb_blurb][et_pb_blurb url=\u00bbhttps:\/\/www.autolift.info\/es\/productos\/gatos-de-elevacion-moviles\/gatos-de-elevacion-para-trenes-articulados-pesados\/\u00bb use_icon=\u00bbon\u00bb font_icon=\u00bb&#x24;||divi||400&#8243; icon_color=\u00bbgcid-1e316c67-09f0-49b6-a876-cbbe87afea32&#8243; image_icon_background_color=\u00bb#FFFFFF\u00bb icon_placement=\u00bbleft\u00bb image_icon_width=\u00bb15px\u00bb content_max_width=\u00bb1100px\u00bb admin_label=\u00bbHebeb\u00f6cke f\u00fcr schwere Gliederz\u00fcge\u00bb module_class=\u00bbblurb-produkte\u00bb _builder_version=\u00bb4.16&#8243; _module_preset=\u00bbdefault\u00bb image_icon_custom_padding=\u00bb8px|8px|8px|8px|false|false\u00bb custom_margin=\u00bb0px||8px||false|false\u00bb animation=\u00bboff\u00bb link_option_url=\u00bbhttps:\/\/www.autolift.info\/es\/productos\/gatos-de-elevacion-moviles\/gatos-de-elevacion-para-trenes-articulados-pesados\/\u00bb border_radii_image=\u00bbon|100%|100%|100%|100%\u00bb border_width_all_image=\u00bb2px\u00bb border_color_all_image=\u00bbgcid-1e316c67-09f0-49b6-a876-cbbe87afea32&#8243; icon_font_size=\u00bb15px\u00bb use_circle=\u00bbon\u00bb use_circle_border=\u00bbon\u00bb circle_border_color=\u00bbgcid-1e316c67-09f0-49b6-a876-cbbe87afea32&#8243; circle_color=\u00bb#FFFFFF\u00bb global_colors_info=\u00bb{%22gcid-1e316c67-09f0-49b6-a876-cbbe87afea32%22:%91%22icon_color%22,%22circle_border_color%22,%22icon_color%22,%22circle_border_color%22%93}\u00bb image_icon_background_color__sticky_enabled=\u00bb#7EBEC5&#8243; image_icon_background_color__sticky=\u00bb#7EBEC5&#8243;]<\/p>\n<p>Gatos de elevaci\u00f3n para trenes articulados pesados<\/p>\n<p>[\/et_pb_blurb][et_pb_blurb url=\u00bbhttps:\/\/www.autolift.info\/es\/productos\/gatos-de-elevacion-moviles\/gatos-de-elevacion-para-locomotoras\/\u00bb use_icon=\u00bbon\u00bb font_icon=\u00bb&#x24;||divi||400&#8243; icon_color=\u00bbgcid-1e316c67-09f0-49b6-a876-cbbe87afea32&#8243; image_icon_background_color=\u00bb#FFFFFF\u00bb icon_placement=\u00bbleft\u00bb image_icon_width=\u00bb15px\u00bb content_max_width=\u00bb1100px\u00bb admin_label=\u00bbHebeb\u00f6cke f\u00fcr Lokomotive\u00bb module_class=\u00bbblurb-produkte\u00bb _builder_version=\u00bb4.16&#8243; _module_preset=\u00bbdefault\u00bb image_icon_custom_padding=\u00bb8px|8px|8px|8px|false|false\u00bb custom_margin=\u00bb0px||8px||false|false\u00bb animation=\u00bboff\u00bb link_option_url=\u00bbhttps:\/\/www.autolift.info\/es\/productos\/gatos-de-elevacion-moviles\/gatos-de-elevacion-para-locomotoras\/\u00bb border_radii_image=\u00bbon|100%|100%|100%|100%\u00bb border_width_all_image=\u00bb2px\u00bb border_color_all_image=\u00bbgcid-1e316c67-09f0-49b6-a876-cbbe87afea32&#8243; icon_font_size=\u00bb15px\u00bb use_circle=\u00bbon\u00bb use_circle_border=\u00bbon\u00bb circle_border_color=\u00bbgcid-1e316c67-09f0-49b6-a876-cbbe87afea32&#8243; circle_color=\u00bb#FFFFFF\u00bb global_colors_info=\u00bb{%22gcid-1e316c67-09f0-49b6-a876-cbbe87afea32%22:%91%22icon_color%22,%22circle_border_color%22,%22icon_color%22,%22circle_border_color%22%93}\u00bb image_icon_background_color__sticky_enabled=\u00bb#7EBEC5&#8243; image_icon_background_color__sticky=\u00bb#7EBEC5&#8243;]<\/p>\n<p>Gatos de elevaci\u00f3n para locomotoras<\/p>\n<p>[\/et_pb_blurb][\/et_pb_column][et_pb_column type=\u00bb1_2&#8243; _builder_version=\u00bb4.16&#8243; _module_preset=\u00bbdefault\u00bb global_colors_info=\u00bb{}\u00bb][et_pb_text admin_label=\u00bbSonderausf\u00fchrungen\u00bb _builder_version=\u00bb4.16&#8243; _module_preset=\u00bbdefault\u00bb min_height=\u00bb40px\u00bb custom_margin=\u00bb||0px||false|false\u00bb custom_padding=\u00bb||0px||false|false\u00bb global_colors_info=\u00bb{}\u00bb]<\/p>\n<h1>Dise\u00f1os especiales<\/h1>\n<p>[\/et_pb_text][et_pb_blurb url=\u00bbhttps:\/\/www.autolift.info\/es\/productos\/gatos-de-elevacion-moviles\/disenos-especiales\/\u00bb use_icon=\u00bbon\u00bb font_icon=\u00bb&#x24;||divi||400&#8243; icon_color=\u00bbgcid-1e316c67-09f0-49b6-a876-cbbe87afea32&#8243; image_icon_background_color=\u00bb#FFFFFF\u00bb icon_placement=\u00bbleft\u00bb image_icon_width=\u00bb15px\u00bb content_max_width=\u00bb1100px\u00bb admin_label=\u00bbKabellos Gesteuerte Hebebockanlagen\u00bb module_class=\u00bbblurb-produkte\u00bb _builder_version=\u00bb4.16&#8243; _module_preset=\u00bbdefault\u00bb image_icon_custom_padding=\u00bb8px|8px|8px|8px|false|false\u00bb custom_margin=\u00bb0px||8px||false|false\u00bb animation=\u00bboff\u00bb link_option_url=\u00bbhttps:\/\/www.autolift.info\/es\/productos\/gatos-de-elevacion-moviles\/disenos-especiales\/\u00bb border_radii_image=\u00bbon|100%|100%|100%|100%\u00bb border_width_all_image=\u00bb2px\u00bb border_color_all_image=\u00bbgcid-1e316c67-09f0-49b6-a876-cbbe87afea32&#8243; icon_font_size=\u00bb15px\u00bb use_circle=\u00bbon\u00bb use_circle_border=\u00bbon\u00bb circle_border_color=\u00bbgcid-1e316c67-09f0-49b6-a876-cbbe87afea32&#8243; circle_color=\u00bb#FFFFFF\u00bb global_colors_info=\u00bb{%22gcid-1e316c67-09f0-49b6-a876-cbbe87afea32%22:%91%22icon_color%22,%22circle_border_color%22%93}\u00bb image_icon_background_color__sticky_enabled=\u00bb#7EBEC5&#8243; image_icon_background_color__sticky=\u00bb#7EBEC5&#8243;]<\/p>\n<p>Sistemas de gatos de elevaci\u00f3n con control inal\u00e1mbrico<\/p>\n<p>[\/et_pb_blurb][et_pb_blurb url=\u00bbhttps:\/\/www.autolift.info\/es\/productos\/gatos-de-elevacion-moviles\/disenos-especiales\/\u00bb use_icon=\u00bbon\u00bb font_icon=\u00bb&#x24;||divi||400&#8243; icon_color=\u00bbgcid-1e316c67-09f0-49b6-a876-cbbe87afea32&#8243; image_icon_background_color=\u00bb#FFFFFF\u00bb icon_placement=\u00bbleft\u00bb image_icon_width=\u00bb15px\u00bb content_max_width=\u00bb1100px\u00bb admin_label=\u00bbKabellose Master\/Slave Anlagen\u00bb module_class=\u00bbblurb-produkte\u00bb _builder_version=\u00bb4.16&#8243; _module_preset=\u00bbdefault\u00bb image_icon_custom_padding=\u00bb8px|8px|8px|8px|false|false\u00bb custom_margin=\u00bb0px||8px||false|false\u00bb animation=\u00bboff\u00bb link_option_url=\u00bbhttps:\/\/www.autolift.info\/es\/productos\/gatos-de-elevacion-moviles\/disenos-especiales\/\u00bb border_radii_image=\u00bbon|100%|100%|100%|100%\u00bb border_width_all_image=\u00bb2px\u00bb border_color_all_image=\u00bbgcid-1e316c67-09f0-49b6-a876-cbbe87afea32&#8243; icon_font_size=\u00bb15px\u00bb use_circle=\u00bbon\u00bb use_circle_border=\u00bbon\u00bb circle_border_color=\u00bbgcid-1e316c67-09f0-49b6-a876-cbbe87afea32&#8243; circle_color=\u00bb#FFFFFF\u00bb global_colors_info=\u00bb{%22gcid-1e316c67-09f0-49b6-a876-cbbe87afea32%22:%91%22icon_color%22,%22circle_border_color%22,%22icon_color%22,%22circle_border_color%22%93}\u00bb image_icon_background_color__sticky_enabled=\u00bb#7EBEC5&#8243; image_icon_background_color__sticky=\u00bb#7EBEC5&#8243;]<\/p>\n<p>Sistema inal\u00e1mbrico maestro\/esclavo<\/p>\n<p>[\/et_pb_blurb][et_pb_blurb url=\u00bbhttps:\/\/www.autolift.info\/es\/productos\/gatos-de-elevacion-moviles\/disenos-especiales\/\u00bb use_icon=\u00bbon\u00bb font_icon=\u00bb&#x24;||divi||400&#8243; icon_color=\u00bbgcid-1e316c67-09f0-49b6-a876-cbbe87afea32&#8243; image_icon_background_color=\u00bb#FFFFFF\u00bb icon_placement=\u00bbleft\u00bb image_icon_width=\u00bb15px\u00bb content_max_width=\u00bb1100px\u00bb admin_label=\u00bbDoppelspindel Hebeb\u00f6cke\u00bb module_class=\u00bbblurb-produkte\u00bb _builder_version=\u00bb4.16&#8243; _module_preset=\u00bbdefault\u00bb image_icon_custom_padding=\u00bb8px|8px|8px|8px|false|false\u00bb custom_margin=\u00bb0px||8px||false|false\u00bb animation=\u00bboff\u00bb link_option_url=\u00bbhttps:\/\/www.autolift.info\/es\/productos\/gatos-de-elevacion-moviles\/disenos-especiales\/\u00bb border_radii_image=\u00bbon|100%|100%|100%|100%\u00bb border_width_all_image=\u00bb2px\u00bb border_color_all_image=\u00bbgcid-1e316c67-09f0-49b6-a876-cbbe87afea32&#8243; icon_font_size=\u00bb15px\u00bb use_circle=\u00bbon\u00bb use_circle_border=\u00bbon\u00bb circle_border_color=\u00bbgcid-1e316c67-09f0-49b6-a876-cbbe87afea32&#8243; circle_color=\u00bb#FFFFFF\u00bb global_colors_info=\u00bb{%22gcid-1e316c67-09f0-49b6-a876-cbbe87afea32%22:%91%22icon_color%22,%22circle_border_color%22,%22icon_color%22,%22circle_border_color%22%93}\u00bb image_icon_background_color__sticky_enabled=\u00bb#7EBEC5&#8243; image_icon_background_color__sticky=\u00bb#7EBEC5&#8243;]<\/p>\n<p>Gatos de elevaci\u00f3n de doble husillo<\/p>\n<p>[\/et_pb_blurb][et_pb_blurb url=\u00bbhttps:\/\/www.autolift.info\/es\/productos\/gatos-de-elevacion-moviles\/disenos-especiales\/\u00bb use_icon=\u00bbon\u00bb font_icon=\u00bb&#x24;||divi||400&#8243; icon_color=\u00bbgcid-1e316c67-09f0-49b6-a876-cbbe87afea32&#8243; image_icon_background_color=\u00bb#FFFFFF\u00bb icon_placement=\u00bbleft\u00bb image_icon_width=\u00bb15px\u00bb content_max_width=\u00bb1100px\u00bb admin_label=\u00bbBatteriebetriebene Hebeb\u00f6cke\u00bb module_class=\u00bbblurb-produkte\u00bb _builder_version=\u00bb4.16&#8243; _module_preset=\u00bbdefault\u00bb image_icon_custom_padding=\u00bb8px|8px|8px|8px|false|false\u00bb custom_margin=\u00bb0px||8px||false|false\u00bb animation=\u00bboff\u00bb link_option_url=\u00bbhttps:\/\/www.autolift.info\/es\/productos\/gatos-de-elevacion-moviles\/disenos-especiales\/\u00bb border_radii_image=\u00bbon|100%|100%|100%|100%\u00bb border_width_all_image=\u00bb2px\u00bb border_color_all_image=\u00bbgcid-1e316c67-09f0-49b6-a876-cbbe87afea32&#8243; icon_font_size=\u00bb15px\u00bb use_circle=\u00bbon\u00bb use_circle_border=\u00bbon\u00bb circle_border_color=\u00bbgcid-1e316c67-09f0-49b6-a876-cbbe87afea32&#8243; circle_color=\u00bb#FFFFFF\u00bb global_colors_info=\u00bb{%22gcid-1e316c67-09f0-49b6-a876-cbbe87afea32%22:%91%22icon_color%22,%22circle_border_color%22,%22icon_color%22,%22circle_border_color%22%93}\u00bb image_icon_background_color__sticky_enabled=\u00bb#7EBEC5&#8243; image_icon_background_color__sticky=\u00bb#7EBEC5&#8243;]<\/p>\n<p>Gatos de Elevaci\u00f3n a bater\u00eda<\/p>\n<p>[\/et_pb_blurb][et_pb_blurb url=\u00bbhttps:\/\/www.autolift.info\/es\/productos\/gatos-de-elevacion-moviles\/disenos-especiales\/\u00bb use_icon=\u00bbon\u00bb font_icon=\u00bb&#x24;||divi||400&#8243; icon_color=\u00bbgcid-1e316c67-09f0-49b6-a876-cbbe87afea32&#8243; image_icon_background_color=\u00bb#FFFFFF\u00bb icon_placement=\u00bbleft\u00bb image_icon_width=\u00bb15px\u00bb content_max_width=\u00bb1100px\u00bb admin_label=\u00bbVerstellung der Lastaufnahmeplatte Unter Last\u00bb module_class=\u00bbblurb-produkte\u00bb _builder_version=\u00bb4.16&#8243; _module_preset=\u00bbdefault\u00bb image_icon_custom_padding=\u00bb8px|8px|8px|8px|false|false\u00bb custom_margin=\u00bb0px||8px||false|false\u00bb animation=\u00bboff\u00bb link_option_url=\u00bbhttps:\/\/www.autolift.info\/es\/productos\/gatos-de-elevacion-moviles\/disenos-especiales\/\u00bb border_radii_image=\u00bbon|100%|100%|100%|100%\u00bb border_width_all_image=\u00bb2px\u00bb border_color_all_image=\u00bbgcid-1e316c67-09f0-49b6-a876-cbbe87afea32&#8243; icon_font_size=\u00bb15px\u00bb use_circle=\u00bbon\u00bb use_circle_border=\u00bbon\u00bb circle_border_color=\u00bbgcid-1e316c67-09f0-49b6-a876-cbbe87afea32&#8243; circle_color=\u00bb#FFFFFF\u00bb global_colors_info=\u00bb{%22gcid-1e316c67-09f0-49b6-a876-cbbe87afea32%22:%91%22icon_color%22,%22circle_border_color%22,%22icon_color%22,%22circle_border_color%22%93}\u00bb image_icon_background_color__sticky_enabled=\u00bb#7EBEC5&#8243; image_icon_background_color__sticky=\u00bb#7EBEC5&#8243;]<\/p>\n<p>Ajuste de la u\u00f1a bajo carga<\/p>\n<p>[\/et_pb_blurb][\/et_pb_column][\/et_pb_row][\/et_pb_section]<\/p>\n","protected":false},"excerpt":{"rendered":"<p>Gatos de elevaci\u00f3n m\u00f3vilesLos gatos de elevaci\u00f3n m\u00f3viles son la forma m\u00e1s sencilla de elevar con seguridad los veh\u00edculos sobre v\u00edas. No se requieren en el lugar medidas pr\u00e1cticas de construcci\u00f3n. Todo lo que se necesita es una base firme y nivelada y el suministro el\u00e9ctrico adecuado. Autolift ofrece actualmente gatos de levante con una [&hellip;]<\/p>\n","protected":false},"author":1,"featured_media":0,"parent":243005,"menu_order":10,"comment_status":"closed","ping_status":"closed","template":"","meta":{"_et_pb_use_builder":"on","_et_pb_old_content":"","_et_gb_content_width":"","footnotes":""},"class_list":["post-242605","page","type-page","status-publish","hentry"],"_links":{"self":[{"href":"https:\/\/www.autolift.info\/es\/wp-json\/wp\/v2\/pages\/242605","targetHints":{"allow":["GET"]}}],"collection":[{"href":"https:\/\/www.autolift.info\/es\/wp-json\/wp\/v2\/pages"}],"about":[{"href":"https:\/\/www.autolift.info\/es\/wp-json\/wp\/v2\/types\/page"}],"author":[{"embeddable":true,"href":"https:\/\/www.autolift.info\/es\/wp-json\/wp\/v2\/users\/1"}],"replies":[{"embeddable":true,"href":"https:\/\/www.autolift.info\/es\/wp-json\/wp\/v2\/comments?post=242605"}],"version-history":[{"count":13,"href":"https:\/\/www.autolift.info\/es\/wp-json\/wp\/v2\/pages\/242605\/revisions"}],"predecessor-version":[{"id":247179,"href":"https:\/\/www.autolift.info\/es\/wp-json\/wp\/v2\/pages\/242605\/revisions\/247179"}],"up":[{"embeddable":true,"href":"https:\/\/www.autolift.info\/es\/wp-json\/wp\/v2\/pages\/243005"}],"wp:attachment":[{"href":"https:\/\/www.autolift.info\/es\/wp-json\/wp\/v2\/media?parent=242605"}],"curies":[{"name":"wp","href":"https:\/\/api.w.org\/{rel}","templated":true}]}}