{"id":242601,"date":"2021-06-08T10:28:26","date_gmt":"2021-06-08T08:28:26","guid":{"rendered":"https:\/\/www.autolift.info\/servicio\/"},"modified":"2021-06-08T10:28:27","modified_gmt":"2021-06-08T08:28:27","slug":"servicio","status":"publish","type":"page","link":"https:\/\/www.autolift.info\/es\/servicio\/","title":{"rendered":"Servicio"},"content":{"rendered":"<p>[et_pb_section fb_built=\u00bb1&#8243; _builder_version=\u00bb4.9.1&#8243; _module_preset=\u00bbdefault\u00bb custom_padding=\u00bb0px||0px||true|false\u00bb locked=\u00bboff\u00bb][et_pb_row use_custom_gutter=\u00bbon\u00bb gutter_width=\u00bb1&#8243; make_equal=\u00bbon\u00bb _builder_version=\u00bb4.9.1&#8243; _module_preset=\u00bbdefault\u00bb width=\u00bb100%\u00bb max_width=\u00bb100%\u00bb custom_margin=\u00bb||||false|false\u00bb custom_padding=\u00bb0px||0px||true|false\u00bb][et_pb_column type=\u00bb4_4&#8243; _builder_version=\u00bb4.9.1&#8243; _module_preset=\u00bbdefault\u00bb][et_pb_slider show_pagination=\u00bboff\u00bb use_bg_overlay=\u00bbon\u00bb use_text_overlay=\u00bboff\u00bb module_class=\u00bbautolift-slider\u00bb _builder_version=\u00bb4.9.4&#8243; _module_preset=\u00bbdefault\u00bb background_color=\u00bb#ECECEC\u00bb background_enable_image=\u00bboff\u00bb height=\u00bb600px\u00bb auto=\u00bbon\u00bb auto_speed=\u00bb5000&#8243;][et_pb_slide alignment=\u00bbbottom\u00bb _builder_version=\u00bb4.9.4&#8243; _module_preset=\u00bbdefault\u00bb header_font=\u00bb|700||on|||||\u00bb header_text_align=\u00bbleft\u00bb header_font_size=\u00bb60px\u00bb background_color=\u00bb#ECECEC\u00bb background_enable_color=\u00bbon\u00bb background_image=\u00bbhttps:\/\/www.autolift.info\/wp-content\/uploads\/2021\/05\/service_autolift_01.jpg\u00bb background_enable_image=\u00bbon\u00bb parallax=\u00bbon\u00bb parallax_method=\u00bboff\u00bb global_colors_info=\u00bb{%22gcid-1e316c67-09f0-49b6-a876-cbbe87afea32%22:%91%93}\u00bb custom_css_main_element__hover_enabled=\u00bbon|desktop\u00bb sticky_transition=\u00bbon\u00bb][\/et_pb_slide][et_pb_slide _builder_version=\u00bb4.9.4&#8243; _module_preset=\u00bbdefault\u00bb header_font=\u00bb|700||on|||||\u00bb header_text_align=\u00bbleft\u00bb header_font_size=\u00bb60px\u00bb background_color=\u00bb#ECECEC\u00bb background_enable_color=\u00bbon\u00bb background_image=\u00bbhttps:\/\/www.autolift.info\/wp-content\/uploads\/2021\/05\/service_autolift_02.jpg\u00bb background_enable_image=\u00bbon\u00bb parallax=\u00bbon\u00bb parallax_method=\u00bboff\u00bb global_colors_info=\u00bb{%22gcid-1e316c67-09f0-49b6-a876-cbbe87afea32%22:%91%93}\u00bb sticky_transition=\u00bbon\u00bb][\/et_pb_slide][\/et_pb_slider][\/et_pb_column][\/et_pb_row][\/et_pb_section][et_pb_section fb_built=\u00bb1&#8243; _builder_version=\u00bb4.9.2&#8243; _module_preset=\u00bbdefault\u00bb background_color=\u00bbRGBA(0,0,0,0)\u00bb custom_padding=\u00bb0px||||false|false\u00bb][et_pb_row use_custom_gutter=\u00bbon\u00bb gutter_width=\u00bb1&#8243; _builder_version=\u00bb4.9.4&#8243; _module_preset=\u00bbdefault\u00bb background_color=\u00bb#FFFFFF\u00bb module_alignment=\u00bbcenter\u00bb min_height=\u00bb114px\u00bb custom_margin=\u00bb-90px||||false|false\u00bb custom_padding=\u00bb0px||||false|true\u00bb animation_direction=\u00bbbottom\u00bb custom_css_main_element=\u00bbz-index:10;\u00bb][et_pb_column type=\u00bb4_4&#8243; _builder_version=\u00bb4.9.1&#8243; _module_preset=\u00bbdefault\u00bb][et_pb_text admin_label=\u00bbService\u00bb module_class=\u00bbime-pattern-rot\u00bb _builder_version=\u00bb4.9.4&#8243; _module_preset=\u00bbdefault\u00bb text_font=\u00bb||||||||\u00bb header_font=\u00bb||||||||\u00bb header_text_color=\u00bbgcid-01af1b29-4bf7-44fe-a473-50909a3a5b27&#8243; header_2_font=\u00bb|800||on|||||\u00bb header_2_text_color=\u00bbgcid-4ebc9de5-e061-4b45-94a8-080fa0de0610&#8243; header_2_font_size=\u00bb40px\u00bb header_3_font=\u00bb|700||on|||||\u00bb header_3_font_size=\u00bb40px\u00bb background_size=\u00bbinitial\u00bb background_repeat=\u00bbrepeat\u00bb background_blend=\u00bbdifference\u00bb custom_padding=\u00bb25px||15px|30px|false|false\u00bb header_2_font_size_tablet=\u00bb30px\u00bb header_2_font_size_phone=\u00bb24px\u00bb header_2_font_size_last_edited=\u00bbon|desktop\u00bb global_colors_info=\u00bb{%22gcid-7df05597-327a-4e7a-9bc4-7a2456ed480c%22:%91%93,%22gcid-01af1b29-4bf7-44fe-a473-50909a3a5b27%22:%91%22header_text_color%22%93,%22gcid-4ebc9de5-e061-4b45-94a8-080fa0de0610%22:%91%22header_2_text_color%22%93,%22gcid-07156617-efbb-4c8c-80ba-1d2279245b1d%22:%91%93}\u00bb]<\/p>\n<h2>Servicio<\/h2>\n<p>[\/et_pb_text][\/et_pb_column][\/et_pb_row][et_pb_row _builder_version=\u00bb4.9.4&#8243; _module_preset=\u00bbdefault\u00bb background_color=\u00bb#FFFFFF\u00bb custom_padding=\u00bb||10px||false|false\u00bb locked=\u00bboff\u00bb][et_pb_column type=\u00bb4_4&#8243; _builder_version=\u00bb4.9.3&#8243; _module_preset=\u00bbdefault\u00bb][et_pb_text admin_label=\u00bbZufriedene Kunden sind der Schl\u00fcssel f\u00fcr Wiederholungsk\u00e4uf\u00bb _builder_version=\u00bb4.9.4&#8243; _module_preset=\u00bbdefault\u00bb custom_padding=\u00bb|30px||30px|true|true\u00bb]<\/p>\n<p>Clientes satisfechos son la clave para repetir las compras. Siguiendo este principio, no s\u00f3lo desarrollamos y construimos sistemas fiables y robustos, sino que tambi\u00e9n los acompa\u00f1amos durante su vida \u00fatil. <\/p>\n<p>Para garantizar que no se trata s\u00f3lo de frases vac\u00edas, Autolift mantiene los recursos humanos necesarios y emplea un equipo de servicio formado por personal de apoyo experimentado y t\u00e9cnicos de servicio cualificados. Para poder cubrir una zona geogr\u00e1fica lo m\u00e1s amplia posible, se han buscado y contratado t\u00e9cnicos de servicio en nuestros principales mercados objetivo. Esto les permite desplazarse a sus localidades desde casa y evitamos o reducimos los largos desplazamientos y los tiempos de respuesta innecesarios.  <\/p>\n<p>[\/et_pb_text][\/et_pb_column][\/et_pb_row][et_pb_row _builder_version=\u00bb4.9.4&#8243; _module_preset=\u00bbdefault\u00bb custom_margin=\u00bb||0px||false|false\u00bb custom_padding=\u00bb|30px|0px|30px|false|true\u00bb][et_pb_column type=\u00bb4_4&#8243; _builder_version=\u00bb4.5.3&#8243; _module_preset=\u00bbdefault\u00bb][et_pb_text admin_label=\u00bbDie Kernkompetenzen unserer Serviceabteilung sind:\u00bb _builder_version=\u00bb4.9.4&#8243; _module_preset=\u00bbdefault\u00bb]<\/p>\n<p>Las competencias principales de nuestro departamento de servicios son:<\/p>\n<p>[\/et_pb_text][et_pb_accordion icon_color=\u00bb#ffffff\u00bb admin_label=\u00bbAccordion 9&#8243; module_class=\u00bbdct_faq_v9&#8243; _builder_version=\u00bb4.9.4&#8243; _module_preset=\u00bbdefault\u00bb toggle_text_color=\u00bb#333&#8243; toggle_font=\u00bb|700||on|||||\u00bb body_text_color=\u00bb#666464&#8243; hover_enabled=\u00bb0&#8243; custom_css_toggle_title=\u00bbborder-top: 0;||background: #eee;||border-bottom: 1px solid transparent;||display: block;||padding: 14px 40px;||position: relative;\u00bb custom_css_toggle_icon=\u00bbcontent: %22%924c%22;||\tfont-family: ETmodules!important;||top: 10px;||\tright: 0;||\tfont-size: 22px;||\tline-height: 24px;||\tdisplay: block!important;||\t-webkit-box-sizing: border-box;||\t-moz-box-sizing: border-box;||\tbox-sizing: border-box;||\tfont-weight: 700;||\tbackground: #cc0000;||\tpadding: 10px\u00bb custom_css_toggle_content=\u00bbborder-top: 0 none;||background: #eee;||padding: 15px 27px;\u00bb locked=\u00bboff\u00bb sticky_enabled=\u00bb0&#8243;][et_pb_accordion_item title=\u00bbAsesoramiento competente \u00bb open=\u00bbon\u00bb _builder_version=\u00bb4.9.4&#8243; _module_preset=\u00bbdefault\u00bb custom_margin=\u00bb||6px||false|false\u00bb custom_padding=\u00bb0px|0px|0px|0px|false|false\u00bb hover_enabled=\u00bb0&#8243; border_width_left=\u00bb5px\u00bb border_color_left=\u00bb#cc0000&#8243; sticky_enabled=\u00bb0&#8243;]<\/p>\n<p> Recibir\u00e1 un asesoramiento r\u00e1pido y competente de nuestro personal de apoyo ya sea por correo electr\u00f3nico o por tel\u00e9fono.<\/p>\n<p>[\/et_pb_accordion_item][et_pb_accordion_item title=\u00bbServicio en sitio por parte del servicio al cliente de la f\u00e1brica \u00bb _builder_version=\u00bb4.9.4&#8243; _module_preset=\u00bbdefault\u00bb custom_margin=\u00bb||6px||false|false\u00bb custom_padding=\u00bb0px|0px|0px|0px|false|false\u00bb border_width_left=\u00bb5px\u00bb border_color_left=\u00bb#cc0000&#8243; open=\u00bboff\u00bb]<\/p>\n<ul>\n<li>Nuestros t\u00e9cnicos de servicio al cleinte est\u00e1n siempre al d\u00eda y muy familiarizados con los dispositivos.<\/li>\n<li><strong>Veh\u00edculos de servicio<\/strong><\/li>\n<li>En nuestros veh\u00edculos de servicio siempre tenemos en stock todas las piezas de recambio habituales. De este modo, le apoyamos con amplios servicios de mantenimiento y reparaci\u00f3n de forma r\u00e1pida y sencilla in sitio. <\/li>\n<\/ul>\n<p>[\/et_pb_accordion_item][et_pb_accordion_item title=\u00bbDisponibilidad de Repuestos \u00bb _builder_version=\u00bb4.9.4&#8243; _module_preset=\u00bbdefault\u00bb custom_margin=\u00bb||6px||false|false\u00bb custom_padding=\u00bb0px|0px|0px|0px|false|false\u00bb border_width_left=\u00bb5px\u00bb border_color_left=\u00bb#cc0000&#8243; open=\u00bboff\u00bb]<\/p>\n<ul>\n<li>Los productos Autolift se caracterizan por una vida \u00fatil muy larga. Dado que la necesidad de piezas de repuesto suele aumentar con la edad del sistema, la disponibilidad de estas piezas hasta una avanazda \u00abedad de ciclo de vida\u00bb es esencial. <\/li>\n<li>Autolift garantiza la disponibilidad de piezas de repuesto hasta 30 a\u00f1os Y a menudo m\u00e1s tiempo.<\/li>\n<li>La tramitaci\u00f3n administrativa corre a cargo de nuestro experimentado equipo de apoyo.<\/li>\n<\/ul>\n<p>[\/et_pb_accordion_item][et_pb_accordion_item title=\u00bbMantenimiento predictivo \u00bb _builder_version=\u00bb4.9.4&#8243; _module_preset=\u00bbdefault\u00bb custom_margin=\u00bb||6px||false|false\u00bb custom_padding=\u00bb0px|0px|0px|0px|false|false\u00bb border_width_left=\u00bb5px\u00bb border_color_left=\u00bb#cc0000&#8243; open=\u00bboff\u00bb]<\/p>\n<ul>\n<li>A trav\u00e9s del mantenimiento predictivo, los tiempos de inactividad y los tiempos de inactividad se pueden reducir significativamente.<\/li>\n<li>El servicio de f\u00e1brica llega en las fechas previstas con las piezas de repuesto y de desgaste adecuadas y completa los trabajos de mantenimiento previstos en el calendario.<\/li>\n<li>La planta se devuelve al operador con la certeza de que no habr\u00e1 paradas no planificadas hasta la siguiente fecha de mantenimiento.<\/li>\n<\/ul>\n<p>[\/et_pb_accordion_item][et_pb_accordion_item title=\u00bbInspecciones anuales \u00bb _builder_version=\u00bb4.9.4&#8243; _module_preset=\u00bbdefault\u00bb custom_margin=\u00bb||6px||false|false\u00bb custom_padding=\u00bb0px|0px|0px|0px|false|false\u00bb border_width_left=\u00bb5px\u00bb border_color_left=\u00bb#cc0000&#8243; open=\u00bboff\u00bb]Las inspecciones anuales est\u00e1n reguladas de forma diferente en cada pa\u00eds. En Alemania, por ejemplo, la inspecci\u00f3n anual (inspecci\u00f3n UVV) est\u00e1 prescrita por ley en la normativa de prevenci\u00f3n de accidentes. Nuestros t\u00e9cnicos realizar\u00e1n con agrado esta inspecci\u00f3n por usted. Si se combina con el mantenimiento anual, se reducen los costes y los tiempos de inactividad. [\/et_pb_accordion_item][et_pb_accordion_item title=\u00bbModificaciones\u00bb _builder_version=\u00bb4.9.4&#8243; _module_preset=\u00bbdefault\u00bb custom_margin=\u00bb||6px||false|false\u00bb custom_padding=\u00bb0px|0px|0px|0px|false|false\u00bb border_width_left=\u00bb5px\u00bb border_color_left=\u00bb#cc0000&#8243; open=\u00bboff\u00bb]<\/p>\n<p>Durante la vida \u00fatil de un producto de 20 a\u00f1os o m\u00e1s, pueden pasar muchas cosas y cambiar mucho. Los operadores pueden enfrentarse a la decisi\u00f3n de vender o deshacerse de los equipos. En este caso, modificaciones realizadas por profesionales pueden ser una alternativa sensata y rentable. Los motivos de las modificaciones pueden ser:   <\/p>\n<ul>\n<li>Hay que levantar un modelo de veh\u00edculo nuevo \/ adicional con diferentes puntos de elevaci\u00f3n.<\/li>\n<li>Se ampl\u00edan los conjuntos de trenes existentes. Esto ocurre cada vez m\u00e1s a menudo. Cada vez son m\u00e1s los proveedores de transporte p\u00fablico que aumentan la capacidad de transporte de esta manera.  <br \/>Por ejemplo, se hace necesario un juego de trenes de 12 o 16 en lugar de uno de 8. Suministramos columnas adicionales y los integramos en el sistema de control existente. <\/li>\n<li>El sistema tiene que adaptarse a la norma de seguridad vigente debido a la normativa legal o a petici\u00f3n del cliente.<\/li>\n<\/ul>\n<p>[\/et_pb_accordion_item][et_pb_accordion_item title=\u00bbReacondicionamiento\u00bb _builder_version=\u00bb4.9.4&#8243; _module_preset=\u00bbdefault\u00bb custom_margin=\u00bb||6px||false|false\u00bb custom_padding=\u00bb0px|0px|0px|0px|false|false\u00bb border_width_left=\u00bb5px\u00bb border_color_left=\u00bb#cc0000&#8243; open=\u00bboff\u00bb]Dependiendo de la frecuencia de uso, la atenci\u00f3n de los operarios y la constancia del mantenimiento, los sistemas alcanzan, tras un determinado n\u00famero de a\u00f1os de uso, el final de su vida \u00fatil. Ahora se pueden eliminar o reacondicionar. En este caso, el equipo se lleva a la f\u00e1brica y se desmonta. Los componentes de acero se someten a un chorro de arena y los cordones de soldadura a una prueba de grietas. A continuaci\u00f3n, las piezas se repintan y se vuelven a montar. Dependiendo del estado, el husillo, las tuercas, los rodamientos, etc. se reutilizan o se sustituyen por otros nuevos.  [\/et_pb_accordion_item][et_pb_accordion_item title=\u00bbCoordinaci\u00f3n del montaje \/ Equipos de Montaje \u00bb _builder_version=\u00bb4.9.4&#8243; _module_preset=\u00bbdefault\u00bb custom_margin=\u00bb||6px||false|false\u00bb custom_padding=\u00bb0px|0px|0px|0px|false|false\u00bb border_width_left=\u00bb5px\u00bb border_color_left=\u00bb#cc0000&#8243; open=\u00bboff\u00bb]<\/p>\n<p><img loading=\"lazy\" decoding=\"async\" src=\"https:\/\/www.autolift.info\/wp-content\/uploads\/2021\/04\/051_montageteam_autolift-300x225.jpg\" width=\"300\" height=\"225\" alt=\"\" class=\"wp-image-240320 alignnone size-medium\" style=\"float: left;margin-right: 20px;margin-bottom: 10px\">  <img loading=\"lazy\" decoding=\"async\" src=\"https:\/\/www.autolift.info\/wp-content\/uploads\/2021\/04\/kragujevac_autolift-800w-1-300x225.jpg\" width=\"300\" height=\"225\" alt=\"\" class=\"wp-image-240321 alignnone size-medium\" style=\"float: left;margin-right: 20px;margin-bottom: 10px\"><br \/>Especialmente la instalaci\u00f3n de sistemas bajo suelo deben de estar bien planificados y preparados. Esto se hace -en parte ya en la fase de proyecto- en nuestro departamento de proyectos o en nuestro departamento t\u00e9cnico de ventas. Sin embargo, la planificaci\u00f3n no puede ser tan buena si la ejecuci\u00f3n del proyecto es inadecuada. Por ello, disponemos de nuestro equipo de instalaci\u00f3n que acompa\u00f1an la instalaci\u00f3n o la realizan a petici\u00f3n del cliente.   <\/p>\n<p>Estos equipos est\u00e1n bien establecidos y suelen familiarizarse con los sistemas durante las pruebas funcionales finales en f\u00e1brica. Est\u00e1n acostumbrados a misiones internacionales largas en todo el mundo. Tambi\u00e9n est\u00e1n capacitados para improvisar y resolver problemas repentinos, si es necesario. Ya que lo importante es que el equipo se entregue a tiempo al cliente final.  <\/p>\n<p>[\/et_pb_accordion_item][\/et_pb_accordion][\/et_pb_column][\/et_pb_row][\/et_pb_section]<\/p>\n","protected":false},"excerpt":{"rendered":"<p>ServicioClientes satisfechos son la clave para repetir las compras. Siguiendo este principio, no s\u00f3lo desarrollamos y construimos sistemas fiables y robustos, sino que tambi\u00e9n los acompa\u00f1amos durante su vida \u00fatil. Para garantizar que no se trata s\u00f3lo de frases vac\u00edas, Autolift mantiene los recursos humanos necesarios y emplea un equipo de servicio formado por personal [&hellip;]<\/p>\n","protected":false},"author":1,"featured_media":0,"parent":0,"menu_order":60,"comment_status":"closed","ping_status":"closed","template":"","meta":{"_et_pb_use_builder":"on","_et_pb_old_content":"","_et_gb_content_width":"","footnotes":""},"class_list":["post-242601","page","type-page","status-publish","hentry"],"_links":{"self":[{"href":"https:\/\/www.autolift.info\/es\/wp-json\/wp\/v2\/pages\/242601","targetHints":{"allow":["GET"]}}],"collection":[{"href":"https:\/\/www.autolift.info\/es\/wp-json\/wp\/v2\/pages"}],"about":[{"href":"https:\/\/www.autolift.info\/es\/wp-json\/wp\/v2\/types\/page"}],"author":[{"embeddable":true,"href":"https:\/\/www.autolift.info\/es\/wp-json\/wp\/v2\/users\/1"}],"replies":[{"embeddable":true,"href":"https:\/\/www.autolift.info\/es\/wp-json\/wp\/v2\/comments?post=242601"}],"version-history":[{"count":3,"href":"https:\/\/www.autolift.info\/es\/wp-json\/wp\/v2\/pages\/242601\/revisions"}],"predecessor-version":[{"id":242604,"href":"https:\/\/www.autolift.info\/es\/wp-json\/wp\/v2\/pages\/242601\/revisions\/242604"}],"wp:attachment":[{"href":"https:\/\/www.autolift.info\/es\/wp-json\/wp\/v2\/media?parent=242601"}],"curies":[{"name":"wp","href":"https:\/\/api.w.org\/{rel}","templated":true}]}}