{"id":242580,"date":"2021-06-07T14:26:00","date_gmt":"2021-06-07T12:26:00","guid":{"rendered":"https:\/\/www.autolift.info\/equipos-especiales\/"},"modified":"2021-07-09T09:47:35","modified_gmt":"2021-07-09T07:47:35","slug":"equipos-especiales","status":"publish","type":"page","link":"https:\/\/www.autolift.info\/es\/productos\/equipos-especiales\/","title":{"rendered":"Equipos especiales"},"content":{"rendered":"<p>[et_pb_section fb_built=\u00bb1&#8243; _builder_version=\u00bb4.9.4&#8243; _module_preset=\u00bbdefault\u00bb background_color=\u00bbgcid-1e316c67-09f0-49b6-a876-cbbe87afea32&#8243; background_image=\u00bbhttps:\/\/www.autolift.info\/wp-content\/uploads\/2021\/05\/ime-autolift-umdrehvorrichtung-drehgestelle.jpg\u00bb height=\u00bb600px\u00bb custom_padding=\u00bb256px||256px||true|false\u00bb locked=\u00bboff\u00bb global_colors_info=\u00bb{%22gcid-1e316c67-09f0-49b6-a876-cbbe87afea32%22:%91%22background_color%22%93}\u00bb][\/et_pb_section][et_pb_section fb_built=\u00bb1&#8243; _builder_version=\u00bb4.9.3&#8243; _module_preset=\u00bbdefault\u00bb background_color=\u00bbRGBA(0,0,0,0)\u00bb custom_padding=\u00bb0px||||false|false\u00bb locked=\u00bboff\u00bb][et_pb_row use_custom_gutter=\u00bbon\u00bb gutter_width=\u00bb1&#8243; _builder_version=\u00bb4.9.4&#8243; _module_preset=\u00bbdefault\u00bb background_color=\u00bb#FFFFFF\u00bb module_alignment=\u00bbcenter\u00bb min_height=\u00bb114px\u00bb custom_margin=\u00bb-90px||||false|false\u00bb custom_padding=\u00bb0px||||false|true\u00bb animation_direction=\u00bbbottom\u00bb custom_css_main_element=\u00bbz-index:10;\u00bb][et_pb_column type=\u00bb4_4&#8243; _builder_version=\u00bb4.9.1&#8243; _module_preset=\u00bbdefault\u00bb][et_pb_text admin_label=\u00bbMobile Hebeb\u00f6cke\u00bb module_class=\u00bbime-pattern-rot\u00bb _builder_version=\u00bb4.9.4&#8243; _module_preset=\u00bbdefault\u00bb text_font=\u00bb||||||||\u00bb header_font=\u00bb||||||||\u00bb header_text_color=\u00bbgcid-01af1b29-4bf7-44fe-a473-50909a3a5b27&#8243; header_2_font=\u00bb|800||on|||||\u00bb header_2_text_color=\u00bbgcid-4ebc9de5-e061-4b45-94a8-080fa0de0610&#8243; header_2_font_size=\u00bb40px\u00bb header_3_font=\u00bb|700||on|||||\u00bb header_3_font_size=\u00bb40px\u00bb background_size=\u00bbinitial\u00bb background_repeat=\u00bbrepeat\u00bb background_blend=\u00bbdifference\u00bb custom_padding=\u00bb25px||15px|30px|false|false\u00bb header_2_font_size_tablet=\u00bb30px\u00bb header_2_font_size_phone=\u00bb24px\u00bb header_2_font_size_last_edited=\u00bbon|desktop\u00bb global_colors_info=\u00bb{%22gcid-7df05597-327a-4e7a-9bc4-7a2456ed480c%22:%91%93,%22gcid-01af1b29-4bf7-44fe-a473-50909a3a5b27%22:%91%22header_text_color%22%93,%22gcid-4ebc9de5-e061-4b45-94a8-080fa0de0610%22:%91%22header_2_text_color%22%93,%22gcid-07156617-efbb-4c8c-80ba-1d2279245b1d%22:%91%93}\u00bb]<\/p>\n<h2 class=\"western\">Equipos especiales<\/h2>\n<p>[\/et_pb_text][\/et_pb_column][\/et_pb_row][et_pb_row _builder_version=\u00bb4.9.3&#8243; _module_preset=\u00bbdefault\u00bb background_color=\u00bb#FFFFFF\u00bb custom_padding=\u00bb|30px||30px|false|true\u00bb locked=\u00bboff\u00bb][et_pb_column type=\u00bb4_4&#8243; _builder_version=\u00bb4.9.3&#8243; _module_preset=\u00bbdefault\u00bb][et_pb_text admin_label=\u00bbMobile Hebeb\u00f6cke sind die einfachste Art\u00bb _builder_version=\u00bb4.9.4&#8243; _module_preset=\u00bbdefault\u00bb]Siempre que se levanten cargas pesadas y se realicen trabajos bajo ellas, estaremos encantados de aportar nuestros conocimientos y experiencia. Gracias a nuestro amplio departamento de desarrollo, tanto en el \u00e1rea mec\u00e1nica como en la el\u00e9ctrica y de software, estamos en condiciones de responder a solicitudes especiales o de desarrollar dispositivos especiales.[\/et_pb_text][\/et_pb_column][\/et_pb_row][et_pb_row _builder_version=\u00bb4.5.3&#8243; _module_preset=\u00bbdefault\u00bb custom_margin=\u00bb||0px||false|false\u00bb custom_padding=\u00bb||0px||false|false\u00bb][et_pb_column type=\u00bb4_4&#8243; _builder_version=\u00bb4.5.3&#8243; _module_preset=\u00bbdefault\u00bb][et_pb_accordion icon_color=\u00bb#ffffff\u00bb admin_label=\u00bbAccordion 9&#8243; module_class=\u00bbdct_faq_v9&#8243; _builder_version=\u00bb4.9.4&#8243; _module_preset=\u00bbdefault\u00bb toggle_text_color=\u00bb#333&#8243; toggle_font=\u00bb|700||on|||||\u00bb body_text_color=\u00bb#666464&#8243; custom_css_toggle_title=\u00bbborder-top: 0;||background: #eee;||border-bottom: 1px solid transparent;||display: block;||padding: 14px 40px;||position: relative;\u00bb custom_css_toggle_icon=\u00bbcontent: %22%924c%22;||\tfont-family: ETmodules!important;||top: 10px;||\tright: 0;||\tfont-size: 22px;||\tline-height: 24px;||\tdisplay: block!important;||\t-webkit-box-sizing: border-box;||\t-moz-box-sizing: border-box;||\tbox-sizing: border-box;||\tfont-weight: 700;||\tbackground: #cc0000;||\tpadding: 10px\u00bb custom_css_toggle_content=\u00bbborder-top: 0 none;||background: #eee;||padding: 15px 27px;\u00bb locked=\u00bboff\u00bb][et_pb_accordion_item title=\u00bbVolteadores\u00bb open=\u00bbon\u00bb _builder_version=\u00bb4.9.4&#8243; _module_preset=\u00bbdefault\u00bb custom_margin=\u00bb||6px||false|false\u00bb custom_padding=\u00bb0px|0px|0px|0px|false|false\u00bb border_width_left=\u00bb5px\u00bb border_color_left=\u00bb#cc0000&#8243;]<\/p>\n<p><a href=\"https:\/\/www.autolift.info\/wp-content\/uploads\/2021\/05\/ime-autolift-drehhebeanlagen.jpg\"><img loading=\"lazy\" decoding=\"async\" src=\"https:\/\/www.autolift.info\/wp-content\/uploads\/2021\/05\/ime-autolift-drehhebeanlagen-300x225.jpg\" width=\"300\" height=\"225\" alt=\"\" class=\"wp-image-241365 alignnone size-medium\" \/><\/a>Ein weiteres wichtiges Gesch\u00e4ftsfeld von Autolift sind Drehhebeanlagen f\u00fcr den industriellen Bereich. Detaillierte Informationen dazu finden Sie <a href=\"https:\/\/drehhebeanlagen.com\/\" target=\"_blank\" rel=\"noopener\" title=\"drehebeanlagen.com\">hier<\/a>.<\/p>\n<p>[\/et_pb_accordion_item][et_pb_accordion_item title=\u00bbUnidades de elevaci\u00f3n para camiones y autobuses\u00bb _builder_version=\u00bb4.9.4&#8243; _module_preset=\u00bbdefault\u00bb custom_margin=\u00bb||6px||false|false\u00bb custom_padding=\u00bb0px|0px|0px|0px|false|false\u00bb border_width_left=\u00bb5px\u00bb border_color_left=\u00bb#cc0000&#8243; open=\u00bboff\u00bb]<\/p>\n<p><a href=\"https:\/\/www.autolift.info\/wp-content\/uploads\/2021\/05\/ime-autolift-hebebuehne-busse.jpg\"><img loading=\"lazy\" decoding=\"async\" src=\"https:\/\/www.autolift.info\/wp-content\/uploads\/2021\/05\/ime-autolift-hebebuehne-busse-300x225.jpg\" width=\"300\" height=\"225\" alt=\"\" class=\"wp-image-241367 alignnone size-medium\" \/><\/a>Auch Hebeanlagen f\u00fcr die LKW und Bus Wartung sowie weiterer schwerer Nutzfahrzeuge wie Baumaschinen, landwirtschaftliche Maschinen und Flugzeugschlepper geh\u00f6ren zum Produktionsportfolio von Autolift. Der Vertrieb erfolgt in diesem Bet\u00e4tigungsfeld \u00fcber unsere Schwesterfirma IME Light GmbH. Detaillierte Informationen dazu finden Sie <a href=\"https:\/\/www.ime-light.de\/\" target=\"_blank\" rel=\"noopener\" title=\"IME Light GmbH\">hier<\/a><\/p>\n<p>[\/et_pb_accordion_item][et_pb_accordion_item title=\u00bbElevador de veh\u00edculos m\u00f3vil Profimaster 3000&#8243; _builder_version=\u00bb4.9.4&#8243; _module_preset=\u00bbdefault\u00bb custom_margin=\u00bb||6px||false|false\u00bb custom_padding=\u00bb0px|0px|0px|0px|false|false\u00bb border_width_left=\u00bb5px\u00bb border_color_left=\u00bb#cc0000&#8243; open=\u00bboff\u00bb]<\/p>\n<p><a href=\"https:\/\/www.autolift.info\/wp-content\/uploads\/2021\/05\/ime-autolift-pkw-hebebuehne.jpg\"><img loading=\"lazy\" decoding=\"async\" src=\"https:\/\/www.autolift.info\/wp-content\/uploads\/2021\/05\/ime-autolift-pkw-hebebuehne-300x225.jpg\" width=\"300\" height=\"225\" alt=\"\" class=\"wp-image-241368 alignnone size-medium\" \/><\/a>Die mobile Hebeb\u00fchne Profimaster 3000 erm\u00f6glicht ein ergonomisches Arbeiten im Bereich von Karosserie- und Lackierarbeiten an PKW und Transportern. Detaillierte Informationen dazu finden Sie <a href=\"https:\/\/www.ime-light.de\/\" target=\"_blank\" rel=\"noopener\" title=\"IME Light GmbH\">hier<\/a><\/p>\n<p>[\/et_pb_accordion_item][et_pb_accordion_item title=\u00bbElevador de Maquinaria\u00bb _builder_version=\u00bb4.9.4&#8243; _module_preset=\u00bbdefault\u00bb custom_margin=\u00bb||6px||false|false\u00bb custom_padding=\u00bb0px|0px|0px|0px|false|false\u00bb border_width_left=\u00bb5px\u00bb border_color_left=\u00bb#cc0000&#8243; open=\u00bboff\u00bb]<\/p>\n<p><a href=\"https:\/\/www.autolift.info\/wp-content\/uploads\/2021\/05\/ime-autolift-montagehilfe.jpg\"><img loading=\"lazy\" decoding=\"async\" src=\"https:\/\/www.autolift.info\/wp-content\/uploads\/2021\/05\/ime-autolift-montagehilfe-225x300.jpg\" width=\"225\" height=\"300\" alt=\"\" class=\"wp-image-241370 alignnone size-medium\" \/><\/a><img loading=\"lazy\" decoding=\"async\" src=\"https:\/\/www.autolift.info\/wp-content\/uploads\/2021\/05\/ime-autolift-maschinenheber-300x225.jpg\" width=\"300\" height=\"225\" alt=\"\" class=\"wp-image-241369 alignnone size-medium\" \/>Im Fahrzeug-, Maschinen- und Anlagenbau gibt es immer wieder herausfordernde Problemstellungen f\u00fcr das Heben bzw. Manipulieren von schweren Teilen, die mit herk\u00f6mmlichen Hebemitteln, wie Hallenkranen, Stapler oder Elektro-Ameisen nicht gut gel\u00f6st werden k\u00f6nnen. Da in solchen F\u00e4llen auch oft unter Last gearbeitet werden muss, handelt es sich um ein optimales Bet\u00e4tigungsfeld von Autolift.<\/p>\n<p>Ein gutes Beispiel sind spezielle Maschinenheber f\u00fcr die Montage kompletter Fahrzeugdecken bei Stra\u00dfenbahnen. Dabei wird die einzubauende Fahrzeugdecke von einem Maschinenheber gehalten und das Fahrzeug reingeschoben. Anschlie\u00dfend f\u00e4hrt der Maschinenheber hoch und positioniert das Bauteil. Da sich bei der folgenden Fixierung und Montage Personen unter der Last befinden, sind die selbsthemmenden Hubspindeln die perfekte Hebel\u00f6sung.<\/p>\n<p>[\/et_pb_accordion_item][et_pb_accordion_item title=\u00bbElevadores de tijera giratorios\u00bb _builder_version=\u00bb4.9.4&#8243; _module_preset=\u00bbdefault\u00bb custom_margin=\u00bb||6px||false|false\u00bb custom_padding=\u00bb0px|0px|0px|0px|false|false\u00bb border_width_left=\u00bb5px\u00bb border_color_left=\u00bb#cc0000&#8243; open=\u00bboff\u00bb]<\/p>\n<p><a href=\"https:\/\/www.autolift.info\/wp-content\/uploads\/2021\/05\/ime-autolift-drehbare-scherenbuehne.jpg\"><img loading=\"lazy\" decoding=\"async\" src=\"https:\/\/www.autolift.info\/wp-content\/uploads\/2021\/05\/ime-autolift-drehbare-scherenbuehne-300x225.jpg\" width=\"300\" height=\"225\" alt=\"\" class=\"wp-image-241371 alignnone size-medium\" \/><\/a>Eine Kombination unserer Drehscheiben mit unseren Scherenb\u00fchnen.<\/p>\n<p>[\/et_pb_accordion_item][et_pb_accordion_item title=\u00bbCarga de Veh\u00edculos\u00bb _builder_version=\u00bb4.9.4&#8243; _module_preset=\u00bbdefault\u00bb custom_margin=\u00bb||6px||false|false\u00bb custom_padding=\u00bb0px|0px|0px|0px|false|false\u00bb border_width_left=\u00bb5px\u00bb border_color_left=\u00bb#cc0000&#8243; open=\u00bboff\u00bb]<\/p>\n<p><a href=\"https:\/\/www.autolift.info\/wp-content\/uploads\/2021\/05\/ime-autolift-autoverladung.jpg\"><img loading=\"lazy\" decoding=\"async\" src=\"https:\/\/www.autolift.info\/wp-content\/uploads\/2021\/05\/ime-autolift-autoverladung-300x225.jpg\" width=\"300\" height=\"225\" alt=\"\" class=\"wp-image-241372 alignnone size-medium\" \/><\/a>F\u00fcr eine rasche Verladung von Autos auf Schiffe oder Eisenbahnwaggons sind h\u00f6henverstellbare Laderampen notwendig. Da sich auf und unter diesen Rampen Personen befinden, sind die Sicherheitsanforderungen entsprechend hoch. Das ist unser Thema: Sicheres Heben schwerer Lasten, unter denen sich Personen befinden.<\/p>\n<p>[\/et_pb_accordion_item][\/et_pb_accordion][\/et_pb_column][\/et_pb_row][\/et_pb_section]<\/p>\n","protected":false},"excerpt":{"rendered":"<p>Equipos especialesSiempre que se levanten cargas pesadas y se realicen trabajos bajo ellas, estaremos encantados de aportar nuestros conocimientos y experiencia. Gracias a nuestro amplio departamento de desarrollo, tanto en el \u00e1rea mec\u00e1nica como en la el\u00e9ctrica y de software, estamos en condiciones de responder a solicitudes especiales o de desarrollar dispositivos especiales.Ein weiteres wichtiges [&hellip;]<\/p>\n","protected":false},"author":1,"featured_media":0,"parent":243005,"menu_order":70,"comment_status":"closed","ping_status":"closed","template":"","meta":{"_et_pb_use_builder":"on","_et_pb_old_content":"","_et_gb_content_width":"","footnotes":""},"class_list":["post-242580","page","type-page","status-publish","hentry"],"_links":{"self":[{"href":"https:\/\/www.autolift.info\/es\/wp-json\/wp\/v2\/pages\/242580","targetHints":{"allow":["GET"]}}],"collection":[{"href":"https:\/\/www.autolift.info\/es\/wp-json\/wp\/v2\/pages"}],"about":[{"href":"https:\/\/www.autolift.info\/es\/wp-json\/wp\/v2\/types\/page"}],"author":[{"embeddable":true,"href":"https:\/\/www.autolift.info\/es\/wp-json\/wp\/v2\/users\/1"}],"replies":[{"embeddable":true,"href":"https:\/\/www.autolift.info\/es\/wp-json\/wp\/v2\/comments?post=242580"}],"version-history":[{"count":5,"href":"https:\/\/www.autolift.info\/es\/wp-json\/wp\/v2\/pages\/242580\/revisions"}],"predecessor-version":[{"id":243323,"href":"https:\/\/www.autolift.info\/es\/wp-json\/wp\/v2\/pages\/242580\/revisions\/243323"}],"up":[{"embeddable":true,"href":"https:\/\/www.autolift.info\/es\/wp-json\/wp\/v2\/pages\/243005"}],"wp:attachment":[{"href":"https:\/\/www.autolift.info\/es\/wp-json\/wp\/v2\/media?parent=242580"}],"curies":[{"name":"wp","href":"https:\/\/api.w.org\/{rel}","templated":true}]}}