{"id":242529,"date":"2021-06-07T14:04:25","date_gmt":"2021-06-07T12:04:25","guid":{"rendered":"https:\/\/www.autolift.info\/unidades-de-elevacion-bajo-suelo\/"},"modified":"2023-04-12T12:57:41","modified_gmt":"2023-04-12T10:57:41","slug":"unidades-de-elevacion-bajo-suelo","status":"publish","type":"page","link":"https:\/\/www.autolift.info\/es\/productos\/unidades-de-elevacion-bajo-suelo\/","title":{"rendered":"Unidades de elevaci\u00f3n por debajo del suelo"},"content":{"rendered":"<p>[et_pb_section fb_built=\u00bb1&#8243; _builder_version=\u00bb4.9.4&#8243; _module_preset=\u00bbdefault\u00bb background_color=\u00bbgcid-1e316c67-09f0-49b6-a876-cbbe87afea32&#8243; background_image=\u00bbhttps:\/\/www.autolift.info\/wp-content\/uploads\/2021\/05\/ime-autolift-cantilever.jpg\u00bb background_position=\u00bbbottom_center\u00bb height=\u00bb600px\u00bb custom_padding=\u00bb256px||256px||true|false\u00bb locked=\u00bboff\u00bb global_colors_info=\u00bb{%22gcid-1e316c67-09f0-49b6-a876-cbbe87afea32%22:%91%22background_color%22%93}\u00bb][\/et_pb_section][et_pb_section fb_built=\u00bb1&#8243; _builder_version=\u00bb4.9.3&#8243; _module_preset=\u00bbdefault\u00bb background_color=\u00bbRGBA(0,0,0,0)\u00bb custom_padding=\u00bb0px||||false|false\u00bb locked=\u00bboff\u00bb][et_pb_row use_custom_gutter=\u00bbon\u00bb gutter_width=\u00bb1&#8243; _builder_version=\u00bb4.9.4&#8243; _module_preset=\u00bbdefault\u00bb background_color=\u00bb#FFFFFF\u00bb module_alignment=\u00bbcenter\u00bb min_height=\u00bb114px\u00bb custom_margin=\u00bb-90px||||false|false\u00bb custom_padding=\u00bb0px||||false|true\u00bb animation_direction=\u00bbbottom\u00bb custom_css_main_element=\u00bbz-index:10;\u00bb][et_pb_column type=\u00bb4_4&#8243; _builder_version=\u00bb4.9.1&#8243; _module_preset=\u00bbdefault\u00bb][et_pb_text admin_label=\u00bbMobile Hebeb\u00f6cke\u00bb module_class=\u00bbime-pattern-rot\u00bb _builder_version=\u00bb4.9.4&#8243; _module_preset=\u00bbdefault\u00bb text_font=\u00bb||||||||\u00bb header_font=\u00bb||||||||\u00bb header_text_color=\u00bbgcid-01af1b29-4bf7-44fe-a473-50909a3a5b27&#8243; header_2_font=\u00bb|800||on|||||\u00bb header_2_text_color=\u00bbgcid-4ebc9de5-e061-4b45-94a8-080fa0de0610&#8243; header_2_font_size=\u00bb40px\u00bb header_3_font=\u00bb|700||on|||||\u00bb header_3_font_size=\u00bb40px\u00bb background_size=\u00bbinitial\u00bb background_repeat=\u00bbrepeat\u00bb background_blend=\u00bbdifference\u00bb custom_padding=\u00bb25px||15px|30px|false|false\u00bb header_2_font_size_tablet=\u00bb30px\u00bb header_2_font_size_phone=\u00bb24px\u00bb header_2_font_size_last_edited=\u00bbon|desktop\u00bb global_colors_info=\u00bb{%22gcid-7df05597-327a-4e7a-9bc4-7a2456ed480c%22:%91%93,%22gcid-01af1b29-4bf7-44fe-a473-50909a3a5b27%22:%91%22header_text_color%22%93,%22gcid-4ebc9de5-e061-4b45-94a8-080fa0de0610%22:%91%22header_2_text_color%22%93,%22gcid-07156617-efbb-4c8c-80ba-1d2279245b1d%22:%91%93}\u00bb]<\/p>\n<h2 class=\"western\">Unidades de elevaci\u00f3n por debajo del suelo<\/h2>\n<p>[\/et_pb_text][\/et_pb_column][\/et_pb_row][et_pb_row _builder_version=\u00bb4.9.3&#8243; _module_preset=\u00bbdefault\u00bb background_color=\u00bb#FFFFFF\u00bb custom_padding=\u00bb|30px||30px|false|true\u00bb locked=\u00bboff\u00bb][et_pb_column type=\u00bb4_4&#8243; _builder_version=\u00bb4.9.3&#8243; _module_preset=\u00bbdefault\u00bb][et_pb_text admin_label=\u00bbMobile Hebeb\u00f6cke sind die einfachste Art\u00bb _builder_version=\u00bb4.9.4&#8243; _module_preset=\u00bbdefault\u00bb]<\/p>\n<p>En comparaci\u00f3n con los gatos de elevaci\u00f3n m\u00f3viles, los sistemas de elevaci\u00f3n por bajo suelo tienen la gran ventaja de que no se restringe el espacio cuando no se utilizan. El sistema est\u00e1 bien guardado en el foso y la zona de trabajo que se encuentra encima puede utilizarse, conducirse y pisarse sin ning\u00fan obst\u00e1culo. <\/p>\n<p>Distinguimos y ofrecemos dos tipos b\u00e1sicos de soportes de elevaci\u00f3n bajo el suelo:<\/p>\n<p>Puestos de elevaci\u00f3n con vigas de elevaci\u00f3n verticales directamente bajo el carril de elevaci\u00f3n o el carril de elevaci\u00f3n en dise\u00f1o de voladizo (conocido en el comercio como dise\u00f1o de voladizo) para empujar los bogies.<\/p>\n<p>Ofrecemos ambos dise\u00f1os de pie en el suelo del foso o colgados en vigas transversales:<\/p>\n<p>[\/et_pb_text][\/et_pb_column][\/et_pb_row][et_pb_row column_structure=\u00bb1_2,1_2&#8243; _builder_version=\u00bb4.9.4&#8243; _module_preset=\u00bbdefault\u00bb][et_pb_column type=\u00bb1_2&#8243; _builder_version=\u00bb4.9.4&#8243; _module_preset=\u00bbdefault\u00bb][et_pb_blurb url=\u00bbhttps:\/\/www.autolift.info\/es\/productos\/unidades-de-elevacion-bajo-suelo\/unidades-de-elevacion-bajo-suelo-de-pie\/\u00bb use_icon=\u00bbon\u00bb font_icon=\u00bb%%3%%\u00bb icon_color=\u00bbgcid-1e316c67-09f0-49b6-a876-cbbe87afea32&#8243; use_circle=\u00bbon\u00bb circle_color=\u00bb#FFFFFF\u00bb use_circle_border=\u00bbon\u00bb circle_border_color=\u00bbgcid-1e316c67-09f0-49b6-a876-cbbe87afea32&#8243; icon_placement=\u00bbleft\u00bb use_icon_font_size=\u00bbon\u00bb icon_font_size=\u00bb15px\u00bb admin_label=\u00bbStehende Unterflurhebeanlagen\u00bb module_class=\u00bbblurb-produkte\u00bb _builder_version=\u00bb4.9.4&#8243; _module_preset=\u00bbdefault\u00bb custom_margin=\u00bb0px||8px||false|false\u00bb animation=\u00bboff\u00bb link_option_url=\u00bbhttps:\/\/www.autolift.info\/es\/productos\/unidades-de-elevacion-bajo-suelo\/unidades-de-elevacion-bajo-suelo-de-pie\/\u00bb hover_enabled=\u00bb0&#8243; global_colors_info=\u00bb{%22gcid-1e316c67-09f0-49b6-a876-cbbe87afea32%22:%91%22icon_color%22,%22circle_border_color%22%93}\u00bb sticky_enabled=\u00bb0&#8243;]<\/p>\n<p>Unidades de elevaci\u00f3n bajo suelo de pie<\/p>\n<p>[\/et_pb_blurb][\/et_pb_column][et_pb_column type=\u00bb1_2&#8243; _builder_version=\u00bb4.9.4&#8243; _module_preset=\u00bbdefault\u00bb][et_pb_blurb url=\u00bbhttps:\/\/www.autolift.info\/es\/productos\/unidades-de-elevacion-bajo-suelo\/unidades-de-elevacion-bajo-suelo-colgantes\/\u00bb use_icon=\u00bbon\u00bb font_icon=\u00bb%%3%%\u00bb icon_color=\u00bbgcid-1e316c67-09f0-49b6-a876-cbbe87afea32&#8243; use_circle=\u00bbon\u00bb circle_color=\u00bb#FFFFFF\u00bb use_circle_border=\u00bbon\u00bb circle_border_color=\u00bbgcid-1e316c67-09f0-49b6-a876-cbbe87afea32&#8243; icon_placement=\u00bbleft\u00bb use_icon_font_size=\u00bbon\u00bb icon_font_size=\u00bb15px\u00bb admin_label=\u00bbH\u00e4ngende Unterflurhebeanlagen\u00bb module_class=\u00bbblurb-produkte\u00bb _builder_version=\u00bb4.9.4&#8243; _module_preset=\u00bbdefault\u00bb custom_margin=\u00bb0px||8px||false|false\u00bb animation=\u00bboff\u00bb link_option_url=\u00bbhttps:\/\/www.autolift.info\/es\/productos\/unidades-de-elevacion-bajo-suelo\/unidades-de-elevacion-bajo-suelo-colgantes\/\u00bb hover_enabled=\u00bb0&#8243; global_colors_info=\u00bb{%22gcid-1e316c67-09f0-49b6-a876-cbbe87afea32%22:%91%22icon_color%22,%22circle_border_color%22%93}\u00bb sticky_enabled=\u00bb0&#8243;]<\/p>\n<p>Unidades de Elevaci\u00f3n bajo suelo colgantes<\/p>\n<p>[\/et_pb_blurb][\/et_pb_column][\/et_pb_row][\/et_pb_section]<\/p>\n","protected":false},"excerpt":{"rendered":"<p>Unidades de elevaci\u00f3n por debajo del sueloEn comparaci\u00f3n con los gatos de elevaci\u00f3n m\u00f3viles, los sistemas de elevaci\u00f3n por bajo suelo tienen la gran ventaja de que no se restringe el espacio cuando no se utilizan. El sistema est\u00e1 bien guardado en el foso y la zona de trabajo que se encuentra encima puede utilizarse, [&hellip;]<\/p>\n","protected":false},"author":1,"featured_media":0,"parent":243005,"menu_order":30,"comment_status":"closed","ping_status":"closed","template":"","meta":{"_et_pb_use_builder":"on","_et_pb_old_content":"","_et_gb_content_width":"","footnotes":""},"class_list":["post-242529","page","type-page","status-publish","hentry"],"_links":{"self":[{"href":"https:\/\/www.autolift.info\/es\/wp-json\/wp\/v2\/pages\/242529","targetHints":{"allow":["GET"]}}],"collection":[{"href":"https:\/\/www.autolift.info\/es\/wp-json\/wp\/v2\/pages"}],"about":[{"href":"https:\/\/www.autolift.info\/es\/wp-json\/wp\/v2\/types\/page"}],"author":[{"embeddable":true,"href":"https:\/\/www.autolift.info\/es\/wp-json\/wp\/v2\/users\/1"}],"replies":[{"embeddable":true,"href":"https:\/\/www.autolift.info\/es\/wp-json\/wp\/v2\/comments?post=242529"}],"version-history":[{"count":11,"href":"https:\/\/www.autolift.info\/es\/wp-json\/wp\/v2\/pages\/242529\/revisions"}],"predecessor-version":[{"id":247122,"href":"https:\/\/www.autolift.info\/es\/wp-json\/wp\/v2\/pages\/242529\/revisions\/247122"}],"up":[{"embeddable":true,"href":"https:\/\/www.autolift.info\/es\/wp-json\/wp\/v2\/pages\/243005"}],"wp:attachment":[{"href":"https:\/\/www.autolift.info\/es\/wp-json\/wp\/v2\/media?parent=242529"}],"curies":[{"name":"wp","href":"https:\/\/api.w.org\/{rel}","templated":true}]}}