{"id":242520,"date":"2021-06-07T14:00:33","date_gmt":"2021-06-07T12:00:33","guid":{"rendered":"https:\/\/www.autolift.info\/disenos-especiales\/"},"modified":"2021-06-07T14:04:17","modified_gmt":"2021-06-07T12:04:17","slug":"disenos-especiales","status":"publish","type":"page","link":"https:\/\/www.autolift.info\/es\/productos\/gatos-de-elevacion-moviles\/disenos-especiales\/","title":{"rendered":"Dise\u00f1os especiales"},"content":{"rendered":"<p>[et_pb_section fb_built=\u00bb1&#8243; admin_label=\u00bbhero\u00bb _builder_version=\u00bb4.9.4&#8243; _module_preset=\u00bbdefault\u00bb background_color=\u00bb#ECECEC\u00bb background_image=\u00bbhttps:\/\/www.autolift.info\/wp-content\/uploads\/2021\/04\/kabellose_mobile_hebeeinrichtung_autolift.jpg\u00bb height=\u00bb600px\u00bb custom_padding=\u00bb0px||0px||true|false\u00bb locked=\u00bboff\u00bb global_colors_info=\u00bb{%22gcid-1e316c67-09f0-49b6-a876-cbbe87afea32%22:%91%93}\u00bb][\/et_pb_section][et_pb_section fb_built=\u00bb1&#8243; _builder_version=\u00bb4.9.3&#8243; _module_preset=\u00bbdefault\u00bb background_color=\u00bbRGBA(0,0,0,0)\u00bb custom_padding=\u00bb0px||||false|false\u00bb locked=\u00bboff\u00bb][et_pb_row use_custom_gutter=\u00bbon\u00bb gutter_width=\u00bb1&#8243; _builder_version=\u00bb4.9.4&#8243; _module_preset=\u00bbdefault\u00bb background_color=\u00bb#FFFFFF\u00bb module_alignment=\u00bbcenter\u00bb min_height=\u00bb114px\u00bb custom_margin=\u00bb-90px||||false|false\u00bb custom_padding=\u00bb0px||||false|true\u00bb animation_direction=\u00bbbottom\u00bb custom_css_main_element=\u00bbz-index:10;\u00bb][et_pb_column type=\u00bb4_4&#8243; _builder_version=\u00bb4.9.1&#8243; _module_preset=\u00bbdefault\u00bb][et_pb_text admin_label=\u00bbSonderausf\u00fchrungen\u00bb module_class=\u00bbime-pattern-rot\u00bb _builder_version=\u00bb4.9.4&#8243; _module_preset=\u00bbdefault\u00bb text_font=\u00bb||||||||\u00bb header_font=\u00bb||||||||\u00bb header_text_color=\u00bbgcid-01af1b29-4bf7-44fe-a473-50909a3a5b27&#8243; header_2_font=\u00bb|800||on|||||\u00bb header_2_text_color=\u00bbgcid-4ebc9de5-e061-4b45-94a8-080fa0de0610&#8243; header_2_font_size=\u00bb40px\u00bb header_3_font=\u00bb|700||on|||||\u00bb header_3_font_size=\u00bb40px\u00bb background_size=\u00bbinitial\u00bb background_repeat=\u00bbrepeat\u00bb background_blend=\u00bbdifference\u00bb custom_padding=\u00bb25px||15px|30px|false|false\u00bb header_2_font_size_tablet=\u00bb30px\u00bb header_2_font_size_phone=\u00bb24px\u00bb header_2_font_size_last_edited=\u00bbon|desktop\u00bb global_colors_info=\u00bb{%22gcid-7df05597-327a-4e7a-9bc4-7a2456ed480c%22:%91%93,%22gcid-01af1b29-4bf7-44fe-a473-50909a3a5b27%22:%91%22header_text_color%22%93,%22gcid-4ebc9de5-e061-4b45-94a8-080fa0de0610%22:%91%22header_2_text_color%22%93,%22gcid-07156617-efbb-4c8c-80ba-1d2279245b1d%22:%91%93}\u00bb]<\/p>\n<h2>Dise\u00f1os especiales<\/h2>\n<p>[\/et_pb_text][\/et_pb_column][\/et_pb_row][et_pb_row _builder_version=\u00bb4.9.3&#8243; _module_preset=\u00bbdefault\u00bb background_color=\u00bb#FFFFFF\u00bb custom_padding=\u00bb|30px||30px|false|true\u00bb locked=\u00bboff\u00bb][et_pb_column type=\u00bb4_4&#8243; _builder_version=\u00bb4.9.3&#8243; _module_preset=\u00bbdefault\u00bb][et_pb_text admin_label=\u00bbDank der gro\u00dfen Entwicklungsabteilung mit aktuell 10 mechanischen\u00bb _builder_version=\u00bb4.9.4&#8243; _module_preset=\u00bbdefault\u00bb custom_margin=\u00bb||0px||false|false\u00bb]Gracias al amplio departamento de desarrollo, que cuenta actualmente con 10 dise\u00f1adores mec\u00e1nicos y 6 desarrolladores de software, Autolift est\u00e1 en condiciones de responder a las peticiones especiales de los clientes. Esta orientaci\u00f3n al cliente y el entusiasmo por el desarrollo se reflejan tambi\u00e9n en la amplia gama de productos. He aqu\u00ed algunos ejemplos:[\/et_pb_text][\/et_pb_column][\/et_pb_row][\/et_pb_section][et_pb_section fb_built=\u00bb1&#8243; admin_label=\u00bbAccordion\u00bb _builder_version=\u00bb4.9.4&#8243; _module_preset=\u00bbdefault\u00bb background_enable_color=\u00bboff\u00bb custom_margin=\u00bb0px||||false|false\u00bb custom_padding=\u00bb0px||||false|false\u00bb][et_pb_row _builder_version=\u00bb4.9.4&#8243; _module_preset=\u00bbdefault\u00bb custom_margin=\u00bb0px||0px||false|false\u00bb custom_padding=\u00bb0px||0px||false|false\u00bb][et_pb_column type=\u00bb4_4&#8243; _builder_version=\u00bb4.5.3&#8243; _module_preset=\u00bbdefault\u00bb][et_pb_accordion icon_color=\u00bb#ffffff\u00bb admin_label=\u00bbAccordion 9&#8243; module_class=\u00bbdct_faq_v9&#8243; _builder_version=\u00bb4.9.4&#8243; _module_preset=\u00bbdefault\u00bb toggle_text_color=\u00bb#333&#8243; toggle_font=\u00bb|700||on|||||\u00bb body_text_color=\u00bb#666464&#8243; hover_enabled=\u00bb0&#8243; custom_css_toggle_title=\u00bbborder-top: 0;||background: #eee;||border-bottom: 1px solid transparent;||display: block;||padding: 14px 40px;||position: relative;\u00bb custom_css_toggle_icon=\u00bbcontent: %22%924c%22;||\tfont-family: ETmodules!important;||top: 10px;||\tright: 0;||\tfont-size: 22px;||\tline-height: 24px;||\tdisplay: block!important;||\t-webkit-box-sizing: border-box;||\t-moz-box-sizing: border-box;||\tbox-sizing: border-box;||\tfont-weight: 700;||\tbackground: #cc0000;||\tpadding: 10px\u00bb custom_css_toggle_content=\u00bbborder-top: 0 none;||background: #eee;||padding: 15px 27px;\u00bb locked=\u00bboff\u00bb sticky_enabled=\u00bb0&#8243;][et_pb_accordion_item title=\u00bbSistemas de gatos de elevaci\u00f3n con control inal\u00e1mbrico\u00bb open=\u00bbon\u00bb _builder_version=\u00bb4.9.4&#8243; _module_preset=\u00bbdefault\u00bb custom_margin=\u00bb||6px||false|false\u00bb custom_padding=\u00bb0px|0px|0px|0px|false|false\u00bb hover_enabled=\u00bb0&#8243; border_width_left=\u00bb5px\u00bb border_color_left=\u00bb#cc0000&#8243; sticky_enabled=\u00bb0&#8243;]<\/p>\n<p><a href=\"https:\/\/www.autolift.info\/wp-content\/uploads\/2021\/05\/mobile_hebeeinrichtung_gliederzug_autolift_06.jpg\"><img loading=\"lazy\" decoding=\"async\" class=\"wp-image-241220 alignnone size-medium\" src=\"https:\/\/www.autolift.info\/wp-content\/uploads\/2021\/05\/mobile_hebeeinrichtung_gliederzug_autolift_06-300x225.jpg\" alt=\"Sistemas de gatos de elevaci\u00f3n con control inal\u00e1mbrico\" width=\"300\" height=\"225\"><\/a><a href=\"https:\/\/www.autolift.info\/wp-content\/uploads\/2021\/05\/ime-autolift-kabellose-mobile-hebeeinrichtung.jpg\"><img loading=\"lazy\" decoding=\"async\" class=\"wp-image-241341 alignnone size-medium\" src=\"https:\/\/www.autolift.info\/wp-content\/uploads\/2021\/05\/ime-autolift-kabellose-mobile-hebeeinrichtung-300x225.jpg\" alt=\"ime-autolift-kabellose-mobile-hebeeinrichtung\" width=\"300\" height=\"225\"><\/a>Para la elevaci\u00f3n sincronizada de varios gatos, as\u00ed como para la supervisi\u00f3n y el control del equipo de seguridad, los gatos de levante deben estar conectados el\u00e9ctricamente al panel de control. Esto puede hacerse por cable o por enlace de radio, es decir, de forma inal\u00e1mbrica. En este caso, no hay puntos de tropiezo, no hay que tender cables sobre las v\u00edas y se es mucho m\u00e1s flexible, ya que el sistema de gatos de elevaci\u00f3n con hasta 28 columnas de elevaci\u00f3n o unidades parciales de los mismos puede utilizarse de forma flexible en diferentes v\u00edas.  <\/p>\n<p>[\/et_pb_accordion_item][et_pb_accordion_item title=\u00bbSistema inal\u00e1mbrico maestro\/esclavo\u00bb _builder_version=\u00bb4.9.4&#8243; _module_preset=\u00bbdefault\u00bb custom_margin=\u00bb||6px||false|false\u00bb custom_padding=\u00bb0px|0px|0px|0px|false|false\u00bb border_width_left=\u00bb5px\u00bb border_color_left=\u00bb#cc0000&#8243; open=\u00bboff\u00bb]B\u00e1sicamente, una combinaci\u00f3n maestro\/esclavo es un sistema con 2 paneles de control. Uno para cada lado de la v\u00eda. Esto tiene la ventaja de que el trazado puede ponerse en marcha de forma sincronizada desde ambos lados de la v\u00eda y no hay que ir al otro lado. Si la conexi\u00f3n necesaria entre las dos consolas se realiza por radio, no es necesario cablear por encima o por debajo de la v\u00eda.   <\/p>\n<p>El sistema de panel de control maestro\/esclavo suele elegirse para instalaciones m\u00e1s grandes, ya que es posible dividir la instalaci\u00f3n gracias a los dos paneles de control. Por ejemplo, un sistema de 16 columnas puede dividirse en dos sistemas de 8 columnas cada uno, que pueden utilizarse de forma independiente.[\/et_pb_accordion_item][et_pb_accordion_item title=\u00bbGatos de elevaci\u00f3n de doble husillo\u00bb _builder_version=\u00bb4.9.4&#8243; _module_preset=\u00bbdefault\u00bb custom_margin=\u00bb||6px||false|false\u00bb custom_padding=\u00bb0px|0px|0px|0px|false|false\u00bb border_width_left=\u00bb5px\u00bb border_color_left=\u00bb#cc0000&#8243; open=\u00bboff\u00bb]<\/p>\n<p><a href=\"https:\/\/www.autolift.info\/wp-content\/uploads\/2021\/05\/ime-autolift-doppelspindel-hebebock.jpg\"><img loading=\"lazy\" decoding=\"async\" src=\"https:\/\/www.autolift.info\/wp-content\/uploads\/2021\/05\/ime-autolift-doppelspindel-hebebock-300x225.jpg\" width=\"300\" height=\"225\" alt=\"\" class=\"wp-image-241354 alignnone size-medium\"><\/a>Si el punto de recogida de la carrocer\u00eda est\u00e1 en la zona del bogie, los gatos de elevaci\u00f3n de doble husillo son la soluci\u00f3n ideal para separar el bogie de la carrocer\u00eda. Con esta soluci\u00f3n especial, los husillos, incluido el sistema de tuercas, y el carro de desplazamiento est\u00e1n dispuestos uno detr\u00e1s del otro o al lado y se apoyan en la misma unidad de columna.  <\/p>\n<p>[\/et_pb_accordion_item][et_pb_accordion_item title=\u00bbGatos de Elevaci\u00f3n a bater\u00eda\u00bb _builder_version=\u00bb4.9.4&#8243; _module_preset=\u00bbdefault\u00bb custom_margin=\u00bb||6px||false|false\u00bb custom_padding=\u00bb0px|0px|0px|0px|false|false\u00bb border_width_left=\u00bb5px\u00bb border_color_left=\u00bb#cc0000&#8243; open=\u00bboff\u00bb]<\/p>\n<p><a href=\"https:\/\/www.autolift.info\/wp-content\/uploads\/2021\/05\/ime-autolift-batteriebetriebener-hebebock.jpg\"><img loading=\"lazy\" decoding=\"async\" src=\"https:\/\/www.autolift.info\/wp-content\/uploads\/2021\/05\/ime-autolift-batteriebetriebener-hebebock-225x300.jpg\" width=\"225\" height=\"300\" alt=\"\" class=\"wp-image-241355 alignnone size-medium\"><\/a>Para un proyecto especial en Rusia, Autolift desarroll\u00f3 gatos de elevaci\u00f3n de 8 toneladas alimentados por bater\u00edas. Se utilizan en una zona sin suministro el\u00e9ctrico, por lo que al cliente le result\u00f3 m\u00e1s f\u00e1cil equipar los gatos con bater\u00edas en lugar de cablear la zona. S\u00f3lo las bater\u00edas se trasladan a otra zona para su recarga. Dado que los gatos se comunican entre s\u00ed mediante un mando a distancia por radio, el sistema no necesita ning\u00fan cable.   <\/p>\n<p>A trav\u00e9s de este proyecto, Autolift ha adquirido m\u00e1s experiencia y ampliado sus conocimientos t\u00e9cnicos, que sin duda ser\u00e1n cada vez m\u00e1s \u00fatiles en el futuro en el desarrollo r\u00e1pido del uso de las bater\u00edas.<\/p>\n<p>[\/et_pb_accordion_item][et_pb_accordion_item title=\u00bbAjuste de la u\u00f1a bajo carga\u00bb _builder_version=\u00bb4.9.4&#8243; _module_preset=\u00bbdefault\u00bb custom_margin=\u00bb||6px||false|false\u00bb custom_padding=\u00bb0px|0px|0px|0px|false|false\u00bb border_width_left=\u00bb5px\u00bb border_color_left=\u00bb#cc0000&#8243; open=\u00bboff\u00bb]<\/p>\n<p><a href=\"https:\/\/www.autolift.info\/wp-content\/uploads\/2021\/05\/ime-autolift-verstellung-unter-last.jpg\"><img loading=\"lazy\" decoding=\"async\" src=\"https:\/\/www.autolift.info\/wp-content\/uploads\/2021\/05\/ime-autolift-verstellung-unter-last-300x225.jpg\" width=\"300\" height=\"225\" alt=\"\" class=\"wp-image-241356 alignnone size-medium\"><\/a>Para el cambio de bogies, se recomienda la opci\u00f3n \u00abAjuste de la placa de carga bajo carga\u00bb. Con ello -seg\u00fan la versi\u00f3n manual o motorizada- la caja completa del vag\u00f3n se desplaza transversalmente al eje de la v\u00eda mediante peque\u00f1os husillos en el recept\u00e1culo de carga y se compensa cualquier desalineaci\u00f3n. <\/p>\n<p>[\/et_pb_accordion_item][\/et_pb_accordion][\/et_pb_column][\/et_pb_row][\/et_pb_section]<\/p>\n","protected":false},"excerpt":{"rendered":"<p>Dise\u00f1os especialesGracias al amplio departamento de desarrollo, que cuenta actualmente con 10 dise\u00f1adores mec\u00e1nicos y 6 desarrolladores de software, Autolift est\u00e1 en condiciones de responder a las peticiones especiales de los clientes. Esta orientaci\u00f3n al cliente y el entusiasmo por el desarrollo se reflejan tambi\u00e9n en la amplia gama de productos. He aqu\u00ed algunos ejemplos:Para [&hellip;]<\/p>\n","protected":false},"author":1,"featured_media":0,"parent":242605,"menu_order":6,"comment_status":"closed","ping_status":"closed","template":"","meta":{"_et_pb_use_builder":"on","_et_pb_old_content":"","_et_gb_content_width":"","footnotes":""},"class_list":["post-242520","page","type-page","status-publish","hentry"],"_links":{"self":[{"href":"https:\/\/www.autolift.info\/es\/wp-json\/wp\/v2\/pages\/242520","targetHints":{"allow":["GET"]}}],"collection":[{"href":"https:\/\/www.autolift.info\/es\/wp-json\/wp\/v2\/pages"}],"about":[{"href":"https:\/\/www.autolift.info\/es\/wp-json\/wp\/v2\/types\/page"}],"author":[{"embeddable":true,"href":"https:\/\/www.autolift.info\/es\/wp-json\/wp\/v2\/users\/1"}],"replies":[{"embeddable":true,"href":"https:\/\/www.autolift.info\/es\/wp-json\/wp\/v2\/comments?post=242520"}],"version-history":[{"count":5,"href":"https:\/\/www.autolift.info\/es\/wp-json\/wp\/v2\/pages\/242520\/revisions"}],"predecessor-version":[{"id":242528,"href":"https:\/\/www.autolift.info\/es\/wp-json\/wp\/v2\/pages\/242520\/revisions\/242528"}],"up":[{"embeddable":true,"href":"https:\/\/www.autolift.info\/es\/wp-json\/wp\/v2\/pages\/242605"}],"wp:attachment":[{"href":"https:\/\/www.autolift.info\/es\/wp-json\/wp\/v2\/media?parent=242520"}],"curies":[{"name":"wp","href":"https:\/\/api.w.org\/{rel}","templated":true}]}}