{"id":242475,"date":"2021-06-07T13:06:17","date_gmt":"2021-06-07T11:06:17","guid":{"rendered":"https:\/\/www.autolift.info\/empresa\/"},"modified":"2021-07-09T09:46:04","modified_gmt":"2021-07-09T07:46:04","slug":"empresa","status":"publish","type":"page","link":"https:\/\/www.autolift.info\/es\/empresa\/","title":{"rendered":"Empresa"},"content":{"rendered":"<p>[et_pb_section fb_built=\u00bb1&#8243; admin_label=\u00bbhero\u00bb _builder_version=\u00bb4.9.4&#8243; _module_preset=\u00bbdefault\u00bb background_color=\u00bb#ECECEC\u00bb background_image=\u00bbhttps:\/\/www.autolift.info\/wp-content\/uploads\/2021\/04\/dylan-gillis-KdeqA3aTnBY-unsplash.jpg\u00bb background_position=\u00bbcenter_left\u00bb height=\u00bb600px\u00bb custom_padding=\u00bb0px||0px||true|false\u00bb locked=\u00bboff\u00bb global_colors_info=\u00bb{%22gcid-1e316c67-09f0-49b6-a876-cbbe87afea32%22:%91%93}\u00bb][\/et_pb_section][et_pb_section fb_built=\u00bb1&#8243; _builder_version=\u00bb4.9.3&#8243; _module_preset=\u00bbdefault\u00bb background_color=\u00bbRGBA(0,0,0,0)\u00bb custom_padding=\u00bb0px||||false|false\u00bb locked=\u00bboff\u00bb][et_pb_row use_custom_gutter=\u00bbon\u00bb gutter_width=\u00bb1&#8243; admin_label=\u00bbseitentitel\u00bb _builder_version=\u00bb4.9.4&#8243; _module_preset=\u00bbdefault\u00bb background_color=\u00bb#FFFFFF\u00bb module_alignment=\u00bbcenter\u00bb min_height=\u00bb114px\u00bb custom_margin=\u00bb-90px||||false|false\u00bb custom_padding=\u00bb0px||||false|true\u00bb animation_direction=\u00bbbottom\u00bb custom_css_main_element=\u00bbz-index:10;\u00bb][et_pb_column type=\u00bb4_4&#8243; _builder_version=\u00bb4.9.1&#8243; _module_preset=\u00bbdefault\u00bb][et_pb_text admin_label=\u00bbUnternehmen\u00bb module_class=\u00bbime-pattern-rot\u00bb _builder_version=\u00bb4.9.4&#8243; _module_preset=\u00bbdefault\u00bb text_font=\u00bb||||||||\u00bb header_font=\u00bb||||||||\u00bb header_text_color=\u00bbgcid-01af1b29-4bf7-44fe-a473-50909a3a5b27&#8243; header_2_font=\u00bb|800||on|||||\u00bb header_2_text_color=\u00bbgcid-4ebc9de5-e061-4b45-94a8-080fa0de0610&#8243; header_2_font_size=\u00bb40px\u00bb header_3_font=\u00bb|700||on|||||\u00bb header_3_font_size=\u00bb40px\u00bb background_size=\u00bbinitial\u00bb background_repeat=\u00bbrepeat\u00bb background_blend=\u00bbdifference\u00bb custom_padding=\u00bb25px||15px|30px|false|false\u00bb header_2_font_size_tablet=\u00bb30px\u00bb header_2_font_size_phone=\u00bb24px\u00bb header_2_font_size_last_edited=\u00bbon|desktop\u00bb global_colors_info=\u00bb{%22gcid-7df05597-327a-4e7a-9bc4-7a2456ed480c%22:%91%93,%22gcid-01af1b29-4bf7-44fe-a473-50909a3a5b27%22:%91%22header_text_color%22%93,%22gcid-4ebc9de5-e061-4b45-94a8-080fa0de0610%22:%91%22header_2_text_color%22%93,%22gcid-07156617-efbb-4c8c-80ba-1d2279245b1d%22:%91%93}\u00bb]<\/p>\n<h2>Empresa<\/h2>\n<p>[\/et_pb_text][\/et_pb_column][\/et_pb_row][et_pb_row column_structure=\u00bb3_5,2_5&#8243; use_custom_gutter=\u00bbon\u00bb gutter_width=\u00bb1&#8243; make_equal=\u00bbon\u00bb _builder_version=\u00bb4.9.3&#8243; _module_preset=\u00bbdefault\u00bb background_color=\u00bb#BF111C\u00bb z_index=\u00bb0&#8243; custom_margin=\u00bb50px||50px||true|false\u00bb custom_padding=\u00bb0px|0px|0px|0px|false|true\u00bb locked=\u00bboff\u00bb][et_pb_column type=\u00bb3_5&#8243; _builder_version=\u00bb4.9.3&#8243; _module_preset=\u00bbdefault\u00bb custom_padding=\u00bb||||false|false\u00bb][et_pb_text admin_label=\u00bb35 jahre autolift\u00bb module_class=\u00bbime-pattern-weiss\u00bb _builder_version=\u00bb4.9.4&#8243; _module_preset=\u00bbdefault\u00bb header_font=\u00bb||||||||\u00bb header_3_font=\u00bb|700||on|||||\u00bb header_3_text_color=\u00bb#FFFFFF\u00bb header_3_font_size=\u00bb40px\u00bb background_size=\u00bbinitial\u00bb background_repeat=\u00bbrepeat\u00bb background_blend=\u00bbdifference\u00bb custom_margin=\u00bb30px||30px||true|false\u00bb custom_padding=\u00bb20px|30px|20px|30px|false|true\u00bb locked=\u00bboff\u00bb]<\/p>\n<h3>35 a\u00f1os de Autolift<\/h3>\n<p>[\/et_pb_text][et_pb_text admin_label=\u00bbDie Firma Autolift GmbH oder kurz Autolift\u00bb _builder_version=\u00bb4.9.4&#8243; _module_preset=\u00bbdefault\u00bb text_text_color=\u00bb#FFFFFF\u00bb custom_margin=\u00bb30px|auto|50px|auto|false|true\u00bb custom_padding=\u00bb0px|30px|0px|30px|true|true\u00bb hover_enabled=\u00bb0&#8243; link_text_color=\u00bb#000000&#8243; sticky_enabled=\u00bb0&#8243;]<\/p>\n<p>Autolift GmbH, o Autolift para abreviar, se dedica desde hace m\u00e1s de 35 a\u00f1os a la tecnolog\u00eda de elevaci\u00f3n de veh\u00edculos. Mientras que en los primeros a\u00f1os se centr\u00f3 totalmente en el sector de la <a title=\"ime-light\" href=\"https:\/\/www.ime-light.de\/\" target=\"_blank\" rel=\"noopener\">automoci\u00f3n<\/a>, en los \u00faltimos 15 a\u00f1os la empresa se ha convertido en un actor global en sistemas de elevaci\u00f3n para veh\u00edculos ferroviarios y <a title=\"sistemas de elevaci\u00f3n rotativos\" href=\"https:\/\/drehhebeanlagen.com\/\" target=\"_blank\" rel=\"noopener\">sistemas de elevaci\u00f3n rotativo<\/a>s. <\/p>\n<p>[\/et_pb_text][et_pb_image src=\u00bbhttps:\/\/www.autolift.info\/wp-content\/uploads\/2021\/03\/ime-autolift-logo-railway-lifting-equipment.png\u00bb title_text=\u00bbime-autolift-logo-railway-lifting-equipment\u00bb _builder_version=\u00bb4.9.4&#8243; _module_preset=\u00bbdefault\u00bb positioning=\u00bbabsolute\u00bb position_origin_a=\u00bbtop_right\u00bb vertical_offset=\u00bb20px\u00bb horizontal_offset=\u00bb20px\u00bb z_index=\u00bb100&#8243; width=\u00bb20%\u00bb custom_padding=\u00bb|||0px||\u00bb custom_css_main_element=\u00bbz-index: 100;\u00bb][\/et_pb_image][\/et_pb_column][et_pb_column type=\u00bb2_5&#8243; _builder_version=\u00bb4.9.3&#8243; _module_preset=\u00bbdefault\u00bb background_image=\u00bbhttps:\/\/www.autolift.info\/wp-content\/uploads\/2021\/03\/ime-autolift-salzburg-standort-elixhausen.jpg\u00bb custom_padding_tablet=\u00bb150px||150px||true|false\u00bb custom_padding_phone=\u00bb\u00bb custom_padding_last_edited=\u00bbon|desktop\u00bb custom_css_main_element_last_edited=\u00bbon|phone\u00bb custom_css_main_element_tablet=\u00bbheight: 400px;\u00bb][\/et_pb_column][\/et_pb_row][et_pb_row column_structure=\u00bb3_5,2_5&#8243; use_custom_gutter=\u00bbon\u00bb gutter_width=\u00bb1&#8243; make_equal=\u00bbon\u00bb _builder_version=\u00bb4.9.3&#8243; _module_preset=\u00bbdefault\u00bb background_color=\u00bb#BF111C\u00bb z_index=\u00bb0&#8243; custom_margin=\u00bb50px||50px||true|false\u00bb custom_padding=\u00bb0px|0px|0px|0px|false|true\u00bb][et_pb_column type=\u00bb3_5&#8243; _builder_version=\u00bb4.9.3&#8243; _module_preset=\u00bbdefault\u00bb][et_pb_text admin_label=\u00bb3 in 1&#8243; _builder_version=\u00bb4.9.4&#8243; _module_preset=\u00bbdefault\u00bb header_font=\u00bb||||||||\u00bb header_3_font=\u00bb|700||on|||||\u00bb header_3_text_color=\u00bb#FFFFFF\u00bb header_3_font_size=\u00bb40px\u00bb use_background_color_gradient=\u00bbon\u00bb background_color_gradient_start=\u00bbrgba(0,0,0,0)\u00bb background_color_gradient_end=\u00bbrgba(0,0,0,0)\u00bb background_color_gradient_overlays_image=\u00bbon\u00bb background_size=\u00bbinitial\u00bb background_repeat=\u00bbrepeat\u00bb background_blend=\u00bbdifference\u00bb custom_margin=\u00bb50px||30px||false|false\u00bb custom_padding=\u00bb20px|30px|20px|30px|false|true\u00bb custom_css_main_element=\u00bbbackground-image: linear-gradient(45deg, rgba(250,250,250,0.2) 5.56%, rgba(250,250,250,0) 5.56%, rgba(250,250,250,0) 50%, rgba(250,250,250,0.2) 50%, rgba(250,250,250,0.2) 55.56%, rgba(250,250,250,0) 55.56%, rgba(250,250,250,0) 100%);||background-size: 12.73px 12.73px;||background-repeat:repeat;\u00bb locked=\u00bboff\u00bb]<\/p>\n<h3>3 en 1<\/h3>\n<p>[\/et_pb_text][et_pb_text admin_label=\u00bbAlle 3 Bereiche erg\u00e4nzen einander hervorragend und passen perfekt zu unseren Kernkompetenzen\u00bb _builder_version=\u00bb4.9.4&#8243; _module_preset=\u00bbdefault\u00bb text_text_color=\u00bb#FFFFFF\u00bb custom_margin=\u00bb30px|auto|50px|auto|false|true\u00bb custom_padding=\u00bb0px|30px|0px|30px|true|true\u00bb]<\/p>\n<p>Las tres \u00e1reas se complementan a la perfecci\u00f3n y encajan perfectamente con nuestras competencias principales, la creaci\u00f3n de dise\u00f1os espec\u00edficos para el cliente, la tecnolog\u00eda de accionamiento mediante husillos elevadores autoblocantes y la construcci\u00f3n de cajas de acero y de interruptores. Gracias a la uniformidad de las piezas de gran tama\u00f1o, la producci\u00f3n en serie en el \u00e1mbito de la tecnolog\u00eda de accionamiento y nuestra amplia gama vertical de fabricaci\u00f3n, podemos ofrecer soluciones espec\u00edficas para el cliente, pero al mismo tiempo rentables. <\/p>\n<p>[\/et_pb_text][et_pb_image src=\u00bbhttps:\/\/www.autolift.info\/wp-content\/uploads\/2021\/03\/ime-autolift-logo-railway-lifting-equipment.png\u00bb title_text=\u00bbime-autolift-logo-railway-lifting-equipment\u00bb _builder_version=\u00bb4.9.4&#8243; _module_preset=\u00bbdefault\u00bb positioning=\u00bbabsolute\u00bb position_origin_a=\u00bbtop_right\u00bb vertical_offset=\u00bb20px\u00bb horizontal_offset=\u00bb20px\u00bb z_index=\u00bb100&#8243; width=\u00bb20%\u00bb custom_padding=\u00bb|||0px||\u00bb custom_css_main_element=\u00bbz-index: 100;\u00bb][\/et_pb_image][\/et_pb_column][et_pb_column type=\u00bb2_5&#8243; _builder_version=\u00bb4.9.3&#8243; _module_preset=\u00bbdefault\u00bb background_image=\u00bbhttps:\/\/www.autolift.info\/wp-content\/uploads\/2021\/03\/ime-autolift-seitengruben-hebeboecke.jpg\u00bb custom_padding=\u00bb||||true|false\u00bb custom_css_main_element_last_edited=\u00bbon|phone\u00bb custom_css_main_element_tablet=\u00bbheight:400px;\u00bb][\/et_pb_column][\/et_pb_row][et_pb_row column_structure=\u00bb3_5,2_5&#8243; use_custom_gutter=\u00bbon\u00bb gutter_width=\u00bb1&#8243; make_equal=\u00bbon\u00bb _builder_version=\u00bb4.9.3&#8243; _module_preset=\u00bbdefault\u00bb background_color=\u00bb#BF111C\u00bb z_index=\u00bb0&#8243; custom_margin=\u00bb50px||50px||false|false\u00bb custom_padding=\u00bb0px|0px|0px|0px|false|true\u00bb custom_css_main_element_last_edited=\u00bbon|tablet\u00bb custom_css_main_element_tablet=\u00bbheight: 400px;\u00bb][et_pb_column type=\u00bb3_5&#8243; _builder_version=\u00bb4.9.3&#8243; _module_preset=\u00bbdefault\u00bb][et_pb_text admin_label=\u00bbumsetzungen\u00bb _builder_version=\u00bb4.9.4&#8243; _module_preset=\u00bbdefault\u00bb header_font=\u00bb||||||||\u00bb header_3_font=\u00bb|700||on|||||\u00bb header_3_text_color=\u00bb#FFFFFF\u00bb header_3_font_size=\u00bb40px\u00bb background_enable_image=\u00bboff\u00bb background_size=\u00bbinitial\u00bb background_repeat=\u00bbrepeat\u00bb background_blend=\u00bbdifference\u00bb custom_margin=\u00bb50px||30px||false|false\u00bb custom_padding=\u00bb20px|30px|20px|30px|false|true\u00bb custom_css_main_element=\u00bbbackground-image: linear-gradient(45deg, rgba(250,250,250,0.2) 5.56%, rgba(250,250,250,0) 5.56%, rgba(250,250,250,0) 50%, rgba(250,250,250,0.2) 50%, rgba(250,250,250,0.2) 55.56%, rgba(250,250,250,0) 55.56%, rgba(250,250,250,0) 100%);||background-size: 12.73px 12.73px;||background-repeat:repeat;\u00bb locked=\u00bboff\u00bb]<\/p>\n<h3>implementaciones<\/h3>\n<p>[\/et_pb_text][et_pb_text admin_label=\u00bbDa wir Eigent\u00fcmer gef\u00fchrt sind, werden wesentliche Entscheidungen rasch getroffen\u00bb _builder_version=\u00bb4.9.4&#8243; _module_preset=\u00bbdefault\u00bb text_text_color=\u00bb#FFFFFF\u00bb custom_margin=\u00bb30px|auto|50px|auto|false|true\u00bb custom_padding=\u00bb0px|30px|0px|30px|true|true\u00bb]<\/p>\n<p>Como somos una empresa dirigida por sus propietarios, las decisiones clave se toman r\u00e1pidamente y se aplican de forma selectiva gracias a las jerarqu\u00edas planas. Somos lo suficientemente grandes para ofrecer un equipo potente de desarrollo, un departamento de control de calidad y un experimentado equipo de servicio, pero lo suficientemente \u00abmagros\u00bb como para no quedarnos estancados en deficiencias burocr\u00e1ticas. Es simplemente divertido trabajar en Autolift.  <\/p>\n<p>[\/et_pb_text][et_pb_image src=\u00bbhttps:\/\/www.autolift.info\/wp-content\/uploads\/2021\/03\/ime-autolift-logo-railway-lifting-equipment.png\u00bb title_text=\u00bbime-autolift-logo-railway-lifting-equipment\u00bb _builder_version=\u00bb4.9.4&#8243; _module_preset=\u00bbdefault\u00bb positioning=\u00bbabsolute\u00bb position_origin_a=\u00bbtop_right\u00bb vertical_offset=\u00bb20px\u00bb horizontal_offset=\u00bb20px\u00bb z_index=\u00bb100&#8243; width=\u00bb20%\u00bb custom_padding=\u00bb|||0px||\u00bb custom_css_main_element=\u00bbz-index: 100;\u00bb][\/et_pb_image][\/et_pb_column][et_pb_column type=\u00bb2_5&#8243; _builder_version=\u00bb4.9.3&#8243; _module_preset=\u00bbdefault\u00bb background_image=\u00bbhttps:\/\/www.autolift.info\/wp-content\/uploads\/2021\/03\/workplace-1245776.jpg\u00bb custom_padding=\u00bb||||true|false\u00bb][\/et_pb_column][\/et_pb_row][\/et_pb_section]<\/p>\n","protected":false},"excerpt":{"rendered":"<p>Empresa35 a\u00f1os de AutoliftAutolift GmbH, o Autolift para abreviar, se dedica desde hace m\u00e1s de 35 a\u00f1os a la tecnolog\u00eda de elevaci\u00f3n de veh\u00edculos. Mientras que en los primeros a\u00f1os se centr\u00f3 totalmente en el sector de la automoci\u00f3n, en los \u00faltimos 15 a\u00f1os la empresa se ha convertido en un actor global en sistemas [&hellip;]<\/p>\n","protected":false},"author":1,"featured_media":0,"parent":0,"menu_order":30,"comment_status":"closed","ping_status":"closed","template":"","meta":{"_et_pb_use_builder":"on","_et_pb_old_content":"","_et_gb_content_width":"","footnotes":""},"class_list":["post-242475","page","type-page","status-publish","hentry"],"_links":{"self":[{"href":"https:\/\/www.autolift.info\/es\/wp-json\/wp\/v2\/pages\/242475","targetHints":{"allow":["GET"]}}],"collection":[{"href":"https:\/\/www.autolift.info\/es\/wp-json\/wp\/v2\/pages"}],"about":[{"href":"https:\/\/www.autolift.info\/es\/wp-json\/wp\/v2\/types\/page"}],"author":[{"embeddable":true,"href":"https:\/\/www.autolift.info\/es\/wp-json\/wp\/v2\/users\/1"}],"replies":[{"embeddable":true,"href":"https:\/\/www.autolift.info\/es\/wp-json\/wp\/v2\/comments?post=242475"}],"version-history":[{"count":11,"href":"https:\/\/www.autolift.info\/es\/wp-json\/wp\/v2\/pages\/242475\/revisions"}],"predecessor-version":[{"id":243290,"href":"https:\/\/www.autolift.info\/es\/wp-json\/wp\/v2\/pages\/242475\/revisions\/243290"}],"wp:attachment":[{"href":"https:\/\/www.autolift.info\/es\/wp-json\/wp\/v2\/media?parent=242475"}],"curies":[{"name":"wp","href":"https:\/\/api.w.org\/{rel}","templated":true}]}}