{"id":248902,"date":"2024-02-07T08:38:13","date_gmt":"2024-02-07T07:38:13","guid":{"rendered":"https:\/\/www.autolift.info\/products\/industry-lifting-and-turning-devices\/1-axis-turning-lifting-systems\/"},"modified":"2024-04-25T15:51:19","modified_gmt":"2024-04-25T13:51:19","slug":"1-axis-turning-lifting-systems","status":"publish","type":"page","link":"https:\/\/www.autolift.info\/en\/products\/industry-lifting-and-turning-devices\/1-axis-turning-lifting-systems\/","title":{"rendered":"1-axis turning lifting systems"},"content":{"rendered":"<p>[et_pb_section fb_built=&#8221;1&#8243; admin_label=&#8221;hero&#8221; _builder_version=&#8221;4.24.0&#8243; _module_preset=&#8221;default&#8221; background_color=&#8221;#ECECEC&#8221; background_image=&#8221;https:\/\/www.autolift.info\/wp-content\/uploads\/2024\/01\/DHA-Slider.jpg&#8221; height=&#8221;600px&#8221; custom_padding=&#8221;0px||0px||true|false&#8221; link_option_url=&#8221; https:\/\/www.autolift.info\/produkte\/industrie-drehhebeanlagen\/1-achsige-drehanlagen\/technische-werte\u2026standard-version\/ &#8221; locked=&#8221;off&#8221; global_colors_info=&#8221;{%22gcid-1e316c67-09f0-49b6-a876-cbbe87afea32%22:%91%93}&#8221;][\/et_pb_section][et_pb_section fb_built=&#8221;1&#8243; _builder_version=&#8221;4.16&#8243; _module_preset=&#8221;default&#8221; background_color=&#8221;RGBA(0,0,0,0)&#8221; custom_padding=&#8221;0px||||false|false&#8221; link_option_url=&#8221; https:\/\/www.autolift.info\/produkte\/industrie-drehhebeanlagen\/1-achsige-drehanlagen\/technische-werte\u2026standard-version\/ &#8221; locked=&#8221;off&#8221; global_colors_info=&#8221;{}&#8221;][et_pb_row use_custom_gutter=&#8221;on&#8221; gutter_width=&#8221;1&#8243; _builder_version=&#8221;4.16&#8243; _module_preset=&#8221;default&#8221; background_color=&#8221;#FFFFFF&#8221; module_alignment=&#8221;center&#8221; min_height=&#8221;114px&#8221; custom_margin=&#8221;-90px||||false|false&#8221; custom_padding=&#8221;0px||||false|true&#8221; animation_direction=&#8221;bottom&#8221; link_option_url=&#8221; https:\/\/www.autolift.info\/produkte\/industrie-drehhebeanlagen\/1-achsige-drehanlagen\/technische-werte\u2026standard-version\/ &#8221; custom_css_main_element=&#8221;z-index:10;&#8221; global_colors_info=&#8221;{}&#8221;][et_pb_column type=&#8221;4_4&#8243; _builder_version=&#8221;4.16&#8243; _module_preset=&#8221;default&#8221; link_option_url=&#8221; https:\/\/www.autolift.info\/produkte\/industrie-drehhebeanlagen\/1-achsige-drehanlagen\/technische-werte\u2026standard-version\/ &#8221; global_colors_info=&#8221;{}&#8221;][et_pb_text admin_label=&#8221;Hebeb\u00f6cke f\u00fcr Strassenbahnen&#8221; module_class=&#8221;ime-pattern-rot&#8221; _builder_version=&#8221;4.16&#8243; _module_preset=&#8221;default&#8221; text_font=&#8221;||||||||&#8221; header_font=&#8221;||||||||&#8221; header_text_color=&#8221;gcid-01af1b29-4bf7-44fe-a473-50909a3a5b27&#8243; header_2_font=&#8221;|800||on|||||&#8221; header_2_text_color=&#8221;gcid-4ebc9de5-e061-4b45-94a8-080fa0de0610&#8243; header_2_font_size=&#8221;40px&#8221; header_3_font=&#8221;|700||on|||||&#8221; header_3_font_size=&#8221;40px&#8221; background_size=&#8221;initial&#8221; background_repeat=&#8221;repeat&#8221; background_blend=&#8221;difference&#8221; custom_padding=&#8221;25px||15px|30px|false|false&#8221; link_option_url=&#8221; https:\/\/www.autolift.info\/produkte\/industrie-drehhebeanlagen\/1-achsige-drehanlagen\/technische-werte\u2026standard-version\/ &#8221; header_2_font_size_tablet=&#8221;30px&#8221; header_2_font_size_phone=&#8221;24px&#8221; header_2_font_size_last_edited=&#8221;on|desktop&#8221; global_colors_info=&#8221;{%22gcid-7df05597-327a-4e7a-9bc4-7a2456ed480c%22:%91%93,%22gcid-01af1b29-4bf7-44fe-a473-50909a3a5b27%22:%91%22header_text_color%22%93,%22gcid-4ebc9de5-e061-4b45-94a8-080fa0de0610%22:%91%22header_2_text_color%22%93,%22gcid-07156617-efbb-4c8c-80ba-1d2279245b1d%22:%91%93}&#8221;]<\/p>\n<h2>1-axis turning lifting systems<\/h2>\n<p>[\/et_pb_text][\/et_pb_column][\/et_pb_row][et_pb_row _builder_version=&#8221;4.16&#8243; _module_preset=&#8221;default&#8221; background_color=&#8221;#FFFFFF&#8221; link_option_url=&#8221; https:\/\/www.autolift.info\/produkte\/industrie-drehhebeanlagen\/1-achsige-drehanlagen\/technische-werte\u2026standard-version\/ &#8221; global_colors_info=&#8221;{}&#8221;][et_pb_column type=&#8221;4_4&#8243; _builder_version=&#8221;4.16&#8243; _module_preset=&#8221;default&#8221; link_option_url=&#8221; https:\/\/www.autolift.info\/produkte\/industrie-drehhebeanlagen\/1-achsige-drehanlagen\/technische-werte\u2026standard-version\/ &#8221; global_colors_info=&#8221;{}&#8221;][et_pb_text admin_label=&#8221;F\u00fcr das Heben von Stra\u00dfenbahnen eignen sich am besten die kompakt bauenden Hebeb\u00f6cke der ESH Reihe.&#8221; _builder_version=&#8221;4.16&#8243; _module_preset=&#8221;default&#8221; link_option_url=&#8221; https:\/\/www.autolift.info\/produkte\/industrie-drehhebeanlagen\/1-achsige-drehanlagen\/technische-werte\u2026standard-version\/ &#8221; global_colors_info=&#8221;{}&#8221;]<\/p>\n<p>The simplest 1-axis turning system is a 1-column model that is driven manually. The largest version is a 2-column model with electric rotary drive and 10.000 Nm torque.<\/p>\n<p>If these systems are used for welding work, a welding current feed-through for 350A is recommended. This allows endless rotation without any obstructive earthing cables restricting the welding work. This option is available for all our lifting and turning systems.<\/p>\n<p>[\/et_pb_text][\/et_pb_column][\/et_pb_row][et_pb_row _builder_version=&#8221;4.16&#8243; _module_preset=&#8221;default&#8221; background_color=&#8221;#FFFFFF&#8221; link_option_url=&#8221; https:\/\/www.autolift.info\/produkte\/industrie-drehhebeanlagen\/1-achsige-drehanlagen\/technische-werte\u2026standard-version\/ &#8221; global_colors_info=&#8221;{}&#8221;][et_pb_column type=&#8221;4_4&#8243; _builder_version=&#8221;4.16&#8243; _module_preset=&#8221;default&#8221; link_option_url=&#8221; https:\/\/www.autolift.info\/produkte\/industrie-drehhebeanlagen\/1-achsige-drehanlagen\/technische-werte\u2026standard-version\/ &#8221; global_colors_info=&#8221;{}&#8221;][et_pb_text disabled_on=&#8221;off|off|off&#8221; admin_label=&#8221;Schienenfahrzeugtypen&#8221; _builder_version=&#8221;4.16&#8243; _module_preset=&#8221;default&#8221; min_height=&#8221;40px&#8221; custom_margin=&#8221;||0px||false|false&#8221; custom_padding=&#8221;||0px||false|false&#8221; link_option_url=&#8221; https:\/\/www.autolift.info\/produkte\/industrie-drehhebeanlagen\/1-achsige-drehanlagen\/technische-werte\u2026standard-version\/ &#8221; global_colors_info=&#8221;{}&#8221;]<\/p>\n<h1>Download Data sheets<\/h1>\n<p>[\/et_pb_text][et_pb_blurb url=&#8221;https:\/\/www.autolift.info\/wp-content\/uploads\/2024\/04\/Technische-Werte-1-achsige-Drehanlage-en-Standard-Version.pdf&#8221; url_new_window=&#8221;on&#8221; use_icon=&#8221;on&#8221; font_icon=&#8221;&#x24;||divi||400&#8243; icon_color=&#8221;gcid-1e316c67-09f0-49b6-a876-cbbe87afea32&#8243; image_icon_background_color=&#8221;#FFFFFF&#8221; icon_placement=&#8221;left&#8221; image_icon_width=&#8221;15px&#8221; content_max_width=&#8221;100%&#8221; admin_label=&#8221;Hebeb\u00f6cke f\u00fcr Stra\u00dfenbahnen&#8221; module_class=&#8221;blurb-produkte&#8221; _builder_version=&#8221;4.25.0&#8243; _module_preset=&#8221;default&#8221; image_icon_custom_padding=&#8221;8px|8px|8px|8px|false|false&#8221; custom_margin=&#8221;0px||8px||false|false&#8221; custom_padding=&#8221;||||false|false&#8221; animation=&#8221;off&#8221; link_option_url=&#8221;https:\/\/www.autolift.info\/wp-content\/uploads\/2024\/04\/Technische-Werte-1-achsige-Drehanlage-en-Standard-Version.pdf&#8221; link_option_url_new_window=&#8221;on&#8221; hover_enabled=&#8221;0&#8243; border_radii_image=&#8221;on|100%|100%|100%|100%&#8221; border_width_all_image=&#8221;2px&#8221; border_color_all_image=&#8221;gcid-1e316c67-09f0-49b6-a876-cbbe87afea32&#8243; icon_font_size=&#8221;15px&#8221; use_circle=&#8221;on&#8221; use_circle_border=&#8221;on&#8221; circle_border_color=&#8221;gcid-1e316c67-09f0-49b6-a876-cbbe87afea32&#8243; circle_color=&#8221;#FFFFFF&#8221; global_colors_info=&#8221;{%22gcid-1e316c67-09f0-49b6-a876-cbbe87afea32%22:%91%22icon_color%22,%22circle_border_color%22,%22icon_color%22,%22circle_border_color%22%93}&#8221; image_icon_background_color__sticky_enabled=&#8221;#7EBEC5&#8243; image_icon_background_color__sticky=&#8221;#7EBEC5&#8243; sticky_enabled=&#8221;0&#8243;]<\/p>\n<p>Overview of technical devices<\/p>\n<p>[\/et_pb_blurb][\/et_pb_column][\/et_pb_row][et_pb_row _builder_version=&#8221;4.16&#8243; _module_preset=&#8221;default&#8221; background_color=&#8221;#FFFFFF&#8221; link_option_url=&#8221; https:\/\/www.autolift.info\/produkte\/industrie-drehhebeanlagen\/1-achsige-drehanlagen\/technische-werte\u2026standard-version\/ &#8221; global_colors_info=&#8221;{}&#8221;][et_pb_column type=&#8221;4_4&#8243; _builder_version=&#8221;4.16&#8243; _module_preset=&#8221;default&#8221; link_option_url=&#8221; https:\/\/www.autolift.info\/produkte\/industrie-drehhebeanlagen\/1-achsige-drehanlagen\/technische-werte\u2026standard-version\/ &#8221; global_colors_info=&#8221;{}&#8221;][et_pb_text admin_label=&#8221;Galerie&#8221; _builder_version=&#8221;4.24.0&#8243; _module_preset=&#8221;default&#8221; link_option_url=&#8221; https:\/\/www.autolift.info\/produkte\/industrie-drehhebeanlagen\/1-achsige-drehanlagen\/technische-werte\u2026standard-version\/ &#8221; global_colors_info=&#8221;{}&#8221;]<\/p>\n<script>\t\tjQuery(function() {\/*setTimeout(function(){*\/\t\t\tjQuery(\"#lbg_famous_gallery_22\").gallery1({\t\t\t\twidth:1300,\t\t\t\theight:600,\t\t\t\twidth100Proc:false,\t\t\t\theight100Proc:false,\t\t\t\trows:1,\t\t\t\tcolumns:3,\t\t\t\tcenterGallery:true,\t\t\t\tgutter:8,\t\t\t\tgalleryBg:\"#FFFFFF\",\t\t\t\titemBorderWidth:0,\t\t\t\titemBorderColorOFF:\"transparent\",\t\t\t\titemBorderColorON:\"#FF0000\",\t\t\t\tshowImageDescription:true,\t\t\t\timageDescriptionBgColor:\"#000000\",\t\t\t\timageDescriptionBgOpacity:30,\t\t\t\timageDescriptionTextColor:\"#FFFFFF\",\t\t\t\tshowIconOverImage:true,\t\t\t\tzoomDuration:1,\t\t\t\tzoomEffect:\"linear\",\t\t\t\ttarget:\"_blank\",\t\t\t\tbgHorizontalPosition:\"center\",\t\t\t\tbgVerticalPosition:\"center\",\t\t\t\tfacebookAppID:\"\"\t\t\t});\/*\t\t}, 1000);*\/\/*}, 850);*\/\t\t});\t<\/script>    <div id=\"lbg_famous_gallery_22\">\t\t\t\t<ul class=\"gallery1_list\">\t\t\t\t\t\t\t\t\t\t\t\t<li data-horizontal=\"center\" data-vertical=\"center\" data-link=\"\" data-lightbox=\"\" data-title=\"\" data-description=\"\">\t\t\t\t\t\t\t\t\t\t<img loading=\"lazy\" decoding=\"async\" src=\"https:\/\/www.autolift.info\/wp-content\/uploads\/2024\/01\/1-achsige_drehanlagen-autolift-3.jpg\" alt=\" - \" width=\"800\" height=\"600\" style=\"width:800px; height:600px;\" title=\" - \" \/>\t\t\t\t\t\t\t\t<\/li>\t\t\t\t\t\t\t\t\t\t\t\t\t\t\t\t<li data-horizontal=\"center\" data-vertical=\"center\" data-link=\"\" data-lightbox=\"\" data-title=\"\" data-description=\"\">\t\t\t\t\t\t\t\t\t\t<img loading=\"lazy\" decoding=\"async\" src=\"https:\/\/www.autolift.info\/wp-content\/uploads\/2024\/01\/1-achsige_drehanlagen-autolift-1.jpg\" alt=\" - \" width=\"800\" height=\"600\" style=\"width:800px; height:600px;\" title=\" - \" \/>\t\t\t\t\t\t\t\t<\/li>\t\t\t\t\t\t\t\t\t\t\t\t\t\t\t\t<li data-horizontal=\"center\" data-vertical=\"center\" data-link=\"\" data-lightbox=\"\" data-title=\"\" data-description=\"\">\t\t\t\t\t\t\t\t\t\t<img loading=\"lazy\" decoding=\"async\" src=\"https:\/\/www.autolift.info\/wp-content\/uploads\/2024\/01\/1-achsige_drehanlagen-autolift-2.jpg\" alt=\" - \" width=\"800\" height=\"600\" style=\"width:800px; height:600px;\" title=\" - \" \/>\t\t\t\t\t\t\t\t<\/li>\t\t\t\t\t\t\t\t\t\t\t\t<\/ul>     <\/div>\n<p>[\/et_pb_text][\/et_pb_column][\/et_pb_row][\/et_pb_section]<\/p>\n","protected":false},"excerpt":{"rendered":"<p>1-axis turning lifting systemsThe simplest 1-axis turning system is a 1-column model that is driven manually. The largest version is a 2-column model with electric rotary drive and 10.000 Nm torque. If these systems are used for welding work, a welding current feed-through for 350A is recommended. This allows endless rotation without any obstructive earthing [&hellip;]<\/p>\n","protected":false},"author":1,"featured_media":0,"parent":248893,"menu_order":1,"comment_status":"closed","ping_status":"closed","template":"","meta":{"_et_pb_use_builder":"on","_et_pb_old_content":"","_et_gb_content_width":"","footnotes":""},"class_list":["post-248902","page","type-page","status-publish","hentry"],"_links":{"self":[{"href":"https:\/\/www.autolift.info\/en\/wp-json\/wp\/v2\/pages\/248902","targetHints":{"allow":["GET"]}}],"collection":[{"href":"https:\/\/www.autolift.info\/en\/wp-json\/wp\/v2\/pages"}],"about":[{"href":"https:\/\/www.autolift.info\/en\/wp-json\/wp\/v2\/types\/page"}],"author":[{"embeddable":true,"href":"https:\/\/www.autolift.info\/en\/wp-json\/wp\/v2\/users\/1"}],"replies":[{"embeddable":true,"href":"https:\/\/www.autolift.info\/en\/wp-json\/wp\/v2\/comments?post=248902"}],"version-history":[{"count":8,"href":"https:\/\/www.autolift.info\/en\/wp-json\/wp\/v2\/pages\/248902\/revisions"}],"predecessor-version":[{"id":249865,"href":"https:\/\/www.autolift.info\/en\/wp-json\/wp\/v2\/pages\/248902\/revisions\/249865"}],"up":[{"embeddable":true,"href":"https:\/\/www.autolift.info\/en\/wp-json\/wp\/v2\/pages\/248893"}],"wp:attachment":[{"href":"https:\/\/www.autolift.info\/en\/wp-json\/wp\/v2\/media?parent=248902"}],"curies":[{"name":"wp","href":"https:\/\/api.w.org\/{rel}","templated":true}]}}