{"id":242132,"date":"2021-05-28T10:18:19","date_gmt":"2021-05-28T08:18:19","guid":{"rendered":"https:\/\/www.autolift.info\/service\/"},"modified":"2024-08-23T12:20:56","modified_gmt":"2024-08-23T10:20:56","slug":"service","status":"publish","type":"page","link":"https:\/\/www.autolift.info\/en\/service\/","title":{"rendered":"Service"},"content":{"rendered":"<p>[et_pb_section fb_built=&#8221;1&#8243; _builder_version=&#8221;4.16&#8243; _module_preset=&#8221;default&#8221; custom_padding=&#8221;0px||0px||true|false&#8221; locked=&#8221;off&#8221; global_colors_info=&#8221;{}&#8221;][et_pb_row use_custom_gutter=&#8221;on&#8221; gutter_width=&#8221;1&#8243; make_equal=&#8221;on&#8221; _builder_version=&#8221;4.16&#8243; _module_preset=&#8221;default&#8221; width=&#8221;100%&#8221; max_width=&#8221;100%&#8221; custom_margin=&#8221;||||false|false&#8221; custom_padding=&#8221;0px||0px||true|false&#8221; global_colors_info=&#8221;{}&#8221;][et_pb_column type=&#8221;4_4&#8243; _builder_version=&#8221;4.16&#8243; _module_preset=&#8221;default&#8221; global_colors_info=&#8221;{}&#8221;][et_pb_slider show_pagination=&#8221;off&#8221; use_bg_overlay=&#8221;on&#8221; use_text_overlay=&#8221;off&#8221; module_class=&#8221;autolift-slider&#8221; _builder_version=&#8221;4.16&#8243; _module_preset=&#8221;default&#8221; background_color=&#8221;#ECECEC&#8221; background_enable_image=&#8221;off&#8221; height=&#8221;600px&#8221; auto=&#8221;on&#8221; auto_speed=&#8221;5000&#8243; global_colors_info=&#8221;{}&#8221;][et_pb_slide alignment=&#8221;bottom&#8221; _builder_version=&#8221;4.16&#8243; _module_preset=&#8221;default&#8221; header_font=&#8221;|700||on|||||&#8221; header_text_align=&#8221;left&#8221; header_font_size=&#8221;60px&#8221; background_color=&#8221;#ECECEC&#8221; background_enable_color=&#8221;on&#8221; background_image=&#8221;https:\/\/www.autolift.info\/wp-content\/uploads\/2021\/05\/service_autolift_01.jpg&#8221; background_enable_image=&#8221;on&#8221; parallax=&#8221;on&#8221; parallax_method=&#8221;off&#8221; global_colors_info=&#8221;{%22gcid-1e316c67-09f0-49b6-a876-cbbe87afea32%22:%91%93}&#8221; custom_css_main_element__hover_enabled=&#8221;on|desktop&#8221; sticky_transition=&#8221;on&#8221;][\/et_pb_slide][et_pb_slide _builder_version=&#8221;4.16&#8243; _module_preset=&#8221;default&#8221; header_font=&#8221;|700||on|||||&#8221; header_text_align=&#8221;left&#8221; header_font_size=&#8221;60px&#8221; background_color=&#8221;#ECECEC&#8221; background_enable_color=&#8221;on&#8221; background_image=&#8221;https:\/\/www.autolift.info\/wp-content\/uploads\/2021\/05\/service_autolift_02.jpg&#8221; background_enable_image=&#8221;on&#8221; parallax=&#8221;on&#8221; parallax_method=&#8221;off&#8221; global_colors_info=&#8221;{%22gcid-1e316c67-09f0-49b6-a876-cbbe87afea32%22:%91%93}&#8221; sticky_transition=&#8221;on&#8221;][\/et_pb_slide][\/et_pb_slider][\/et_pb_column][\/et_pb_row][\/et_pb_section][et_pb_section fb_built=&#8221;1&#8243; _builder_version=&#8221;4.16&#8243; _module_preset=&#8221;default&#8221; background_color=&#8221;RGBA(0,0,0,0)&#8221; custom_padding=&#8221;0px||||false|false&#8221; global_colors_info=&#8221;{}&#8221;][et_pb_row use_custom_gutter=&#8221;on&#8221; gutter_width=&#8221;1&#8243; _builder_version=&#8221;4.16&#8243; _module_preset=&#8221;default&#8221; background_color=&#8221;#FFFFFF&#8221; module_alignment=&#8221;center&#8221; min_height=&#8221;114px&#8221; custom_margin=&#8221;-90px||||false|false&#8221; custom_padding=&#8221;0px||||false|true&#8221; animation_direction=&#8221;bottom&#8221; custom_css_main_element=&#8221;z-index:10;&#8221; global_colors_info=&#8221;{}&#8221;][et_pb_column type=&#8221;4_4&#8243; _builder_version=&#8221;4.16&#8243; _module_preset=&#8221;default&#8221; global_colors_info=&#8221;{}&#8221;][et_pb_text admin_label=&#8221;Service&#8221; module_class=&#8221;ime-pattern-rot&#8221; _builder_version=&#8221;4.16&#8243; _module_preset=&#8221;default&#8221; text_font=&#8221;||||||||&#8221; header_font=&#8221;||||||||&#8221; header_text_color=&#8221;gcid-01af1b29-4bf7-44fe-a473-50909a3a5b27&#8243; header_2_font=&#8221;|800||on|||||&#8221; header_2_text_color=&#8221;gcid-4ebc9de5-e061-4b45-94a8-080fa0de0610&#8243; header_2_font_size=&#8221;40px&#8221; header_3_font=&#8221;|700||on|||||&#8221; header_3_font_size=&#8221;40px&#8221; background_size=&#8221;initial&#8221; background_repeat=&#8221;repeat&#8221; background_blend=&#8221;difference&#8221; custom_padding=&#8221;25px||15px|30px|false|false&#8221; header_2_font_size_tablet=&#8221;30px&#8221; header_2_font_size_phone=&#8221;24px&#8221; header_2_font_size_last_edited=&#8221;on|desktop&#8221; global_colors_info=&#8221;{%22gcid-7df05597-327a-4e7a-9bc4-7a2456ed480c%22:%91%93,%22gcid-01af1b29-4bf7-44fe-a473-50909a3a5b27%22:%91%22header_text_color%22%93,%22gcid-4ebc9de5-e061-4b45-94a8-080fa0de0610%22:%91%22header_2_text_color%22%93,%22gcid-07156617-efbb-4c8c-80ba-1d2279245b1d%22:%91%93}&#8221;]<\/p>\n<h2>Service<\/h2>\n<p>[\/et_pb_text][\/et_pb_column][\/et_pb_row][et_pb_row _builder_version=&#8221;4.16&#8243; _module_preset=&#8221;default&#8221; background_color=&#8221;#FFFFFF&#8221; custom_padding=&#8221;||10px||false|false&#8221; locked=&#8221;off&#8221; global_colors_info=&#8221;{}&#8221;][et_pb_column type=&#8221;4_4&#8243; _builder_version=&#8221;4.16&#8243; _module_preset=&#8221;default&#8221; global_colors_info=&#8221;{}&#8221;][et_pb_text admin_label=&#8221;Zufriedene Kunden sind der Schl\u00fcssel f\u00fcr Wiederholungsk\u00e4uf&#8221; _builder_version=&#8221;4.16&#8243; _module_preset=&#8221;default&#8221; custom_padding=&#8221;|30px||30px|true|true&#8221; global_colors_info=&#8221;{}&#8221;]<\/p>\n<p>Satisfied customers are the key to repeat purchases. Following this principle, we do not only develop and build reliable, robust systems, but also accompany them throughout their product life. <\/p>\n<p>To ensure that these are not just empty phrases, Autolift has the necessary human resources and employs a service team made up of experienced back office employees and skilled service technicians. In order to cover a geographical area as large as possible, service technicians were hired in our key target markets. This means that they can travel to their locations from home and we prevent or reduce unnecessarily long journeys and response times.  <\/p>\n<p>[\/et_pb_text][\/et_pb_column][\/et_pb_row][et_pb_row _builder_version=&#8221;4.16&#8243; _module_preset=&#8221;default&#8221; custom_margin=&#8221;||0px||false|false&#8221; custom_padding=&#8221;|30px|0px|30px|false|true&#8221; global_colors_info=&#8221;{}&#8221;][et_pb_column type=&#8221;4_4&#8243; _builder_version=&#8221;4.16&#8243; _module_preset=&#8221;default&#8221; global_colors_info=&#8221;{}&#8221;][et_pb_text admin_label=&#8221;Die Kernkompetenzen unserer Serviceabteilung sind:&#8221; _builder_version=&#8221;4.16&#8243; _module_preset=&#8221;default&#8221; global_colors_info=&#8221;{}&#8221;]<\/p>\n<p>The core competencies of our service department are:<\/p>\n<p>[\/et_pb_text][et_pb_accordion icon_color=&#8221;#ffffff&#8221; admin_label=&#8221;Accordion 9&#8243; module_class=&#8221;dct_faq_v9&#8243; _builder_version=&#8221;4.16&#8243; _module_preset=&#8221;default&#8221; toggle_text_color=&#8221;#333&#8243; toggle_font=&#8221;|700||on|||||&#8221; body_text_color=&#8221;#666464&#8243; custom_css_toggle_title=&#8221;border-top: 0;||background: #eee;||border-bottom: 1px solid transparent;||display: block;||padding: 14px 40px;||position: relative;&#8221; custom_css_toggle_icon=&#8221;content: %22%924c%22;||\tfont-family: ETmodules!important;||top: 10px;||\tright: 0;||\tfont-size: 22px;||\tline-height: 24px;||\tdisplay: block!important;||\t-webkit-box-sizing: border-box;||\t-moz-box-sizing: border-box;||\tbox-sizing: border-box;||\tfont-weight: 700;||\tbackground: #cc0000;||\tpadding: 10px&#8221; custom_css_toggle_content=&#8221;border-top: 0 none;||background: #eee;||padding: 15px 27px;&#8221; locked=&#8221;off&#8221; global_colors_info=&#8221;{}&#8221;][et_pb_accordion_item title=&#8221;Competent advice &#8221; open=&#8221;off&#8221; _builder_version=&#8221;4.16&#8243; _module_preset=&#8221;default&#8221; custom_margin=&#8221;||6px||false|false&#8221; custom_padding=&#8221;0px|0px|0px|0px|false|false&#8221; border_width_left=&#8221;5px&#8221; border_color_left=&#8221;#cc0000&#8243; global_colors_info=&#8221;{}&#8221;]<\/p>\n<p> You will receive fast, competent advice from our back office staff by e-mail or phone<\/p>\n<p>[\/et_pb_accordion_item][et_pb_accordion_item title=&#8221;On-site service by factory customer service &#8221; _builder_version=&#8221;4.16&#8243; _module_preset=&#8221;default&#8221; custom_margin=&#8221;||6px||false|false&#8221; custom_padding=&#8221;0px|0px|0px|0px|false|false&#8221; border_width_left=&#8221;5px&#8221; border_color_left=&#8221;#cc0000&#8243; global_colors_info=&#8221;{}&#8221; open=&#8221;off&#8221;]<\/p>\n<ul>\n<li>Our well-equipped factory customer service technicians are always up to date and very familiar with our machines.<\/li>\n<li><strong>Service vehicles<\/strong><\/li>\n<li>We always have all common spare parts in stock in our service vehicles. We support you quickly and easily on site with extensive service and repair services.<\/li>\n<\/ul>\n<p>[\/et_pb_accordion_item][et_pb_accordion_item title=&#8221;Spare parts availability &#8221; _builder_version=&#8221;4.16&#8243; _module_preset=&#8221;default&#8221; custom_margin=&#8221;||6px||false|false&#8221; custom_padding=&#8221;0px|0px|0px|0px|false|false&#8221; border_width_left=&#8221;5px&#8221; border_color_left=&#8221;#cc0000&#8243; global_colors_info=&#8221;{}&#8221; open=&#8221;on&#8221;]<\/p>\n<ul>\n<li>Autolift products are characterized by a very long service life. Since the need for spare parts usually increases with the age of the system, availability of spare parts up to the high &#8220;life cycle age&#8221; is essential.<\/li>\n<li>Autolift guarantees spare parts availability for up to 30 years. And often longer.<\/li>\n<li>The administrative processing is carried out by our experienced back office team.<\/li>\n<\/ul>\n<p>[\/et_pb_accordion_item][et_pb_accordion_item title=&#8221;Preventive maintenance &#8221; _builder_version=&#8221;4.16&#8243; _module_preset=&#8221;default&#8221; custom_margin=&#8221;||6px||false|false&#8221; custom_padding=&#8221;0px|0px|0px|0px|false|false&#8221; border_width_left=&#8221;5px&#8221; border_color_left=&#8221;#cc0000&#8243; global_colors_info=&#8221;{}&#8221; open=&#8221;off&#8221;]<\/p>\n<ul>\n<li>With preventive maintenance, downtimes can be reduced considerably.<\/li>\n<li>Factory service arrives at pre-planned dates with the right spare and wear parts and carries out the maintenance work on schedule.<\/li>\n<li>The system is handed back to the operator with the very high certainty that there will be no unplanned downtimes until the next maintenance date.<\/li>\n<\/ul>\n<p>[\/et_pb_accordion_item][et_pb_accordion_item title=&#8221;Annual reviews &#8221; _builder_version=&#8221;4.16&#8243; _module_preset=&#8221;default&#8221; custom_margin=&#8221;||6px||false|false&#8221; custom_padding=&#8221;0px|0px|0px|0px|false|false&#8221; border_width_left=&#8221;5px&#8221; border_color_left=&#8221;#cc0000&#8243; global_colors_info=&#8221;{}&#8221; open=&#8221;off&#8221;]Annual reviews are regulated differently from country to country. In Germany, for example, an annual inspection (UVV inspection) is required by law in the accident prevention regulations. Our technicians will be happy to carry out this for you. If it is combined with annual maintenance, your costs and downtimes are reduced. [\/et_pb_accordion_item][et_pb_accordion_item title=&#8221;Redesigns&#8221; _builder_version=&#8221;4.16&#8243; _module_preset=&#8221;default&#8221; custom_margin=&#8221;||6px||false|false&#8221; custom_padding=&#8221;0px|0px|0px|0px|false|false&#8221; border_width_left=&#8221;5px&#8221; border_color_left=&#8221;#cc0000&#8243; global_colors_info=&#8221;{}&#8221; open=&#8221;off&#8221;]<\/p>\n<p>A lot can happen and a lot can change during a product life of 20 years and more. Operators can be faced with the decision to sell or dispose of systems. Here, professionally carried out redesigns can represent a sensible and cost-effective alternative.   Reasons for modifications can be:<\/p>\n<ul>\n<li>A new \/ additional vehicle model with different lifting points must be lifted.<\/li>\n<li>The existing train sets are being extended. That happens more and more often. More and more public transport providers are thus increasing their transport capacities.  <br \/>For example, instead of an 8 system, a 12 or 16 system is required. We deliver additional jacks and integrate them into the existing control system. <\/li>\n<li>The system must be brought up to the current security level due to legal regulations or at the request of the customer.<\/li>\n<\/ul>\n<p>[\/et_pb_accordion_item][et_pb_accordion_item title=&#8221;Refurbishment&#8221; _builder_version=&#8221;4.16&#8243; _module_preset=&#8221;default&#8221; custom_margin=&#8221;||6px||false|false&#8221; custom_padding=&#8221;0px|0px|0px|0px|false|false&#8221; border_width_left=&#8221;5px&#8221; border_color_left=&#8221;#cc0000&#8243; global_colors_info=&#8221;{}&#8221; open=&#8221;off&#8221;]Depending on the frequency of use, the attentiveness of the operator and the consistency of maintenance, systems come to the end of their service life after certain years of use. They can now be disposed of or refurbished. The system is brought back to the factory and dismantled. The steel components are sandblasted and the welds are subjected to a crack test. Then the parts are painted again and reassembled. Depending on the condition, the spindle, nuts, bearings, etc. are reused or replaced with new ones.  [\/et_pb_accordion_item][et_pb_accordion_item title=&#8221;Assembly coordination \/ assembly teams &#8221; _builder_version=&#8221;4.16&#8243; _module_preset=&#8221;default&#8221; custom_margin=&#8221;||6px||false|false&#8221; custom_padding=&#8221;0px|0px|0px|0px|false|false&#8221; border_width_left=&#8221;5px&#8221; border_color_left=&#8221;#cc0000&#8243; global_colors_info=&#8221;{}&#8221; open=&#8221;off&#8221;]<\/p>\n<p><img loading=\"lazy\" decoding=\"async\" src=\"https:\/\/www.autolift.info\/wp-content\/uploads\/2021\/04\/051_montageteam_autolift-300x225.jpg\" width=\"300\" height=\"225\" alt=\"\" class=\"wp-image-240320 alignnone size-medium\" style=\"float: left;margin-right: 20px;margin-bottom: 10px\">  <img loading=\"lazy\" decoding=\"async\" src=\"https:\/\/www.autolift.info\/wp-content\/uploads\/2021\/04\/kragujevac_autolift-800w-1-300x225.jpg\" width=\"300\" height=\"225\" alt=\"\" class=\"wp-image-240321 alignnone size-medium\" style=\"float: left;margin-right: 20px;margin-bottom: 10px\"><br \/>The installation of underfloor systems in particular should be well planned and prepared. This happens &#8211; sometimes already in the project phase &#8211; in our project department or through our technical sales department. But the planning can still be so good if the implementation is inadequate. That is why we have our own assembly teams who accompany the installation or carry it out on request.   <\/p>\n<p>These teams are well-rehearsed and often familiarize themselves with the systems during the Factory Acceptance Test (FAT). They are used to long-term, international assignments all over the world and can also improvise if necessary and solve problems that arise suddenly. Important is the handover to the end customer in time.  <\/p>\n<p>[\/et_pb_accordion_item][\/et_pb_accordion][\/et_pb_column][\/et_pb_row][\/et_pb_section]<\/p>\n","protected":false},"excerpt":{"rendered":"<p>ServiceSatisfied customers are the key to repeat purchases. Following this principle, we do not only develop and build reliable, robust systems, but also accompany them throughout their product life. To ensure that these are not just empty phrases, Autolift has the necessary human resources and employs a service team made up of experienced back office [&hellip;]<\/p>\n","protected":false},"author":1,"featured_media":0,"parent":0,"menu_order":60,"comment_status":"closed","ping_status":"closed","template":"","meta":{"_et_pb_use_builder":"on","_et_pb_old_content":"","_et_gb_content_width":"","footnotes":""},"class_list":["post-242132","page","type-page","status-publish","hentry"],"_links":{"self":[{"href":"https:\/\/www.autolift.info\/en\/wp-json\/wp\/v2\/pages\/242132","targetHints":{"allow":["GET"]}}],"collection":[{"href":"https:\/\/www.autolift.info\/en\/wp-json\/wp\/v2\/pages"}],"about":[{"href":"https:\/\/www.autolift.info\/en\/wp-json\/wp\/v2\/types\/page"}],"author":[{"embeddable":true,"href":"https:\/\/www.autolift.info\/en\/wp-json\/wp\/v2\/users\/1"}],"replies":[{"embeddable":true,"href":"https:\/\/www.autolift.info\/en\/wp-json\/wp\/v2\/comments?post=242132"}],"version-history":[{"count":13,"href":"https:\/\/www.autolift.info\/en\/wp-json\/wp\/v2\/pages\/242132\/revisions"}],"predecessor-version":[{"id":250251,"href":"https:\/\/www.autolift.info\/en\/wp-json\/wp\/v2\/pages\/242132\/revisions\/250251"}],"wp:attachment":[{"href":"https:\/\/www.autolift.info\/en\/wp-json\/wp\/v2\/media?parent=242132"}],"curies":[{"name":"wp","href":"https:\/\/api.w.org\/{rel}","templated":true}]}}